{"id":2352,"date":"2020-04-24T11:31:33","date_gmt":"2020-04-24T09:31:33","guid":{"rendered":"https:\/\/marina.promoservicebeta.com\/?page_id=2352"},"modified":"2023-06-27T15:56:37","modified_gmt":"2023-06-27T13:56:37","slug":"marina-palace-hotel","status":"publish","type":"page","link":"https:\/\/www.marinapalacehotel.it\/pl\/marina-palace-hotel\/","title":{"rendered":"Marina Palace Hotel"},"content":{"rendered":"\n<div style=\"height:40px\" aria-hidden=\"true\" class=\"wp-block-spacer advgb-dyn-db4b1242\"><\/div>\n\n\n\n<div class=\"wp-block-group promo-marinaint-1 advgb-dyn-f85ee7ad\"><div class=\"wp-block-group__inner-container is-layout-flow wp-block-group-is-layout-flow\">\n<h3 class=\"wp-block-heading advgb-dyn-5405320f\">Wakacje na wymiar dla rodzin z dzie\u0107mi<\/h3>\n\n\n\n<h2 class=\"wp-block-heading advgb-dyn-cbf458fa\">Marina Palace Hotel 4-gwiazdkowy w Caorle (Wenecja)<\/h2>\n\n\n\n<p style=\"font-size:30px\" class=\"advgb-dyn-eab43eaa\"><\/p>\n\n\n\n<p>Hotel Marina Palace <strong>wychodzi na morze w Caorle<\/strong>, bezpo\u015brednio przy pla\u017cy wschodniej <strong>Levante<\/strong> i jest po\u0142o\u017cony <strong>blisko star\u00f3wki w Caorle<\/strong>.<\/p>\n\n\n\n<p>Jest wyposa\u017cony w:<\/p>\n\n\n\n<div class=\"wp-block-columns is-layout-flex wp-container-core-columns-is-layout-9d6595d7 wp-block-columns-is-layout-flex\">\n<div class=\"wp-block-column is-layout-flow wp-block-column-is-layout-flow\">\n<ul class=\"wp-block-list\">\n<li>basen zewn\u0119trzny<\/li>\n\n\n\n<li>Spa &amp; Wellness, obszar z krytym basenem, \u0142a\u017ani\u0105 tureck\u0105, saun\u0105 i prysznicem z koloroterapi\u0105<\/li>\n\n\n\n<li>stref\u0119 fitness z bie\u017cni\u0105, rowerem treningowym, orbitrekiem i atlasem \u0107wiczeniowym<\/li>\n\n\n\n<li>ping pong<\/li>\n<\/ul>\n<\/div>\n\n\n\n<div class=\"wp-block-column is-layout-flow wp-block-column-is-layout-flow\">\n<ul class=\"wp-block-list\">\n<li>wakacyjne szk\u00f3\u0142ki (minicluby) oraz strefa dla dzieci w pomieszczeniach i na zewn\u0105trz<\/li>\n\n\n\n<li>recepcja 24h<\/li>\n\n\n\n<li>dwie restauracje i bar<\/li>\n\n\n\n<li>winda<\/li>\n\n\n\n<li>prywatny parking<\/li>\n\n\n\n<li>us\u0142uga rowerowa<\/li>\n<\/ul>\n<\/div>\n<\/div>\n\n\n\n<p>Hotel Marina Palace po\u0142o\u017cony jest w spokojnej okolicy, blisko deptaku i promenady, to doskona\u0142y wyb\u00f3r dla os\u00f3b, kt\u00f3re lubi\u0105 spacery.<\/p>\n<\/div><\/div>\n\n\n\n<div class=\"wp-block-group promo-marinaint-2 advgb-dyn-28da17ba\"><div class=\"wp-block-group__inner-container is-layout-flow wp-block-group-is-layout-flow\">\n<figure class=\"wp-block-image size-full\"><img loading=\"lazy\" decoding=\"async\" width=\"830\" height=\"550\" src=\"https:\/\/www.marinapalacehotel.it\/wp-content\/uploads\/2023\/06\/Nuova-Piscina-Marina-Palace-2.jpg\" alt=\"\" class=\"wp-image-3952\" srcset=\"https:\/\/www.marinapalacehotel.it\/wp-content\/uploads\/2023\/06\/Nuova-Piscina-Marina-Palace-2.jpg 830w, https:\/\/www.marinapalacehotel.it\/wp-content\/uploads\/2023\/06\/Nuova-Piscina-Marina-Palace-2-300x199.jpg 300w, https:\/\/www.marinapalacehotel.it\/wp-content\/uploads\/2023\/06\/Nuova-Piscina-Marina-Palace-2-768x509.jpg 768w\" sizes=\"auto, (max-width: 830px) 100vw, 830px\" \/><\/figure>\n<\/div><\/div>\n\n\n\n<div class=\"promo-marina-services\"> \n\t<div class=\"promo-marina-services-title\">\n\t\t<h2>Nasze us\u0142ugi na wyj\u0105tkowe wakacje<\/h2>\n\t<\/div>\n    <div class=\"promo-marina-services1\">\n        <figure class=\"wp-block-image size-large is-resized\"><img loading=\"lazy\" decoding=\"async\" src=\"https:\/\/marinapalacehotel.it\/wp-content\/uploads\/2020\/03\/local_parking_24px.png\" alt=\"\" class=\"wp-image-1263\" width=\"30\" height=\"30\">\n        <\/figure>\n        <figcaption class=\"promo-caption-services\">Du\u017cy parking<\/figcaption>\n    <\/div>\n    <div class=\"promo-marina-services2\">\n        <figure class=\"wp-block-image size-large is-resized\"><img loading=\"lazy\" decoding=\"async\" src=\"https:\/\/marinapalacehotel.it\/wp-content\/uploads\/2020\/03\/local_bar_24px.png\" alt=\"\" class=\"wp-image-1263\" width=\"30\" height=\"30\">\n        <\/figure>\n        <figcaption class=\"promo-caption-services\">Us\u0142ugi barowe<\/figcaption>\n    <\/div>\n    <div class=\"promo-marina-services3\">\n        <figure class=\"wp-block-image size-large is-resized\"><img loading=\"lazy\" decoding=\"async\" src=\"https:\/\/marinapalacehotel.it\/wp-content\/uploads\/2020\/03\/child_care_24px.png\" alt=\"\" class=\"wp-image-1263\" width=\"30\" height=\"30\">\n        <\/figure>\n        <figcaption class=\"promo-caption-services\">Obszar dla dzieci<\/figcaption>\n    <\/div>\n    <div class=\"promo-marina-services4\">\n        <figure class=\"wp-block-image size-large is-resized\"><img loading=\"lazy\" decoding=\"async\" src=\"https:\/\/marinapalacehotel.it\/wp-content\/uploads\/2020\/03\/beach_access_24px.png\" alt=\"\" class=\"wp-image-1263\" width=\"30\" height=\"30\">\n        <\/figure>\n        <figcaption class=\"promo-caption-services\">Prywatna pla\u017ca<\/figcaption>\n    <\/div>\n    <div class=\"promo-marina-services5\">\n        <figure class=\"wp-block-image size-large is-resized\"><img loading=\"lazy\" decoding=\"async\" src=\"https:\/\/marinapalacehotel.it\/wp-content\/uploads\/2020\/03\/pool_24px.png\" alt=\"\" class=\"wp-image-1263\" width=\"30\" height=\"30\">\n        <\/figure>\n        <figcaption class=\"promo-caption-services\">Basen zewn\u0119trzny<\/figcaption>\n    <\/div>\n    <div class=\"promo-marina-services6\">\n        <figure class=\"wp-block-image size-large is-resized\"><img loading=\"lazy\" decoding=\"async\" src=\"https:\/\/marinapalacehotel.it\/wp-content\/uploads\/2020\/03\/directions_bike_24px.png\" alt=\"\" class=\"wp-image-1263\" width=\"30\" height=\"30\">\n        <\/figure>\n        <figcaption class=\"promo-caption-services\">Rowery<\/figcaption>\n    <\/div>\n<\/div>\n\n\n\n<div style=\"height:40px\" aria-hidden=\"true\" class=\"wp-block-spacer advgb-dyn-db4b1242\"><\/div>\n\n\n\n<div class=\"wp-block-group promo-marinaint-5 advgb-dyn-4b0c7d33\"><div class=\"wp-block-group__inner-container is-layout-flow wp-block-group-is-layout-flow\">\n<figure class=\"wp-block-gallery has-nested-images columns-4 is-cropped wp-block-gallery-2 is-layout-flex wp-block-gallery-is-layout-flex advgb-dyn-944f804e\">\n<figure class=\"wp-block-image size-large\"><img loading=\"lazy\" decoding=\"async\" width=\"830\" height=\"550\" data-id=\"1071\" src=\"https:\/\/www.marinapalacehotel.it\/wp-content\/uploads\/2020\/03\/hotel-marina-caorle-1.jpg\" alt=\"\" class=\"wp-image-1071\" srcset=\"https:\/\/www.marinapalacehotel.it\/wp-content\/uploads\/2020\/03\/hotel-marina-caorle-1.jpg 830w, https:\/\/www.marinapalacehotel.it\/wp-content\/uploads\/2020\/03\/hotel-marina-caorle-1-300x199.jpg 300w, https:\/\/www.marinapalacehotel.it\/wp-content\/uploads\/2020\/03\/hotel-marina-caorle-1-768x509.jpg 768w\" sizes=\"auto, (max-width: 830px) 100vw, 830px\" \/><\/figure>\n\n\n\n<figure class=\"wp-block-image size-large\"><img loading=\"lazy\" decoding=\"async\" width=\"830\" height=\"550\" data-id=\"1077\" src=\"https:\/\/www.marinapalacehotel.it\/wp-content\/uploads\/2020\/03\/hotel-marina-caorle-2.jpg\" alt=\"\" class=\"wp-image-1077\" srcset=\"https:\/\/www.marinapalacehotel.it\/wp-content\/uploads\/2020\/03\/hotel-marina-caorle-2.jpg 830w, https:\/\/www.marinapalacehotel.it\/wp-content\/uploads\/2020\/03\/hotel-marina-caorle-2-300x199.jpg 300w, https:\/\/www.marinapalacehotel.it\/wp-content\/uploads\/2020\/03\/hotel-marina-caorle-2-768x509.jpg 768w\" sizes=\"auto, (max-width: 830px) 100vw, 830px\" \/><\/figure>\n\n\n\n<figure class=\"wp-block-image size-large\"><img loading=\"lazy\" decoding=\"async\" width=\"830\" height=\"550\" data-id=\"1083\" src=\"https:\/\/www.marinapalacehotel.it\/wp-content\/uploads\/2020\/03\/hotel-marina-caorle-3.jpg\" alt=\"\" class=\"wp-image-1083\" srcset=\"https:\/\/www.marinapalacehotel.it\/wp-content\/uploads\/2020\/03\/hotel-marina-caorle-3.jpg 830w, https:\/\/www.marinapalacehotel.it\/wp-content\/uploads\/2020\/03\/hotel-marina-caorle-3-300x199.jpg 300w, https:\/\/www.marinapalacehotel.it\/wp-content\/uploads\/2020\/03\/hotel-marina-caorle-3-768x509.jpg 768w\" sizes=\"auto, (max-width: 830px) 100vw, 830px\" \/><\/figure>\n\n\n\n<figure class=\"wp-block-image size-large\"><img loading=\"lazy\" decoding=\"async\" width=\"830\" height=\"550\" data-id=\"1095\" src=\"https:\/\/www.marinapalacehotel.it\/wp-content\/uploads\/2020\/03\/hotel-marina-caorle-5.jpg\" alt=\"\" class=\"wp-image-1095\" srcset=\"https:\/\/www.marinapalacehotel.it\/wp-content\/uploads\/2020\/03\/hotel-marina-caorle-5.jpg 830w, https:\/\/www.marinapalacehotel.it\/wp-content\/uploads\/2020\/03\/hotel-marina-caorle-5-300x199.jpg 300w, https:\/\/www.marinapalacehotel.it\/wp-content\/uploads\/2020\/03\/hotel-marina-caorle-5-768x509.jpg 768w\" sizes=\"auto, (max-width: 830px) 100vw, 830px\" \/><\/figure>\n\n\n\n<figure class=\"wp-block-image size-large\"><img loading=\"lazy\" decoding=\"async\" width=\"830\" height=\"550\" data-id=\"1101\" src=\"https:\/\/www.marinapalacehotel.it\/wp-content\/uploads\/2020\/03\/hotel-marina-caorle-6.jpg\" alt=\"\" class=\"wp-image-1101\" srcset=\"https:\/\/www.marinapalacehotel.it\/wp-content\/uploads\/2020\/03\/hotel-marina-caorle-6.jpg 830w, https:\/\/www.marinapalacehotel.it\/wp-content\/uploads\/2020\/03\/hotel-marina-caorle-6-300x199.jpg 300w, https:\/\/www.marinapalacehotel.it\/wp-content\/uploads\/2020\/03\/hotel-marina-caorle-6-768x509.jpg 768w\" sizes=\"auto, (max-width: 830px) 100vw, 830px\" \/><\/figure>\n\n\n\n<figure class=\"wp-block-image size-large\"><img loading=\"lazy\" decoding=\"async\" width=\"1024\" height=\"680\" data-id=\"3683\" src=\"https:\/\/www.marinapalacehotel.it\/wp-content\/uploads\/2020\/10\/DSC_9814-FILEminimizer-1024x680.jpg\" alt=\"\" class=\"wp-image-3683\" srcset=\"https:\/\/www.marinapalacehotel.it\/wp-content\/uploads\/2020\/10\/DSC_9814-FILEminimizer-1024x680.jpg 1024w, https:\/\/www.marinapalacehotel.it\/wp-content\/uploads\/2020\/10\/DSC_9814-FILEminimizer-300x199.jpg 300w, https:\/\/www.marinapalacehotel.it\/wp-content\/uploads\/2020\/10\/DSC_9814-FILEminimizer-768x510.jpg 768w, https:\/\/www.marinapalacehotel.it\/wp-content\/uploads\/2020\/10\/DSC_9814-FILEminimizer.jpg 1156w\" sizes=\"auto, (max-width: 1024px) 100vw, 1024px\" \/><\/figure>\n\n\n\n<figure class=\"wp-block-image size-large\"><img loading=\"lazy\" decoding=\"async\" width=\"1024\" height=\"680\" data-id=\"3671\" src=\"https:\/\/www.marinapalacehotel.it\/wp-content\/uploads\/2020\/10\/DSC_9797-FILEminimizer-1024x680.jpg\" alt=\"\" class=\"wp-image-3671\" srcset=\"https:\/\/www.marinapalacehotel.it\/wp-content\/uploads\/2020\/10\/DSC_9797-FILEminimizer-1024x680.jpg 1024w, https:\/\/www.marinapalacehotel.it\/wp-content\/uploads\/2020\/10\/DSC_9797-FILEminimizer-300x199.jpg 300w, https:\/\/www.marinapalacehotel.it\/wp-content\/uploads\/2020\/10\/DSC_9797-FILEminimizer-768x510.jpg 768w, https:\/\/www.marinapalacehotel.it\/wp-content\/uploads\/2020\/10\/DSC_9797-FILEminimizer.jpg 1156w\" sizes=\"auto, (max-width: 1024px) 100vw, 1024px\" \/><\/figure>\n\n\n\n<figure class=\"wp-block-image size-large\"><img loading=\"lazy\" decoding=\"async\" width=\"1024\" height=\"680\" data-id=\"3664\" src=\"https:\/\/www.marinapalacehotel.it\/wp-content\/uploads\/2020\/10\/DSC_9849-FILEminimizer-1024x680.jpg\" alt=\"\" class=\"wp-image-3664\" srcset=\"https:\/\/www.marinapalacehotel.it\/wp-content\/uploads\/2020\/10\/DSC_9849-FILEminimizer-1024x680.jpg 1024w, https:\/\/www.marinapalacehotel.it\/wp-content\/uploads\/2020\/10\/DSC_9849-FILEminimizer-300x199.jpg 300w, https:\/\/www.marinapalacehotel.it\/wp-content\/uploads\/2020\/10\/DSC_9849-FILEminimizer-768x510.jpg 768w, https:\/\/www.marinapalacehotel.it\/wp-content\/uploads\/2020\/10\/DSC_9849-FILEminimizer.jpg 1156w\" sizes=\"auto, (max-width: 1024px) 100vw, 1024px\" \/><\/figure>\n<\/figure>\n\n\n\n<div style=\"height:60px\" aria-hidden=\"true\" class=\"wp-block-spacer advgb-dyn-377da97f\"><\/div>\n\n\n\n<h2 class=\"wp-block-heading advgb-dyn-38bbd70f\">Obejrzyj filmik i zanurz si\u0119 w wakacjach<\/h2>\n\n\n\n<div style=\"height:30px\" aria-hidden=\"true\" class=\"wp-block-spacer advgb-dyn-afe3be10\"><\/div>\n\n\n\n<figure class=\"wp-block-embed is-type-video is-provider-youtube wp-block-embed-youtube wp-embed-aspect-16-9 wp-has-aspect-ratio\"><div class=\"wp-block-embed__wrapper\">\n<iframe loading=\"lazy\" title=\"Caorle 2016 Drone\" width=\"580\" height=\"326\" src=\"https:\/\/www.youtube.com\/embed\/sea3qhLrQW8?feature=oembed\" frameborder=\"0\" allow=\"accelerometer; autoplay; clipboard-write; encrypted-media; gyroscope; picture-in-picture; web-share\" referrerpolicy=\"strict-origin-when-cross-origin\" allowfullscreen><\/iframe>\n<\/div><\/figure>\n<\/div><\/div>\n","protected":false},"excerpt":{"rendered":"<p>Wakacje na wymiar dla rodzin z dzie\u0107mi Marina Palace Hotel 4-gwiazdkowy w Caorle (Wenecja) Hotel Marina Palace wychodzi na morze w Caorle, bezpo\u015brednio przy pla\u017cy wschodniej Levante i jest po\u0142o\u017cony blisko star\u00f3wki w Caorle. Jest wyposa\u017cony w: Hotel Marina Palace po\u0142o\u017cony jest w spokojnej okolicy, blisko deptaku i promenady, to doskona\u0142y wyb\u00f3r dla os\u00f3b, kt\u00f3re [&hellip;]<\/p>\n","protected":false},"author":1,"featured_media":3211,"parent":0,"menu_order":0,"comment_status":"closed","ping_status":"closed","template":"","meta":{"_acf_changed":false,"_uag_custom_page_level_css":"","advgb_blocks_editor_width":"","advgb_blocks_columns_visual_guide":"","footnotes":""},"class_list":["post-2352","page","type-page","status-publish","has-post-thumbnail","hentry"],"acf":[],"yoast_head":"<!-- This site is optimized with the Yoast SEO plugin v25.7 - https:\/\/yoast.com\/wordpress\/plugins\/seo\/ -->\n<title>Marina Palace Hotel - Marina Palace Hotel<\/title>\n<meta name=\"robots\" content=\"index, follow, max-snippet:-1, max-image-preview:large, max-video-preview:-1\" \/>\n<link rel=\"canonical\" href=\"https:\/\/www.marinapalacehotel.it\/pl\/marina-palace-hotel\/\" \/>\n<meta property=\"og:locale\" content=\"pl_PL\" \/>\n<meta property=\"og:type\" content=\"article\" \/>\n<meta property=\"og:title\" content=\"Marina Palace Hotel - Marina Palace Hotel\" \/>\n<meta property=\"og:description\" content=\"Wakacje na wymiar dla rodzin z dzie\u0107mi Marina Palace Hotel 4-gwiazdkowy w Caorle (Wenecja) Hotel Marina Palace wychodzi na morze w Caorle, bezpo\u015brednio przy pla\u017cy wschodniej Levante i jest po\u0142o\u017cony blisko star\u00f3wki w Caorle. Jest wyposa\u017cony w: Hotel Marina Palace po\u0142o\u017cony jest w spokojnej okolicy, blisko deptaku i promenady, to doskona\u0142y wyb\u00f3r dla os\u00f3b, kt\u00f3re [&hellip;]\" \/>\n<meta property=\"og:url\" content=\"https:\/\/www.marinapalacehotel.it\/pl\/marina-palace-hotel\/\" \/>\n<meta property=\"og:site_name\" content=\"Marina Palace Hotel\" \/>\n<meta property=\"article:modified_time\" content=\"2023-06-27T13:56:37+00:00\" \/>\n<meta property=\"og:image\" content=\"https:\/\/www.marinapalacehotel.it\/wp-content\/uploads\/2020\/05\/Marina_palace_hotel_caorle_banner_hotel.jpg\" \/>\n\t<meta property=\"og:image:width\" content=\"1900\" \/>\n\t<meta property=\"og:image:height\" content=\"500\" \/>\n\t<meta property=\"og:image:type\" content=\"image\/jpeg\" \/>\n<meta name=\"twitter:card\" content=\"summary_large_image\" \/>\n<meta name=\"twitter:label1\" content=\"Szacowany czas czytania\" \/>\n\t<meta name=\"twitter:data1\" content=\"4 minuty\" \/>\n<script type=\"application\/ld+json\" class=\"yoast-schema-graph\">{\"@context\":\"https:\/\/schema.org\",\"@graph\":[{\"@type\":\"WebPage\",\"@id\":\"https:\/\/www.marinapalacehotel.it\/pl\/marina-palace-hotel\/\",\"url\":\"https:\/\/www.marinapalacehotel.it\/pl\/marina-palace-hotel\/\",\"name\":\"Marina Palace Hotel - Marina Palace Hotel\",\"isPartOf\":{\"@id\":\"https:\/\/www.marinapalacehotel.it\/pl\/#website\"},\"primaryImageOfPage\":{\"@id\":\"https:\/\/www.marinapalacehotel.it\/pl\/marina-palace-hotel\/#primaryimage\"},\"image\":{\"@id\":\"https:\/\/www.marinapalacehotel.it\/pl\/marina-palace-hotel\/#primaryimage\"},\"thumbnailUrl\":\"https:\/\/www.marinapalacehotel.it\/wp-content\/uploads\/2020\/05\/Marina_palace_hotel_caorle_banner_hotel.jpg\",\"datePublished\":\"2020-04-24T09:31:33+00:00\",\"dateModified\":\"2023-06-27T13:56:37+00:00\",\"breadcrumb\":{\"@id\":\"https:\/\/www.marinapalacehotel.it\/pl\/marina-palace-hotel\/#breadcrumb\"},\"inLanguage\":\"pl-PL\",\"potentialAction\":[{\"@type\":\"ReadAction\",\"target\":[\"https:\/\/www.marinapalacehotel.it\/pl\/marina-palace-hotel\/\"]}]},{\"@type\":\"ImageObject\",\"inLanguage\":\"pl-PL\",\"@id\":\"https:\/\/www.marinapalacehotel.it\/pl\/marina-palace-hotel\/#primaryimage\",\"url\":\"https:\/\/www.marinapalacehotel.it\/wp-content\/uploads\/2020\/05\/Marina_palace_hotel_caorle_banner_hotel.jpg\",\"contentUrl\":\"https:\/\/www.marinapalacehotel.it\/wp-content\/uploads\/2020\/05\/Marina_palace_hotel_caorle_banner_hotel.jpg\",\"width\":1900,\"height\":500},{\"@type\":\"BreadcrumbList\",\"@id\":\"https:\/\/www.marinapalacehotel.it\/pl\/marina-palace-hotel\/#breadcrumb\",\"itemListElement\":[{\"@type\":\"ListItem\",\"position\":1,\"name\":\"Home\",\"item\":\"https:\/\/www.marinapalacehotel.it\/pl\/\"},{\"@type\":\"ListItem\",\"position\":2,\"name\":\"Marina Palace Hotel\"}]},{\"@type\":\"WebSite\",\"@id\":\"https:\/\/www.marinapalacehotel.it\/pl\/#website\",\"url\":\"https:\/\/www.marinapalacehotel.it\/pl\/\",\"name\":\"Marina Palace Hotel\",\"description\":\"nadmorski 4-gwiazdkowy w Caorle\",\"publisher\":{\"@id\":\"https:\/\/www.marinapalacehotel.it\/pl\/#organization\"},\"potentialAction\":[{\"@type\":\"SearchAction\",\"target\":{\"@type\":\"EntryPoint\",\"urlTemplate\":\"https:\/\/www.marinapalacehotel.it\/pl\/?s={search_term_string}\"},\"query-input\":{\"@type\":\"PropertyValueSpecification\",\"valueRequired\":true,\"valueName\":\"search_term_string\"}}],\"inLanguage\":\"pl-PL\"},{\"@type\":\"Organization\",\"@id\":\"https:\/\/www.marinapalacehotel.it\/pl\/#organization\",\"name\":\"Marina Palace Hotel\",\"url\":\"https:\/\/www.marinapalacehotel.it\/pl\/\",\"logo\":{\"@type\":\"ImageObject\",\"inLanguage\":\"pl-PL\",\"@id\":\"https:\/\/www.marinapalacehotel.it\/pl\/#\/schema\/logo\/image\/\",\"url\":\"https:\/\/www.marinapalacehotel.it\/wp-content\/uploads\/2020\/05\/cropped-Marina_Palace_Logo.png\",\"contentUrl\":\"https:\/\/www.marinapalacehotel.it\/wp-content\/uploads\/2020\/05\/cropped-Marina_Palace_Logo.png\",\"width\":557,\"height\":100,\"caption\":\"Marina Palace Hotel\"},\"image\":{\"@id\":\"https:\/\/www.marinapalacehotel.it\/pl\/#\/schema\/logo\/image\/\"}}]}<\/script>\n<!-- \/ Yoast SEO plugin. -->","yoast_head_json":{"title":"Marina Palace Hotel - Marina Palace Hotel","robots":{"index":"index","follow":"follow","max-snippet":"max-snippet:-1","max-image-preview":"max-image-preview:large","max-video-preview":"max-video-preview:-1"},"canonical":"https:\/\/www.marinapalacehotel.it\/pl\/marina-palace-hotel\/","og_locale":"pl_PL","og_type":"article","og_title":"Marina Palace Hotel - Marina Palace Hotel","og_description":"Wakacje na wymiar dla rodzin z dzie\u0107mi Marina Palace Hotel 4-gwiazdkowy w Caorle (Wenecja) Hotel Marina Palace wychodzi na morze w Caorle, bezpo\u015brednio przy pla\u017cy wschodniej Levante i jest po\u0142o\u017cony blisko star\u00f3wki w Caorle. Jest wyposa\u017cony w: Hotel Marina Palace po\u0142o\u017cony jest w spokojnej okolicy, blisko deptaku i promenady, to doskona\u0142y wyb\u00f3r dla os\u00f3b, kt\u00f3re [&hellip;]","og_url":"https:\/\/www.marinapalacehotel.it\/pl\/marina-palace-hotel\/","og_site_name":"Marina Palace Hotel","article_modified_time":"2023-06-27T13:56:37+00:00","og_image":[{"width":1900,"height":500,"url":"https:\/\/www.marinapalacehotel.it\/wp-content\/uploads\/2020\/05\/Marina_palace_hotel_caorle_banner_hotel.jpg","type":"image\/jpeg"}],"twitter_card":"summary_large_image","twitter_misc":{"Szacowany czas czytania":"4 minuty"},"schema":{"@context":"https:\/\/schema.org","@graph":[{"@type":"WebPage","@id":"https:\/\/www.marinapalacehotel.it\/pl\/marina-palace-hotel\/","url":"https:\/\/www.marinapalacehotel.it\/pl\/marina-palace-hotel\/","name":"Marina Palace Hotel - Marina Palace Hotel","isPartOf":{"@id":"https:\/\/www.marinapalacehotel.it\/pl\/#website"},"primaryImageOfPage":{"@id":"https:\/\/www.marinapalacehotel.it\/pl\/marina-palace-hotel\/#primaryimage"},"image":{"@id":"https:\/\/www.marinapalacehotel.it\/pl\/marina-palace-hotel\/#primaryimage"},"thumbnailUrl":"https:\/\/www.marinapalacehotel.it\/wp-content\/uploads\/2020\/05\/Marina_palace_hotel_caorle_banner_hotel.jpg","datePublished":"2020-04-24T09:31:33+00:00","dateModified":"2023-06-27T13:56:37+00:00","breadcrumb":{"@id":"https:\/\/www.marinapalacehotel.it\/pl\/marina-palace-hotel\/#breadcrumb"},"inLanguage":"pl-PL","potentialAction":[{"@type":"ReadAction","target":["https:\/\/www.marinapalacehotel.it\/pl\/marina-palace-hotel\/"]}]},{"@type":"ImageObject","inLanguage":"pl-PL","@id":"https:\/\/www.marinapalacehotel.it\/pl\/marina-palace-hotel\/#primaryimage","url":"https:\/\/www.marinapalacehotel.it\/wp-content\/uploads\/2020\/05\/Marina_palace_hotel_caorle_banner_hotel.jpg","contentUrl":"https:\/\/www.marinapalacehotel.it\/wp-content\/uploads\/2020\/05\/Marina_palace_hotel_caorle_banner_hotel.jpg","width":1900,"height":500},{"@type":"BreadcrumbList","@id":"https:\/\/www.marinapalacehotel.it\/pl\/marina-palace-hotel\/#breadcrumb","itemListElement":[{"@type":"ListItem","position":1,"name":"Home","item":"https:\/\/www.marinapalacehotel.it\/pl\/"},{"@type":"ListItem","position":2,"name":"Marina Palace Hotel"}]},{"@type":"WebSite","@id":"https:\/\/www.marinapalacehotel.it\/pl\/#website","url":"https:\/\/www.marinapalacehotel.it\/pl\/","name":"Marina Palace Hotel","description":"nadmorski 4-gwiazdkowy w Caorle","publisher":{"@id":"https:\/\/www.marinapalacehotel.it\/pl\/#organization"},"potentialAction":[{"@type":"SearchAction","target":{"@type":"EntryPoint","urlTemplate":"https:\/\/www.marinapalacehotel.it\/pl\/?s={search_term_string}"},"query-input":{"@type":"PropertyValueSpecification","valueRequired":true,"valueName":"search_term_string"}}],"inLanguage":"pl-PL"},{"@type":"Organization","@id":"https:\/\/www.marinapalacehotel.it\/pl\/#organization","name":"Marina Palace Hotel","url":"https:\/\/www.marinapalacehotel.it\/pl\/","logo":{"@type":"ImageObject","inLanguage":"pl-PL","@id":"https:\/\/www.marinapalacehotel.it\/pl\/#\/schema\/logo\/image\/","url":"https:\/\/www.marinapalacehotel.it\/wp-content\/uploads\/2020\/05\/cropped-Marina_Palace_Logo.png","contentUrl":"https:\/\/www.marinapalacehotel.it\/wp-content\/uploads\/2020\/05\/cropped-Marina_Palace_Logo.png","width":557,"height":100,"caption":"Marina Palace Hotel"},"image":{"@id":"https:\/\/www.marinapalacehotel.it\/pl\/#\/schema\/logo\/image\/"}}]}},"uagb_featured_image_src":{"full":["https:\/\/www.marinapalacehotel.it\/wp-content\/uploads\/2020\/05\/Marina_palace_hotel_caorle_banner_hotel.jpg",1900,500,false],"thumbnail":["https:\/\/www.marinapalacehotel.it\/wp-content\/uploads\/2020\/05\/Marina_palace_hotel_caorle_banner_hotel-150x150.jpg",150,150,true],"medium":["https:\/\/www.marinapalacehotel.it\/wp-content\/uploads\/2020\/05\/Marina_palace_hotel_caorle_banner_hotel-300x79.jpg",300,79,true],"medium_large":["https:\/\/www.marinapalacehotel.it\/wp-content\/uploads\/2020\/05\/Marina_palace_hotel_caorle_banner_hotel-768x202.jpg",580,153,true],"large":["https:\/\/www.marinapalacehotel.it\/wp-content\/uploads\/2020\/05\/Marina_palace_hotel_caorle_banner_hotel-1024x269.jpg",580,152,true],"1536x1536":["https:\/\/www.marinapalacehotel.it\/wp-content\/uploads\/2020\/05\/Marina_palace_hotel_caorle_banner_hotel-1536x404.jpg",1536,404,true],"2048x2048":["https:\/\/www.marinapalacehotel.it\/wp-content\/uploads\/2020\/05\/Marina_palace_hotel_caorle_banner_hotel.jpg",1900,500,false],"post-thumbnail":["https:\/\/www.marinapalacehotel.it\/wp-content\/uploads\/2020\/05\/Marina_palace_hotel_caorle_banner_hotel-1200x316.jpg",1200,316,true],"twentytwenty-fullscreen":["https:\/\/www.marinapalacehotel.it\/wp-content\/uploads\/2020\/05\/Marina_palace_hotel_caorle_banner_hotel.jpg",1900,500,false]},"uagb_author_info":{"display_name":"3r4cl3-p4l4","author_link":"https:\/\/www.marinapalacehotel.it\/pl\/author\/3r4cl3-p4l4\/"},"uagb_comment_info":0,"uagb_excerpt":"Wakacje na wymiar dla rodzin z dzie\u0107mi Marina Palace Hotel 4-gwiazdkowy w Caorle (Wenecja) Hotel Marina Palace wychodzi na morze w Caorle, bezpo\u015brednio przy pla\u017cy wschodniej Levante i jest po\u0142o\u017cony blisko star\u00f3wki w Caorle. Jest wyposa\u017cony w: Hotel Marina Palace po\u0142o\u017cony jest w spokojnej okolicy, blisko deptaku i promenady, to doskona\u0142y wyb\u00f3r dla os\u00f3b, kt\u00f3re&hellip;","coauthors":[],"author_meta":{"author_link":"https:\/\/www.marinapalacehotel.it\/pl\/author\/3r4cl3-p4l4\/","display_name":"3r4cl3-p4l4"},"relative_dates":{"created":"Posted 6 lat ago","modified":"Updated 3 lata ago"},"absolute_dates":{"created":"Posted on 24 kwietnia 2020","modified":"Updated on 27 czerwca 2023"},"absolute_dates_time":{"created":"Posted on 24 kwietnia 2020 11:31","modified":"Updated on 27 czerwca 2023 15:56"},"featured_img_caption":"","featured_img":"https:\/\/www.marinapalacehotel.it\/wp-content\/uploads\/2020\/05\/Marina_palace_hotel_caorle_banner_hotel-1200x316.jpg","series_order":"","_links":{"self":[{"href":"https:\/\/www.marinapalacehotel.it\/pl\/wp-json\/wp\/v2\/pages\/2352","targetHints":{"allow":["GET"]}}],"collection":[{"href":"https:\/\/www.marinapalacehotel.it\/pl\/wp-json\/wp\/v2\/pages"}],"about":[{"href":"https:\/\/www.marinapalacehotel.it\/pl\/wp-json\/wp\/v2\/types\/page"}],"author":[{"embeddable":true,"href":"https:\/\/www.marinapalacehotel.it\/pl\/wp-json\/wp\/v2\/users\/1"}],"replies":[{"embeddable":true,"href":"https:\/\/www.marinapalacehotel.it\/pl\/wp-json\/wp\/v2\/comments?post=2352"}],"version-history":[{"count":5,"href":"https:\/\/www.marinapalacehotel.it\/pl\/wp-json\/wp\/v2\/pages\/2352\/revisions"}],"predecessor-version":[{"id":3985,"href":"https:\/\/www.marinapalacehotel.it\/pl\/wp-json\/wp\/v2\/pages\/2352\/revisions\/3985"}],"wp:featuredmedia":[{"embeddable":true,"href":"https:\/\/www.marinapalacehotel.it\/pl\/wp-json\/wp\/v2\/media\/3211"}],"wp:attachment":[{"href":"https:\/\/www.marinapalacehotel.it\/pl\/wp-json\/wp\/v2\/media?parent=2352"}],"curies":[{"name":"wp","href":"https:\/\/api.w.org\/{rel}","templated":true}]}}