{"id":1874,"date":"2020-03-30T17:11:34","date_gmt":"2020-03-30T15:11:34","guid":{"rendered":"https:\/\/marina.promoservicebeta.com\/spiaggia-privata\/"},"modified":"2020-04-10T10:42:31","modified_gmt":"2020-04-10T08:42:31","slug":"prywatna-plaza","status":"publish","type":"page","link":"https:\/\/www.marinapalacehotel.it\/pl\/prywatna-plaza\/","title":{"rendered":"Prywatna pla\u017ca"},"content":{"rendered":"\n<div style=\"height:40px\" aria-hidden=\"true\" class=\"wp-block-spacer\"><\/div>\n\n\n\n<div class=\"wp-block-group promo-marinaint-1\"><div class=\"wp-block-group__inner-container is-layout-flow wp-block-group-is-layout-flow\">\n<h3 class=\"wp-block-heading\">Blisko morza<\/h3>\n\n\n\n<h2 class=\"wp-block-heading\">Hotel z prywatn\u0105 pla\u017c\u0105 w Caorle<\/h2>\n\n\n\n<p>Marina Palace Hotel posiada <strong>prywatn\u0105 pla\u017c\u0119<\/strong> wyposa\u017con\u0105 we wszelkie wygody, <strong>pla\u017ca znajduje si\u0119 przed hotelem<\/strong>. Na bardzo szerokiej linii brzegowej z\u0142otego piasku mo\u017cna wybra\u0107 <strong>dowolny parasol pla\u017cowy oraz dwa le\u017caki<\/strong>.<\/p>\n\n\n\n<p>Go\u015bcie hotelowi mog\u0105 skorzysta\u0107 z bezp\u0142atnej <strong>us\u0142ugi opieki nad dzie\u0107mi \/ wakacyjnej szk\u00f3\u0142ki (miniclubu)<\/strong> organizowanej przez stowarzyszenie Consorzio Arenile di Caorle. Liczne zaj\u0119cia zapewniaj\u0105 zabaw\u0119 dzieciom a spok\u00f3j rodzicom.<\/p>\n\n\n\n<p>Hotel Marina Palace oferuje mo\u017cliwo\u015b\u0107 skorzystania z pla\u017cy <strong>Baubau Beach<\/strong>, obszaru przeznaczonego dla os\u00f3b, kt\u00f3re chc\u0105 sp\u0119dzi\u0107 wakacje z czworono\u017cnymi przyjaci\u00f3\u0142mi.<\/p>\n\n\n\n<p>Od wielu lat wybrze\u017ce w Caorle nagradzane jest presti\u017cowym wyr\u00f3\u017cnieniem <strong>B\u0142\u0119kitnej Flagi<\/strong>.<\/p>\n<\/div><\/div>\n\n\n\n<div class=\"wp-block-group promo-marinaint-2\"><div class=\"wp-block-group__inner-container is-layout-flow wp-block-group-is-layout-flow\">\n<figure class=\"wp-block-image size-large\"><img loading=\"lazy\" decoding=\"async\" width=\"1024\" height=\"572\" src=\"https:\/\/www.marinapalacehotel.it\/wp-content\/uploads\/2020\/03\/Marina_palace_hotel_la_spiaggia_intro-1024x572.jpg\" alt=\"\" class=\"wp-image-1304\" srcset=\"https:\/\/www.marinapalacehotel.it\/wp-content\/uploads\/2020\/03\/Marina_palace_hotel_la_spiaggia_intro-1024x572.jpg 1024w, https:\/\/www.marinapalacehotel.it\/wp-content\/uploads\/2020\/03\/Marina_palace_hotel_la_spiaggia_intro-300x168.jpg 300w, https:\/\/www.marinapalacehotel.it\/wp-content\/uploads\/2020\/03\/Marina_palace_hotel_la_spiaggia_intro-768x429.jpg 768w, https:\/\/www.marinapalacehotel.it\/wp-content\/uploads\/2020\/03\/Marina_palace_hotel_la_spiaggia_intro-1536x858.jpg 1536w, https:\/\/www.marinapalacehotel.it\/wp-content\/uploads\/2020\/03\/Marina_palace_hotel_la_spiaggia_intro-1200x670.jpg 1200w, https:\/\/www.marinapalacehotel.it\/wp-content\/uploads\/2020\/03\/Marina_palace_hotel_la_spiaggia_intro.jpg 1790w\" sizes=\"auto, (max-width: 1024px) 100vw, 1024px\" \/><\/figure>\n<\/div><\/div>\n\n\n\n<div style=\"height:40px\" aria-hidden=\"true\" class=\"wp-block-spacer\"><\/div>\n\n\n\n<figure class=\"wp-block-gallery columns-3 is-cropped promo-marinaint-5 wp-block-gallery-2\"><ul class=\"blocks-gallery-grid\"><li class=\"blocks-gallery-item\"><figure><img loading=\"lazy\" decoding=\"async\" width=\"830\" height=\"550\" src=\"https:\/\/www.marinapalacehotel.it\/wp-content\/uploads\/2020\/03\/spiaggia-riservata-hotel-marina-3.jpg\" alt=\"\" data-id=\"1322\" data-full-url=\"https:\/\/www.marinapalacehotel.it\/wp-content\/uploads\/2020\/03\/spiaggia-riservata-hotel-marina-3.jpg\" data-link=\"https:\/\/marinapalacehotel.it\/it\/?attachment_id=1322\" class=\"wp-image-1322\" srcset=\"https:\/\/www.marinapalacehotel.it\/wp-content\/uploads\/2020\/03\/spiaggia-riservata-hotel-marina-3.jpg 830w, https:\/\/www.marinapalacehotel.it\/wp-content\/uploads\/2020\/03\/spiaggia-riservata-hotel-marina-3-300x199.jpg 300w, https:\/\/www.marinapalacehotel.it\/wp-content\/uploads\/2020\/03\/spiaggia-riservata-hotel-marina-3-768x509.jpg 768w\" sizes=\"auto, (max-width: 830px) 100vw, 830px\" \/><\/figure><\/li><li class=\"blocks-gallery-item\"><figure><img loading=\"lazy\" decoding=\"async\" width=\"830\" height=\"550\" src=\"https:\/\/www.marinapalacehotel.it\/wp-content\/uploads\/2020\/03\/spiaggia-riservata-hotel-marina-1.jpg\" alt=\"\" data-id=\"1310\" data-full-url=\"https:\/\/www.marinapalacehotel.it\/wp-content\/uploads\/2020\/03\/spiaggia-riservata-hotel-marina-1.jpg\" data-link=\"https:\/\/marinapalacehotel.it\/it\/?attachment_id=1310\" class=\"wp-image-1310\" srcset=\"https:\/\/www.marinapalacehotel.it\/wp-content\/uploads\/2020\/03\/spiaggia-riservata-hotel-marina-1.jpg 830w, https:\/\/www.marinapalacehotel.it\/wp-content\/uploads\/2020\/03\/spiaggia-riservata-hotel-marina-1-300x199.jpg 300w, https:\/\/www.marinapalacehotel.it\/wp-content\/uploads\/2020\/03\/spiaggia-riservata-hotel-marina-1-768x509.jpg 768w\" sizes=\"auto, (max-width: 830px) 100vw, 830px\" \/><\/figure><\/li><li class=\"blocks-gallery-item\"><figure><img loading=\"lazy\" decoding=\"async\" width=\"830\" height=\"550\" src=\"https:\/\/www.marinapalacehotel.it\/wp-content\/uploads\/2020\/03\/spiaggia-riservata-hotel-marina-2.jpg\" alt=\"\" data-id=\"1316\" data-full-url=\"https:\/\/www.marinapalacehotel.it\/wp-content\/uploads\/2020\/03\/spiaggia-riservata-hotel-marina-2.jpg\" data-link=\"https:\/\/marinapalacehotel.it\/it\/?attachment_id=1316\" class=\"wp-image-1316 is-layout-flex wp-block-gallery-is-layout-flex\" srcset=\"https:\/\/www.marinapalacehotel.it\/wp-content\/uploads\/2020\/03\/spiaggia-riservata-hotel-marina-2.jpg 830w, https:\/\/www.marinapalacehotel.it\/wp-content\/uploads\/2020\/03\/spiaggia-riservata-hotel-marina-2-300x199.jpg 300w, https:\/\/www.marinapalacehotel.it\/wp-content\/uploads\/2020\/03\/spiaggia-riservata-hotel-marina-2-768x509.jpg 768w\" sizes=\"auto, (max-width: 830px) 100vw, 830px\" \/><\/figure><\/li><\/ul><\/figure>\n","protected":false},"excerpt":{"rendered":"<p>Blisko morza Hotel z prywatn\u0105 pla\u017c\u0105 w Caorle Marina Palace Hotel posiada prywatn\u0105 pla\u017c\u0119 wyposa\u017con\u0105 we wszelkie wygody, pla\u017ca znajduje si\u0119 przed hotelem. Na bardzo szerokiej linii brzegowej z\u0142otego piasku mo\u017cna wybra\u0107 dowolny parasol pla\u017cowy oraz dwa le\u017caki. Go\u015bcie hotelowi mog\u0105 skorzysta\u0107 z bezp\u0142atnej us\u0142ugi opieki nad dzie\u0107mi \/ wakacyjnej szk\u00f3\u0142ki (miniclubu) organizowanej przez stowarzyszenie [&hellip;]<\/p>\n","protected":false},"author":1,"featured_media":0,"parent":0,"menu_order":0,"comment_status":"closed","ping_status":"closed","template":"","meta":{"_acf_changed":false,"_uag_custom_page_level_css":"","advgb_blocks_editor_width":"","advgb_blocks_columns_visual_guide":"","footnotes":""},"class_list":["post-1874","page","type-page","status-publish","hentry"],"acf":[],"yoast_head":"<!-- This site is optimized with the Yoast SEO plugin v25.7 - https:\/\/yoast.com\/wordpress\/plugins\/seo\/ -->\n<title>Prywatna pla\u017ca - Marina Palace Hotel nadmorski 4-gwiazdkowy w Caorle<\/title>\n<meta name=\"robots\" content=\"index, follow, max-snippet:-1, max-image-preview:large, max-video-preview:-1\" \/>\n<link rel=\"canonical\" href=\"https:\/\/www.marinapalacehotel.it\/pl\/prywatna-plaza\/\" \/>\n<meta property=\"og:locale\" content=\"pl_PL\" \/>\n<meta property=\"og:type\" content=\"article\" \/>\n<meta property=\"og:title\" content=\"Prywatna pla\u017ca - Marina Palace Hotel nadmorski 4-gwiazdkowy w Caorle\" \/>\n<meta property=\"og:description\" content=\"Blisko morza Hotel z prywatn\u0105 pla\u017c\u0105 w Caorle Marina Palace Hotel posiada prywatn\u0105 pla\u017c\u0119 wyposa\u017con\u0105 we wszelkie wygody, pla\u017ca znajduje si\u0119 przed hotelem. Na bardzo szerokiej linii brzegowej z\u0142otego piasku mo\u017cna wybra\u0107 dowolny parasol pla\u017cowy oraz dwa le\u017caki. Go\u015bcie hotelowi mog\u0105 skorzysta\u0107 z bezp\u0142atnej us\u0142ugi opieki nad dzie\u0107mi \/ wakacyjnej szk\u00f3\u0142ki (miniclubu) organizowanej przez stowarzyszenie [&hellip;]\" \/>\n<meta property=\"og:url\" content=\"https:\/\/www.marinapalacehotel.it\/pl\/prywatna-plaza\/\" \/>\n<meta property=\"og:site_name\" content=\"Marina Palace Hotel\" \/>\n<meta property=\"article:modified_time\" content=\"2020-04-10T08:42:31+00:00\" \/>\n<meta property=\"og:image\" content=\"https:\/\/www.marinapalacehotel.it\/wp-content\/uploads\/2020\/03\/Marina_palace_hotel_la_spiaggia_intro-1024x572.jpg\" \/>\n<meta name=\"twitter:card\" content=\"summary_large_image\" \/>\n<meta name=\"twitter:label1\" content=\"Szacowany czas czytania\" \/>\n\t<meta name=\"twitter:data1\" content=\"1 minuta\" \/>\n<script type=\"application\/ld+json\" class=\"yoast-schema-graph\">{\"@context\":\"https:\/\/schema.org\",\"@graph\":[{\"@type\":\"WebPage\",\"@id\":\"https:\/\/www.marinapalacehotel.it\/pl\/prywatna-plaza\/\",\"url\":\"https:\/\/www.marinapalacehotel.it\/pl\/prywatna-plaza\/\",\"name\":\"Prywatna pla\u017ca - Marina Palace Hotel nadmorski 4-gwiazdkowy w Caorle\",\"isPartOf\":{\"@id\":\"https:\/\/www.marinapalacehotel.it\/pl\/#website\"},\"primaryImageOfPage\":{\"@id\":\"https:\/\/www.marinapalacehotel.it\/pl\/prywatna-plaza\/#primaryimage\"},\"image\":{\"@id\":\"https:\/\/www.marinapalacehotel.it\/pl\/prywatna-plaza\/#primaryimage\"},\"thumbnailUrl\":\"https:\/\/www.marinapalacehotel.it\/wp-content\/uploads\/2020\/03\/Marina_palace_hotel_la_spiaggia_intro-1024x572.jpg\",\"datePublished\":\"2020-03-30T15:11:34+00:00\",\"dateModified\":\"2020-04-10T08:42:31+00:00\",\"breadcrumb\":{\"@id\":\"https:\/\/www.marinapalacehotel.it\/pl\/prywatna-plaza\/#breadcrumb\"},\"inLanguage\":\"pl-PL\",\"potentialAction\":[{\"@type\":\"ReadAction\",\"target\":[\"https:\/\/www.marinapalacehotel.it\/pl\/prywatna-plaza\/\"]}]},{\"@type\":\"ImageObject\",\"inLanguage\":\"pl-PL\",\"@id\":\"https:\/\/www.marinapalacehotel.it\/pl\/prywatna-plaza\/#primaryimage\",\"url\":\"https:\/\/www.marinapalacehotel.it\/wp-content\/uploads\/2020\/03\/Marina_palace_hotel_la_spiaggia_intro-1024x572.jpg\",\"contentUrl\":\"https:\/\/www.marinapalacehotel.it\/wp-content\/uploads\/2020\/03\/Marina_palace_hotel_la_spiaggia_intro-1024x572.jpg\"},{\"@type\":\"BreadcrumbList\",\"@id\":\"https:\/\/www.marinapalacehotel.it\/pl\/prywatna-plaza\/#breadcrumb\",\"itemListElement\":[{\"@type\":\"ListItem\",\"position\":1,\"name\":\"Home\",\"item\":\"https:\/\/www.marinapalacehotel.it\/pl\/\"},{\"@type\":\"ListItem\",\"position\":2,\"name\":\"Prywatna pla\u017ca\"}]},{\"@type\":\"WebSite\",\"@id\":\"https:\/\/www.marinapalacehotel.it\/pl\/#website\",\"url\":\"https:\/\/www.marinapalacehotel.it\/pl\/\",\"name\":\"Marina Palace Hotel\",\"description\":\"nadmorski 4-gwiazdkowy w Caorle\",\"publisher\":{\"@id\":\"https:\/\/www.marinapalacehotel.it\/pl\/#organization\"},\"potentialAction\":[{\"@type\":\"SearchAction\",\"target\":{\"@type\":\"EntryPoint\",\"urlTemplate\":\"https:\/\/www.marinapalacehotel.it\/pl\/?s={search_term_string}\"},\"query-input\":{\"@type\":\"PropertyValueSpecification\",\"valueRequired\":true,\"valueName\":\"search_term_string\"}}],\"inLanguage\":\"pl-PL\"},{\"@type\":\"Organization\",\"@id\":\"https:\/\/www.marinapalacehotel.it\/pl\/#organization\",\"name\":\"Marina Palace Hotel\",\"url\":\"https:\/\/www.marinapalacehotel.it\/pl\/\",\"logo\":{\"@type\":\"ImageObject\",\"inLanguage\":\"pl-PL\",\"@id\":\"https:\/\/www.marinapalacehotel.it\/pl\/#\/schema\/logo\/image\/\",\"url\":\"https:\/\/www.marinapalacehotel.it\/wp-content\/uploads\/2020\/05\/cropped-Marina_Palace_Logo.png\",\"contentUrl\":\"https:\/\/www.marinapalacehotel.it\/wp-content\/uploads\/2020\/05\/cropped-Marina_Palace_Logo.png\",\"width\":557,\"height\":100,\"caption\":\"Marina Palace Hotel\"},\"image\":{\"@id\":\"https:\/\/www.marinapalacehotel.it\/pl\/#\/schema\/logo\/image\/\"}}]}<\/script>\n<!-- \/ Yoast SEO plugin. -->","yoast_head_json":{"title":"Prywatna pla\u017ca - Marina Palace Hotel nadmorski 4-gwiazdkowy w Caorle","robots":{"index":"index","follow":"follow","max-snippet":"max-snippet:-1","max-image-preview":"max-image-preview:large","max-video-preview":"max-video-preview:-1"},"canonical":"https:\/\/www.marinapalacehotel.it\/pl\/prywatna-plaza\/","og_locale":"pl_PL","og_type":"article","og_title":"Prywatna pla\u017ca - Marina Palace Hotel nadmorski 4-gwiazdkowy w Caorle","og_description":"Blisko morza Hotel z prywatn\u0105 pla\u017c\u0105 w Caorle Marina Palace Hotel posiada prywatn\u0105 pla\u017c\u0119 wyposa\u017con\u0105 we wszelkie wygody, pla\u017ca znajduje si\u0119 przed hotelem. Na bardzo szerokiej linii brzegowej z\u0142otego piasku mo\u017cna wybra\u0107 dowolny parasol pla\u017cowy oraz dwa le\u017caki. Go\u015bcie hotelowi mog\u0105 skorzysta\u0107 z bezp\u0142atnej us\u0142ugi opieki nad dzie\u0107mi \/ wakacyjnej szk\u00f3\u0142ki (miniclubu) organizowanej przez stowarzyszenie [&hellip;]","og_url":"https:\/\/www.marinapalacehotel.it\/pl\/prywatna-plaza\/","og_site_name":"Marina Palace Hotel","article_modified_time":"2020-04-10T08:42:31+00:00","og_image":[{"url":"https:\/\/www.marinapalacehotel.it\/wp-content\/uploads\/2020\/03\/Marina_palace_hotel_la_spiaggia_intro-1024x572.jpg","type":"","width":"","height":""}],"twitter_card":"summary_large_image","twitter_misc":{"Szacowany czas czytania":"1 minuta"},"schema":{"@context":"https:\/\/schema.org","@graph":[{"@type":"WebPage","@id":"https:\/\/www.marinapalacehotel.it\/pl\/prywatna-plaza\/","url":"https:\/\/www.marinapalacehotel.it\/pl\/prywatna-plaza\/","name":"Prywatna pla\u017ca - Marina Palace Hotel nadmorski 4-gwiazdkowy w Caorle","isPartOf":{"@id":"https:\/\/www.marinapalacehotel.it\/pl\/#website"},"primaryImageOfPage":{"@id":"https:\/\/www.marinapalacehotel.it\/pl\/prywatna-plaza\/#primaryimage"},"image":{"@id":"https:\/\/www.marinapalacehotel.it\/pl\/prywatna-plaza\/#primaryimage"},"thumbnailUrl":"https:\/\/www.marinapalacehotel.it\/wp-content\/uploads\/2020\/03\/Marina_palace_hotel_la_spiaggia_intro-1024x572.jpg","datePublished":"2020-03-30T15:11:34+00:00","dateModified":"2020-04-10T08:42:31+00:00","breadcrumb":{"@id":"https:\/\/www.marinapalacehotel.it\/pl\/prywatna-plaza\/#breadcrumb"},"inLanguage":"pl-PL","potentialAction":[{"@type":"ReadAction","target":["https:\/\/www.marinapalacehotel.it\/pl\/prywatna-plaza\/"]}]},{"@type":"ImageObject","inLanguage":"pl-PL","@id":"https:\/\/www.marinapalacehotel.it\/pl\/prywatna-plaza\/#primaryimage","url":"https:\/\/www.marinapalacehotel.it\/wp-content\/uploads\/2020\/03\/Marina_palace_hotel_la_spiaggia_intro-1024x572.jpg","contentUrl":"https:\/\/www.marinapalacehotel.it\/wp-content\/uploads\/2020\/03\/Marina_palace_hotel_la_spiaggia_intro-1024x572.jpg"},{"@type":"BreadcrumbList","@id":"https:\/\/www.marinapalacehotel.it\/pl\/prywatna-plaza\/#breadcrumb","itemListElement":[{"@type":"ListItem","position":1,"name":"Home","item":"https:\/\/www.marinapalacehotel.it\/pl\/"},{"@type":"ListItem","position":2,"name":"Prywatna pla\u017ca"}]},{"@type":"WebSite","@id":"https:\/\/www.marinapalacehotel.it\/pl\/#website","url":"https:\/\/www.marinapalacehotel.it\/pl\/","name":"Marina Palace Hotel","description":"nadmorski 4-gwiazdkowy w Caorle","publisher":{"@id":"https:\/\/www.marinapalacehotel.it\/pl\/#organization"},"potentialAction":[{"@type":"SearchAction","target":{"@type":"EntryPoint","urlTemplate":"https:\/\/www.marinapalacehotel.it\/pl\/?s={search_term_string}"},"query-input":{"@type":"PropertyValueSpecification","valueRequired":true,"valueName":"search_term_string"}}],"inLanguage":"pl-PL"},{"@type":"Organization","@id":"https:\/\/www.marinapalacehotel.it\/pl\/#organization","name":"Marina Palace Hotel","url":"https:\/\/www.marinapalacehotel.it\/pl\/","logo":{"@type":"ImageObject","inLanguage":"pl-PL","@id":"https:\/\/www.marinapalacehotel.it\/pl\/#\/schema\/logo\/image\/","url":"https:\/\/www.marinapalacehotel.it\/wp-content\/uploads\/2020\/05\/cropped-Marina_Palace_Logo.png","contentUrl":"https:\/\/www.marinapalacehotel.it\/wp-content\/uploads\/2020\/05\/cropped-Marina_Palace_Logo.png","width":557,"height":100,"caption":"Marina Palace Hotel"},"image":{"@id":"https:\/\/www.marinapalacehotel.it\/pl\/#\/schema\/logo\/image\/"}}]}},"uagb_featured_image_src":{"full":false,"thumbnail":false,"medium":false,"medium_large":false,"large":false,"1536x1536":false,"2048x2048":false,"post-thumbnail":false,"twentytwenty-fullscreen":false},"uagb_author_info":{"display_name":"3r4cl3-p4l4","author_link":"https:\/\/www.marinapalacehotel.it\/pl\/author\/3r4cl3-p4l4\/"},"uagb_comment_info":0,"uagb_excerpt":"Blisko morza Hotel z prywatn\u0105 pla\u017c\u0105 w Caorle Marina Palace Hotel posiada prywatn\u0105 pla\u017c\u0119 wyposa\u017con\u0105 we wszelkie wygody, pla\u017ca znajduje si\u0119 przed hotelem. Na bardzo szerokiej linii brzegowej z\u0142otego piasku mo\u017cna wybra\u0107 dowolny parasol pla\u017cowy oraz dwa le\u017caki. Go\u015bcie hotelowi mog\u0105 skorzysta\u0107 z bezp\u0142atnej us\u0142ugi opieki nad dzie\u0107mi \/ wakacyjnej szk\u00f3\u0142ki (miniclubu) organizowanej przez stowarzyszenie&hellip;","coauthors":[],"author_meta":{"author_link":"https:\/\/www.marinapalacehotel.it\/pl\/author\/3r4cl3-p4l4\/","display_name":"3r4cl3-p4l4"},"relative_dates":{"created":"Posted 6 lat ago","modified":"Updated 6 lat ago"},"absolute_dates":{"created":"Posted on 30 marca 2020","modified":"Updated on 10 kwietnia 2020"},"absolute_dates_time":{"created":"Posted on 30 marca 2020 17:11","modified":"Updated on 10 kwietnia 2020 10:42"},"featured_img_caption":"","featured_img":false,"series_order":"","_links":{"self":[{"href":"https:\/\/www.marinapalacehotel.it\/pl\/wp-json\/wp\/v2\/pages\/1874","targetHints":{"allow":["GET"]}}],"collection":[{"href":"https:\/\/www.marinapalacehotel.it\/pl\/wp-json\/wp\/v2\/pages"}],"about":[{"href":"https:\/\/www.marinapalacehotel.it\/pl\/wp-json\/wp\/v2\/types\/page"}],"author":[{"embeddable":true,"href":"https:\/\/www.marinapalacehotel.it\/pl\/wp-json\/wp\/v2\/users\/1"}],"replies":[{"embeddable":true,"href":"https:\/\/www.marinapalacehotel.it\/pl\/wp-json\/wp\/v2\/comments?post=1874"}],"version-history":[{"count":0,"href":"https:\/\/www.marinapalacehotel.it\/pl\/wp-json\/wp\/v2\/pages\/1874\/revisions"}],"wp:attachment":[{"href":"https:\/\/www.marinapalacehotel.it\/pl\/wp-json\/wp\/v2\/media?parent=1874"}],"curies":[{"name":"wp","href":"https:\/\/api.w.org\/{rel}","templated":true}]}}