{"id":1861,"date":"2020-03-30T17:02:32","date_gmt":"2020-03-30T15:02:32","guid":{"rendered":"https:\/\/marina.promoservicebeta.com\/piscina\/"},"modified":"2023-06-27T15:47:49","modified_gmt":"2023-06-27T13:47:49","slug":"basen","status":"publish","type":"page","link":"https:\/\/www.marinapalacehotel.it\/pl\/basen\/","title":{"rendered":"Basen"},"content":{"rendered":"\n<div style=\"height:40px\" aria-hidden=\"true\" class=\"wp-block-spacer advgb-dyn-db4b1242\"><\/div>\n\n\n\n<div class=\"wp-block-group promo-marinaint-1 advgb-dyn-33d8bfc3\"><div class=\"wp-block-group__inner-container is-layout-flow wp-block-group-is-layout-flow\">\n<h3 class=\"wp-block-heading advgb-dyn-b5ed7f4e\">Zrelaksuj si\u0119 przy basenie<\/h3>\n\n\n\n<h2 class=\"wp-block-heading advgb-dyn-4f6e605b\">Hotel nadmorski z basenem w Caorle<\/h2>\n\n\n\n<p>Hotel Marina Palace to idealne rozwi\u0105zanie dla tych, kt\u00f3rzy chc\u0105 sp\u0119dzi\u0107 <strong>wakacje w spokoju, ale te\u017c dobrze si\u0119 bawi\u0107<\/strong>.<\/p>\n\n\n\n<p>Ten <strong>4-gwiazdkowy<\/strong> nadmorski hotel dysponuje <strong>prywatnym odkrytym basenem<\/strong> podzielonym na dwa obszary: jednym dla doros\u0142ych oraz drugim dla dzieci. Basen wyposa\u017cony jest w <strong>wygodne le\u017caki<\/strong>, z kt\u00f3rych go\u015bcie hotelowi mog\u0105 korzysta\u0107 bezp\u0142atnie.<\/p>\n\n\n\n<p>Hotel jest bardzo dobrze po\u0142o\u017cony, dzi\u0119ki czemu wychodzi naprzeciw r\u00f3\u017cnym potrzebom: doskonale sprawdza si\u0119 zar\u00f3wno dla tych, kt\u00f3rzy chc\u0105 si\u0119 opala\u0107, jaki i dla tych, <strong>kt\u00f3rzy pragn\u0105 odpocz\u0105\u0107 w cieniu lasu sosnowego<\/strong>.<\/p>\n\n\n\n<p>Nasi go\u015bcie mog\u0105 delektowa\u0107 si\u0119 <strong>aperitifem przy basenie<\/strong>, korzystaj\u0105c z us\u0142ug wygodnego baru po\u0142o\u017conego na <strong>parterze hotelu<\/strong>, kt\u00f3ry jest otwarty od <strong>8.00 do p\u00f3\u0142nocy<\/strong>. To idealne miejsce na relaks i zabaw\u0119 z ca\u0142\u0105 rodzin\u0105.<\/p>\n<\/div><\/div>\n\n\n\n<div class=\"wp-block-group promo-marinaint-2 advgb-dyn-28da17ba\"><div class=\"wp-block-group__inner-container is-layout-flow wp-block-group-is-layout-flow\">\n<figure class=\"wp-block-image size-full\"><img loading=\"lazy\" decoding=\"async\" width=\"830\" height=\"550\" src=\"https:\/\/www.marinapalacehotel.it\/wp-content\/uploads\/2023\/06\/Nuova-Piscina-Marina-Palace-3.jpg\" alt=\"\" class=\"wp-image-3964\" srcset=\"https:\/\/www.marinapalacehotel.it\/wp-content\/uploads\/2023\/06\/Nuova-Piscina-Marina-Palace-3.jpg 830w, https:\/\/www.marinapalacehotel.it\/wp-content\/uploads\/2023\/06\/Nuova-Piscina-Marina-Palace-3-300x199.jpg 300w, https:\/\/www.marinapalacehotel.it\/wp-content\/uploads\/2023\/06\/Nuova-Piscina-Marina-Palace-3-768x509.jpg 768w\" sizes=\"auto, (max-width: 830px) 100vw, 830px\" \/><\/figure>\n<\/div><\/div>\n\n\n\n<div style=\"height:40px\" aria-hidden=\"true\" class=\"wp-block-spacer advgb-dyn-db4b1242\"><\/div>\n\n\n\n<figure class=\"wp-block-gallery has-nested-images columns-default is-cropped promo-marinaint-5 wp-block-gallery-2 is-layout-flex wp-block-gallery-is-layout-flex advgb-dyn-08583c93\">\n<figure class=\"wp-block-image size-full\"><img decoding=\"async\" data-id=\"3954\" src=\"https:\/\/www.marinapalacehotel.it\/wp-content\/uploads\/2023\/06\/Nuova-Piscina-Marina-Palace-1.jpg\" alt=\"\" class=\"wp-image-3954\"\/><\/figure>\n\n\n\n<figure class=\"wp-block-image size-full\"><img decoding=\"async\" data-id=\"3942\" src=\"https:\/\/www.marinapalacehotel.it\/wp-content\/uploads\/2023\/06\/piscina-hotel-marina-palace-4.jpg\" alt=\"\" class=\"wp-image-3942\"\/><\/figure>\n\n\n\n<figure class=\"wp-block-image size-full\"><img loading=\"lazy\" decoding=\"async\" width=\"830\" height=\"550\" data-id=\"3948\" src=\"https:\/\/www.marinapalacehotel.it\/wp-content\/uploads\/2023\/06\/Nuova-Piscina-Marina-Palace-2.jpg\" alt=\"\" class=\"wp-image-3948\" srcset=\"https:\/\/www.marinapalacehotel.it\/wp-content\/uploads\/2023\/06\/Nuova-Piscina-Marina-Palace-2.jpg 830w, https:\/\/www.marinapalacehotel.it\/wp-content\/uploads\/2023\/06\/Nuova-Piscina-Marina-Palace-2-300x199.jpg 300w, https:\/\/www.marinapalacehotel.it\/wp-content\/uploads\/2023\/06\/Nuova-Piscina-Marina-Palace-2-768x509.jpg 768w\" sizes=\"auto, (max-width: 830px) 100vw, 830px\" \/><\/figure>\n<\/figure>\n","protected":false},"excerpt":{"rendered":"<p>Zrelaksuj si\u0119 przy basenie Hotel nadmorski z basenem w Caorle Hotel Marina Palace to idealne rozwi\u0105zanie dla tych, kt\u00f3rzy chc\u0105 sp\u0119dzi\u0107 wakacje w spokoju, ale te\u017c dobrze si\u0119 bawi\u0107. Ten 4-gwiazdkowy nadmorski hotel dysponuje prywatnym odkrytym basenem podzielonym na dwa obszary: jednym dla doros\u0142ych oraz drugim dla dzieci. Basen wyposa\u017cony jest w wygodne le\u017caki, z [&hellip;]<\/p>\n","protected":false},"author":1,"featured_media":0,"parent":0,"menu_order":0,"comment_status":"closed","ping_status":"closed","template":"","meta":{"_acf_changed":false,"_uag_custom_page_level_css":"","advgb_blocks_editor_width":"","advgb_blocks_columns_visual_guide":"","footnotes":""},"class_list":["post-1861","page","type-page","status-publish","hentry"],"acf":[],"yoast_head":"<!-- This site is optimized with the Yoast SEO plugin v25.7 - https:\/\/yoast.com\/wordpress\/plugins\/seo\/ -->\n<title>Basen - Marina Palace Hotel nadmorski 4-gwiazdkowy w Caorle<\/title>\n<meta name=\"robots\" content=\"index, follow, max-snippet:-1, max-image-preview:large, max-video-preview:-1\" \/>\n<link rel=\"canonical\" href=\"https:\/\/www.marinapalacehotel.it\/pl\/basen\/\" \/>\n<meta property=\"og:locale\" content=\"pl_PL\" \/>\n<meta property=\"og:type\" content=\"article\" \/>\n<meta property=\"og:title\" content=\"Basen - Marina Palace Hotel nadmorski 4-gwiazdkowy w Caorle\" \/>\n<meta property=\"og:description\" content=\"Zrelaksuj si\u0119 przy basenie Hotel nadmorski z basenem w Caorle Hotel Marina Palace to idealne rozwi\u0105zanie dla tych, kt\u00f3rzy chc\u0105 sp\u0119dzi\u0107 wakacje w spokoju, ale te\u017c dobrze si\u0119 bawi\u0107. Ten 4-gwiazdkowy nadmorski hotel dysponuje prywatnym odkrytym basenem podzielonym na dwa obszary: jednym dla doros\u0142ych oraz drugim dla dzieci. Basen wyposa\u017cony jest w wygodne le\u017caki, z [&hellip;]\" \/>\n<meta property=\"og:url\" content=\"https:\/\/www.marinapalacehotel.it\/pl\/basen\/\" \/>\n<meta property=\"og:site_name\" content=\"Marina Palace Hotel\" \/>\n<meta property=\"article:modified_time\" content=\"2023-06-27T13:47:49+00:00\" \/>\n<meta property=\"og:image\" content=\"https:\/\/www.marinapalacehotel.it\/wp-content\/uploads\/2023\/06\/Nuova-Piscina-Marina-Palace-3.jpg\" \/>\n<meta name=\"twitter:card\" content=\"summary_large_image\" \/>\n<meta name=\"twitter:label1\" content=\"Szacowany czas czytania\" \/>\n\t<meta name=\"twitter:data1\" content=\"2 minuty\" \/>\n<script type=\"application\/ld+json\" class=\"yoast-schema-graph\">{\"@context\":\"https:\/\/schema.org\",\"@graph\":[{\"@type\":\"WebPage\",\"@id\":\"https:\/\/www.marinapalacehotel.it\/pl\/basen\/\",\"url\":\"https:\/\/www.marinapalacehotel.it\/pl\/basen\/\",\"name\":\"Basen - Marina Palace Hotel nadmorski 4-gwiazdkowy w Caorle\",\"isPartOf\":{\"@id\":\"https:\/\/www.marinapalacehotel.it\/pl\/#website\"},\"primaryImageOfPage\":{\"@id\":\"https:\/\/www.marinapalacehotel.it\/pl\/basen\/#primaryimage\"},\"image\":{\"@id\":\"https:\/\/www.marinapalacehotel.it\/pl\/basen\/#primaryimage\"},\"thumbnailUrl\":\"https:\/\/www.marinapalacehotel.it\/wp-content\/uploads\/2023\/06\/Nuova-Piscina-Marina-Palace-3.jpg\",\"datePublished\":\"2020-03-30T15:02:32+00:00\",\"dateModified\":\"2023-06-27T13:47:49+00:00\",\"breadcrumb\":{\"@id\":\"https:\/\/www.marinapalacehotel.it\/pl\/basen\/#breadcrumb\"},\"inLanguage\":\"pl-PL\",\"potentialAction\":[{\"@type\":\"ReadAction\",\"target\":[\"https:\/\/www.marinapalacehotel.it\/pl\/basen\/\"]}]},{\"@type\":\"ImageObject\",\"inLanguage\":\"pl-PL\",\"@id\":\"https:\/\/www.marinapalacehotel.it\/pl\/basen\/#primaryimage\",\"url\":\"https:\/\/www.marinapalacehotel.it\/wp-content\/uploads\/2023\/06\/Nuova-Piscina-Marina-Palace-3.jpg\",\"contentUrl\":\"https:\/\/www.marinapalacehotel.it\/wp-content\/uploads\/2023\/06\/Nuova-Piscina-Marina-Palace-3.jpg\"},{\"@type\":\"BreadcrumbList\",\"@id\":\"https:\/\/www.marinapalacehotel.it\/pl\/basen\/#breadcrumb\",\"itemListElement\":[{\"@type\":\"ListItem\",\"position\":1,\"name\":\"Home\",\"item\":\"https:\/\/www.marinapalacehotel.it\/pl\/\"},{\"@type\":\"ListItem\",\"position\":2,\"name\":\"Basen\"}]},{\"@type\":\"WebSite\",\"@id\":\"https:\/\/www.marinapalacehotel.it\/pl\/#website\",\"url\":\"https:\/\/www.marinapalacehotel.it\/pl\/\",\"name\":\"Marina Palace Hotel\",\"description\":\"nadmorski 4-gwiazdkowy w Caorle\",\"publisher\":{\"@id\":\"https:\/\/www.marinapalacehotel.it\/pl\/#organization\"},\"potentialAction\":[{\"@type\":\"SearchAction\",\"target\":{\"@type\":\"EntryPoint\",\"urlTemplate\":\"https:\/\/www.marinapalacehotel.it\/pl\/?s={search_term_string}\"},\"query-input\":{\"@type\":\"PropertyValueSpecification\",\"valueRequired\":true,\"valueName\":\"search_term_string\"}}],\"inLanguage\":\"pl-PL\"},{\"@type\":\"Organization\",\"@id\":\"https:\/\/www.marinapalacehotel.it\/pl\/#organization\",\"name\":\"Marina Palace Hotel\",\"url\":\"https:\/\/www.marinapalacehotel.it\/pl\/\",\"logo\":{\"@type\":\"ImageObject\",\"inLanguage\":\"pl-PL\",\"@id\":\"https:\/\/www.marinapalacehotel.it\/pl\/#\/schema\/logo\/image\/\",\"url\":\"https:\/\/www.marinapalacehotel.it\/wp-content\/uploads\/2020\/05\/cropped-Marina_Palace_Logo.png\",\"contentUrl\":\"https:\/\/www.marinapalacehotel.it\/wp-content\/uploads\/2020\/05\/cropped-Marina_Palace_Logo.png\",\"width\":557,\"height\":100,\"caption\":\"Marina Palace Hotel\"},\"image\":{\"@id\":\"https:\/\/www.marinapalacehotel.it\/pl\/#\/schema\/logo\/image\/\"}}]}<\/script>\n<!-- \/ Yoast SEO plugin. -->","yoast_head_json":{"title":"Basen - Marina Palace Hotel nadmorski 4-gwiazdkowy w Caorle","robots":{"index":"index","follow":"follow","max-snippet":"max-snippet:-1","max-image-preview":"max-image-preview:large","max-video-preview":"max-video-preview:-1"},"canonical":"https:\/\/www.marinapalacehotel.it\/pl\/basen\/","og_locale":"pl_PL","og_type":"article","og_title":"Basen - Marina Palace Hotel nadmorski 4-gwiazdkowy w Caorle","og_description":"Zrelaksuj si\u0119 przy basenie Hotel nadmorski z basenem w Caorle Hotel Marina Palace to idealne rozwi\u0105zanie dla tych, kt\u00f3rzy chc\u0105 sp\u0119dzi\u0107 wakacje w spokoju, ale te\u017c dobrze si\u0119 bawi\u0107. Ten 4-gwiazdkowy nadmorski hotel dysponuje prywatnym odkrytym basenem podzielonym na dwa obszary: jednym dla doros\u0142ych oraz drugim dla dzieci. Basen wyposa\u017cony jest w wygodne le\u017caki, z [&hellip;]","og_url":"https:\/\/www.marinapalacehotel.it\/pl\/basen\/","og_site_name":"Marina Palace Hotel","article_modified_time":"2023-06-27T13:47:49+00:00","og_image":[{"url":"https:\/\/www.marinapalacehotel.it\/wp-content\/uploads\/2023\/06\/Nuova-Piscina-Marina-Palace-3.jpg","type":"","width":"","height":""}],"twitter_card":"summary_large_image","twitter_misc":{"Szacowany czas czytania":"2 minuty"},"schema":{"@context":"https:\/\/schema.org","@graph":[{"@type":"WebPage","@id":"https:\/\/www.marinapalacehotel.it\/pl\/basen\/","url":"https:\/\/www.marinapalacehotel.it\/pl\/basen\/","name":"Basen - Marina Palace Hotel nadmorski 4-gwiazdkowy w Caorle","isPartOf":{"@id":"https:\/\/www.marinapalacehotel.it\/pl\/#website"},"primaryImageOfPage":{"@id":"https:\/\/www.marinapalacehotel.it\/pl\/basen\/#primaryimage"},"image":{"@id":"https:\/\/www.marinapalacehotel.it\/pl\/basen\/#primaryimage"},"thumbnailUrl":"https:\/\/www.marinapalacehotel.it\/wp-content\/uploads\/2023\/06\/Nuova-Piscina-Marina-Palace-3.jpg","datePublished":"2020-03-30T15:02:32+00:00","dateModified":"2023-06-27T13:47:49+00:00","breadcrumb":{"@id":"https:\/\/www.marinapalacehotel.it\/pl\/basen\/#breadcrumb"},"inLanguage":"pl-PL","potentialAction":[{"@type":"ReadAction","target":["https:\/\/www.marinapalacehotel.it\/pl\/basen\/"]}]},{"@type":"ImageObject","inLanguage":"pl-PL","@id":"https:\/\/www.marinapalacehotel.it\/pl\/basen\/#primaryimage","url":"https:\/\/www.marinapalacehotel.it\/wp-content\/uploads\/2023\/06\/Nuova-Piscina-Marina-Palace-3.jpg","contentUrl":"https:\/\/www.marinapalacehotel.it\/wp-content\/uploads\/2023\/06\/Nuova-Piscina-Marina-Palace-3.jpg"},{"@type":"BreadcrumbList","@id":"https:\/\/www.marinapalacehotel.it\/pl\/basen\/#breadcrumb","itemListElement":[{"@type":"ListItem","position":1,"name":"Home","item":"https:\/\/www.marinapalacehotel.it\/pl\/"},{"@type":"ListItem","position":2,"name":"Basen"}]},{"@type":"WebSite","@id":"https:\/\/www.marinapalacehotel.it\/pl\/#website","url":"https:\/\/www.marinapalacehotel.it\/pl\/","name":"Marina Palace Hotel","description":"nadmorski 4-gwiazdkowy w Caorle","publisher":{"@id":"https:\/\/www.marinapalacehotel.it\/pl\/#organization"},"potentialAction":[{"@type":"SearchAction","target":{"@type":"EntryPoint","urlTemplate":"https:\/\/www.marinapalacehotel.it\/pl\/?s={search_term_string}"},"query-input":{"@type":"PropertyValueSpecification","valueRequired":true,"valueName":"search_term_string"}}],"inLanguage":"pl-PL"},{"@type":"Organization","@id":"https:\/\/www.marinapalacehotel.it\/pl\/#organization","name":"Marina Palace Hotel","url":"https:\/\/www.marinapalacehotel.it\/pl\/","logo":{"@type":"ImageObject","inLanguage":"pl-PL","@id":"https:\/\/www.marinapalacehotel.it\/pl\/#\/schema\/logo\/image\/","url":"https:\/\/www.marinapalacehotel.it\/wp-content\/uploads\/2020\/05\/cropped-Marina_Palace_Logo.png","contentUrl":"https:\/\/www.marinapalacehotel.it\/wp-content\/uploads\/2020\/05\/cropped-Marina_Palace_Logo.png","width":557,"height":100,"caption":"Marina Palace Hotel"},"image":{"@id":"https:\/\/www.marinapalacehotel.it\/pl\/#\/schema\/logo\/image\/"}}]}},"uagb_featured_image_src":{"full":false,"thumbnail":false,"medium":false,"medium_large":false,"large":false,"1536x1536":false,"2048x2048":false,"post-thumbnail":false,"twentytwenty-fullscreen":false},"uagb_author_info":{"display_name":"3r4cl3-p4l4","author_link":"https:\/\/www.marinapalacehotel.it\/pl\/author\/3r4cl3-p4l4\/"},"uagb_comment_info":0,"uagb_excerpt":"Zrelaksuj si\u0119 przy basenie Hotel nadmorski z basenem w Caorle Hotel Marina Palace to idealne rozwi\u0105zanie dla tych, kt\u00f3rzy chc\u0105 sp\u0119dzi\u0107 wakacje w spokoju, ale te\u017c dobrze si\u0119 bawi\u0107. Ten 4-gwiazdkowy nadmorski hotel dysponuje prywatnym odkrytym basenem podzielonym na dwa obszary: jednym dla doros\u0142ych oraz drugim dla dzieci. Basen wyposa\u017cony jest w wygodne le\u017caki, z&hellip;","coauthors":[],"author_meta":{"author_link":"https:\/\/www.marinapalacehotel.it\/pl\/author\/3r4cl3-p4l4\/","display_name":"3r4cl3-p4l4"},"relative_dates":{"created":"Posted 6 lat ago","modified":"Updated 3 lata ago"},"absolute_dates":{"created":"Posted on 30 marca 2020","modified":"Updated on 27 czerwca 2023"},"absolute_dates_time":{"created":"Posted on 30 marca 2020 17:02","modified":"Updated on 27 czerwca 2023 15:47"},"featured_img_caption":"","featured_img":false,"series_order":"","_links":{"self":[{"href":"https:\/\/www.marinapalacehotel.it\/pl\/wp-json\/wp\/v2\/pages\/1861","targetHints":{"allow":["GET"]}}],"collection":[{"href":"https:\/\/www.marinapalacehotel.it\/pl\/wp-json\/wp\/v2\/pages"}],"about":[{"href":"https:\/\/www.marinapalacehotel.it\/pl\/wp-json\/wp\/v2\/types\/page"}],"author":[{"embeddable":true,"href":"https:\/\/www.marinapalacehotel.it\/pl\/wp-json\/wp\/v2\/users\/1"}],"replies":[{"embeddable":true,"href":"https:\/\/www.marinapalacehotel.it\/pl\/wp-json\/wp\/v2\/comments?post=1861"}],"version-history":[{"count":1,"href":"https:\/\/www.marinapalacehotel.it\/pl\/wp-json\/wp\/v2\/pages\/1861\/revisions"}],"predecessor-version":[{"id":3977,"href":"https:\/\/www.marinapalacehotel.it\/pl\/wp-json\/wp\/v2\/pages\/1861\/revisions\/3977"}],"wp:attachment":[{"href":"https:\/\/www.marinapalacehotel.it\/pl\/wp-json\/wp\/v2\/media?parent=1861"}],"curies":[{"name":"wp","href":"https:\/\/api.w.org\/{rel}","templated":true}]}}