{"id":1858,"date":"2020-03-30T17:17:42","date_gmt":"2020-03-30T15:17:42","guid":{"rendered":"https:\/\/marina.promoservicebeta.com\/parcheggio\/"},"modified":"2020-04-10T10:24:20","modified_gmt":"2020-04-10T08:24:20","slug":"parking","status":"publish","type":"page","link":"https:\/\/www.marinapalacehotel.it\/pl\/parking\/","title":{"rendered":"Parking"},"content":{"rendered":"\n<div style=\"height:40px\" aria-hidden=\"true\" class=\"wp-block-spacer\"><\/div>\n\n\n\n<div class=\"wp-block-group promo-marinaint-1\"><div class=\"wp-block-group__inner-container is-layout-flow wp-block-group-is-layout-flow\">\n<h3 class=\"wp-block-heading\">Du\u017cy zacieniony otwarty teren na Wasze samochody<\/h3>\n\n\n\n<h2 class=\"wp-block-heading\">Darmowe miejsce parkingowe<\/h2>\n\n\n\n<p>W hotelu Marina Palace z <strong>prywatnym parkingiem<\/strong> zapomnisz o wszelkich zmartwieniach, nawet o tym, gdzie zostawi\u0107 samoch\u00f3d podczas wakacji, i my\u015blisz tylko o tym, jak si\u0119 zrelaksowa\u0107.<\/p>\n\n\n\n<p>Wychodz\u0105c naprzeciw potrzebom os\u00f3b podr\u00f3\u017cuj\u0105cych samochodami, nasz hotel przygotowa\u0142 du\u017cy odkryty parking. Mo\u017cecie tutaj bezpiecznie zostawi\u0107 samoch\u00f3d lub motocykl <strong>w cieniu sosnowego lasu<\/strong>. Teren s\u0105siaduje z hotelem, kt\u00f3ry jest jego w\u0142a\u015bcicielem, jest oddzielony tylko drog\u0105 wewn\u0119trzn\u0105.<\/p>\n<\/div><\/div>\n\n\n\n<div class=\"wp-block-group promo-marinaint-2\"><div class=\"wp-block-group__inner-container is-layout-flow wp-block-group-is-layout-flow\">\n<figure class=\"wp-block-image size-large\"><img loading=\"lazy\" decoding=\"async\" width=\"1024\" height=\"572\" src=\"https:\/\/www.marinapalacehotel.it\/wp-content\/uploads\/2020\/03\/parcheggio-1024x572.jpg\" alt=\"\" class=\"wp-image-1331\" srcset=\"https:\/\/www.marinapalacehotel.it\/wp-content\/uploads\/2020\/03\/parcheggio-1024x572.jpg 1024w, https:\/\/www.marinapalacehotel.it\/wp-content\/uploads\/2020\/03\/parcheggio-300x168.jpg 300w, https:\/\/www.marinapalacehotel.it\/wp-content\/uploads\/2020\/03\/parcheggio-768x429.jpg 768w, https:\/\/www.marinapalacehotel.it\/wp-content\/uploads\/2020\/03\/parcheggio-1536x858.jpg 1536w, https:\/\/www.marinapalacehotel.it\/wp-content\/uploads\/2020\/03\/parcheggio-1200x670.jpg 1200w, https:\/\/www.marinapalacehotel.it\/wp-content\/uploads\/2020\/03\/parcheggio.jpg 1790w\" sizes=\"auto, (max-width: 1024px) 100vw, 1024px\" \/><\/figure>\n<\/div><\/div>\n\n\n\n<div style=\"height:40px\" aria-hidden=\"true\" class=\"wp-block-spacer\"><\/div>\n","protected":false},"excerpt":{"rendered":"<p>Du\u017cy zacieniony otwarty teren na Wasze samochody Darmowe miejsce parkingowe W hotelu Marina Palace z prywatnym parkingiem zapomnisz o wszelkich zmartwieniach, nawet o tym, gdzie zostawi\u0107 samoch\u00f3d podczas wakacji, i my\u015blisz tylko o tym, jak si\u0119 zrelaksowa\u0107. Wychodz\u0105c naprzeciw potrzebom os\u00f3b podr\u00f3\u017cuj\u0105cych samochodami, nasz hotel przygotowa\u0142 du\u017cy odkryty parking. Mo\u017cecie tutaj bezpiecznie zostawi\u0107 samoch\u00f3d lub [&hellip;]<\/p>\n","protected":false},"author":1,"featured_media":3276,"parent":0,"menu_order":0,"comment_status":"closed","ping_status":"closed","template":"","meta":{"_acf_changed":false,"_uag_custom_page_level_css":"","advgb_blocks_editor_width":"","advgb_blocks_columns_visual_guide":"","footnotes":""},"class_list":["post-1858","page","type-page","status-publish","has-post-thumbnail","hentry"],"acf":[],"yoast_head":"<!-- This site is optimized with the Yoast SEO plugin v25.7 - https:\/\/yoast.com\/wordpress\/plugins\/seo\/ -->\n<title>Parking - Marina Palace Hotel nadmorski 4-gwiazdkowy w Caorle<\/title>\n<meta name=\"robots\" content=\"index, follow, max-snippet:-1, max-image-preview:large, max-video-preview:-1\" \/>\n<link rel=\"canonical\" href=\"https:\/\/www.marinapalacehotel.it\/pl\/parking\/\" \/>\n<meta property=\"og:locale\" content=\"pl_PL\" \/>\n<meta property=\"og:type\" content=\"article\" \/>\n<meta property=\"og:title\" content=\"Parking - Marina Palace Hotel nadmorski 4-gwiazdkowy w Caorle\" \/>\n<meta property=\"og:description\" content=\"Du\u017cy zacieniony otwarty teren na Wasze samochody Darmowe miejsce parkingowe W hotelu Marina Palace z prywatnym parkingiem zapomnisz o wszelkich zmartwieniach, nawet o tym, gdzie zostawi\u0107 samoch\u00f3d podczas wakacji, i my\u015blisz tylko o tym, jak si\u0119 zrelaksowa\u0107. Wychodz\u0105c naprzeciw potrzebom os\u00f3b podr\u00f3\u017cuj\u0105cych samochodami, nasz hotel przygotowa\u0142 du\u017cy odkryty parking. Mo\u017cecie tutaj bezpiecznie zostawi\u0107 samoch\u00f3d lub [&hellip;]\" \/>\n<meta property=\"og:url\" content=\"https:\/\/www.marinapalacehotel.it\/pl\/parking\/\" \/>\n<meta property=\"og:site_name\" content=\"Marina Palace Hotel\" \/>\n<meta property=\"article:modified_time\" content=\"2020-04-10T08:24:20+00:00\" \/>\n<meta property=\"og:image\" content=\"https:\/\/www.marinapalacehotel.it\/wp-content\/uploads\/2020\/05\/Marina_palace_hotel_caorle_banner_parcheggio.jpg\" \/>\n\t<meta property=\"og:image:width\" content=\"1900\" \/>\n\t<meta property=\"og:image:height\" content=\"500\" \/>\n\t<meta property=\"og:image:type\" content=\"image\/jpeg\" \/>\n<meta name=\"twitter:card\" content=\"summary_large_image\" \/>\n<script type=\"application\/ld+json\" class=\"yoast-schema-graph\">{\"@context\":\"https:\/\/schema.org\",\"@graph\":[{\"@type\":\"WebPage\",\"@id\":\"https:\/\/www.marinapalacehotel.it\/pl\/parking\/\",\"url\":\"https:\/\/www.marinapalacehotel.it\/pl\/parking\/\",\"name\":\"Parking - Marina Palace Hotel nadmorski 4-gwiazdkowy w Caorle\",\"isPartOf\":{\"@id\":\"https:\/\/www.marinapalacehotel.it\/pl\/#website\"},\"primaryImageOfPage\":{\"@id\":\"https:\/\/www.marinapalacehotel.it\/pl\/parking\/#primaryimage\"},\"image\":{\"@id\":\"https:\/\/www.marinapalacehotel.it\/pl\/parking\/#primaryimage\"},\"thumbnailUrl\":\"https:\/\/www.marinapalacehotel.it\/wp-content\/uploads\/2020\/05\/Marina_palace_hotel_caorle_banner_parcheggio.jpg\",\"datePublished\":\"2020-03-30T15:17:42+00:00\",\"dateModified\":\"2020-04-10T08:24:20+00:00\",\"breadcrumb\":{\"@id\":\"https:\/\/www.marinapalacehotel.it\/pl\/parking\/#breadcrumb\"},\"inLanguage\":\"pl-PL\",\"potentialAction\":[{\"@type\":\"ReadAction\",\"target\":[\"https:\/\/www.marinapalacehotel.it\/pl\/parking\/\"]}]},{\"@type\":\"ImageObject\",\"inLanguage\":\"pl-PL\",\"@id\":\"https:\/\/www.marinapalacehotel.it\/pl\/parking\/#primaryimage\",\"url\":\"https:\/\/www.marinapalacehotel.it\/wp-content\/uploads\/2020\/05\/Marina_palace_hotel_caorle_banner_parcheggio.jpg\",\"contentUrl\":\"https:\/\/www.marinapalacehotel.it\/wp-content\/uploads\/2020\/05\/Marina_palace_hotel_caorle_banner_parcheggio.jpg\",\"width\":1900,\"height\":500},{\"@type\":\"BreadcrumbList\",\"@id\":\"https:\/\/www.marinapalacehotel.it\/pl\/parking\/#breadcrumb\",\"itemListElement\":[{\"@type\":\"ListItem\",\"position\":1,\"name\":\"Home\",\"item\":\"https:\/\/www.marinapalacehotel.it\/pl\/\"},{\"@type\":\"ListItem\",\"position\":2,\"name\":\"Parking\"}]},{\"@type\":\"WebSite\",\"@id\":\"https:\/\/www.marinapalacehotel.it\/pl\/#website\",\"url\":\"https:\/\/www.marinapalacehotel.it\/pl\/\",\"name\":\"Marina Palace Hotel\",\"description\":\"nadmorski 4-gwiazdkowy w Caorle\",\"publisher\":{\"@id\":\"https:\/\/www.marinapalacehotel.it\/pl\/#organization\"},\"potentialAction\":[{\"@type\":\"SearchAction\",\"target\":{\"@type\":\"EntryPoint\",\"urlTemplate\":\"https:\/\/www.marinapalacehotel.it\/pl\/?s={search_term_string}\"},\"query-input\":{\"@type\":\"PropertyValueSpecification\",\"valueRequired\":true,\"valueName\":\"search_term_string\"}}],\"inLanguage\":\"pl-PL\"},{\"@type\":\"Organization\",\"@id\":\"https:\/\/www.marinapalacehotel.it\/pl\/#organization\",\"name\":\"Marina Palace Hotel\",\"url\":\"https:\/\/www.marinapalacehotel.it\/pl\/\",\"logo\":{\"@type\":\"ImageObject\",\"inLanguage\":\"pl-PL\",\"@id\":\"https:\/\/www.marinapalacehotel.it\/pl\/#\/schema\/logo\/image\/\",\"url\":\"https:\/\/www.marinapalacehotel.it\/wp-content\/uploads\/2020\/05\/cropped-Marina_Palace_Logo.png\",\"contentUrl\":\"https:\/\/www.marinapalacehotel.it\/wp-content\/uploads\/2020\/05\/cropped-Marina_Palace_Logo.png\",\"width\":557,\"height\":100,\"caption\":\"Marina Palace Hotel\"},\"image\":{\"@id\":\"https:\/\/www.marinapalacehotel.it\/pl\/#\/schema\/logo\/image\/\"}}]}<\/script>\n<!-- \/ Yoast SEO plugin. -->","yoast_head_json":{"title":"Parking - Marina Palace Hotel nadmorski 4-gwiazdkowy w Caorle","robots":{"index":"index","follow":"follow","max-snippet":"max-snippet:-1","max-image-preview":"max-image-preview:large","max-video-preview":"max-video-preview:-1"},"canonical":"https:\/\/www.marinapalacehotel.it\/pl\/parking\/","og_locale":"pl_PL","og_type":"article","og_title":"Parking - Marina Palace Hotel nadmorski 4-gwiazdkowy w Caorle","og_description":"Du\u017cy zacieniony otwarty teren na Wasze samochody Darmowe miejsce parkingowe W hotelu Marina Palace z prywatnym parkingiem zapomnisz o wszelkich zmartwieniach, nawet o tym, gdzie zostawi\u0107 samoch\u00f3d podczas wakacji, i my\u015blisz tylko o tym, jak si\u0119 zrelaksowa\u0107. Wychodz\u0105c naprzeciw potrzebom os\u00f3b podr\u00f3\u017cuj\u0105cych samochodami, nasz hotel przygotowa\u0142 du\u017cy odkryty parking. Mo\u017cecie tutaj bezpiecznie zostawi\u0107 samoch\u00f3d lub [&hellip;]","og_url":"https:\/\/www.marinapalacehotel.it\/pl\/parking\/","og_site_name":"Marina Palace Hotel","article_modified_time":"2020-04-10T08:24:20+00:00","og_image":[{"width":1900,"height":500,"url":"https:\/\/www.marinapalacehotel.it\/wp-content\/uploads\/2020\/05\/Marina_palace_hotel_caorle_banner_parcheggio.jpg","type":"image\/jpeg"}],"twitter_card":"summary_large_image","schema":{"@context":"https:\/\/schema.org","@graph":[{"@type":"WebPage","@id":"https:\/\/www.marinapalacehotel.it\/pl\/parking\/","url":"https:\/\/www.marinapalacehotel.it\/pl\/parking\/","name":"Parking - Marina Palace Hotel nadmorski 4-gwiazdkowy w Caorle","isPartOf":{"@id":"https:\/\/www.marinapalacehotel.it\/pl\/#website"},"primaryImageOfPage":{"@id":"https:\/\/www.marinapalacehotel.it\/pl\/parking\/#primaryimage"},"image":{"@id":"https:\/\/www.marinapalacehotel.it\/pl\/parking\/#primaryimage"},"thumbnailUrl":"https:\/\/www.marinapalacehotel.it\/wp-content\/uploads\/2020\/05\/Marina_palace_hotel_caorle_banner_parcheggio.jpg","datePublished":"2020-03-30T15:17:42+00:00","dateModified":"2020-04-10T08:24:20+00:00","breadcrumb":{"@id":"https:\/\/www.marinapalacehotel.it\/pl\/parking\/#breadcrumb"},"inLanguage":"pl-PL","potentialAction":[{"@type":"ReadAction","target":["https:\/\/www.marinapalacehotel.it\/pl\/parking\/"]}]},{"@type":"ImageObject","inLanguage":"pl-PL","@id":"https:\/\/www.marinapalacehotel.it\/pl\/parking\/#primaryimage","url":"https:\/\/www.marinapalacehotel.it\/wp-content\/uploads\/2020\/05\/Marina_palace_hotel_caorle_banner_parcheggio.jpg","contentUrl":"https:\/\/www.marinapalacehotel.it\/wp-content\/uploads\/2020\/05\/Marina_palace_hotel_caorle_banner_parcheggio.jpg","width":1900,"height":500},{"@type":"BreadcrumbList","@id":"https:\/\/www.marinapalacehotel.it\/pl\/parking\/#breadcrumb","itemListElement":[{"@type":"ListItem","position":1,"name":"Home","item":"https:\/\/www.marinapalacehotel.it\/pl\/"},{"@type":"ListItem","position":2,"name":"Parking"}]},{"@type":"WebSite","@id":"https:\/\/www.marinapalacehotel.it\/pl\/#website","url":"https:\/\/www.marinapalacehotel.it\/pl\/","name":"Marina Palace Hotel","description":"nadmorski 4-gwiazdkowy w Caorle","publisher":{"@id":"https:\/\/www.marinapalacehotel.it\/pl\/#organization"},"potentialAction":[{"@type":"SearchAction","target":{"@type":"EntryPoint","urlTemplate":"https:\/\/www.marinapalacehotel.it\/pl\/?s={search_term_string}"},"query-input":{"@type":"PropertyValueSpecification","valueRequired":true,"valueName":"search_term_string"}}],"inLanguage":"pl-PL"},{"@type":"Organization","@id":"https:\/\/www.marinapalacehotel.it\/pl\/#organization","name":"Marina Palace Hotel","url":"https:\/\/www.marinapalacehotel.it\/pl\/","logo":{"@type":"ImageObject","inLanguage":"pl-PL","@id":"https:\/\/www.marinapalacehotel.it\/pl\/#\/schema\/logo\/image\/","url":"https:\/\/www.marinapalacehotel.it\/wp-content\/uploads\/2020\/05\/cropped-Marina_Palace_Logo.png","contentUrl":"https:\/\/www.marinapalacehotel.it\/wp-content\/uploads\/2020\/05\/cropped-Marina_Palace_Logo.png","width":557,"height":100,"caption":"Marina Palace Hotel"},"image":{"@id":"https:\/\/www.marinapalacehotel.it\/pl\/#\/schema\/logo\/image\/"}}]}},"uagb_featured_image_src":{"full":["https:\/\/www.marinapalacehotel.it\/wp-content\/uploads\/2020\/05\/Marina_palace_hotel_caorle_banner_parcheggio.jpg",1900,500,false],"thumbnail":["https:\/\/www.marinapalacehotel.it\/wp-content\/uploads\/2020\/05\/Marina_palace_hotel_caorle_banner_parcheggio-150x150.jpg",150,150,true],"medium":["https:\/\/www.marinapalacehotel.it\/wp-content\/uploads\/2020\/05\/Marina_palace_hotel_caorle_banner_parcheggio-300x79.jpg",300,79,true],"medium_large":["https:\/\/www.marinapalacehotel.it\/wp-content\/uploads\/2020\/05\/Marina_palace_hotel_caorle_banner_parcheggio-768x202.jpg",580,153,true],"large":["https:\/\/www.marinapalacehotel.it\/wp-content\/uploads\/2020\/05\/Marina_palace_hotel_caorle_banner_parcheggio-1024x269.jpg",580,152,true],"1536x1536":["https:\/\/www.marinapalacehotel.it\/wp-content\/uploads\/2020\/05\/Marina_palace_hotel_caorle_banner_parcheggio-1536x404.jpg",1536,404,true],"2048x2048":["https:\/\/www.marinapalacehotel.it\/wp-content\/uploads\/2020\/05\/Marina_palace_hotel_caorle_banner_parcheggio.jpg",1900,500,false],"post-thumbnail":["https:\/\/www.marinapalacehotel.it\/wp-content\/uploads\/2020\/05\/Marina_palace_hotel_caorle_banner_parcheggio-1200x316.jpg",1200,316,true],"twentytwenty-fullscreen":["https:\/\/www.marinapalacehotel.it\/wp-content\/uploads\/2020\/05\/Marina_palace_hotel_caorle_banner_parcheggio.jpg",1900,500,false]},"uagb_author_info":{"display_name":"3r4cl3-p4l4","author_link":"https:\/\/www.marinapalacehotel.it\/pl\/author\/3r4cl3-p4l4\/"},"uagb_comment_info":0,"uagb_excerpt":"Du\u017cy zacieniony otwarty teren na Wasze samochody Darmowe miejsce parkingowe W hotelu Marina Palace z prywatnym parkingiem zapomnisz o wszelkich zmartwieniach, nawet o tym, gdzie zostawi\u0107 samoch\u00f3d podczas wakacji, i my\u015blisz tylko o tym, jak si\u0119 zrelaksowa\u0107. Wychodz\u0105c naprzeciw potrzebom os\u00f3b podr\u00f3\u017cuj\u0105cych samochodami, nasz hotel przygotowa\u0142 du\u017cy odkryty parking. Mo\u017cecie tutaj bezpiecznie zostawi\u0107 samoch\u00f3d lub&hellip;","coauthors":[],"author_meta":{"author_link":"https:\/\/www.marinapalacehotel.it\/pl\/author\/3r4cl3-p4l4\/","display_name":"3r4cl3-p4l4"},"relative_dates":{"created":"Posted 6 lat ago","modified":"Updated 6 lat ago"},"absolute_dates":{"created":"Posted on 30 marca 2020","modified":"Updated on 10 kwietnia 2020"},"absolute_dates_time":{"created":"Posted on 30 marca 2020 17:17","modified":"Updated on 10 kwietnia 2020 10:24"},"featured_img_caption":"","featured_img":"https:\/\/www.marinapalacehotel.it\/wp-content\/uploads\/2020\/05\/Marina_palace_hotel_caorle_banner_parcheggio-1200x316.jpg","series_order":"","_links":{"self":[{"href":"https:\/\/www.marinapalacehotel.it\/pl\/wp-json\/wp\/v2\/pages\/1858","targetHints":{"allow":["GET"]}}],"collection":[{"href":"https:\/\/www.marinapalacehotel.it\/pl\/wp-json\/wp\/v2\/pages"}],"about":[{"href":"https:\/\/www.marinapalacehotel.it\/pl\/wp-json\/wp\/v2\/types\/page"}],"author":[{"embeddable":true,"href":"https:\/\/www.marinapalacehotel.it\/pl\/wp-json\/wp\/v2\/users\/1"}],"replies":[{"embeddable":true,"href":"https:\/\/www.marinapalacehotel.it\/pl\/wp-json\/wp\/v2\/comments?post=1858"}],"version-history":[{"count":0,"href":"https:\/\/www.marinapalacehotel.it\/pl\/wp-json\/wp\/v2\/pages\/1858\/revisions"}],"wp:featuredmedia":[{"embeddable":true,"href":"https:\/\/www.marinapalacehotel.it\/pl\/wp-json\/wp\/v2\/media\/3276"}],"wp:attachment":[{"href":"https:\/\/www.marinapalacehotel.it\/pl\/wp-json\/wp\/v2\/media?parent=1858"}],"curies":[{"name":"wp","href":"https:\/\/api.w.org\/{rel}","templated":true}]}}