{"id":1839,"date":"2020-03-30T15:32:21","date_gmt":"2020-03-30T13:32:21","guid":{"rendered":"https:\/\/marina.promoservicebeta.com\/baby-room\/"},"modified":"2020-05-05T09:00:24","modified_gmt":"2020-05-05T07:00:24","slug":"pokoj-dla-niemowlat","status":"publish","type":"page","link":"https:\/\/www.marinapalacehotel.it\/pl\/pokoj-dla-niemowlat\/","title":{"rendered":"Pok\u00f3j dla niemowl\u0105t"},"content":{"rendered":"\n<div style=\"height:40px\" aria-hidden=\"true\" class=\"wp-block-spacer\"><\/div>\n\n\n\n<div class=\"wp-block-group promo-marinaint-1\"><div class=\"wp-block-group__inner-container is-layout-flow wp-block-group-is-layout-flow\">\n<h3 class=\"wp-block-heading\">Us\u0142ugi dedykowane niemowl\u0119tom i ich mamom<\/h3>\n\n\n\n<h2 class=\"wp-block-heading\">Hotel 4-gwiazdkowy z pokojem dla niemowl\u0105t w Caorle<\/h2>\n\n\n\n<p>Hotel Marina Palace wyposa\u017cony jest w <strong>pok\u00f3j dla niemowl\u0105t<\/strong>. Jest to pomieszczenie udost\u0119pniane mamom, w kt\u00f3rym mog\u0105 one przygotowa\u0107 posi\u0142ki dla najm\u0142odszych.<\/p>\n\n\n\n<p>Pomieszczenie jest dost\u0119pne przez ca\u0142\u0105 dob\u0119, aby przyj\u0105\u0107 mamy z niemowl\u0119tami.<\/p>\n\n\n\n<div class=\"wp-block-columns is-layout-flex wp-container-core-columns-is-layout-9d6595d7 wp-block-columns-is-layout-flex\">\n<div class=\"wp-block-column is-layout-flow wp-block-column-is-layout-flow\">\n<p>Pomieszczenie wyposa\u017cony jest w:<\/p>\n\n\n\n<ul class=\"wp-block-list\"><li>wysokie krzese\u0142ka<\/li><li>sto\u0142y<\/li><li>krzes\u0142a<\/li><li>przewijaki<\/li><\/ul>\n<\/div>\n\n\n\n<div class=\"wp-block-column is-layout-flow wp-block-column-is-layout-flow\">\n<p>Aneks kuchenny wyposa\u017cony jest w:<\/p>\n\n\n\n<ul class=\"wp-block-list\"><li>podgrzewacz do butelek dla niemowl\u0105t<\/li><li>mikrofal\u00f3wk\u0119<\/li><li>lod\u00f3wk\u0119<\/li><\/ul>\n<\/div>\n<\/div>\n\n\n\n<p>Aneks kuchenny wyposa\u017cony jest w e wszystko co niezb\u0119dne, aby podgrza\u0107 i przygotowa\u0107 jedzenie dla niemowl\u0105t.<\/p>\n\n\n\n<p>Jest to spokojne, rodzinne miejsce, zaprojektowane z my\u015bl\u0105 o potrzebach rodzin z niemowl\u0119tami.<\/p>\n<\/div><\/div>\n\n\n\n<div class=\"wp-block-group promo-marinaint-2\"><div class=\"wp-block-group__inner-container is-layout-flow wp-block-group-is-layout-flow\">\n<figure class=\"wp-block-image size-large\"><img loading=\"lazy\" decoding=\"async\" width=\"1024\" height=\"572\" src=\"https:\/\/www.marinapalacehotel.it\/wp-content\/uploads\/2020\/04\/the_area_baby_room-1024x572.jpg\" alt=\"\" class=\"wp-image-2305\" srcset=\"https:\/\/www.marinapalacehotel.it\/wp-content\/uploads\/2020\/04\/the_area_baby_room-1024x572.jpg 1024w, https:\/\/www.marinapalacehotel.it\/wp-content\/uploads\/2020\/04\/the_area_baby_room-300x168.jpg 300w, https:\/\/www.marinapalacehotel.it\/wp-content\/uploads\/2020\/04\/the_area_baby_room-768x429.jpg 768w, https:\/\/www.marinapalacehotel.it\/wp-content\/uploads\/2020\/04\/the_area_baby_room-1536x858.jpg 1536w, https:\/\/www.marinapalacehotel.it\/wp-content\/uploads\/2020\/04\/the_area_baby_room-1200x670.jpg 1200w, https:\/\/www.marinapalacehotel.it\/wp-content\/uploads\/2020\/04\/the_area_baby_room.jpg 1790w\" sizes=\"auto, (max-width: 1024px) 100vw, 1024px\" \/><\/figure>\n<\/div><\/div>\n\n\n\n<div style=\"height:40px\" aria-hidden=\"true\" class=\"wp-block-spacer\"><\/div>\n","protected":false},"excerpt":{"rendered":"<p>Us\u0142ugi dedykowane niemowl\u0119tom i ich mamom Hotel 4-gwiazdkowy z pokojem dla niemowl\u0105t w Caorle Hotel Marina Palace wyposa\u017cony jest w pok\u00f3j dla niemowl\u0105t. Jest to pomieszczenie udost\u0119pniane mamom, w kt\u00f3rym mog\u0105 one przygotowa\u0107 posi\u0142ki dla najm\u0142odszych. Pomieszczenie jest dost\u0119pne przez ca\u0142\u0105 dob\u0119, aby przyj\u0105\u0107 mamy z niemowl\u0119tami. Pomieszczenie wyposa\u017cony jest w: wysokie krzese\u0142ka sto\u0142y krzes\u0142a [&hellip;]<\/p>\n","protected":false},"author":1,"featured_media":3264,"parent":0,"menu_order":0,"comment_status":"closed","ping_status":"closed","template":"","meta":{"_acf_changed":false,"_uag_custom_page_level_css":"","advgb_blocks_editor_width":"","advgb_blocks_columns_visual_guide":"","footnotes":""},"class_list":["post-1839","page","type-page","status-publish","has-post-thumbnail","hentry"],"acf":[],"yoast_head":"<!-- This site is optimized with the Yoast SEO plugin v25.7 - https:\/\/yoast.com\/wordpress\/plugins\/seo\/ -->\n<title>Pok\u00f3j dla niemowl\u0105t - Marina Palace Hotel nadmorski 4-gwiazdkowy w Caorle<\/title>\n<meta name=\"robots\" content=\"index, follow, max-snippet:-1, max-image-preview:large, max-video-preview:-1\" \/>\n<link rel=\"canonical\" href=\"https:\/\/www.marinapalacehotel.it\/pl\/pokoj-dla-niemowlat\/\" \/>\n<meta property=\"og:locale\" content=\"pl_PL\" \/>\n<meta property=\"og:type\" content=\"article\" \/>\n<meta property=\"og:title\" content=\"Pok\u00f3j dla niemowl\u0105t - Marina Palace Hotel nadmorski 4-gwiazdkowy w Caorle\" \/>\n<meta property=\"og:description\" content=\"Us\u0142ugi dedykowane niemowl\u0119tom i ich mamom Hotel 4-gwiazdkowy z pokojem dla niemowl\u0105t w Caorle Hotel Marina Palace wyposa\u017cony jest w pok\u00f3j dla niemowl\u0105t. Jest to pomieszczenie udost\u0119pniane mamom, w kt\u00f3rym mog\u0105 one przygotowa\u0107 posi\u0142ki dla najm\u0142odszych. Pomieszczenie jest dost\u0119pne przez ca\u0142\u0105 dob\u0119, aby przyj\u0105\u0107 mamy z niemowl\u0119tami. Pomieszczenie wyposa\u017cony jest w: wysokie krzese\u0142ka sto\u0142y krzes\u0142a [&hellip;]\" \/>\n<meta property=\"og:url\" content=\"https:\/\/www.marinapalacehotel.it\/pl\/pokoj-dla-niemowlat\/\" \/>\n<meta property=\"og:site_name\" content=\"Marina Palace Hotel\" \/>\n<meta property=\"article:modified_time\" content=\"2020-05-05T07:00:24+00:00\" \/>\n<meta property=\"og:image\" content=\"https:\/\/www.marinapalacehotel.it\/wp-content\/uploads\/2020\/05\/Marina_palace_hotel_caorle_banner_baby_room.jpg\" \/>\n\t<meta property=\"og:image:width\" content=\"1900\" \/>\n\t<meta property=\"og:image:height\" content=\"500\" \/>\n\t<meta property=\"og:image:type\" content=\"image\/jpeg\" \/>\n<meta name=\"twitter:card\" content=\"summary_large_image\" \/>\n<meta name=\"twitter:label1\" content=\"Szacowany czas czytania\" \/>\n\t<meta name=\"twitter:data1\" content=\"1 minuta\" \/>\n<script type=\"application\/ld+json\" class=\"yoast-schema-graph\">{\"@context\":\"https:\/\/schema.org\",\"@graph\":[{\"@type\":\"WebPage\",\"@id\":\"https:\/\/www.marinapalacehotel.it\/pl\/pokoj-dla-niemowlat\/\",\"url\":\"https:\/\/www.marinapalacehotel.it\/pl\/pokoj-dla-niemowlat\/\",\"name\":\"Pok\u00f3j dla niemowl\u0105t - Marina Palace Hotel nadmorski 4-gwiazdkowy w Caorle\",\"isPartOf\":{\"@id\":\"https:\/\/www.marinapalacehotel.it\/pl\/#website\"},\"primaryImageOfPage\":{\"@id\":\"https:\/\/www.marinapalacehotel.it\/pl\/pokoj-dla-niemowlat\/#primaryimage\"},\"image\":{\"@id\":\"https:\/\/www.marinapalacehotel.it\/pl\/pokoj-dla-niemowlat\/#primaryimage\"},\"thumbnailUrl\":\"https:\/\/www.marinapalacehotel.it\/wp-content\/uploads\/2020\/05\/Marina_palace_hotel_caorle_banner_baby_room.jpg\",\"datePublished\":\"2020-03-30T13:32:21+00:00\",\"dateModified\":\"2020-05-05T07:00:24+00:00\",\"breadcrumb\":{\"@id\":\"https:\/\/www.marinapalacehotel.it\/pl\/pokoj-dla-niemowlat\/#breadcrumb\"},\"inLanguage\":\"pl-PL\",\"potentialAction\":[{\"@type\":\"ReadAction\",\"target\":[\"https:\/\/www.marinapalacehotel.it\/pl\/pokoj-dla-niemowlat\/\"]}]},{\"@type\":\"ImageObject\",\"inLanguage\":\"pl-PL\",\"@id\":\"https:\/\/www.marinapalacehotel.it\/pl\/pokoj-dla-niemowlat\/#primaryimage\",\"url\":\"https:\/\/www.marinapalacehotel.it\/wp-content\/uploads\/2020\/05\/Marina_palace_hotel_caorle_banner_baby_room.jpg\",\"contentUrl\":\"https:\/\/www.marinapalacehotel.it\/wp-content\/uploads\/2020\/05\/Marina_palace_hotel_caorle_banner_baby_room.jpg\",\"width\":1900,\"height\":500},{\"@type\":\"BreadcrumbList\",\"@id\":\"https:\/\/www.marinapalacehotel.it\/pl\/pokoj-dla-niemowlat\/#breadcrumb\",\"itemListElement\":[{\"@type\":\"ListItem\",\"position\":1,\"name\":\"Home\",\"item\":\"https:\/\/www.marinapalacehotel.it\/pl\/\"},{\"@type\":\"ListItem\",\"position\":2,\"name\":\"Pok\u00f3j dla niemowl\u0105t\"}]},{\"@type\":\"WebSite\",\"@id\":\"https:\/\/www.marinapalacehotel.it\/pl\/#website\",\"url\":\"https:\/\/www.marinapalacehotel.it\/pl\/\",\"name\":\"Marina Palace Hotel\",\"description\":\"nadmorski 4-gwiazdkowy w Caorle\",\"publisher\":{\"@id\":\"https:\/\/www.marinapalacehotel.it\/pl\/#organization\"},\"potentialAction\":[{\"@type\":\"SearchAction\",\"target\":{\"@type\":\"EntryPoint\",\"urlTemplate\":\"https:\/\/www.marinapalacehotel.it\/pl\/?s={search_term_string}\"},\"query-input\":{\"@type\":\"PropertyValueSpecification\",\"valueRequired\":true,\"valueName\":\"search_term_string\"}}],\"inLanguage\":\"pl-PL\"},{\"@type\":\"Organization\",\"@id\":\"https:\/\/www.marinapalacehotel.it\/pl\/#organization\",\"name\":\"Marina Palace Hotel\",\"url\":\"https:\/\/www.marinapalacehotel.it\/pl\/\",\"logo\":{\"@type\":\"ImageObject\",\"inLanguage\":\"pl-PL\",\"@id\":\"https:\/\/www.marinapalacehotel.it\/pl\/#\/schema\/logo\/image\/\",\"url\":\"https:\/\/www.marinapalacehotel.it\/wp-content\/uploads\/2020\/05\/cropped-Marina_Palace_Logo.png\",\"contentUrl\":\"https:\/\/www.marinapalacehotel.it\/wp-content\/uploads\/2020\/05\/cropped-Marina_Palace_Logo.png\",\"width\":557,\"height\":100,\"caption\":\"Marina Palace Hotel\"},\"image\":{\"@id\":\"https:\/\/www.marinapalacehotel.it\/pl\/#\/schema\/logo\/image\/\"}}]}<\/script>\n<!-- \/ Yoast SEO plugin. -->","yoast_head_json":{"title":"Pok\u00f3j dla niemowl\u0105t - Marina Palace Hotel nadmorski 4-gwiazdkowy w Caorle","robots":{"index":"index","follow":"follow","max-snippet":"max-snippet:-1","max-image-preview":"max-image-preview:large","max-video-preview":"max-video-preview:-1"},"canonical":"https:\/\/www.marinapalacehotel.it\/pl\/pokoj-dla-niemowlat\/","og_locale":"pl_PL","og_type":"article","og_title":"Pok\u00f3j dla niemowl\u0105t - Marina Palace Hotel nadmorski 4-gwiazdkowy w Caorle","og_description":"Us\u0142ugi dedykowane niemowl\u0119tom i ich mamom Hotel 4-gwiazdkowy z pokojem dla niemowl\u0105t w Caorle Hotel Marina Palace wyposa\u017cony jest w pok\u00f3j dla niemowl\u0105t. Jest to pomieszczenie udost\u0119pniane mamom, w kt\u00f3rym mog\u0105 one przygotowa\u0107 posi\u0142ki dla najm\u0142odszych. Pomieszczenie jest dost\u0119pne przez ca\u0142\u0105 dob\u0119, aby przyj\u0105\u0107 mamy z niemowl\u0119tami. Pomieszczenie wyposa\u017cony jest w: wysokie krzese\u0142ka sto\u0142y krzes\u0142a [&hellip;]","og_url":"https:\/\/www.marinapalacehotel.it\/pl\/pokoj-dla-niemowlat\/","og_site_name":"Marina Palace Hotel","article_modified_time":"2020-05-05T07:00:24+00:00","og_image":[{"width":1900,"height":500,"url":"https:\/\/www.marinapalacehotel.it\/wp-content\/uploads\/2020\/05\/Marina_palace_hotel_caorle_banner_baby_room.jpg","type":"image\/jpeg"}],"twitter_card":"summary_large_image","twitter_misc":{"Szacowany czas czytania":"1 minuta"},"schema":{"@context":"https:\/\/schema.org","@graph":[{"@type":"WebPage","@id":"https:\/\/www.marinapalacehotel.it\/pl\/pokoj-dla-niemowlat\/","url":"https:\/\/www.marinapalacehotel.it\/pl\/pokoj-dla-niemowlat\/","name":"Pok\u00f3j dla niemowl\u0105t - Marina Palace Hotel nadmorski 4-gwiazdkowy w Caorle","isPartOf":{"@id":"https:\/\/www.marinapalacehotel.it\/pl\/#website"},"primaryImageOfPage":{"@id":"https:\/\/www.marinapalacehotel.it\/pl\/pokoj-dla-niemowlat\/#primaryimage"},"image":{"@id":"https:\/\/www.marinapalacehotel.it\/pl\/pokoj-dla-niemowlat\/#primaryimage"},"thumbnailUrl":"https:\/\/www.marinapalacehotel.it\/wp-content\/uploads\/2020\/05\/Marina_palace_hotel_caorle_banner_baby_room.jpg","datePublished":"2020-03-30T13:32:21+00:00","dateModified":"2020-05-05T07:00:24+00:00","breadcrumb":{"@id":"https:\/\/www.marinapalacehotel.it\/pl\/pokoj-dla-niemowlat\/#breadcrumb"},"inLanguage":"pl-PL","potentialAction":[{"@type":"ReadAction","target":["https:\/\/www.marinapalacehotel.it\/pl\/pokoj-dla-niemowlat\/"]}]},{"@type":"ImageObject","inLanguage":"pl-PL","@id":"https:\/\/www.marinapalacehotel.it\/pl\/pokoj-dla-niemowlat\/#primaryimage","url":"https:\/\/www.marinapalacehotel.it\/wp-content\/uploads\/2020\/05\/Marina_palace_hotel_caorle_banner_baby_room.jpg","contentUrl":"https:\/\/www.marinapalacehotel.it\/wp-content\/uploads\/2020\/05\/Marina_palace_hotel_caorle_banner_baby_room.jpg","width":1900,"height":500},{"@type":"BreadcrumbList","@id":"https:\/\/www.marinapalacehotel.it\/pl\/pokoj-dla-niemowlat\/#breadcrumb","itemListElement":[{"@type":"ListItem","position":1,"name":"Home","item":"https:\/\/www.marinapalacehotel.it\/pl\/"},{"@type":"ListItem","position":2,"name":"Pok\u00f3j dla niemowl\u0105t"}]},{"@type":"WebSite","@id":"https:\/\/www.marinapalacehotel.it\/pl\/#website","url":"https:\/\/www.marinapalacehotel.it\/pl\/","name":"Marina Palace Hotel","description":"nadmorski 4-gwiazdkowy w Caorle","publisher":{"@id":"https:\/\/www.marinapalacehotel.it\/pl\/#organization"},"potentialAction":[{"@type":"SearchAction","target":{"@type":"EntryPoint","urlTemplate":"https:\/\/www.marinapalacehotel.it\/pl\/?s={search_term_string}"},"query-input":{"@type":"PropertyValueSpecification","valueRequired":true,"valueName":"search_term_string"}}],"inLanguage":"pl-PL"},{"@type":"Organization","@id":"https:\/\/www.marinapalacehotel.it\/pl\/#organization","name":"Marina Palace Hotel","url":"https:\/\/www.marinapalacehotel.it\/pl\/","logo":{"@type":"ImageObject","inLanguage":"pl-PL","@id":"https:\/\/www.marinapalacehotel.it\/pl\/#\/schema\/logo\/image\/","url":"https:\/\/www.marinapalacehotel.it\/wp-content\/uploads\/2020\/05\/cropped-Marina_Palace_Logo.png","contentUrl":"https:\/\/www.marinapalacehotel.it\/wp-content\/uploads\/2020\/05\/cropped-Marina_Palace_Logo.png","width":557,"height":100,"caption":"Marina Palace Hotel"},"image":{"@id":"https:\/\/www.marinapalacehotel.it\/pl\/#\/schema\/logo\/image\/"}}]}},"uagb_featured_image_src":{"full":["https:\/\/www.marinapalacehotel.it\/wp-content\/uploads\/2020\/05\/Marina_palace_hotel_caorle_banner_baby_room.jpg",1900,500,false],"thumbnail":["https:\/\/www.marinapalacehotel.it\/wp-content\/uploads\/2020\/05\/Marina_palace_hotel_caorle_banner_baby_room-150x150.jpg",150,150,true],"medium":["https:\/\/www.marinapalacehotel.it\/wp-content\/uploads\/2020\/05\/Marina_palace_hotel_caorle_banner_baby_room-300x79.jpg",300,79,true],"medium_large":["https:\/\/www.marinapalacehotel.it\/wp-content\/uploads\/2020\/05\/Marina_palace_hotel_caorle_banner_baby_room-768x202.jpg",580,153,true],"large":["https:\/\/www.marinapalacehotel.it\/wp-content\/uploads\/2020\/05\/Marina_palace_hotel_caorle_banner_baby_room-1024x269.jpg",580,152,true],"1536x1536":["https:\/\/www.marinapalacehotel.it\/wp-content\/uploads\/2020\/05\/Marina_palace_hotel_caorle_banner_baby_room-1536x404.jpg",1536,404,true],"2048x2048":["https:\/\/www.marinapalacehotel.it\/wp-content\/uploads\/2020\/05\/Marina_palace_hotel_caorle_banner_baby_room.jpg",1900,500,false],"post-thumbnail":["https:\/\/www.marinapalacehotel.it\/wp-content\/uploads\/2020\/05\/Marina_palace_hotel_caorle_banner_baby_room-1200x316.jpg",1200,316,true],"twentytwenty-fullscreen":["https:\/\/www.marinapalacehotel.it\/wp-content\/uploads\/2020\/05\/Marina_palace_hotel_caorle_banner_baby_room.jpg",1900,500,false]},"uagb_author_info":{"display_name":"3r4cl3-p4l4","author_link":"https:\/\/www.marinapalacehotel.it\/pl\/author\/3r4cl3-p4l4\/"},"uagb_comment_info":0,"uagb_excerpt":"Us\u0142ugi dedykowane niemowl\u0119tom i ich mamom Hotel 4-gwiazdkowy z pokojem dla niemowl\u0105t w Caorle Hotel Marina Palace wyposa\u017cony jest w pok\u00f3j dla niemowl\u0105t. Jest to pomieszczenie udost\u0119pniane mamom, w kt\u00f3rym mog\u0105 one przygotowa\u0107 posi\u0142ki dla najm\u0142odszych. Pomieszczenie jest dost\u0119pne przez ca\u0142\u0105 dob\u0119, aby przyj\u0105\u0107 mamy z niemowl\u0119tami. Pomieszczenie wyposa\u017cony jest w: wysokie krzese\u0142ka sto\u0142y krzes\u0142a&hellip;","coauthors":[],"author_meta":{"author_link":"https:\/\/www.marinapalacehotel.it\/pl\/author\/3r4cl3-p4l4\/","display_name":"3r4cl3-p4l4"},"relative_dates":{"created":"Posted 6 lat ago","modified":"Updated 6 lat ago"},"absolute_dates":{"created":"Posted on 30 marca 2020","modified":"Updated on 5 maja 2020"},"absolute_dates_time":{"created":"Posted on 30 marca 2020 15:32","modified":"Updated on 5 maja 2020 09:00"},"featured_img_caption":"","featured_img":"https:\/\/www.marinapalacehotel.it\/wp-content\/uploads\/2020\/05\/Marina_palace_hotel_caorle_banner_baby_room-1200x316.jpg","series_order":"","_links":{"self":[{"href":"https:\/\/www.marinapalacehotel.it\/pl\/wp-json\/wp\/v2\/pages\/1839","targetHints":{"allow":["GET"]}}],"collection":[{"href":"https:\/\/www.marinapalacehotel.it\/pl\/wp-json\/wp\/v2\/pages"}],"about":[{"href":"https:\/\/www.marinapalacehotel.it\/pl\/wp-json\/wp\/v2\/types\/page"}],"author":[{"embeddable":true,"href":"https:\/\/www.marinapalacehotel.it\/pl\/wp-json\/wp\/v2\/users\/1"}],"replies":[{"embeddable":true,"href":"https:\/\/www.marinapalacehotel.it\/pl\/wp-json\/wp\/v2\/comments?post=1839"}],"version-history":[{"count":1,"href":"https:\/\/www.marinapalacehotel.it\/pl\/wp-json\/wp\/v2\/pages\/1839\/revisions"}],"predecessor-version":[{"id":2601,"href":"https:\/\/www.marinapalacehotel.it\/pl\/wp-json\/wp\/v2\/pages\/1839\/revisions\/2601"}],"wp:featuredmedia":[{"embeddable":true,"href":"https:\/\/www.marinapalacehotel.it\/pl\/wp-json\/wp\/v2\/media\/3264"}],"wp:attachment":[{"href":"https:\/\/www.marinapalacehotel.it\/pl\/wp-json\/wp\/v2\/media?parent=1839"}],"curies":[{"name":"wp","href":"https:\/\/api.w.org\/{rel}","templated":true}]}}