{"id":1260,"date":"2020-03-30T15:32:21","date_gmt":"2020-03-30T13:32:21","guid":{"rendered":"https:\/\/marina.promoservicebeta.com\/?page_id=1260"},"modified":"2023-02-18T16:12:45","modified_gmt":"2023-02-18T15:12:45","slug":"baby-room","status":"publish","type":"page","link":"https:\/\/www.marinapalacehotel.it\/it\/baby-room\/","title":{"rendered":"Baby room"},"content":{"rendered":"\n<div style=\"height:40px\" aria-hidden=\"true\" class=\"wp-block-spacer advgb-dyn-db4b1242\"><\/div>\n\n\n\n<div class=\"wp-block-group promo-int-1 advgb-dyn-ce92251e\"><div class=\"wp-block-group__inner-container is-layout-flow wp-block-group-is-layout-flow\">\n<div class=\"wp-block-uagb-icon-list uagb-block-5ddda6a6 advgb-block-5ddda6a6\"><div class=\"uagb-icon-list__wrap\">\n<div class=\"wp-block-uagb-icon-list-child uagb-block-9ae30b3b\"><span class=\"uagb-icon-list__source-wrap\"><img decoding=\"async\" class=\"uagb-icon-list__source-image\" src=\"https:\/\/www.marinapalacehotel.it\/wp-content\/uploads\/2020\/05\/Icon_Marina_palace_Hotel_per_Famiglie.png\" width=\"24\" height=\"24\" loading=\"lazy\" alt=\"Pappe per bimbi\"\/><\/span><span class=\"uagb-icon-list__label\">Per famiglie con bimbi piccoli<\/span><\/div>\n<\/div><\/div>\n\n\n\n<h3 class=\"wp-block-heading\">Servizi esclusivi per neonati e mamme e pap\u00e0<\/h3>\n\n\n\n<h2 class=\"wp-block-heading\">Hotel 4 stelle con Baby room a Caorle<\/h2>\n\n\n\n<p>Marina Palace hotel \u00e8 attrezzato di una&nbsp;<strong>Baby room<\/strong>, una sala a disposizione delle mamme e pap\u00e0, dedicata alla preparazione delle pappe per i pi\u00f9 piccoli. <\/p>\n\n\n\n<div class=\"wp-block-uagb-icon-list uagb-block-ac7d56c8 uagb-icon-list__outer-wrap uagb-icon-list__layout-vertical\"><div class=\"uagb-icon-list__wrap\"><\/div><\/div>\n\n\n\n<div style=\"height:20px\" aria-hidden=\"true\" class=\"wp-block-spacer advgb-dyn-af21a01c\"><\/div>\n\n\n\n<p>Aperta 24 ore su 24 la Baby Room \u00e8 pronta ad accogliere mamme, pap\u00e0 e neonati.<\/p>\n\n\n\n<p>Un luogo tranquillo e un ambiente familiare realizzato per soddisfare le necessit\u00e0 di famiglie con neonati.<\/p>\n<\/div><\/div>\n\n\n\n<div class=\"wp-block-group promo-int-2 advgb-dyn-cad89545\"><div class=\"wp-block-group__inner-container is-layout-flow wp-block-group-is-layout-flow\">\n<figure class=\"wp-block-image size-large\"><img loading=\"lazy\" decoding=\"async\" width=\"1024\" height=\"572\" src=\"https:\/\/marinapalacehotel.it\/wp-content\/uploads\/2020\/04\/the_area_baby_room-1024x572.jpg\" alt=\"\" class=\"wp-image-2301\" srcset=\"https:\/\/www.marinapalacehotel.it\/wp-content\/uploads\/2020\/04\/the_area_baby_room-1024x572.jpg 1024w, https:\/\/www.marinapalacehotel.it\/wp-content\/uploads\/2020\/04\/the_area_baby_room-300x168.jpg 300w, https:\/\/www.marinapalacehotel.it\/wp-content\/uploads\/2020\/04\/the_area_baby_room-768x429.jpg 768w, https:\/\/www.marinapalacehotel.it\/wp-content\/uploads\/2020\/04\/the_area_baby_room-1536x858.jpg 1536w, https:\/\/www.marinapalacehotel.it\/wp-content\/uploads\/2020\/04\/the_area_baby_room-1200x670.jpg 1200w, https:\/\/www.marinapalacehotel.it\/wp-content\/uploads\/2020\/04\/the_area_baby_room.jpg 1790w\" sizes=\"auto, (max-width: 1024px) 100vw, 1024px\" \/><\/figure>\n<\/div><\/div>\n\n\n\n<div class=\"wp-block-group promo-int-services advgb-dyn-85e135bf\"><div class=\"wp-block-group__inner-container is-layout-flow wp-block-group-is-layout-flow\">\n<h3 class=\"wp-block-heading\">La sala e l&#8217;angolo cottura sono attrezzati:<\/h3>\n\n\n\n<ul class=\"wp-block-list\">\n<li><span class=\"material-icons\">done<\/span>&nbsp;&nbsp;Seggioloni;<\/li>\n\n\n\n<li><span class=\"material-icons\">done<\/span>&nbsp;&nbsp;Tavoli;<\/li>\n\n\n\n<li><span class=\"material-icons\">done<\/span>&nbsp;&nbsp;Sedie;<\/li>\n\n\n\n<li><span class=\"material-icons\">done<\/span>&nbsp;&nbsp;Fasciatoi;<\/li>\n\n\n\n<li><span class=\"material-icons\">done<\/span>&nbsp;&nbsp;Scaldabiberon;<\/li>\n\n\n\n<li><span class=\"material-icons\">done<\/span>&nbsp;&nbsp;Microonde,<\/li>\n\n\n\n<li><span class=\"material-icons\">done<\/span>&nbsp;&nbsp;Frigorifero;<\/li>\n<\/ul>\n\n\n\n<p>Inoltre, l&#8217;angolo cottura, \u00e8 dotato di tutto il necessario per riscaldare e preparare le pappe per i neonati.<\/p>\n<\/div><\/div>\n\n\n\n<div style=\"height:40px\" aria-hidden=\"true\" class=\"wp-block-spacer advgb-dyn-db4b1242\"><\/div>\n","protected":false},"excerpt":{"rendered":"<p>Servizi esclusivi per neonati e mamme e pap\u00e0 Hotel 4 stelle con Baby room a Caorle Marina Palace hotel \u00e8 attrezzato di una&nbsp;Baby room, una sala a disposizione delle mamme e pap\u00e0, dedicata alla preparazione delle pappe per i pi\u00f9 piccoli. Aperta 24 ore su 24 la Baby Room \u00e8 pronta ad accogliere mamme, pap\u00e0 [&hellip;]<\/p>\n","protected":false},"author":1,"featured_media":3260,"parent":0,"menu_order":0,"comment_status":"closed","ping_status":"closed","template":"","meta":{"_acf_changed":false,"_uag_custom_page_level_css":"","advgb_blocks_editor_width":"","advgb_blocks_columns_visual_guide":"","footnotes":""},"class_list":["post-1260","page","type-page","status-publish","has-post-thumbnail","hentry"],"acf":[],"yoast_head":"<!-- This site is optimized with the Yoast SEO plugin v25.7 - https:\/\/yoast.com\/wordpress\/plugins\/seo\/ -->\n<title>Baby room - Marina Palace Hotel 4 stelle fronte mare a Caorle<\/title>\n<meta name=\"description\" content=\"Marina Palace hotel \u00e8 attrezzato di una Baby room, una sala a disposizione delle mamme e dedicata alla preparazione delle pappe per i pi\u00f9 piccoli.\" \/>\n<meta name=\"robots\" content=\"index, follow, max-snippet:-1, max-image-preview:large, max-video-preview:-1\" \/>\n<link rel=\"canonical\" href=\"https:\/\/www.marinapalacehotel.it\/it\/baby-room\/\" \/>\n<meta property=\"og:locale\" content=\"it_IT\" \/>\n<meta property=\"og:type\" content=\"article\" \/>\n<meta property=\"og:title\" content=\"Baby room - Marina Palace Hotel 4 stelle fronte mare a Caorle\" \/>\n<meta property=\"og:description\" content=\"Marina Palace hotel \u00e8 attrezzato di una Baby room, una sala a disposizione delle mamme e dedicata alla preparazione delle pappe per i pi\u00f9 piccoli.\" \/>\n<meta property=\"og:url\" content=\"https:\/\/www.marinapalacehotel.it\/it\/baby-room\/\" \/>\n<meta property=\"og:site_name\" content=\"Marina Palace Hotel\" \/>\n<meta property=\"article:modified_time\" content=\"2023-02-18T15:12:45+00:00\" \/>\n<meta property=\"og:image\" content=\"https:\/\/www.marinapalacehotel.it\/wp-content\/uploads\/2020\/05\/Marina_palace_hotel_caorle_banner_baby_room.jpg\" \/>\n\t<meta property=\"og:image:width\" content=\"1900\" \/>\n\t<meta property=\"og:image:height\" content=\"500\" \/>\n\t<meta property=\"og:image:type\" content=\"image\/jpeg\" \/>\n<meta name=\"twitter:card\" content=\"summary_large_image\" \/>\n<meta name=\"twitter:label1\" content=\"Tempo di lettura stimato\" \/>\n\t<meta name=\"twitter:data1\" content=\"2 minuti\" \/>\n<script type=\"application\/ld+json\" class=\"yoast-schema-graph\">{\"@context\":\"https:\/\/schema.org\",\"@graph\":[{\"@type\":\"WebPage\",\"@id\":\"https:\/\/www.marinapalacehotel.it\/it\/baby-room\/\",\"url\":\"https:\/\/www.marinapalacehotel.it\/it\/baby-room\/\",\"name\":\"Baby room - Marina Palace Hotel 4 stelle fronte mare a Caorle\",\"isPartOf\":{\"@id\":\"https:\/\/www.marinapalacehotel.it\/it\/#website\"},\"primaryImageOfPage\":{\"@id\":\"https:\/\/www.marinapalacehotel.it\/it\/baby-room\/#primaryimage\"},\"image\":{\"@id\":\"https:\/\/www.marinapalacehotel.it\/it\/baby-room\/#primaryimage\"},\"thumbnailUrl\":\"https:\/\/www.marinapalacehotel.it\/wp-content\/uploads\/2020\/05\/Marina_palace_hotel_caorle_banner_baby_room.jpg\",\"datePublished\":\"2020-03-30T13:32:21+00:00\",\"dateModified\":\"2023-02-18T15:12:45+00:00\",\"description\":\"Marina Palace hotel \u00e8 attrezzato di una Baby room, una sala a disposizione delle mamme e dedicata alla preparazione delle pappe per i pi\u00f9 piccoli.\",\"breadcrumb\":{\"@id\":\"https:\/\/www.marinapalacehotel.it\/it\/baby-room\/#breadcrumb\"},\"inLanguage\":\"it-IT\",\"potentialAction\":[{\"@type\":\"ReadAction\",\"target\":[\"https:\/\/www.marinapalacehotel.it\/it\/baby-room\/\"]}]},{\"@type\":\"ImageObject\",\"inLanguage\":\"it-IT\",\"@id\":\"https:\/\/www.marinapalacehotel.it\/it\/baby-room\/#primaryimage\",\"url\":\"https:\/\/www.marinapalacehotel.it\/wp-content\/uploads\/2020\/05\/Marina_palace_hotel_caorle_banner_baby_room.jpg\",\"contentUrl\":\"https:\/\/www.marinapalacehotel.it\/wp-content\/uploads\/2020\/05\/Marina_palace_hotel_caorle_banner_baby_room.jpg\",\"width\":1900,\"height\":500},{\"@type\":\"BreadcrumbList\",\"@id\":\"https:\/\/www.marinapalacehotel.it\/it\/baby-room\/#breadcrumb\",\"itemListElement\":[{\"@type\":\"ListItem\",\"position\":1,\"name\":\"Home\",\"item\":\"https:\/\/www.marinapalacehotel.it\/it\/\"},{\"@type\":\"ListItem\",\"position\":2,\"name\":\"Baby room\"}]},{\"@type\":\"WebSite\",\"@id\":\"https:\/\/www.marinapalacehotel.it\/it\/#website\",\"url\":\"https:\/\/www.marinapalacehotel.it\/it\/\",\"name\":\"Marina Palace Hotel\",\"description\":\"4 stelle fronte mare a Caorle\",\"publisher\":{\"@id\":\"https:\/\/www.marinapalacehotel.it\/it\/#organization\"},\"potentialAction\":[{\"@type\":\"SearchAction\",\"target\":{\"@type\":\"EntryPoint\",\"urlTemplate\":\"https:\/\/www.marinapalacehotel.it\/it\/?s={search_term_string}\"},\"query-input\":{\"@type\":\"PropertyValueSpecification\",\"valueRequired\":true,\"valueName\":\"search_term_string\"}}],\"inLanguage\":\"it-IT\"},{\"@type\":\"Organization\",\"@id\":\"https:\/\/www.marinapalacehotel.it\/it\/#organization\",\"name\":\"Marina Palace Hotel\",\"url\":\"https:\/\/www.marinapalacehotel.it\/it\/\",\"logo\":{\"@type\":\"ImageObject\",\"inLanguage\":\"it-IT\",\"@id\":\"https:\/\/www.marinapalacehotel.it\/it\/#\/schema\/logo\/image\/\",\"url\":\"https:\/\/www.marinapalacehotel.it\/wp-content\/uploads\/2020\/05\/cropped-Marina_Palace_Logo.png\",\"contentUrl\":\"https:\/\/www.marinapalacehotel.it\/wp-content\/uploads\/2020\/05\/cropped-Marina_Palace_Logo.png\",\"width\":557,\"height\":100,\"caption\":\"Marina Palace Hotel\"},\"image\":{\"@id\":\"https:\/\/www.marinapalacehotel.it\/it\/#\/schema\/logo\/image\/\"}}]}<\/script>\n<!-- \/ Yoast SEO plugin. -->","yoast_head_json":{"title":"Baby room - Marina Palace Hotel 4 stelle fronte mare a Caorle","description":"Marina Palace hotel \u00e8 attrezzato di una Baby room, una sala a disposizione delle mamme e dedicata alla preparazione delle pappe per i pi\u00f9 piccoli.","robots":{"index":"index","follow":"follow","max-snippet":"max-snippet:-1","max-image-preview":"max-image-preview:large","max-video-preview":"max-video-preview:-1"},"canonical":"https:\/\/www.marinapalacehotel.it\/it\/baby-room\/","og_locale":"it_IT","og_type":"article","og_title":"Baby room - Marina Palace Hotel 4 stelle fronte mare a Caorle","og_description":"Marina Palace hotel \u00e8 attrezzato di una Baby room, una sala a disposizione delle mamme e dedicata alla preparazione delle pappe per i pi\u00f9 piccoli.","og_url":"https:\/\/www.marinapalacehotel.it\/it\/baby-room\/","og_site_name":"Marina Palace Hotel","article_modified_time":"2023-02-18T15:12:45+00:00","og_image":[{"width":1900,"height":500,"url":"https:\/\/www.marinapalacehotel.it\/wp-content\/uploads\/2020\/05\/Marina_palace_hotel_caorle_banner_baby_room.jpg","type":"image\/jpeg"}],"twitter_card":"summary_large_image","twitter_misc":{"Tempo di lettura stimato":"2 minuti"},"schema":{"@context":"https:\/\/schema.org","@graph":[{"@type":"WebPage","@id":"https:\/\/www.marinapalacehotel.it\/it\/baby-room\/","url":"https:\/\/www.marinapalacehotel.it\/it\/baby-room\/","name":"Baby room - Marina Palace Hotel 4 stelle fronte mare a Caorle","isPartOf":{"@id":"https:\/\/www.marinapalacehotel.it\/it\/#website"},"primaryImageOfPage":{"@id":"https:\/\/www.marinapalacehotel.it\/it\/baby-room\/#primaryimage"},"image":{"@id":"https:\/\/www.marinapalacehotel.it\/it\/baby-room\/#primaryimage"},"thumbnailUrl":"https:\/\/www.marinapalacehotel.it\/wp-content\/uploads\/2020\/05\/Marina_palace_hotel_caorle_banner_baby_room.jpg","datePublished":"2020-03-30T13:32:21+00:00","dateModified":"2023-02-18T15:12:45+00:00","description":"Marina Palace hotel \u00e8 attrezzato di una Baby room, una sala a disposizione delle mamme e dedicata alla preparazione delle pappe per i pi\u00f9 piccoli.","breadcrumb":{"@id":"https:\/\/www.marinapalacehotel.it\/it\/baby-room\/#breadcrumb"},"inLanguage":"it-IT","potentialAction":[{"@type":"ReadAction","target":["https:\/\/www.marinapalacehotel.it\/it\/baby-room\/"]}]},{"@type":"ImageObject","inLanguage":"it-IT","@id":"https:\/\/www.marinapalacehotel.it\/it\/baby-room\/#primaryimage","url":"https:\/\/www.marinapalacehotel.it\/wp-content\/uploads\/2020\/05\/Marina_palace_hotel_caorle_banner_baby_room.jpg","contentUrl":"https:\/\/www.marinapalacehotel.it\/wp-content\/uploads\/2020\/05\/Marina_palace_hotel_caorle_banner_baby_room.jpg","width":1900,"height":500},{"@type":"BreadcrumbList","@id":"https:\/\/www.marinapalacehotel.it\/it\/baby-room\/#breadcrumb","itemListElement":[{"@type":"ListItem","position":1,"name":"Home","item":"https:\/\/www.marinapalacehotel.it\/it\/"},{"@type":"ListItem","position":2,"name":"Baby room"}]},{"@type":"WebSite","@id":"https:\/\/www.marinapalacehotel.it\/it\/#website","url":"https:\/\/www.marinapalacehotel.it\/it\/","name":"Marina Palace Hotel","description":"4 stelle fronte mare a Caorle","publisher":{"@id":"https:\/\/www.marinapalacehotel.it\/it\/#organization"},"potentialAction":[{"@type":"SearchAction","target":{"@type":"EntryPoint","urlTemplate":"https:\/\/www.marinapalacehotel.it\/it\/?s={search_term_string}"},"query-input":{"@type":"PropertyValueSpecification","valueRequired":true,"valueName":"search_term_string"}}],"inLanguage":"it-IT"},{"@type":"Organization","@id":"https:\/\/www.marinapalacehotel.it\/it\/#organization","name":"Marina Palace Hotel","url":"https:\/\/www.marinapalacehotel.it\/it\/","logo":{"@type":"ImageObject","inLanguage":"it-IT","@id":"https:\/\/www.marinapalacehotel.it\/it\/#\/schema\/logo\/image\/","url":"https:\/\/www.marinapalacehotel.it\/wp-content\/uploads\/2020\/05\/cropped-Marina_Palace_Logo.png","contentUrl":"https:\/\/www.marinapalacehotel.it\/wp-content\/uploads\/2020\/05\/cropped-Marina_Palace_Logo.png","width":557,"height":100,"caption":"Marina Palace Hotel"},"image":{"@id":"https:\/\/www.marinapalacehotel.it\/it\/#\/schema\/logo\/image\/"}}]}},"uagb_featured_image_src":{"full":["https:\/\/www.marinapalacehotel.it\/wp-content\/uploads\/2020\/05\/Marina_palace_hotel_caorle_banner_baby_room.jpg",1900,500,false],"thumbnail":["https:\/\/www.marinapalacehotel.it\/wp-content\/uploads\/2020\/05\/Marina_palace_hotel_caorle_banner_baby_room-150x150.jpg",150,150,true],"medium":["https:\/\/www.marinapalacehotel.it\/wp-content\/uploads\/2020\/05\/Marina_palace_hotel_caorle_banner_baby_room-300x79.jpg",300,79,true],"medium_large":["https:\/\/www.marinapalacehotel.it\/wp-content\/uploads\/2020\/05\/Marina_palace_hotel_caorle_banner_baby_room-768x202.jpg",580,153,true],"large":["https:\/\/www.marinapalacehotel.it\/wp-content\/uploads\/2020\/05\/Marina_palace_hotel_caorle_banner_baby_room-1024x269.jpg",580,152,true],"1536x1536":["https:\/\/www.marinapalacehotel.it\/wp-content\/uploads\/2020\/05\/Marina_palace_hotel_caorle_banner_baby_room-1536x404.jpg",1536,404,true],"2048x2048":["https:\/\/www.marinapalacehotel.it\/wp-content\/uploads\/2020\/05\/Marina_palace_hotel_caorle_banner_baby_room.jpg",1900,500,false],"post-thumbnail":["https:\/\/www.marinapalacehotel.it\/wp-content\/uploads\/2020\/05\/Marina_palace_hotel_caorle_banner_baby_room-1200x316.jpg",1200,316,true],"twentytwenty-fullscreen":["https:\/\/www.marinapalacehotel.it\/wp-content\/uploads\/2020\/05\/Marina_palace_hotel_caorle_banner_baby_room.jpg",1900,500,false]},"uagb_author_info":{"display_name":"3r4cl3-p4l4","author_link":"https:\/\/www.marinapalacehotel.it\/it\/author\/3r4cl3-p4l4\/"},"uagb_comment_info":0,"uagb_excerpt":"Servizi esclusivi per neonati e mamme e pap\u00e0 Hotel 4 stelle con Baby room a Caorle Marina Palace hotel \u00e8 attrezzato di una&nbsp;Baby room, una sala a disposizione delle mamme e pap\u00e0, dedicata alla preparazione delle pappe per i pi\u00f9 piccoli. Aperta 24 ore su 24 la Baby Room \u00e8 pronta ad accogliere mamme, pap\u00e0&hellip;","coauthors":[],"author_meta":{"author_link":"https:\/\/www.marinapalacehotel.it\/it\/author\/3r4cl3-p4l4\/","display_name":"3r4cl3-p4l4"},"relative_dates":{"created":"Pubblicato 6 anni fa","modified":"Aggiornato 3 anni fa"},"absolute_dates":{"created":"Pubblicato il 30 Marzo 2020","modified":"Aggiornato il 18 Febbraio 2023"},"absolute_dates_time":{"created":"Pubblicato il 30 Marzo 2020 15:32","modified":"Aggiornato il 18 Febbraio 2023 16:12"},"featured_img_caption":"","featured_img":"https:\/\/www.marinapalacehotel.it\/wp-content\/uploads\/2020\/05\/Marina_palace_hotel_caorle_banner_baby_room-1200x316.jpg","series_order":"","_links":{"self":[{"href":"https:\/\/www.marinapalacehotel.it\/it\/wp-json\/wp\/v2\/pages\/1260","targetHints":{"allow":["GET"]}}],"collection":[{"href":"https:\/\/www.marinapalacehotel.it\/it\/wp-json\/wp\/v2\/pages"}],"about":[{"href":"https:\/\/www.marinapalacehotel.it\/it\/wp-json\/wp\/v2\/types\/page"}],"author":[{"embeddable":true,"href":"https:\/\/www.marinapalacehotel.it\/it\/wp-json\/wp\/v2\/users\/1"}],"replies":[{"embeddable":true,"href":"https:\/\/www.marinapalacehotel.it\/it\/wp-json\/wp\/v2\/comments?post=1260"}],"version-history":[{"count":13,"href":"https:\/\/www.marinapalacehotel.it\/it\/wp-json\/wp\/v2\/pages\/1260\/revisions"}],"predecessor-version":[{"id":4901,"href":"https:\/\/www.marinapalacehotel.it\/it\/wp-json\/wp\/v2\/pages\/1260\/revisions\/4901"}],"wp:featuredmedia":[{"embeddable":true,"href":"https:\/\/www.marinapalacehotel.it\/it\/wp-json\/wp\/v2\/media\/3260"}],"wp:attachment":[{"href":"https:\/\/www.marinapalacehotel.it\/it\/wp-json\/wp\/v2\/media?parent=1260"}],"curies":[{"name":"wp","href":"https:\/\/api.w.org\/{rel}","templated":true}]}}