{"id":4015,"date":"2023-07-31T09:08:22","date_gmt":"2023-07-31T07:08:22","guid":{"rendered":"https:\/\/www.marinapalacehotel.it\/?page_id=4015"},"modified":"2023-07-31T09:17:06","modified_gmt":"2023-07-31T07:17:06","slug":"offerta-speciale-sposi","status":"publish","type":"page","link":"https:\/\/www.marinapalacehotel.it\/de\/offerta-speciale-sposi\/","title":{"rendered":"Sonderangebot f\u00fcr Frischverm\u00e4hlte"},"content":{"rendered":"\n<div style=\"height:40px\" aria-hidden=\"true\" class=\"wp-block-spacer advgb-dyn-db4b1242\"><\/div>\n\n\n\n<div class=\"wp-block-group promo-int-1 advgb-dyn-ec7d9907\"><div class=\"wp-block-group__inner-container is-layout-flow wp-block-group-is-layout-flow\">\n<h2 class=\"wp-block-heading advgb-dyn-6cb05327\">Tr\u00e4umen Sie von einer einzigartigen Hochzeit an einem m\u00e4rchenhaften Ort?<\/h2>\n\n\n\n<p>Das Hotel Marina Palace in Caorle erwartet Sie, um Ihre Feier zu einem <strong>unvergesslichen<\/strong> Erlebnis zu machen. Unser tadelloser Service begleitet Sie bis ins kleinste Detail und sorgt f\u00fcr eine <strong>perfekt abgestimmte Veranstaltung<\/strong>. Erfreuen Sie Ihre Sinne mit unserer raffinierten K\u00fcche: Unsere K\u00f6che sind bereit, <strong>ein individuelles Gourmetmen\u00fc zu kreieren<\/strong>, das Ihren Geschmack widerspiegelt und Ihren besonderen Tag noch einzigartiger macht.<\/p>\n<\/div><\/div>\n\n\n\n<div class=\"wp-block-group promo-int-2 advgb-dyn-cad89545\"><div class=\"wp-block-group__inner-container is-layout-flow wp-block-group-is-layout-flow\">\n<figure class=\"wp-block-image size-full\"><img loading=\"lazy\" decoding=\"async\" width=\"940\" height=\"788\" src=\"https:\/\/www.marinapalacehotel.it\/wp-content\/uploads\/2023\/07\/wedding-special-offer-de.jpg\" alt=\"\" class=\"wp-image-4046\" srcset=\"https:\/\/www.marinapalacehotel.it\/wp-content\/uploads\/2023\/07\/wedding-special-offer-de.jpg 940w, https:\/\/www.marinapalacehotel.it\/wp-content\/uploads\/2023\/07\/wedding-special-offer-de-300x251.jpg 300w, https:\/\/www.marinapalacehotel.it\/wp-content\/uploads\/2023\/07\/wedding-special-offer-de-768x644.jpg 768w\" sizes=\"auto, (max-width: 940px) 100vw, 940px\" \/><\/figure>\n<\/div><\/div>\n\n\n\n<div style=\"height:40px\" aria-hidden=\"true\" class=\"wp-block-spacer advgb-dyn-db4b1242\"><\/div>\n","protected":false},"excerpt":{"rendered":"<p>Tr\u00e4umen Sie von einer einzigartigen Hochzeit an einem m\u00e4rchenhaften Ort? Das Hotel Marina Palace in Caorle erwartet Sie, um Ihre Feier zu einem unvergesslichen Erlebnis zu machen. Unser tadelloser Service begleitet Sie bis ins kleinste Detail und sorgt f\u00fcr eine perfekt abgestimmte Veranstaltung. Erfreuen Sie Ihre Sinne mit unserer raffinierten K\u00fcche: Unsere K\u00f6che sind bereit, [&hellip;]<\/p>\n","protected":false},"author":4,"featured_media":4033,"parent":0,"menu_order":0,"comment_status":"closed","ping_status":"closed","template":"","meta":{"_acf_changed":false,"_uag_custom_page_level_css":"","advgb_blocks_editor_width":"","advgb_blocks_columns_visual_guide":"","footnotes":""},"class_list":["post-4015","page","type-page","status-publish","has-post-thumbnail","hentry"],"acf":[],"yoast_head":"<!-- This site is optimized with the Yoast SEO plugin v25.7 - https:\/\/yoast.com\/wordpress\/plugins\/seo\/ -->\n<title>Sonderangebot f\u00fcr Frischverm\u00e4hlte - Marina Palace Hotel 4 Sterne Hotel superior direkt am Meer<\/title>\n<meta name=\"description\" content=\"Al Marina Palace Hotel con parcheggio privato ti dimentichi di ogni preoccupazione, come quella di dove lasciare l\u2019auto durante il tuo soggiorno, e ti dedichi completamente al relax.\" \/>\n<meta name=\"robots\" content=\"index, follow, max-snippet:-1, max-image-preview:large, max-video-preview:-1\" \/>\n<link rel=\"canonical\" href=\"https:\/\/www.marinapalacehotel.it\/de\/offerta-speciale-sposi\/\" \/>\n<meta property=\"og:locale\" content=\"de_DE\" \/>\n<meta property=\"og:type\" content=\"article\" \/>\n<meta property=\"og:title\" content=\"Sonderangebot f\u00fcr Frischverm\u00e4hlte - Marina Palace Hotel 4 Sterne Hotel superior direkt am Meer\" \/>\n<meta property=\"og:description\" content=\"Al Marina Palace Hotel con parcheggio privato ti dimentichi di ogni preoccupazione, come quella di dove lasciare l\u2019auto durante il tuo soggiorno, e ti dedichi completamente al relax.\" \/>\n<meta property=\"og:url\" content=\"https:\/\/www.marinapalacehotel.it\/de\/offerta-speciale-sposi\/\" \/>\n<meta property=\"og:site_name\" content=\"Marina Palace Hotel\" \/>\n<meta property=\"article:modified_time\" content=\"2023-07-31T07:17:06+00:00\" \/>\n<meta property=\"og:image\" content=\"https:\/\/www.marinapalacehotel.it\/wp-content\/uploads\/2023\/07\/Matrimonio-Marina-Palace.jpg\" \/>\n\t<meta property=\"og:image:width\" content=\"1500\" \/>\n\t<meta property=\"og:image:height\" content=\"1001\" \/>\n\t<meta property=\"og:image:type\" content=\"image\/jpeg\" \/>\n<meta name=\"twitter:card\" content=\"summary_large_image\" \/>\n<meta name=\"twitter:label1\" content=\"Gesch\u00e4tzte Lesezeit\" \/>\n\t<meta name=\"twitter:data1\" content=\"1\u00a0Minute\" \/>\n<script type=\"application\/ld+json\" class=\"yoast-schema-graph\">{\"@context\":\"https:\/\/schema.org\",\"@graph\":[{\"@type\":\"WebPage\",\"@id\":\"https:\/\/www.marinapalacehotel.it\/de\/offerta-speciale-sposi\/\",\"url\":\"https:\/\/www.marinapalacehotel.it\/de\/offerta-speciale-sposi\/\",\"name\":\"Sonderangebot f\u00fcr Frischverm\u00e4hlte - Marina Palace Hotel 4 Sterne Hotel superior direkt am Meer\",\"isPartOf\":{\"@id\":\"https:\/\/www.marinapalacehotel.it\/de\/#website\"},\"primaryImageOfPage\":{\"@id\":\"https:\/\/www.marinapalacehotel.it\/de\/offerta-speciale-sposi\/#primaryimage\"},\"image\":{\"@id\":\"https:\/\/www.marinapalacehotel.it\/de\/offerta-speciale-sposi\/#primaryimage\"},\"thumbnailUrl\":\"https:\/\/www.marinapalacehotel.it\/wp-content\/uploads\/2023\/07\/Matrimonio-Marina-Palace.jpg\",\"datePublished\":\"2023-07-31T07:08:22+00:00\",\"dateModified\":\"2023-07-31T07:17:06+00:00\",\"description\":\"Al Marina Palace Hotel con parcheggio privato ti dimentichi di ogni preoccupazione, come quella di dove lasciare l\u2019auto durante il tuo soggiorno, e ti dedichi completamente al relax.\",\"breadcrumb\":{\"@id\":\"https:\/\/www.marinapalacehotel.it\/de\/offerta-speciale-sposi\/#breadcrumb\"},\"inLanguage\":\"de\",\"potentialAction\":[{\"@type\":\"ReadAction\",\"target\":[\"https:\/\/www.marinapalacehotel.it\/de\/offerta-speciale-sposi\/\"]}]},{\"@type\":\"ImageObject\",\"inLanguage\":\"de\",\"@id\":\"https:\/\/www.marinapalacehotel.it\/de\/offerta-speciale-sposi\/#primaryimage\",\"url\":\"https:\/\/www.marinapalacehotel.it\/wp-content\/uploads\/2023\/07\/Matrimonio-Marina-Palace.jpg\",\"contentUrl\":\"https:\/\/www.marinapalacehotel.it\/wp-content\/uploads\/2023\/07\/Matrimonio-Marina-Palace.jpg\",\"width\":1500,\"height\":1001},{\"@type\":\"BreadcrumbList\",\"@id\":\"https:\/\/www.marinapalacehotel.it\/de\/offerta-speciale-sposi\/#breadcrumb\",\"itemListElement\":[{\"@type\":\"ListItem\",\"position\":1,\"name\":\"Home\",\"item\":\"https:\/\/www.marinapalacehotel.it\/de\/\"},{\"@type\":\"ListItem\",\"position\":2,\"name\":\"Sonderangebot f\u00fcr Frischverm\u00e4hlte\"}]},{\"@type\":\"WebSite\",\"@id\":\"https:\/\/www.marinapalacehotel.it\/de\/#website\",\"url\":\"https:\/\/www.marinapalacehotel.it\/de\/\",\"name\":\"Marina Palace Hotel\",\"description\":\"4 Sterne Hotel superior direkt am Meer\",\"publisher\":{\"@id\":\"https:\/\/www.marinapalacehotel.it\/de\/#organization\"},\"potentialAction\":[{\"@type\":\"SearchAction\",\"target\":{\"@type\":\"EntryPoint\",\"urlTemplate\":\"https:\/\/www.marinapalacehotel.it\/de\/?s={search_term_string}\"},\"query-input\":{\"@type\":\"PropertyValueSpecification\",\"valueRequired\":true,\"valueName\":\"search_term_string\"}}],\"inLanguage\":\"de\"},{\"@type\":\"Organization\",\"@id\":\"https:\/\/www.marinapalacehotel.it\/de\/#organization\",\"name\":\"Marina Palace Hotel\",\"url\":\"https:\/\/www.marinapalacehotel.it\/de\/\",\"logo\":{\"@type\":\"ImageObject\",\"inLanguage\":\"de\",\"@id\":\"https:\/\/www.marinapalacehotel.it\/de\/#\/schema\/logo\/image\/\",\"url\":\"https:\/\/www.marinapalacehotel.it\/wp-content\/uploads\/2020\/05\/cropped-Marina_Palace_Logo.png\",\"contentUrl\":\"https:\/\/www.marinapalacehotel.it\/wp-content\/uploads\/2020\/05\/cropped-Marina_Palace_Logo.png\",\"width\":557,\"height\":100,\"caption\":\"Marina Palace Hotel\"},\"image\":{\"@id\":\"https:\/\/www.marinapalacehotel.it\/de\/#\/schema\/logo\/image\/\"}}]}<\/script>\n<!-- \/ Yoast SEO plugin. -->","yoast_head_json":{"title":"Sonderangebot f\u00fcr Frischverm\u00e4hlte - Marina Palace Hotel 4 Sterne Hotel superior direkt am Meer","description":"Al Marina Palace Hotel con parcheggio privato ti dimentichi di ogni preoccupazione, come quella di dove lasciare l\u2019auto durante il tuo soggiorno, e ti dedichi completamente al relax.","robots":{"index":"index","follow":"follow","max-snippet":"max-snippet:-1","max-image-preview":"max-image-preview:large","max-video-preview":"max-video-preview:-1"},"canonical":"https:\/\/www.marinapalacehotel.it\/de\/offerta-speciale-sposi\/","og_locale":"de_DE","og_type":"article","og_title":"Sonderangebot f\u00fcr Frischverm\u00e4hlte - Marina Palace Hotel 4 Sterne Hotel superior direkt am Meer","og_description":"Al Marina Palace Hotel con parcheggio privato ti dimentichi di ogni preoccupazione, come quella di dove lasciare l\u2019auto durante il tuo soggiorno, e ti dedichi completamente al relax.","og_url":"https:\/\/www.marinapalacehotel.it\/de\/offerta-speciale-sposi\/","og_site_name":"Marina Palace Hotel","article_modified_time":"2023-07-31T07:17:06+00:00","og_image":[{"width":1500,"height":1001,"url":"https:\/\/www.marinapalacehotel.it\/wp-content\/uploads\/2023\/07\/Matrimonio-Marina-Palace.jpg","type":"image\/jpeg"}],"twitter_card":"summary_large_image","twitter_misc":{"Gesch\u00e4tzte Lesezeit":"1\u00a0Minute"},"schema":{"@context":"https:\/\/schema.org","@graph":[{"@type":"WebPage","@id":"https:\/\/www.marinapalacehotel.it\/de\/offerta-speciale-sposi\/","url":"https:\/\/www.marinapalacehotel.it\/de\/offerta-speciale-sposi\/","name":"Sonderangebot f\u00fcr Frischverm\u00e4hlte - Marina Palace Hotel 4 Sterne Hotel superior direkt am Meer","isPartOf":{"@id":"https:\/\/www.marinapalacehotel.it\/de\/#website"},"primaryImageOfPage":{"@id":"https:\/\/www.marinapalacehotel.it\/de\/offerta-speciale-sposi\/#primaryimage"},"image":{"@id":"https:\/\/www.marinapalacehotel.it\/de\/offerta-speciale-sposi\/#primaryimage"},"thumbnailUrl":"https:\/\/www.marinapalacehotel.it\/wp-content\/uploads\/2023\/07\/Matrimonio-Marina-Palace.jpg","datePublished":"2023-07-31T07:08:22+00:00","dateModified":"2023-07-31T07:17:06+00:00","description":"Al Marina Palace Hotel con parcheggio privato ti dimentichi di ogni preoccupazione, come quella di dove lasciare l\u2019auto durante il tuo soggiorno, e ti dedichi completamente al relax.","breadcrumb":{"@id":"https:\/\/www.marinapalacehotel.it\/de\/offerta-speciale-sposi\/#breadcrumb"},"inLanguage":"de","potentialAction":[{"@type":"ReadAction","target":["https:\/\/www.marinapalacehotel.it\/de\/offerta-speciale-sposi\/"]}]},{"@type":"ImageObject","inLanguage":"de","@id":"https:\/\/www.marinapalacehotel.it\/de\/offerta-speciale-sposi\/#primaryimage","url":"https:\/\/www.marinapalacehotel.it\/wp-content\/uploads\/2023\/07\/Matrimonio-Marina-Palace.jpg","contentUrl":"https:\/\/www.marinapalacehotel.it\/wp-content\/uploads\/2023\/07\/Matrimonio-Marina-Palace.jpg","width":1500,"height":1001},{"@type":"BreadcrumbList","@id":"https:\/\/www.marinapalacehotel.it\/de\/offerta-speciale-sposi\/#breadcrumb","itemListElement":[{"@type":"ListItem","position":1,"name":"Home","item":"https:\/\/www.marinapalacehotel.it\/de\/"},{"@type":"ListItem","position":2,"name":"Sonderangebot f\u00fcr Frischverm\u00e4hlte"}]},{"@type":"WebSite","@id":"https:\/\/www.marinapalacehotel.it\/de\/#website","url":"https:\/\/www.marinapalacehotel.it\/de\/","name":"Marina Palace Hotel","description":"4 Sterne Hotel superior direkt am Meer","publisher":{"@id":"https:\/\/www.marinapalacehotel.it\/de\/#organization"},"potentialAction":[{"@type":"SearchAction","target":{"@type":"EntryPoint","urlTemplate":"https:\/\/www.marinapalacehotel.it\/de\/?s={search_term_string}"},"query-input":{"@type":"PropertyValueSpecification","valueRequired":true,"valueName":"search_term_string"}}],"inLanguage":"de"},{"@type":"Organization","@id":"https:\/\/www.marinapalacehotel.it\/de\/#organization","name":"Marina Palace Hotel","url":"https:\/\/www.marinapalacehotel.it\/de\/","logo":{"@type":"ImageObject","inLanguage":"de","@id":"https:\/\/www.marinapalacehotel.it\/de\/#\/schema\/logo\/image\/","url":"https:\/\/www.marinapalacehotel.it\/wp-content\/uploads\/2020\/05\/cropped-Marina_Palace_Logo.png","contentUrl":"https:\/\/www.marinapalacehotel.it\/wp-content\/uploads\/2020\/05\/cropped-Marina_Palace_Logo.png","width":557,"height":100,"caption":"Marina Palace Hotel"},"image":{"@id":"https:\/\/www.marinapalacehotel.it\/de\/#\/schema\/logo\/image\/"}}]}},"uagb_featured_image_src":{"full":["https:\/\/www.marinapalacehotel.it\/wp-content\/uploads\/2023\/07\/Matrimonio-Marina-Palace.jpg",1500,1001,false],"thumbnail":["https:\/\/www.marinapalacehotel.it\/wp-content\/uploads\/2023\/07\/Matrimonio-Marina-Palace-150x150.jpg",150,150,true],"medium":["https:\/\/www.marinapalacehotel.it\/wp-content\/uploads\/2023\/07\/Matrimonio-Marina-Palace-300x200.jpg",300,200,true],"medium_large":["https:\/\/www.marinapalacehotel.it\/wp-content\/uploads\/2023\/07\/Matrimonio-Marina-Palace-768x513.jpg",580,387,true],"large":["https:\/\/www.marinapalacehotel.it\/wp-content\/uploads\/2023\/07\/Matrimonio-Marina-Palace-1024x683.jpg",580,387,true],"1536x1536":["https:\/\/www.marinapalacehotel.it\/wp-content\/uploads\/2023\/07\/Matrimonio-Marina-Palace.jpg",1500,1001,false],"2048x2048":["https:\/\/www.marinapalacehotel.it\/wp-content\/uploads\/2023\/07\/Matrimonio-Marina-Palace.jpg",1500,1001,false],"post-thumbnail":["https:\/\/www.marinapalacehotel.it\/wp-content\/uploads\/2023\/07\/Matrimonio-Marina-Palace-1200x801.jpg",1200,801,true],"twentytwenty-fullscreen":["https:\/\/www.marinapalacehotel.it\/wp-content\/uploads\/2023\/07\/Matrimonio-Marina-Palace.jpg",1500,1001,false]},"uagb_author_info":{"display_name":"marco0-mar149ci","author_link":"https:\/\/www.marinapalacehotel.it\/de\/author\/marco0-mar149ci\/"},"uagb_comment_info":0,"uagb_excerpt":"Tr\u00e4umen Sie von einer einzigartigen Hochzeit an einem m\u00e4rchenhaften Ort? Das Hotel Marina Palace in Caorle erwartet Sie, um Ihre Feier zu einem unvergesslichen Erlebnis zu machen. Unser tadelloser Service begleitet Sie bis ins kleinste Detail und sorgt f\u00fcr eine perfekt abgestimmte Veranstaltung. Erfreuen Sie Ihre Sinne mit unserer raffinierten K\u00fcche: Unsere K\u00f6che sind bereit,&hellip;","coauthors":[],"author_meta":{"author_link":"https:\/\/www.marinapalacehotel.it\/de\/author\/marco0-mar149ci\/","display_name":"marco0-mar149ci"},"relative_dates":{"created":"Posted 3\u00a0Jahren ago","modified":"Updated 3\u00a0Jahren ago"},"absolute_dates":{"created":"Posted on 31 Juli 2023","modified":"Updated on 31 Juli 2023"},"absolute_dates_time":{"created":"Posted on 31 Juli 2023 09:08","modified":"Updated on 31 Juli 2023 09:17"},"featured_img_caption":"","featured_img":"https:\/\/www.marinapalacehotel.it\/wp-content\/uploads\/2023\/07\/Matrimonio-Marina-Palace-1200x801.jpg","series_order":"","_links":{"self":[{"href":"https:\/\/www.marinapalacehotel.it\/de\/wp-json\/wp\/v2\/pages\/4015","targetHints":{"allow":["GET"]}}],"collection":[{"href":"https:\/\/www.marinapalacehotel.it\/de\/wp-json\/wp\/v2\/pages"}],"about":[{"href":"https:\/\/www.marinapalacehotel.it\/de\/wp-json\/wp\/v2\/types\/page"}],"author":[{"embeddable":true,"href":"https:\/\/www.marinapalacehotel.it\/de\/wp-json\/wp\/v2\/users\/4"}],"replies":[{"embeddable":true,"href":"https:\/\/www.marinapalacehotel.it\/de\/wp-json\/wp\/v2\/comments?post=4015"}],"version-history":[{"count":3,"href":"https:\/\/www.marinapalacehotel.it\/de\/wp-json\/wp\/v2\/pages\/4015\/revisions"}],"predecessor-version":[{"id":4052,"href":"https:\/\/www.marinapalacehotel.it\/de\/wp-json\/wp\/v2\/pages\/4015\/revisions\/4052"}],"wp:featuredmedia":[{"embeddable":true,"href":"https:\/\/www.marinapalacehotel.it\/de\/wp-json\/wp\/v2\/media\/4033"}],"wp:attachment":[{"href":"https:\/\/www.marinapalacehotel.it\/de\/wp-json\/wp\/v2\/media?parent=4015"}],"curies":[{"name":"wp","href":"https:\/\/api.w.org\/{rel}","templated":true}]}}