{"id":2347,"date":"2020-04-24T11:26:36","date_gmt":"2020-04-24T09:26:36","guid":{"rendered":"https:\/\/marina.promoservicebeta.com\/?page_id=2347"},"modified":"2025-11-09T13:51:40","modified_gmt":"2025-11-09T12:51:40","slug":"hotel","status":"publish","type":"page","link":"https:\/\/www.marinapalacehotel.it\/de\/hotel\/","title":{"rendered":"Marina Palace Hotel"},"content":{"rendered":"\n<div style=\"height:40px\" aria-hidden=\"true\" class=\"wp-block-spacer\"><\/div>\n\n\n\n<div class=\"wp-block-group promo-marinaint-1\"><div class=\"wp-block-group__inner-container is-layout-flow wp-block-group-is-layout-flow\">\n<h3 class=\"wp-block-heading\">Nehmen Sie Ihren Urlaub mit uns.<\/h3>\n\n\n\n<h2 class=\"wp-block-heading\">Marina Palace Hotel 4 Sterne in Caorle, Venedig<\/h2>\n\n\n\n<p>Das <strong>Marina Palace Hotel **** <\/strong>liegt <strong>direkt am Meer<\/strong> auf der <strong>Levante Strand <\/strong>in der N\u00e4he vom <strong>historischen Zentrum<\/strong> von Caorle.<\/p>\n\n\n\n<p>Es sind vorhanden:<\/p>\n\n\n\n<p style=\"font-size:30px\"><strong>Wir \u00f6ffnen ab 26. M\u00e4rz 2026<\/strong><\/p>\n\n\n\n<div class=\"wp-block-columns is-layout-flex wp-container-core-columns-is-layout-9d6595d7 wp-block-columns-is-layout-flex\">\n<div class=\"wp-block-column is-layout-flow wp-block-column-is-layout-flow\">\n<ul class=\"wp-block-list\">\n<li>Schwimmbad (aussen) (offen von Ende Mai bis Ende September)<\/li>\n\n\n\n<li>Spa mit Innen-Schwimmbad, Sauna, Sauna und Dampfbad<\/li>\n\n\n\n<li>Fitnessraum mit Tapis-Roulant, Cyclette Cosstrainer und Cable Station<\/li>\n\n\n\n<li>Ping pong<\/li>\n<\/ul>\n<\/div>\n\n\n\n<div class=\"wp-block-column is-layout-flow wp-block-column-is-layout-flow\">\n<ul class=\"wp-block-list\">\n<li>Mini Club und Kinderspielplatz (-innen u. aussen) (Juli-August)<\/li>\n\n\n\n<li>Reception 24\/24<\/li>\n\n\n\n<li>Restaurant (ab 18. Mai) und eine Bar<\/li>\n\n\n\n<li>Aufz\u00fcge<\/li>\n\n\n\n<li>Privater Parkplatz<\/li>\n\n\n\n<li>Fahrradverleih<\/li>\n<\/ul>\n<\/div>\n<\/div>\n\n\n\n<p>Das Hotel befindet sich in einer <strong>ruhigen Lage<\/strong> nicht weit entfernt von der Einkaufsstrasse und dem <strong>Wanderweg entlang des Meeres<\/strong>, ideal f\u00fcr die Wanderliebhaber.<\/p>\n<\/div><\/div>\n\n\n\n<div class=\"wp-block-group promo-marinaint-2\"><div class=\"wp-block-group__inner-container is-layout-flow wp-block-group-is-layout-flow\">\n<figure class=\"wp-block-image size-full\"><img loading=\"lazy\" decoding=\"async\" width=\"830\" height=\"550\" src=\"https:\/\/www.marinapalacehotel.it\/wp-content\/uploads\/2023\/06\/Nuova-Piscina-Marina-Palace-2.jpg\" alt=\"\" class=\"wp-image-3951\" srcset=\"https:\/\/www.marinapalacehotel.it\/wp-content\/uploads\/2023\/06\/Nuova-Piscina-Marina-Palace-2.jpg 830w, https:\/\/www.marinapalacehotel.it\/wp-content\/uploads\/2023\/06\/Nuova-Piscina-Marina-Palace-2-300x199.jpg 300w, https:\/\/www.marinapalacehotel.it\/wp-content\/uploads\/2023\/06\/Nuova-Piscina-Marina-Palace-2-768x509.jpg 768w\" sizes=\"auto, (max-width: 830px) 100vw, 830px\" \/><\/figure>\n<\/div><\/div>\n\n\n\n<div class=\"promo-marina-services\"> \n\t<div class=\"promo-marina-services-title\">\n\t\t<h2>Unser Service f\u00fcr einen einzigartigen Urlaub<\/h2>\n\t<\/div>\n    <div class=\"promo-marina-services1\">\n        <figure class=\"wp-block-image size-large is-resized\"><img loading=\"lazy\" decoding=\"async\" src=\"https:\/\/marinapalacehotel.it\/wp-content\/uploads\/2020\/03\/local_parking_24px.png\" alt=\"\" class=\"wp-image-1263\" width=\"30\" height=\"30\">\n        <\/figure>\n        <figcaption class=\"promo-caption-services\">Reichhaltiger Parkplatz<\/figcaption>\n    <\/div>\n    <div class=\"promo-marina-services2\">\n        <figure class=\"wp-block-image size-large is-resized\"><img loading=\"lazy\" decoding=\"async\" src=\"https:\/\/marinapalacehotel.it\/wp-content\/uploads\/2020\/03\/local_bar_24px.png\" alt=\"\" class=\"wp-image-1263\" width=\"30\" height=\"30\">\n        <\/figure>\n        <figcaption class=\"promo-caption-services\">Barservice<\/figcaption>\n    <\/div>\n    <div class=\"promo-marina-services3\">\n        <figure class=\"wp-block-image size-large is-resized\"><img loading=\"lazy\" decoding=\"async\" src=\"https:\/\/marinapalacehotel.it\/wp-content\/uploads\/2020\/03\/child_care_24px.png\" alt=\"\" class=\"wp-image-1263\" width=\"30\" height=\"30\">\n        <\/figure>\n        <figcaption class=\"promo-caption-services\">Kinderspielplatz<\/figcaption>\n    <\/div>\n    <div class=\"promo-marina-services4\">\n        <figure class=\"wp-block-image size-large is-resized\"><img loading=\"lazy\" decoding=\"async\" src=\"https:\/\/marinapalacehotel.it\/wp-content\/uploads\/2020\/03\/beach_access_24px.png\" alt=\"\" class=\"wp-image-1263\" width=\"30\" height=\"30\">\n        <\/figure>\n        <figcaption class=\"promo-caption-services\">Privater Strandplatz<\/figcaption>\n    <\/div>\n    <div class=\"promo-marina-services5\">\n        <figure class=\"wp-block-image size-large is-resized\"><img loading=\"lazy\" decoding=\"async\" src=\"https:\/\/marinapalacehotel.it\/wp-content\/uploads\/2020\/03\/pool_24px.png\" alt=\"\" class=\"wp-image-1263\" width=\"30\" height=\"30\">\n        <\/figure>\n        <figcaption class=\"promo-caption-services\">Schwimmbad(aussen)<\/figcaption>\n    <\/div>\n    <div class=\"promo-marina-services6\">\n        <figure class=\"wp-block-image size-large is-resized\"><img loading=\"lazy\" decoding=\"async\" src=\"https:\/\/marinapalacehotel.it\/wp-content\/uploads\/2020\/03\/directions_bike_24px.png\" alt=\"\" class=\"wp-image-1263\" width=\"30\" height=\"30\">\n        <\/figure>\n        <figcaption class=\"promo-caption-services\">Fahrr\u00e4der<\/figcaption>\n    <\/div>\n<\/div>\n\n\n\n<div style=\"height:40px\" aria-hidden=\"true\" class=\"wp-block-spacer\"><\/div>\n\n\n\n<div class=\"wp-block-group promo-marinaint-5\"><div class=\"wp-block-group__inner-container is-layout-flow wp-block-group-is-layout-flow\">\n<figure class=\"wp-block-gallery has-nested-images columns-4 is-cropped wp-block-gallery-2 is-layout-flex wp-block-gallery-is-layout-flex\">\n<figure class=\"wp-block-image size-large\"><img loading=\"lazy\" decoding=\"async\" width=\"830\" height=\"550\" data-id=\"1070\" src=\"https:\/\/www.marinapalacehotel.it\/wp-content\/uploads\/2020\/03\/hotel-marina-caorle-1.jpg\" alt=\"\" class=\"wp-image-1070\" srcset=\"https:\/\/www.marinapalacehotel.it\/wp-content\/uploads\/2020\/03\/hotel-marina-caorle-1.jpg 830w, https:\/\/www.marinapalacehotel.it\/wp-content\/uploads\/2020\/03\/hotel-marina-caorle-1-300x199.jpg 300w, https:\/\/www.marinapalacehotel.it\/wp-content\/uploads\/2020\/03\/hotel-marina-caorle-1-768x509.jpg 768w\" sizes=\"auto, (max-width: 830px) 100vw, 830px\" \/><\/figure>\n\n\n\n<figure class=\"wp-block-image size-large\"><img loading=\"lazy\" decoding=\"async\" width=\"1024\" height=\"680\" data-id=\"3663\" src=\"https:\/\/www.marinapalacehotel.it\/wp-content\/uploads\/2020\/10\/DSC_9849-FILEminimizer-1024x680.jpg\" alt=\"\" class=\"wp-image-3663\" srcset=\"https:\/\/www.marinapalacehotel.it\/wp-content\/uploads\/2020\/10\/DSC_9849-FILEminimizer-1024x680.jpg 1024w, https:\/\/www.marinapalacehotel.it\/wp-content\/uploads\/2020\/10\/DSC_9849-FILEminimizer-300x199.jpg 300w, https:\/\/www.marinapalacehotel.it\/wp-content\/uploads\/2020\/10\/DSC_9849-FILEminimizer-768x510.jpg 768w, https:\/\/www.marinapalacehotel.it\/wp-content\/uploads\/2020\/10\/DSC_9849-FILEminimizer.jpg 1156w\" sizes=\"auto, (max-width: 1024px) 100vw, 1024px\" \/><\/figure>\n\n\n\n<figure class=\"wp-block-image size-large\"><img loading=\"lazy\" decoding=\"async\" width=\"1024\" height=\"680\" data-id=\"3688\" src=\"https:\/\/www.marinapalacehotel.it\/wp-content\/uploads\/2020\/10\/DSC_9827-FILEminimizer-1024x680.jpg\" alt=\"\" class=\"wp-image-3688\" srcset=\"https:\/\/www.marinapalacehotel.it\/wp-content\/uploads\/2020\/10\/DSC_9827-FILEminimizer-1024x680.jpg 1024w, https:\/\/www.marinapalacehotel.it\/wp-content\/uploads\/2020\/10\/DSC_9827-FILEminimizer-300x199.jpg 300w, https:\/\/www.marinapalacehotel.it\/wp-content\/uploads\/2020\/10\/DSC_9827-FILEminimizer-768x510.jpg 768w, https:\/\/www.marinapalacehotel.it\/wp-content\/uploads\/2020\/10\/DSC_9827-FILEminimizer.jpg 1156w\" sizes=\"auto, (max-width: 1024px) 100vw, 1024px\" \/><\/figure>\n\n\n\n<figure class=\"wp-block-image size-large\"><img loading=\"lazy\" decoding=\"async\" width=\"1024\" height=\"680\" data-id=\"3670\" src=\"https:\/\/www.marinapalacehotel.it\/wp-content\/uploads\/2020\/10\/DSC_9797-FILEminimizer-1024x680.jpg\" alt=\"\" class=\"wp-image-3670\" srcset=\"https:\/\/www.marinapalacehotel.it\/wp-content\/uploads\/2020\/10\/DSC_9797-FILEminimizer-1024x680.jpg 1024w, https:\/\/www.marinapalacehotel.it\/wp-content\/uploads\/2020\/10\/DSC_9797-FILEminimizer-300x199.jpg 300w, https:\/\/www.marinapalacehotel.it\/wp-content\/uploads\/2020\/10\/DSC_9797-FILEminimizer-768x510.jpg 768w, https:\/\/www.marinapalacehotel.it\/wp-content\/uploads\/2020\/10\/DSC_9797-FILEminimizer.jpg 1156w\" sizes=\"auto, (max-width: 1024px) 100vw, 1024px\" \/><\/figure>\n\n\n\n<figure class=\"wp-block-image size-large\"><img loading=\"lazy\" decoding=\"async\" width=\"830\" height=\"550\" data-id=\"1076\" src=\"https:\/\/www.marinapalacehotel.it\/wp-content\/uploads\/2020\/03\/hotel-marina-caorle-2.jpg\" alt=\"\" class=\"wp-image-1076\" srcset=\"https:\/\/www.marinapalacehotel.it\/wp-content\/uploads\/2020\/03\/hotel-marina-caorle-2.jpg 830w, https:\/\/www.marinapalacehotel.it\/wp-content\/uploads\/2020\/03\/hotel-marina-caorle-2-300x199.jpg 300w, https:\/\/www.marinapalacehotel.it\/wp-content\/uploads\/2020\/03\/hotel-marina-caorle-2-768x509.jpg 768w\" sizes=\"auto, (max-width: 830px) 100vw, 830px\" \/><\/figure>\n\n\n\n<figure class=\"wp-block-image size-large\"><img loading=\"lazy\" decoding=\"async\" width=\"830\" height=\"550\" data-id=\"1082\" src=\"https:\/\/www.marinapalacehotel.it\/wp-content\/uploads\/2020\/03\/hotel-marina-caorle-3.jpg\" alt=\"\" class=\"wp-image-1082\" srcset=\"https:\/\/www.marinapalacehotel.it\/wp-content\/uploads\/2020\/03\/hotel-marina-caorle-3.jpg 830w, https:\/\/www.marinapalacehotel.it\/wp-content\/uploads\/2020\/03\/hotel-marina-caorle-3-300x199.jpg 300w, https:\/\/www.marinapalacehotel.it\/wp-content\/uploads\/2020\/03\/hotel-marina-caorle-3-768x509.jpg 768w\" sizes=\"auto, (max-width: 830px) 100vw, 830px\" \/><\/figure>\n\n\n\n<figure class=\"wp-block-image size-large\"><img loading=\"lazy\" decoding=\"async\" width=\"830\" height=\"550\" data-id=\"1094\" src=\"https:\/\/www.marinapalacehotel.it\/wp-content\/uploads\/2020\/03\/hotel-marina-caorle-5.jpg\" alt=\"\" class=\"wp-image-1094\" srcset=\"https:\/\/www.marinapalacehotel.it\/wp-content\/uploads\/2020\/03\/hotel-marina-caorle-5.jpg 830w, https:\/\/www.marinapalacehotel.it\/wp-content\/uploads\/2020\/03\/hotel-marina-caorle-5-300x199.jpg 300w, https:\/\/www.marinapalacehotel.it\/wp-content\/uploads\/2020\/03\/hotel-marina-caorle-5-768x509.jpg 768w\" sizes=\"auto, (max-width: 830px) 100vw, 830px\" \/><\/figure>\n\n\n\n<figure class=\"wp-block-image size-large\"><img loading=\"lazy\" decoding=\"async\" width=\"830\" height=\"550\" data-id=\"1100\" src=\"https:\/\/www.marinapalacehotel.it\/wp-content\/uploads\/2020\/03\/hotel-marina-caorle-6.jpg\" alt=\"\" class=\"wp-image-1100\" srcset=\"https:\/\/www.marinapalacehotel.it\/wp-content\/uploads\/2020\/03\/hotel-marina-caorle-6.jpg 830w, https:\/\/www.marinapalacehotel.it\/wp-content\/uploads\/2020\/03\/hotel-marina-caorle-6-300x199.jpg 300w, https:\/\/www.marinapalacehotel.it\/wp-content\/uploads\/2020\/03\/hotel-marina-caorle-6-768x509.jpg 768w\" sizes=\"auto, (max-width: 830px) 100vw, 830px\" \/><\/figure>\n<\/figure>\n\n\n\n<div style=\"height:60px\" aria-hidden=\"true\" class=\"wp-block-spacer\"><\/div>\n\n\n\n<h2 class=\"wp-block-heading\">Sehen Sie sich das Video an und tauchen Sie in den Urlaub<\/h2>\n\n\n\n<div style=\"height:30px\" aria-hidden=\"true\" class=\"wp-block-spacer\"><\/div>\n\n\n\n<figure class=\"wp-block-embed is-type-video is-provider-youtube wp-block-embed-youtube wp-embed-aspect-16-9 wp-has-aspect-ratio\"><div class=\"wp-block-embed__wrapper\">\n<iframe loading=\"lazy\" title=\"Caorle 2016 Drone\" width=\"580\" height=\"326\" src=\"https:\/\/www.youtube.com\/embed\/sea3qhLrQW8?feature=oembed\" frameborder=\"0\" allow=\"accelerometer; autoplay; clipboard-write; encrypted-media; gyroscope; picture-in-picture; web-share\" referrerpolicy=\"strict-origin-when-cross-origin\" allowfullscreen><\/iframe>\n<\/div><\/figure>\n<\/div><\/div>\n","protected":false},"excerpt":{"rendered":"<p>Nehmen Sie Ihren Urlaub mit uns. Marina Palace Hotel 4 Sterne in Caorle, Venedig Das Marina Palace Hotel **** liegt direkt am Meer auf der Levante Strand in der N\u00e4he vom historischen Zentrum von Caorle. Es sind vorhanden: Wir \u00f6ffnen ab 26. M\u00e4rz 2026 Das Hotel befindet sich in einer ruhigen Lage nicht weit entfernt [&hellip;]<\/p>\n","protected":false},"author":1,"featured_media":3210,"parent":0,"menu_order":0,"comment_status":"closed","ping_status":"closed","template":"","meta":{"_acf_changed":false,"_uag_custom_page_level_css":"","advgb_blocks_editor_width":"","advgb_blocks_columns_visual_guide":"","footnotes":""},"class_list":["post-2347","page","type-page","status-publish","has-post-thumbnail","hentry"],"acf":[],"yoast_head":"<!-- This site is optimized with the Yoast SEO plugin v25.7 - https:\/\/yoast.com\/wordpress\/plugins\/seo\/ -->\n<title>Marina Palace Hotel - Marina Palace Hotel<\/title>\n<meta name=\"robots\" content=\"index, follow, max-snippet:-1, max-image-preview:large, max-video-preview:-1\" \/>\n<link rel=\"canonical\" href=\"https:\/\/www.marinapalacehotel.it\/de\/hotel\/\" \/>\n<meta property=\"og:locale\" content=\"de_DE\" \/>\n<meta property=\"og:type\" content=\"article\" \/>\n<meta property=\"og:title\" content=\"Marina Palace Hotel - Marina Palace Hotel\" \/>\n<meta property=\"og:description\" content=\"Nehmen Sie Ihren Urlaub mit uns. Marina Palace Hotel 4 Sterne in Caorle, Venedig Das Marina Palace Hotel **** liegt direkt am Meer auf der Levante Strand in der N\u00e4he vom historischen Zentrum von Caorle. Es sind vorhanden: Wir \u00f6ffnen ab 26. M\u00e4rz 2026 Das Hotel befindet sich in einer ruhigen Lage nicht weit entfernt [&hellip;]\" \/>\n<meta property=\"og:url\" content=\"https:\/\/www.marinapalacehotel.it\/de\/hotel\/\" \/>\n<meta property=\"og:site_name\" content=\"Marina Palace Hotel\" \/>\n<meta property=\"article:modified_time\" content=\"2025-11-09T12:51:40+00:00\" \/>\n<meta property=\"og:image\" content=\"https:\/\/www.marinapalacehotel.it\/wp-content\/uploads\/2020\/05\/Marina_palace_hotel_caorle_banner_hotel.jpg\" \/>\n\t<meta property=\"og:image:width\" content=\"1900\" \/>\n\t<meta property=\"og:image:height\" content=\"500\" \/>\n\t<meta property=\"og:image:type\" content=\"image\/jpeg\" \/>\n<meta name=\"twitter:card\" content=\"summary_large_image\" \/>\n<meta name=\"twitter:label1\" content=\"Gesch\u00e4tzte Lesezeit\" \/>\n\t<meta name=\"twitter:data1\" content=\"4\u00a0Minuten\" \/>\n<script type=\"application\/ld+json\" class=\"yoast-schema-graph\">{\"@context\":\"https:\/\/schema.org\",\"@graph\":[{\"@type\":\"WebPage\",\"@id\":\"https:\/\/www.marinapalacehotel.it\/de\/hotel\/\",\"url\":\"https:\/\/www.marinapalacehotel.it\/de\/hotel\/\",\"name\":\"Marina Palace Hotel - Marina Palace Hotel\",\"isPartOf\":{\"@id\":\"https:\/\/www.marinapalacehotel.it\/de\/#website\"},\"primaryImageOfPage\":{\"@id\":\"https:\/\/www.marinapalacehotel.it\/de\/hotel\/#primaryimage\"},\"image\":{\"@id\":\"https:\/\/www.marinapalacehotel.it\/de\/hotel\/#primaryimage\"},\"thumbnailUrl\":\"https:\/\/www.marinapalacehotel.it\/wp-content\/uploads\/2020\/05\/Marina_palace_hotel_caorle_banner_hotel.jpg\",\"datePublished\":\"2020-04-24T09:26:36+00:00\",\"dateModified\":\"2025-11-09T12:51:40+00:00\",\"breadcrumb\":{\"@id\":\"https:\/\/www.marinapalacehotel.it\/de\/hotel\/#breadcrumb\"},\"inLanguage\":\"de\",\"potentialAction\":[{\"@type\":\"ReadAction\",\"target\":[\"https:\/\/www.marinapalacehotel.it\/de\/hotel\/\"]}]},{\"@type\":\"ImageObject\",\"inLanguage\":\"de\",\"@id\":\"https:\/\/www.marinapalacehotel.it\/de\/hotel\/#primaryimage\",\"url\":\"https:\/\/www.marinapalacehotel.it\/wp-content\/uploads\/2020\/05\/Marina_palace_hotel_caorle_banner_hotel.jpg\",\"contentUrl\":\"https:\/\/www.marinapalacehotel.it\/wp-content\/uploads\/2020\/05\/Marina_palace_hotel_caorle_banner_hotel.jpg\",\"width\":1900,\"height\":500},{\"@type\":\"BreadcrumbList\",\"@id\":\"https:\/\/www.marinapalacehotel.it\/de\/hotel\/#breadcrumb\",\"itemListElement\":[{\"@type\":\"ListItem\",\"position\":1,\"name\":\"Home\",\"item\":\"https:\/\/www.marinapalacehotel.it\/de\/\"},{\"@type\":\"ListItem\",\"position\":2,\"name\":\"Marina Palace Hotel\"}]},{\"@type\":\"WebSite\",\"@id\":\"https:\/\/www.marinapalacehotel.it\/de\/#website\",\"url\":\"https:\/\/www.marinapalacehotel.it\/de\/\",\"name\":\"Marina Palace Hotel\",\"description\":\"4 Sterne Hotel superior direkt am Meer\",\"publisher\":{\"@id\":\"https:\/\/www.marinapalacehotel.it\/de\/#organization\"},\"potentialAction\":[{\"@type\":\"SearchAction\",\"target\":{\"@type\":\"EntryPoint\",\"urlTemplate\":\"https:\/\/www.marinapalacehotel.it\/de\/?s={search_term_string}\"},\"query-input\":{\"@type\":\"PropertyValueSpecification\",\"valueRequired\":true,\"valueName\":\"search_term_string\"}}],\"inLanguage\":\"de\"},{\"@type\":\"Organization\",\"@id\":\"https:\/\/www.marinapalacehotel.it\/de\/#organization\",\"name\":\"Marina Palace Hotel\",\"url\":\"https:\/\/www.marinapalacehotel.it\/de\/\",\"logo\":{\"@type\":\"ImageObject\",\"inLanguage\":\"de\",\"@id\":\"https:\/\/www.marinapalacehotel.it\/de\/#\/schema\/logo\/image\/\",\"url\":\"https:\/\/www.marinapalacehotel.it\/wp-content\/uploads\/2020\/05\/cropped-Marina_Palace_Logo.png\",\"contentUrl\":\"https:\/\/www.marinapalacehotel.it\/wp-content\/uploads\/2020\/05\/cropped-Marina_Palace_Logo.png\",\"width\":557,\"height\":100,\"caption\":\"Marina Palace Hotel\"},\"image\":{\"@id\":\"https:\/\/www.marinapalacehotel.it\/de\/#\/schema\/logo\/image\/\"}}]}<\/script>\n<!-- \/ Yoast SEO plugin. -->","yoast_head_json":{"title":"Marina Palace Hotel - Marina Palace Hotel","robots":{"index":"index","follow":"follow","max-snippet":"max-snippet:-1","max-image-preview":"max-image-preview:large","max-video-preview":"max-video-preview:-1"},"canonical":"https:\/\/www.marinapalacehotel.it\/de\/hotel\/","og_locale":"de_DE","og_type":"article","og_title":"Marina Palace Hotel - Marina Palace Hotel","og_description":"Nehmen Sie Ihren Urlaub mit uns. Marina Palace Hotel 4 Sterne in Caorle, Venedig Das Marina Palace Hotel **** liegt direkt am Meer auf der Levante Strand in der N\u00e4he vom historischen Zentrum von Caorle. Es sind vorhanden: Wir \u00f6ffnen ab 26. M\u00e4rz 2026 Das Hotel befindet sich in einer ruhigen Lage nicht weit entfernt [&hellip;]","og_url":"https:\/\/www.marinapalacehotel.it\/de\/hotel\/","og_site_name":"Marina Palace Hotel","article_modified_time":"2025-11-09T12:51:40+00:00","og_image":[{"width":1900,"height":500,"url":"https:\/\/www.marinapalacehotel.it\/wp-content\/uploads\/2020\/05\/Marina_palace_hotel_caorle_banner_hotel.jpg","type":"image\/jpeg"}],"twitter_card":"summary_large_image","twitter_misc":{"Gesch\u00e4tzte Lesezeit":"4\u00a0Minuten"},"schema":{"@context":"https:\/\/schema.org","@graph":[{"@type":"WebPage","@id":"https:\/\/www.marinapalacehotel.it\/de\/hotel\/","url":"https:\/\/www.marinapalacehotel.it\/de\/hotel\/","name":"Marina Palace Hotel - Marina Palace Hotel","isPartOf":{"@id":"https:\/\/www.marinapalacehotel.it\/de\/#website"},"primaryImageOfPage":{"@id":"https:\/\/www.marinapalacehotel.it\/de\/hotel\/#primaryimage"},"image":{"@id":"https:\/\/www.marinapalacehotel.it\/de\/hotel\/#primaryimage"},"thumbnailUrl":"https:\/\/www.marinapalacehotel.it\/wp-content\/uploads\/2020\/05\/Marina_palace_hotel_caorle_banner_hotel.jpg","datePublished":"2020-04-24T09:26:36+00:00","dateModified":"2025-11-09T12:51:40+00:00","breadcrumb":{"@id":"https:\/\/www.marinapalacehotel.it\/de\/hotel\/#breadcrumb"},"inLanguage":"de","potentialAction":[{"@type":"ReadAction","target":["https:\/\/www.marinapalacehotel.it\/de\/hotel\/"]}]},{"@type":"ImageObject","inLanguage":"de","@id":"https:\/\/www.marinapalacehotel.it\/de\/hotel\/#primaryimage","url":"https:\/\/www.marinapalacehotel.it\/wp-content\/uploads\/2020\/05\/Marina_palace_hotel_caorle_banner_hotel.jpg","contentUrl":"https:\/\/www.marinapalacehotel.it\/wp-content\/uploads\/2020\/05\/Marina_palace_hotel_caorle_banner_hotel.jpg","width":1900,"height":500},{"@type":"BreadcrumbList","@id":"https:\/\/www.marinapalacehotel.it\/de\/hotel\/#breadcrumb","itemListElement":[{"@type":"ListItem","position":1,"name":"Home","item":"https:\/\/www.marinapalacehotel.it\/de\/"},{"@type":"ListItem","position":2,"name":"Marina Palace Hotel"}]},{"@type":"WebSite","@id":"https:\/\/www.marinapalacehotel.it\/de\/#website","url":"https:\/\/www.marinapalacehotel.it\/de\/","name":"Marina Palace Hotel","description":"4 Sterne Hotel superior direkt am Meer","publisher":{"@id":"https:\/\/www.marinapalacehotel.it\/de\/#organization"},"potentialAction":[{"@type":"SearchAction","target":{"@type":"EntryPoint","urlTemplate":"https:\/\/www.marinapalacehotel.it\/de\/?s={search_term_string}"},"query-input":{"@type":"PropertyValueSpecification","valueRequired":true,"valueName":"search_term_string"}}],"inLanguage":"de"},{"@type":"Organization","@id":"https:\/\/www.marinapalacehotel.it\/de\/#organization","name":"Marina Palace Hotel","url":"https:\/\/www.marinapalacehotel.it\/de\/","logo":{"@type":"ImageObject","inLanguage":"de","@id":"https:\/\/www.marinapalacehotel.it\/de\/#\/schema\/logo\/image\/","url":"https:\/\/www.marinapalacehotel.it\/wp-content\/uploads\/2020\/05\/cropped-Marina_Palace_Logo.png","contentUrl":"https:\/\/www.marinapalacehotel.it\/wp-content\/uploads\/2020\/05\/cropped-Marina_Palace_Logo.png","width":557,"height":100,"caption":"Marina Palace Hotel"},"image":{"@id":"https:\/\/www.marinapalacehotel.it\/de\/#\/schema\/logo\/image\/"}}]}},"uagb_featured_image_src":{"full":["https:\/\/www.marinapalacehotel.it\/wp-content\/uploads\/2020\/05\/Marina_palace_hotel_caorle_banner_hotel.jpg",1900,500,false],"thumbnail":["https:\/\/www.marinapalacehotel.it\/wp-content\/uploads\/2020\/05\/Marina_palace_hotel_caorle_banner_hotel-150x150.jpg",150,150,true],"medium":["https:\/\/www.marinapalacehotel.it\/wp-content\/uploads\/2020\/05\/Marina_palace_hotel_caorle_banner_hotel-300x79.jpg",300,79,true],"medium_large":["https:\/\/www.marinapalacehotel.it\/wp-content\/uploads\/2020\/05\/Marina_palace_hotel_caorle_banner_hotel-768x202.jpg",580,153,true],"large":["https:\/\/www.marinapalacehotel.it\/wp-content\/uploads\/2020\/05\/Marina_palace_hotel_caorle_banner_hotel-1024x269.jpg",580,152,true],"1536x1536":["https:\/\/www.marinapalacehotel.it\/wp-content\/uploads\/2020\/05\/Marina_palace_hotel_caorle_banner_hotel-1536x404.jpg",1536,404,true],"2048x2048":["https:\/\/www.marinapalacehotel.it\/wp-content\/uploads\/2020\/05\/Marina_palace_hotel_caorle_banner_hotel.jpg",1900,500,false],"post-thumbnail":["https:\/\/www.marinapalacehotel.it\/wp-content\/uploads\/2020\/05\/Marina_palace_hotel_caorle_banner_hotel-1200x316.jpg",1200,316,true],"twentytwenty-fullscreen":["https:\/\/www.marinapalacehotel.it\/wp-content\/uploads\/2020\/05\/Marina_palace_hotel_caorle_banner_hotel.jpg",1900,500,false]},"uagb_author_info":{"display_name":"3r4cl3-p4l4","author_link":"https:\/\/www.marinapalacehotel.it\/de\/author\/3r4cl3-p4l4\/"},"uagb_comment_info":0,"uagb_excerpt":"Nehmen Sie Ihren Urlaub mit uns. Marina Palace Hotel 4 Sterne in Caorle, Venedig Das Marina Palace Hotel **** liegt direkt am Meer auf der Levante Strand in der N\u00e4he vom historischen Zentrum von Caorle. Es sind vorhanden: Wir \u00f6ffnen ab 26. M\u00e4rz 2026 Das Hotel befindet sich in einer ruhigen Lage nicht weit entfernt&hellip;","coauthors":[],"author_meta":{"author_link":"https:\/\/www.marinapalacehotel.it\/de\/author\/3r4cl3-p4l4\/","display_name":"3r4cl3-p4l4"},"relative_dates":{"created":"Posted 6\u00a0Jahren ago","modified":"Updated 5\u00a0Monaten ago"},"absolute_dates":{"created":"Posted on 24 April 2020","modified":"Updated on 9 November 2025"},"absolute_dates_time":{"created":"Posted on 24 April 2020 11:26","modified":"Updated on 9 November 2025 13:51"},"featured_img_caption":"","featured_img":"https:\/\/www.marinapalacehotel.it\/wp-content\/uploads\/2020\/05\/Marina_palace_hotel_caorle_banner_hotel-1200x316.jpg","series_order":"","_links":{"self":[{"href":"https:\/\/www.marinapalacehotel.it\/de\/wp-json\/wp\/v2\/pages\/2347","targetHints":{"allow":["GET"]}}],"collection":[{"href":"https:\/\/www.marinapalacehotel.it\/de\/wp-json\/wp\/v2\/pages"}],"about":[{"href":"https:\/\/www.marinapalacehotel.it\/de\/wp-json\/wp\/v2\/types\/page"}],"author":[{"embeddable":true,"href":"https:\/\/www.marinapalacehotel.it\/de\/wp-json\/wp\/v2\/users\/1"}],"replies":[{"embeddable":true,"href":"https:\/\/www.marinapalacehotel.it\/de\/wp-json\/wp\/v2\/comments?post=2347"}],"version-history":[{"count":16,"href":"https:\/\/www.marinapalacehotel.it\/de\/wp-json\/wp\/v2\/pages\/2347\/revisions"}],"predecessor-version":[{"id":5183,"href":"https:\/\/www.marinapalacehotel.it\/de\/wp-json\/wp\/v2\/pages\/2347\/revisions\/5183"}],"wp:featuredmedia":[{"embeddable":true,"href":"https:\/\/www.marinapalacehotel.it\/de\/wp-json\/wp\/v2\/media\/3210"}],"wp:attachment":[{"href":"https:\/\/www.marinapalacehotel.it\/de\/wp-json\/wp\/v2\/media?parent=2347"}],"curies":[{"name":"wp","href":"https:\/\/api.w.org\/{rel}","templated":true}]}}