{"id":1725,"date":"2020-03-30T17:11:34","date_gmt":"2020-03-30T15:11:34","guid":{"rendered":"https:\/\/marina.promoservicebeta.com\/spiaggia-privata\/"},"modified":"2020-04-08T16:45:36","modified_gmt":"2020-04-08T14:45:36","slug":"privatem-strand","status":"publish","type":"page","link":"https:\/\/www.marinapalacehotel.it\/de\/privatem-strand\/","title":{"rendered":"Privatem Strand"},"content":{"rendered":"\n<div style=\"height:40px\" aria-hidden=\"true\" class=\"wp-block-spacer\"><\/div>\n\n\n\n<div class=\"wp-block-group promo-marinaint-1\"><div class=\"wp-block-group__inner-container is-layout-flow wp-block-group-is-layout-flow\">\n<h3 class=\"wp-block-heading\">Nicht weit entfernt vom Meer<\/h3>\n\n\n\n<h2 class=\"wp-block-heading\">Hotel mit privatem Strand in Caorle<\/h2>\n\n\n\n<p>Das Marina Palace Hotel hat einen <strong>privaten Strand direkt vor dem Hotel<\/strong>, welcher \u00fcber jegliche Bequemlichkeit verf\u00fcgt. <br>Ein weit reichender <strong>goldiger Sandstreifen<\/strong> in welchem Sie einen <strong>Sonnenschirm und 2 Liegen<\/strong> w\u00e4hlen k\u00f6nnen.<\/p>\n\n\n\n<p>Die Hotelg\u00e4ste k\u00f6nnen <strong>kostenlos<\/strong> \u00fcber die Kinderbetreung verf\u00fcgen, Sie wird organisiert von der Genossenschaft Arenile von Caorle. Die <strong>vielf\u00e4lltigen Aktivit\u00e4ten<\/strong> versichern Spass f\u00fcr die Kinder und Ruhe f\u00fcr die Eltern.<\/p>\n\n\n\n<p>Das Marina Palace Hotel gibt Ihnen die M\u00f6glichkeit die <strong>BauBau Beach <\/strong>zu ben\u00fctzen, eine Zone f\u00fcr die G\u00e4ste die Ihren Urlaub mit Ihrem vierbeinigen Freund verbringen m\u00f6chten.<\/p>\n\n\n\n<p>Seit vielen Jahren bekommt der Sandstreifen von Caorle die ber\u00fchmte Auszeichnung<strong> Bandiera blu<\/strong> (Blaue Fahne).<\/p>\n<\/div><\/div>\n\n\n\n<div class=\"wp-block-group promo-marinaint-2\"><div class=\"wp-block-group__inner-container is-layout-flow wp-block-group-is-layout-flow\">\n<figure class=\"wp-block-image size-large\"><img loading=\"lazy\" decoding=\"async\" width=\"1024\" height=\"572\" src=\"https:\/\/www.marinapalacehotel.it\/wp-content\/uploads\/2020\/03\/Marina_palace_hotel_la_spiaggia_intro-1024x572.jpg\" alt=\"\" class=\"wp-image-1304\" srcset=\"https:\/\/www.marinapalacehotel.it\/wp-content\/uploads\/2020\/03\/Marina_palace_hotel_la_spiaggia_intro-1024x572.jpg 1024w, https:\/\/www.marinapalacehotel.it\/wp-content\/uploads\/2020\/03\/Marina_palace_hotel_la_spiaggia_intro-300x168.jpg 300w, https:\/\/www.marinapalacehotel.it\/wp-content\/uploads\/2020\/03\/Marina_palace_hotel_la_spiaggia_intro-768x429.jpg 768w, https:\/\/www.marinapalacehotel.it\/wp-content\/uploads\/2020\/03\/Marina_palace_hotel_la_spiaggia_intro-1536x858.jpg 1536w, https:\/\/www.marinapalacehotel.it\/wp-content\/uploads\/2020\/03\/Marina_palace_hotel_la_spiaggia_intro-1200x670.jpg 1200w, https:\/\/www.marinapalacehotel.it\/wp-content\/uploads\/2020\/03\/Marina_palace_hotel_la_spiaggia_intro.jpg 1790w\" sizes=\"auto, (max-width: 1024px) 100vw, 1024px\" \/><\/figure>\n<\/div><\/div>\n\n\n\n<div style=\"height:40px\" aria-hidden=\"true\" class=\"wp-block-spacer\"><\/div>\n\n\n\n<figure class=\"wp-block-gallery columns-3 is-cropped promo-marinaint-5 wp-block-gallery-2\"><ul class=\"blocks-gallery-grid\"><li class=\"blocks-gallery-item\"><figure><img loading=\"lazy\" decoding=\"async\" width=\"830\" height=\"550\" src=\"https:\/\/www.marinapalacehotel.it\/wp-content\/uploads\/2020\/03\/spiaggia-riservata-hotel-marina-3.jpg\" alt=\"\" data-id=\"1322\" data-full-url=\"https:\/\/www.marinapalacehotel.it\/wp-content\/uploads\/2020\/03\/spiaggia-riservata-hotel-marina-3.jpg\" data-link=\"https:\/\/marinapalacehotel.it\/it\/?attachment_id=1322\" class=\"wp-image-1322\" srcset=\"https:\/\/www.marinapalacehotel.it\/wp-content\/uploads\/2020\/03\/spiaggia-riservata-hotel-marina-3.jpg 830w, https:\/\/www.marinapalacehotel.it\/wp-content\/uploads\/2020\/03\/spiaggia-riservata-hotel-marina-3-300x199.jpg 300w, https:\/\/www.marinapalacehotel.it\/wp-content\/uploads\/2020\/03\/spiaggia-riservata-hotel-marina-3-768x509.jpg 768w\" sizes=\"auto, (max-width: 830px) 100vw, 830px\" \/><\/figure><\/li><li class=\"blocks-gallery-item\"><figure><img loading=\"lazy\" decoding=\"async\" width=\"830\" height=\"550\" src=\"https:\/\/www.marinapalacehotel.it\/wp-content\/uploads\/2020\/03\/spiaggia-riservata-hotel-marina-1.jpg\" alt=\"\" data-id=\"1310\" data-full-url=\"https:\/\/www.marinapalacehotel.it\/wp-content\/uploads\/2020\/03\/spiaggia-riservata-hotel-marina-1.jpg\" data-link=\"https:\/\/marinapalacehotel.it\/it\/?attachment_id=1310\" class=\"wp-image-1310\" srcset=\"https:\/\/www.marinapalacehotel.it\/wp-content\/uploads\/2020\/03\/spiaggia-riservata-hotel-marina-1.jpg 830w, https:\/\/www.marinapalacehotel.it\/wp-content\/uploads\/2020\/03\/spiaggia-riservata-hotel-marina-1-300x199.jpg 300w, https:\/\/www.marinapalacehotel.it\/wp-content\/uploads\/2020\/03\/spiaggia-riservata-hotel-marina-1-768x509.jpg 768w\" sizes=\"auto, (max-width: 830px) 100vw, 830px\" \/><\/figure><\/li><li class=\"blocks-gallery-item\"><figure><img loading=\"lazy\" decoding=\"async\" width=\"830\" height=\"550\" src=\"https:\/\/www.marinapalacehotel.it\/wp-content\/uploads\/2020\/03\/spiaggia-riservata-hotel-marina-2.jpg\" alt=\"\" data-id=\"1316\" data-full-url=\"https:\/\/www.marinapalacehotel.it\/wp-content\/uploads\/2020\/03\/spiaggia-riservata-hotel-marina-2.jpg\" data-link=\"https:\/\/marinapalacehotel.it\/it\/?attachment_id=1316\" class=\"wp-image-1316 is-layout-flex wp-block-gallery-is-layout-flex\" srcset=\"https:\/\/www.marinapalacehotel.it\/wp-content\/uploads\/2020\/03\/spiaggia-riservata-hotel-marina-2.jpg 830w, https:\/\/www.marinapalacehotel.it\/wp-content\/uploads\/2020\/03\/spiaggia-riservata-hotel-marina-2-300x199.jpg 300w, https:\/\/www.marinapalacehotel.it\/wp-content\/uploads\/2020\/03\/spiaggia-riservata-hotel-marina-2-768x509.jpg 768w\" sizes=\"auto, (max-width: 830px) 100vw, 830px\" \/><\/figure><\/li><\/ul><\/figure>\n","protected":false},"excerpt":{"rendered":"<p>Nicht weit entfernt vom Meer Hotel mit privatem Strand in Caorle Das Marina Palace Hotel hat einen privaten Strand direkt vor dem Hotel, welcher \u00fcber jegliche Bequemlichkeit verf\u00fcgt. Ein weit reichender goldiger Sandstreifen in welchem Sie einen Sonnenschirm und 2 Liegen w\u00e4hlen k\u00f6nnen. Die Hotelg\u00e4ste k\u00f6nnen kostenlos \u00fcber die Kinderbetreung verf\u00fcgen, Sie wird organisiert von [&hellip;]<\/p>\n","protected":false},"author":1,"featured_media":0,"parent":0,"menu_order":0,"comment_status":"closed","ping_status":"closed","template":"","meta":{"_acf_changed":false,"_uag_custom_page_level_css":"","advgb_blocks_editor_width":"","advgb_blocks_columns_visual_guide":"","footnotes":""},"class_list":["post-1725","page","type-page","status-publish","hentry"],"acf":[],"yoast_head":"<!-- This site is optimized with the Yoast SEO plugin v25.7 - https:\/\/yoast.com\/wordpress\/plugins\/seo\/ -->\n<title>Privatem Strand - Marina Palace Hotel 4 Sterne Hotel superior direkt am Meer<\/title>\n<meta name=\"robots\" content=\"index, follow, max-snippet:-1, max-image-preview:large, max-video-preview:-1\" \/>\n<link rel=\"canonical\" href=\"https:\/\/www.marinapalacehotel.it\/de\/privatem-strand\/\" \/>\n<meta property=\"og:locale\" content=\"de_DE\" \/>\n<meta property=\"og:type\" content=\"article\" \/>\n<meta property=\"og:title\" content=\"Privatem Strand - Marina Palace Hotel 4 Sterne Hotel superior direkt am Meer\" \/>\n<meta property=\"og:description\" content=\"Nicht weit entfernt vom Meer Hotel mit privatem Strand in Caorle Das Marina Palace Hotel hat einen privaten Strand direkt vor dem Hotel, welcher \u00fcber jegliche Bequemlichkeit verf\u00fcgt. Ein weit reichender goldiger Sandstreifen in welchem Sie einen Sonnenschirm und 2 Liegen w\u00e4hlen k\u00f6nnen. Die Hotelg\u00e4ste k\u00f6nnen kostenlos \u00fcber die Kinderbetreung verf\u00fcgen, Sie wird organisiert von [&hellip;]\" \/>\n<meta property=\"og:url\" content=\"https:\/\/www.marinapalacehotel.it\/de\/privatem-strand\/\" \/>\n<meta property=\"og:site_name\" content=\"Marina Palace Hotel\" \/>\n<meta property=\"article:modified_time\" content=\"2020-04-08T14:45:36+00:00\" \/>\n<meta property=\"og:image\" content=\"https:\/\/www.marinapalacehotel.it\/wp-content\/uploads\/2020\/03\/Marina_palace_hotel_la_spiaggia_intro-1024x572.jpg\" \/>\n<meta name=\"twitter:card\" content=\"summary_large_image\" \/>\n<meta name=\"twitter:label1\" content=\"Gesch\u00e4tzte Lesezeit\" \/>\n\t<meta name=\"twitter:data1\" content=\"1\u00a0Minute\" \/>\n<script type=\"application\/ld+json\" class=\"yoast-schema-graph\">{\"@context\":\"https:\/\/schema.org\",\"@graph\":[{\"@type\":\"WebPage\",\"@id\":\"https:\/\/www.marinapalacehotel.it\/de\/privatem-strand\/\",\"url\":\"https:\/\/www.marinapalacehotel.it\/de\/privatem-strand\/\",\"name\":\"Privatem Strand - Marina Palace Hotel 4 Sterne Hotel superior direkt am Meer\",\"isPartOf\":{\"@id\":\"https:\/\/www.marinapalacehotel.it\/de\/#website\"},\"primaryImageOfPage\":{\"@id\":\"https:\/\/www.marinapalacehotel.it\/de\/privatem-strand\/#primaryimage\"},\"image\":{\"@id\":\"https:\/\/www.marinapalacehotel.it\/de\/privatem-strand\/#primaryimage\"},\"thumbnailUrl\":\"https:\/\/www.marinapalacehotel.it\/wp-content\/uploads\/2020\/03\/Marina_palace_hotel_la_spiaggia_intro-1024x572.jpg\",\"datePublished\":\"2020-03-30T15:11:34+00:00\",\"dateModified\":\"2020-04-08T14:45:36+00:00\",\"breadcrumb\":{\"@id\":\"https:\/\/www.marinapalacehotel.it\/de\/privatem-strand\/#breadcrumb\"},\"inLanguage\":\"de\",\"potentialAction\":[{\"@type\":\"ReadAction\",\"target\":[\"https:\/\/www.marinapalacehotel.it\/de\/privatem-strand\/\"]}]},{\"@type\":\"ImageObject\",\"inLanguage\":\"de\",\"@id\":\"https:\/\/www.marinapalacehotel.it\/de\/privatem-strand\/#primaryimage\",\"url\":\"https:\/\/www.marinapalacehotel.it\/wp-content\/uploads\/2020\/03\/Marina_palace_hotel_la_spiaggia_intro-1024x572.jpg\",\"contentUrl\":\"https:\/\/www.marinapalacehotel.it\/wp-content\/uploads\/2020\/03\/Marina_palace_hotel_la_spiaggia_intro-1024x572.jpg\"},{\"@type\":\"BreadcrumbList\",\"@id\":\"https:\/\/www.marinapalacehotel.it\/de\/privatem-strand\/#breadcrumb\",\"itemListElement\":[{\"@type\":\"ListItem\",\"position\":1,\"name\":\"Home\",\"item\":\"https:\/\/www.marinapalacehotel.it\/de\/\"},{\"@type\":\"ListItem\",\"position\":2,\"name\":\"Privatem Strand\"}]},{\"@type\":\"WebSite\",\"@id\":\"https:\/\/www.marinapalacehotel.it\/de\/#website\",\"url\":\"https:\/\/www.marinapalacehotel.it\/de\/\",\"name\":\"Marina Palace Hotel\",\"description\":\"4 Sterne Hotel superior direkt am Meer\",\"publisher\":{\"@id\":\"https:\/\/www.marinapalacehotel.it\/de\/#organization\"},\"potentialAction\":[{\"@type\":\"SearchAction\",\"target\":{\"@type\":\"EntryPoint\",\"urlTemplate\":\"https:\/\/www.marinapalacehotel.it\/de\/?s={search_term_string}\"},\"query-input\":{\"@type\":\"PropertyValueSpecification\",\"valueRequired\":true,\"valueName\":\"search_term_string\"}}],\"inLanguage\":\"de\"},{\"@type\":\"Organization\",\"@id\":\"https:\/\/www.marinapalacehotel.it\/de\/#organization\",\"name\":\"Marina Palace Hotel\",\"url\":\"https:\/\/www.marinapalacehotel.it\/de\/\",\"logo\":{\"@type\":\"ImageObject\",\"inLanguage\":\"de\",\"@id\":\"https:\/\/www.marinapalacehotel.it\/de\/#\/schema\/logo\/image\/\",\"url\":\"https:\/\/www.marinapalacehotel.it\/wp-content\/uploads\/2020\/05\/cropped-Marina_Palace_Logo.png\",\"contentUrl\":\"https:\/\/www.marinapalacehotel.it\/wp-content\/uploads\/2020\/05\/cropped-Marina_Palace_Logo.png\",\"width\":557,\"height\":100,\"caption\":\"Marina Palace Hotel\"},\"image\":{\"@id\":\"https:\/\/www.marinapalacehotel.it\/de\/#\/schema\/logo\/image\/\"}}]}<\/script>\n<!-- \/ Yoast SEO plugin. -->","yoast_head_json":{"title":"Privatem Strand - Marina Palace Hotel 4 Sterne Hotel superior direkt am Meer","robots":{"index":"index","follow":"follow","max-snippet":"max-snippet:-1","max-image-preview":"max-image-preview:large","max-video-preview":"max-video-preview:-1"},"canonical":"https:\/\/www.marinapalacehotel.it\/de\/privatem-strand\/","og_locale":"de_DE","og_type":"article","og_title":"Privatem Strand - Marina Palace Hotel 4 Sterne Hotel superior direkt am Meer","og_description":"Nicht weit entfernt vom Meer Hotel mit privatem Strand in Caorle Das Marina Palace Hotel hat einen privaten Strand direkt vor dem Hotel, welcher \u00fcber jegliche Bequemlichkeit verf\u00fcgt. Ein weit reichender goldiger Sandstreifen in welchem Sie einen Sonnenschirm und 2 Liegen w\u00e4hlen k\u00f6nnen. Die Hotelg\u00e4ste k\u00f6nnen kostenlos \u00fcber die Kinderbetreung verf\u00fcgen, Sie wird organisiert von [&hellip;]","og_url":"https:\/\/www.marinapalacehotel.it\/de\/privatem-strand\/","og_site_name":"Marina Palace Hotel","article_modified_time":"2020-04-08T14:45:36+00:00","og_image":[{"url":"https:\/\/www.marinapalacehotel.it\/wp-content\/uploads\/2020\/03\/Marina_palace_hotel_la_spiaggia_intro-1024x572.jpg","type":"","width":"","height":""}],"twitter_card":"summary_large_image","twitter_misc":{"Gesch\u00e4tzte Lesezeit":"1\u00a0Minute"},"schema":{"@context":"https:\/\/schema.org","@graph":[{"@type":"WebPage","@id":"https:\/\/www.marinapalacehotel.it\/de\/privatem-strand\/","url":"https:\/\/www.marinapalacehotel.it\/de\/privatem-strand\/","name":"Privatem Strand - Marina Palace Hotel 4 Sterne Hotel superior direkt am Meer","isPartOf":{"@id":"https:\/\/www.marinapalacehotel.it\/de\/#website"},"primaryImageOfPage":{"@id":"https:\/\/www.marinapalacehotel.it\/de\/privatem-strand\/#primaryimage"},"image":{"@id":"https:\/\/www.marinapalacehotel.it\/de\/privatem-strand\/#primaryimage"},"thumbnailUrl":"https:\/\/www.marinapalacehotel.it\/wp-content\/uploads\/2020\/03\/Marina_palace_hotel_la_spiaggia_intro-1024x572.jpg","datePublished":"2020-03-30T15:11:34+00:00","dateModified":"2020-04-08T14:45:36+00:00","breadcrumb":{"@id":"https:\/\/www.marinapalacehotel.it\/de\/privatem-strand\/#breadcrumb"},"inLanguage":"de","potentialAction":[{"@type":"ReadAction","target":["https:\/\/www.marinapalacehotel.it\/de\/privatem-strand\/"]}]},{"@type":"ImageObject","inLanguage":"de","@id":"https:\/\/www.marinapalacehotel.it\/de\/privatem-strand\/#primaryimage","url":"https:\/\/www.marinapalacehotel.it\/wp-content\/uploads\/2020\/03\/Marina_palace_hotel_la_spiaggia_intro-1024x572.jpg","contentUrl":"https:\/\/www.marinapalacehotel.it\/wp-content\/uploads\/2020\/03\/Marina_palace_hotel_la_spiaggia_intro-1024x572.jpg"},{"@type":"BreadcrumbList","@id":"https:\/\/www.marinapalacehotel.it\/de\/privatem-strand\/#breadcrumb","itemListElement":[{"@type":"ListItem","position":1,"name":"Home","item":"https:\/\/www.marinapalacehotel.it\/de\/"},{"@type":"ListItem","position":2,"name":"Privatem Strand"}]},{"@type":"WebSite","@id":"https:\/\/www.marinapalacehotel.it\/de\/#website","url":"https:\/\/www.marinapalacehotel.it\/de\/","name":"Marina Palace Hotel","description":"4 Sterne Hotel superior direkt am Meer","publisher":{"@id":"https:\/\/www.marinapalacehotel.it\/de\/#organization"},"potentialAction":[{"@type":"SearchAction","target":{"@type":"EntryPoint","urlTemplate":"https:\/\/www.marinapalacehotel.it\/de\/?s={search_term_string}"},"query-input":{"@type":"PropertyValueSpecification","valueRequired":true,"valueName":"search_term_string"}}],"inLanguage":"de"},{"@type":"Organization","@id":"https:\/\/www.marinapalacehotel.it\/de\/#organization","name":"Marina Palace Hotel","url":"https:\/\/www.marinapalacehotel.it\/de\/","logo":{"@type":"ImageObject","inLanguage":"de","@id":"https:\/\/www.marinapalacehotel.it\/de\/#\/schema\/logo\/image\/","url":"https:\/\/www.marinapalacehotel.it\/wp-content\/uploads\/2020\/05\/cropped-Marina_Palace_Logo.png","contentUrl":"https:\/\/www.marinapalacehotel.it\/wp-content\/uploads\/2020\/05\/cropped-Marina_Palace_Logo.png","width":557,"height":100,"caption":"Marina Palace Hotel"},"image":{"@id":"https:\/\/www.marinapalacehotel.it\/de\/#\/schema\/logo\/image\/"}}]}},"uagb_featured_image_src":{"full":false,"thumbnail":false,"medium":false,"medium_large":false,"large":false,"1536x1536":false,"2048x2048":false,"post-thumbnail":false,"twentytwenty-fullscreen":false},"uagb_author_info":{"display_name":"3r4cl3-p4l4","author_link":"https:\/\/www.marinapalacehotel.it\/de\/author\/3r4cl3-p4l4\/"},"uagb_comment_info":0,"uagb_excerpt":"Nicht weit entfernt vom Meer Hotel mit privatem Strand in Caorle Das Marina Palace Hotel hat einen privaten Strand direkt vor dem Hotel, welcher \u00fcber jegliche Bequemlichkeit verf\u00fcgt. Ein weit reichender goldiger Sandstreifen in welchem Sie einen Sonnenschirm und 2 Liegen w\u00e4hlen k\u00f6nnen. Die Hotelg\u00e4ste k\u00f6nnen kostenlos \u00fcber die Kinderbetreung verf\u00fcgen, Sie wird organisiert von&hellip;","coauthors":[],"author_meta":{"author_link":"https:\/\/www.marinapalacehotel.it\/de\/author\/3r4cl3-p4l4\/","display_name":"3r4cl3-p4l4"},"relative_dates":{"created":"Posted 6\u00a0Jahren ago","modified":"Updated 6\u00a0Jahren ago"},"absolute_dates":{"created":"Posted on 30 M\u00e4rz 2020","modified":"Updated on 8 April 2020"},"absolute_dates_time":{"created":"Posted on 30 M\u00e4rz 2020 17:11","modified":"Updated on 8 April 2020 16:45"},"featured_img_caption":"","featured_img":false,"series_order":"","_links":{"self":[{"href":"https:\/\/www.marinapalacehotel.it\/de\/wp-json\/wp\/v2\/pages\/1725","targetHints":{"allow":["GET"]}}],"collection":[{"href":"https:\/\/www.marinapalacehotel.it\/de\/wp-json\/wp\/v2\/pages"}],"about":[{"href":"https:\/\/www.marinapalacehotel.it\/de\/wp-json\/wp\/v2\/types\/page"}],"author":[{"embeddable":true,"href":"https:\/\/www.marinapalacehotel.it\/de\/wp-json\/wp\/v2\/users\/1"}],"replies":[{"embeddable":true,"href":"https:\/\/www.marinapalacehotel.it\/de\/wp-json\/wp\/v2\/comments?post=1725"}],"version-history":[{"count":0,"href":"https:\/\/www.marinapalacehotel.it\/de\/wp-json\/wp\/v2\/pages\/1725\/revisions"}],"wp:attachment":[{"href":"https:\/\/www.marinapalacehotel.it\/de\/wp-json\/wp\/v2\/media?parent=1725"}],"curies":[{"name":"wp","href":"https:\/\/api.w.org\/{rel}","templated":true}]}}