{"id":1713,"date":"2020-03-30T17:02:32","date_gmt":"2020-03-30T15:02:32","guid":{"rendered":"https:\/\/marina.promoservicebeta.com\/piscina\/"},"modified":"2023-06-29T10:21:19","modified_gmt":"2023-06-29T08:21:19","slug":"schwimmbad","status":"publish","type":"page","link":"https:\/\/www.marinapalacehotel.it\/de\/schwimmbad\/","title":{"rendered":"Schwimmbad"},"content":{"rendered":"\n<div style=\"height:40px\" aria-hidden=\"true\" class=\"wp-block-spacer advgb-dyn-db4b1242\"><\/div>\n\n\n\n<div class=\"wp-block-group promo-marinaint-1 advgb-dyn-28ef21ee\"><div class=\"wp-block-group__inner-container is-layout-flow wp-block-group-is-layout-flow\">\n<h3 class=\"wp-block-heading advgb-dyn-fd9dec49\">Erholung am Schwimmbadrand<\/h3>\n\n\n\n<h2 class=\"wp-block-heading advgb-dyn-66225867\">Hotel direkt am Meer mit Schwimmbad in Caorle<\/h2>\n\n\n\n<p>Das <strong>Marina Palace Hotel<\/strong> ist eine ideale L\u00f6sung f\u00fcr G\u00e4ste, die Ihren Urlaub in <strong>Ruhe und Spass<\/strong> verbringen m\u00f6chten.<\/p>\n\n\n\n<p>Das <strong>4 Sterne-Hotel<\/strong> verf\u00fcgt \u00fcber ein <strong>privates Schwimmbad<\/strong> (aussen), welches in <strong>2 Teile geteilt<\/strong> ist, eine f\u00fcr die Erwachsenen und die andere ist f\u00fcr die Kinder, with water games and hydromassage.<\/p>\n\n\n\n<p> Das Schwimmbad verf\u00fcgt \u00fcber bequeme <strong>Liegen f\u00fcr alle G\u00e4ste<\/strong> der Struktur.<\/p>\n\n\n\n<p>Eine optimale Lage f\u00fcr jegliche Notwendigkeit: f\u00fcr denjenigen der die <strong>Sonne<\/strong> geniessen m\u00f6chte oder sich im <strong>Schatten<\/strong> der Pinien ausruhen m\u00f6chte.<\/p>\n\n\n\n<p>An der Poolbar k\u00f6nnen die G\u00e4ste zum Mittagessen Snacks oder Aperitifs genie\u00dfen<br>Pool bar ist von 10 bis 19 Uhr ge\u00f6ffnet.<\/p>\n\n\n\n<p>Ein idealer Platz, um sich zu erholen und vergn\u00fcgen <strong>mit der ganzen Familie<\/strong>.<\/p>\n\n\n\n<p><\/p>\n<\/div><\/div>\n\n\n\n<div class=\"wp-block-group promo-marinaint-2 advgb-dyn-28da17ba\"><div class=\"wp-block-group__inner-container is-layout-flow wp-block-group-is-layout-flow\">\n<figure class=\"wp-block-image size-full\"><img loading=\"lazy\" decoding=\"async\" width=\"830\" height=\"550\" src=\"https:\/\/www.marinapalacehotel.it\/wp-content\/uploads\/2023\/06\/Nuova-Piscina-Marina-Palace-3.jpg\" alt=\"\" class=\"wp-image-3963\" srcset=\"https:\/\/www.marinapalacehotel.it\/wp-content\/uploads\/2023\/06\/Nuova-Piscina-Marina-Palace-3.jpg 830w, https:\/\/www.marinapalacehotel.it\/wp-content\/uploads\/2023\/06\/Nuova-Piscina-Marina-Palace-3-300x199.jpg 300w, https:\/\/www.marinapalacehotel.it\/wp-content\/uploads\/2023\/06\/Nuova-Piscina-Marina-Palace-3-768x509.jpg 768w\" sizes=\"auto, (max-width: 830px) 100vw, 830px\" \/><\/figure>\n<\/div><\/div>\n\n\n\n<div style=\"height:40px\" aria-hidden=\"true\" class=\"wp-block-spacer advgb-dyn-db4b1242\"><\/div>\n\n\n\n<figure class=\"wp-block-gallery has-nested-images columns-default is-cropped promo-marinaint-5 wp-block-gallery-2 is-layout-flex wp-block-gallery-is-layout-flex advgb-dyn-08583c93\">\n<figure class=\"wp-block-image size-full\"><img decoding=\"async\" data-id=\"3954\" src=\"https:\/\/www.marinapalacehotel.it\/wp-content\/uploads\/2023\/06\/Nuova-Piscina-Marina-Palace-1.jpg\" alt=\"\" class=\"wp-image-3954\"\/><\/figure>\n\n\n\n<figure class=\"wp-block-image size-full\"><img decoding=\"async\" data-id=\"3942\" src=\"https:\/\/www.marinapalacehotel.it\/wp-content\/uploads\/2023\/06\/piscina-hotel-marina-palace-4.jpg\" alt=\"\" class=\"wp-image-3942\"\/><\/figure>\n\n\n\n<figure class=\"wp-block-image size-full\"><img loading=\"lazy\" decoding=\"async\" width=\"830\" height=\"550\" data-id=\"3948\" src=\"https:\/\/www.marinapalacehotel.it\/wp-content\/uploads\/2023\/06\/Nuova-Piscina-Marina-Palace-2.jpg\" alt=\"\" class=\"wp-image-3948\" srcset=\"https:\/\/www.marinapalacehotel.it\/wp-content\/uploads\/2023\/06\/Nuova-Piscina-Marina-Palace-2.jpg 830w, https:\/\/www.marinapalacehotel.it\/wp-content\/uploads\/2023\/06\/Nuova-Piscina-Marina-Palace-2-300x199.jpg 300w, https:\/\/www.marinapalacehotel.it\/wp-content\/uploads\/2023\/06\/Nuova-Piscina-Marina-Palace-2-768x509.jpg 768w\" sizes=\"auto, (max-width: 830px) 100vw, 830px\" \/><\/figure>\n<\/figure>\n","protected":false},"excerpt":{"rendered":"<p>Erholung am Schwimmbadrand Hotel direkt am Meer mit Schwimmbad in Caorle Das Marina Palace Hotel ist eine ideale L\u00f6sung f\u00fcr G\u00e4ste, die Ihren Urlaub in Ruhe und Spass verbringen m\u00f6chten. Das 4 Sterne-Hotel verf\u00fcgt \u00fcber ein privates Schwimmbad (aussen), welches in 2 Teile geteilt ist, eine f\u00fcr die Erwachsenen und die andere ist f\u00fcr die [&hellip;]<\/p>\n","protected":false},"author":1,"featured_media":0,"parent":0,"menu_order":0,"comment_status":"closed","ping_status":"closed","template":"","meta":{"_acf_changed":false,"_uag_custom_page_level_css":"","advgb_blocks_editor_width":"","advgb_blocks_columns_visual_guide":"","footnotes":""},"class_list":["post-1713","page","type-page","status-publish","hentry"],"acf":[],"yoast_head":"<!-- This site is optimized with the Yoast SEO plugin v25.7 - https:\/\/yoast.com\/wordpress\/plugins\/seo\/ -->\n<title>Schwimmbad - Marina Palace Hotel 4 Sterne Hotel superior direkt am Meer<\/title>\n<meta name=\"robots\" content=\"index, follow, max-snippet:-1, max-image-preview:large, max-video-preview:-1\" \/>\n<link rel=\"canonical\" href=\"https:\/\/www.marinapalacehotel.it\/de\/schwimmbad\/\" \/>\n<meta property=\"og:locale\" content=\"de_DE\" \/>\n<meta property=\"og:type\" content=\"article\" \/>\n<meta property=\"og:title\" content=\"Schwimmbad - Marina Palace Hotel 4 Sterne Hotel superior direkt am Meer\" \/>\n<meta property=\"og:description\" content=\"Erholung am Schwimmbadrand Hotel direkt am Meer mit Schwimmbad in Caorle Das Marina Palace Hotel ist eine ideale L\u00f6sung f\u00fcr G\u00e4ste, die Ihren Urlaub in Ruhe und Spass verbringen m\u00f6chten. Das 4 Sterne-Hotel verf\u00fcgt \u00fcber ein privates Schwimmbad (aussen), welches in 2 Teile geteilt ist, eine f\u00fcr die Erwachsenen und die andere ist f\u00fcr die [&hellip;]\" \/>\n<meta property=\"og:url\" content=\"https:\/\/www.marinapalacehotel.it\/de\/schwimmbad\/\" \/>\n<meta property=\"og:site_name\" content=\"Marina Palace Hotel\" \/>\n<meta property=\"article:modified_time\" content=\"2023-06-29T08:21:19+00:00\" \/>\n<meta property=\"og:image\" content=\"https:\/\/www.marinapalacehotel.it\/wp-content\/uploads\/2023\/06\/Nuova-Piscina-Marina-Palace-3.jpg\" \/>\n<meta name=\"twitter:card\" content=\"summary_large_image\" \/>\n<meta name=\"twitter:label1\" content=\"Gesch\u00e4tzte Lesezeit\" \/>\n\t<meta name=\"twitter:data1\" content=\"2\u00a0Minuten\" \/>\n<script type=\"application\/ld+json\" class=\"yoast-schema-graph\">{\"@context\":\"https:\/\/schema.org\",\"@graph\":[{\"@type\":\"WebPage\",\"@id\":\"https:\/\/www.marinapalacehotel.it\/de\/schwimmbad\/\",\"url\":\"https:\/\/www.marinapalacehotel.it\/de\/schwimmbad\/\",\"name\":\"Schwimmbad - Marina Palace Hotel 4 Sterne Hotel superior direkt am Meer\",\"isPartOf\":{\"@id\":\"https:\/\/www.marinapalacehotel.it\/de\/#website\"},\"primaryImageOfPage\":{\"@id\":\"https:\/\/www.marinapalacehotel.it\/de\/schwimmbad\/#primaryimage\"},\"image\":{\"@id\":\"https:\/\/www.marinapalacehotel.it\/de\/schwimmbad\/#primaryimage\"},\"thumbnailUrl\":\"https:\/\/www.marinapalacehotel.it\/wp-content\/uploads\/2023\/06\/Nuova-Piscina-Marina-Palace-3.jpg\",\"datePublished\":\"2020-03-30T15:02:32+00:00\",\"dateModified\":\"2023-06-29T08:21:19+00:00\",\"breadcrumb\":{\"@id\":\"https:\/\/www.marinapalacehotel.it\/de\/schwimmbad\/#breadcrumb\"},\"inLanguage\":\"de\",\"potentialAction\":[{\"@type\":\"ReadAction\",\"target\":[\"https:\/\/www.marinapalacehotel.it\/de\/schwimmbad\/\"]}]},{\"@type\":\"ImageObject\",\"inLanguage\":\"de\",\"@id\":\"https:\/\/www.marinapalacehotel.it\/de\/schwimmbad\/#primaryimage\",\"url\":\"https:\/\/www.marinapalacehotel.it\/wp-content\/uploads\/2023\/06\/Nuova-Piscina-Marina-Palace-3.jpg\",\"contentUrl\":\"https:\/\/www.marinapalacehotel.it\/wp-content\/uploads\/2023\/06\/Nuova-Piscina-Marina-Palace-3.jpg\"},{\"@type\":\"BreadcrumbList\",\"@id\":\"https:\/\/www.marinapalacehotel.it\/de\/schwimmbad\/#breadcrumb\",\"itemListElement\":[{\"@type\":\"ListItem\",\"position\":1,\"name\":\"Home\",\"item\":\"https:\/\/www.marinapalacehotel.it\/de\/\"},{\"@type\":\"ListItem\",\"position\":2,\"name\":\"Schwimmbad\"}]},{\"@type\":\"WebSite\",\"@id\":\"https:\/\/www.marinapalacehotel.it\/de\/#website\",\"url\":\"https:\/\/www.marinapalacehotel.it\/de\/\",\"name\":\"Marina Palace Hotel\",\"description\":\"4 Sterne Hotel superior direkt am Meer\",\"publisher\":{\"@id\":\"https:\/\/www.marinapalacehotel.it\/de\/#organization\"},\"potentialAction\":[{\"@type\":\"SearchAction\",\"target\":{\"@type\":\"EntryPoint\",\"urlTemplate\":\"https:\/\/www.marinapalacehotel.it\/de\/?s={search_term_string}\"},\"query-input\":{\"@type\":\"PropertyValueSpecification\",\"valueRequired\":true,\"valueName\":\"search_term_string\"}}],\"inLanguage\":\"de\"},{\"@type\":\"Organization\",\"@id\":\"https:\/\/www.marinapalacehotel.it\/de\/#organization\",\"name\":\"Marina Palace Hotel\",\"url\":\"https:\/\/www.marinapalacehotel.it\/de\/\",\"logo\":{\"@type\":\"ImageObject\",\"inLanguage\":\"de\",\"@id\":\"https:\/\/www.marinapalacehotel.it\/de\/#\/schema\/logo\/image\/\",\"url\":\"https:\/\/www.marinapalacehotel.it\/wp-content\/uploads\/2020\/05\/cropped-Marina_Palace_Logo.png\",\"contentUrl\":\"https:\/\/www.marinapalacehotel.it\/wp-content\/uploads\/2020\/05\/cropped-Marina_Palace_Logo.png\",\"width\":557,\"height\":100,\"caption\":\"Marina Palace Hotel\"},\"image\":{\"@id\":\"https:\/\/www.marinapalacehotel.it\/de\/#\/schema\/logo\/image\/\"}}]}<\/script>\n<!-- \/ Yoast SEO plugin. -->","yoast_head_json":{"title":"Schwimmbad - Marina Palace Hotel 4 Sterne Hotel superior direkt am Meer","robots":{"index":"index","follow":"follow","max-snippet":"max-snippet:-1","max-image-preview":"max-image-preview:large","max-video-preview":"max-video-preview:-1"},"canonical":"https:\/\/www.marinapalacehotel.it\/de\/schwimmbad\/","og_locale":"de_DE","og_type":"article","og_title":"Schwimmbad - Marina Palace Hotel 4 Sterne Hotel superior direkt am Meer","og_description":"Erholung am Schwimmbadrand Hotel direkt am Meer mit Schwimmbad in Caorle Das Marina Palace Hotel ist eine ideale L\u00f6sung f\u00fcr G\u00e4ste, die Ihren Urlaub in Ruhe und Spass verbringen m\u00f6chten. Das 4 Sterne-Hotel verf\u00fcgt \u00fcber ein privates Schwimmbad (aussen), welches in 2 Teile geteilt ist, eine f\u00fcr die Erwachsenen und die andere ist f\u00fcr die [&hellip;]","og_url":"https:\/\/www.marinapalacehotel.it\/de\/schwimmbad\/","og_site_name":"Marina Palace Hotel","article_modified_time":"2023-06-29T08:21:19+00:00","og_image":[{"url":"https:\/\/www.marinapalacehotel.it\/wp-content\/uploads\/2023\/06\/Nuova-Piscina-Marina-Palace-3.jpg","type":"","width":"","height":""}],"twitter_card":"summary_large_image","twitter_misc":{"Gesch\u00e4tzte Lesezeit":"2\u00a0Minuten"},"schema":{"@context":"https:\/\/schema.org","@graph":[{"@type":"WebPage","@id":"https:\/\/www.marinapalacehotel.it\/de\/schwimmbad\/","url":"https:\/\/www.marinapalacehotel.it\/de\/schwimmbad\/","name":"Schwimmbad - Marina Palace Hotel 4 Sterne Hotel superior direkt am Meer","isPartOf":{"@id":"https:\/\/www.marinapalacehotel.it\/de\/#website"},"primaryImageOfPage":{"@id":"https:\/\/www.marinapalacehotel.it\/de\/schwimmbad\/#primaryimage"},"image":{"@id":"https:\/\/www.marinapalacehotel.it\/de\/schwimmbad\/#primaryimage"},"thumbnailUrl":"https:\/\/www.marinapalacehotel.it\/wp-content\/uploads\/2023\/06\/Nuova-Piscina-Marina-Palace-3.jpg","datePublished":"2020-03-30T15:02:32+00:00","dateModified":"2023-06-29T08:21:19+00:00","breadcrumb":{"@id":"https:\/\/www.marinapalacehotel.it\/de\/schwimmbad\/#breadcrumb"},"inLanguage":"de","potentialAction":[{"@type":"ReadAction","target":["https:\/\/www.marinapalacehotel.it\/de\/schwimmbad\/"]}]},{"@type":"ImageObject","inLanguage":"de","@id":"https:\/\/www.marinapalacehotel.it\/de\/schwimmbad\/#primaryimage","url":"https:\/\/www.marinapalacehotel.it\/wp-content\/uploads\/2023\/06\/Nuova-Piscina-Marina-Palace-3.jpg","contentUrl":"https:\/\/www.marinapalacehotel.it\/wp-content\/uploads\/2023\/06\/Nuova-Piscina-Marina-Palace-3.jpg"},{"@type":"BreadcrumbList","@id":"https:\/\/www.marinapalacehotel.it\/de\/schwimmbad\/#breadcrumb","itemListElement":[{"@type":"ListItem","position":1,"name":"Home","item":"https:\/\/www.marinapalacehotel.it\/de\/"},{"@type":"ListItem","position":2,"name":"Schwimmbad"}]},{"@type":"WebSite","@id":"https:\/\/www.marinapalacehotel.it\/de\/#website","url":"https:\/\/www.marinapalacehotel.it\/de\/","name":"Marina Palace Hotel","description":"4 Sterne Hotel superior direkt am Meer","publisher":{"@id":"https:\/\/www.marinapalacehotel.it\/de\/#organization"},"potentialAction":[{"@type":"SearchAction","target":{"@type":"EntryPoint","urlTemplate":"https:\/\/www.marinapalacehotel.it\/de\/?s={search_term_string}"},"query-input":{"@type":"PropertyValueSpecification","valueRequired":true,"valueName":"search_term_string"}}],"inLanguage":"de"},{"@type":"Organization","@id":"https:\/\/www.marinapalacehotel.it\/de\/#organization","name":"Marina Palace Hotel","url":"https:\/\/www.marinapalacehotel.it\/de\/","logo":{"@type":"ImageObject","inLanguage":"de","@id":"https:\/\/www.marinapalacehotel.it\/de\/#\/schema\/logo\/image\/","url":"https:\/\/www.marinapalacehotel.it\/wp-content\/uploads\/2020\/05\/cropped-Marina_Palace_Logo.png","contentUrl":"https:\/\/www.marinapalacehotel.it\/wp-content\/uploads\/2020\/05\/cropped-Marina_Palace_Logo.png","width":557,"height":100,"caption":"Marina Palace Hotel"},"image":{"@id":"https:\/\/www.marinapalacehotel.it\/de\/#\/schema\/logo\/image\/"}}]}},"uagb_featured_image_src":{"full":false,"thumbnail":false,"medium":false,"medium_large":false,"large":false,"1536x1536":false,"2048x2048":false,"post-thumbnail":false,"twentytwenty-fullscreen":false},"uagb_author_info":{"display_name":"3r4cl3-p4l4","author_link":"https:\/\/www.marinapalacehotel.it\/de\/author\/3r4cl3-p4l4\/"},"uagb_comment_info":0,"uagb_excerpt":"Erholung am Schwimmbadrand Hotel direkt am Meer mit Schwimmbad in Caorle Das Marina Palace Hotel ist eine ideale L\u00f6sung f\u00fcr G\u00e4ste, die Ihren Urlaub in Ruhe und Spass verbringen m\u00f6chten. Das 4 Sterne-Hotel verf\u00fcgt \u00fcber ein privates Schwimmbad (aussen), welches in 2 Teile geteilt ist, eine f\u00fcr die Erwachsenen und die andere ist f\u00fcr die&hellip;","coauthors":[],"author_meta":{"author_link":"https:\/\/www.marinapalacehotel.it\/de\/author\/3r4cl3-p4l4\/","display_name":"3r4cl3-p4l4"},"relative_dates":{"created":"Posted 6\u00a0Jahren ago","modified":"Updated 3\u00a0Jahren ago"},"absolute_dates":{"created":"Posted on 30 M\u00e4rz 2020","modified":"Updated on 29 Juni 2023"},"absolute_dates_time":{"created":"Posted on 30 M\u00e4rz 2020 17:02","modified":"Updated on 29 Juni 2023 10:21"},"featured_img_caption":"","featured_img":false,"series_order":"","_links":{"self":[{"href":"https:\/\/www.marinapalacehotel.it\/de\/wp-json\/wp\/v2\/pages\/1713","targetHints":{"allow":["GET"]}}],"collection":[{"href":"https:\/\/www.marinapalacehotel.it\/de\/wp-json\/wp\/v2\/pages"}],"about":[{"href":"https:\/\/www.marinapalacehotel.it\/de\/wp-json\/wp\/v2\/types\/page"}],"author":[{"embeddable":true,"href":"https:\/\/www.marinapalacehotel.it\/de\/wp-json\/wp\/v2\/users\/1"}],"replies":[{"embeddable":true,"href":"https:\/\/www.marinapalacehotel.it\/de\/wp-json\/wp\/v2\/comments?post=1713"}],"version-history":[{"count":3,"href":"https:\/\/www.marinapalacehotel.it\/de\/wp-json\/wp\/v2\/pages\/1713\/revisions"}],"predecessor-version":[{"id":4009,"href":"https:\/\/www.marinapalacehotel.it\/de\/wp-json\/wp\/v2\/pages\/1713\/revisions\/4009"}],"wp:attachment":[{"href":"https:\/\/www.marinapalacehotel.it\/de\/wp-json\/wp\/v2\/media?parent=1713"}],"curies":[{"name":"wp","href":"https:\/\/api.w.org\/{rel}","templated":true}]}}