{"id":1710,"date":"2020-03-30T17:17:42","date_gmt":"2020-03-30T15:17:42","guid":{"rendered":"https:\/\/marina.promoservicebeta.com\/parcheggio\/"},"modified":"2020-04-08T16:26:15","modified_gmt":"2020-04-08T14:26:15","slug":"parkplatz","status":"publish","type":"page","link":"https:\/\/www.marinapalacehotel.it\/de\/parkplatz\/","title":{"rendered":"Parkplatz"},"content":{"rendered":"\n<div style=\"height:40px\" aria-hidden=\"true\" class=\"wp-block-spacer\"><\/div>\n\n\n\n<div class=\"wp-block-group promo-marinaint-1\"><div class=\"wp-block-group__inner-container is-layout-flow wp-block-group-is-layout-flow\">\n<h3 class=\"wp-block-heading\">Gro\u00dfer, schattiger Parkplatz im Offenen f\u00fcr Eure Autos<\/h3>\n\n\n\n<h2 class=\"wp-block-heading\">Kostenloser Stellplatz<\/h2>\n\n\n\n<p>Im Marina Palace Hotel mit <strong>privatem Parkplatz<\/strong> vergisst man jegliche Besorgnis, wie zB Wo lasse ich mein Auto stehen, und man konzentriert auf den Urlaub.<\/p>\n\n\n\n<p>Gedacht f\u00fcr diejenigen, die mit dem eigenen Auto anreisen, wird von uns ein <strong>gro\u00dfer offener Parkplatz zur Verf\u00fcgung<\/strong> gestellt. Hier kann das Auto oder Motorrad im Sicheren und im Schatten des Pinienwaldes, direkt angrenzend an das Hotel abgestellt werden.<\/p>\n<\/div><\/div>\n\n\n\n<div class=\"wp-block-group promo-marinaint-2\"><div class=\"wp-block-group__inner-container is-layout-flow wp-block-group-is-layout-flow\">\n<figure class=\"wp-block-image size-large\"><img loading=\"lazy\" decoding=\"async\" width=\"1024\" height=\"572\" src=\"https:\/\/www.marinapalacehotel.it\/wp-content\/uploads\/2020\/03\/parcheggio-1024x572.jpg\" alt=\"\" class=\"wp-image-1331\" srcset=\"https:\/\/www.marinapalacehotel.it\/wp-content\/uploads\/2020\/03\/parcheggio-1024x572.jpg 1024w, https:\/\/www.marinapalacehotel.it\/wp-content\/uploads\/2020\/03\/parcheggio-300x168.jpg 300w, https:\/\/www.marinapalacehotel.it\/wp-content\/uploads\/2020\/03\/parcheggio-768x429.jpg 768w, https:\/\/www.marinapalacehotel.it\/wp-content\/uploads\/2020\/03\/parcheggio-1536x858.jpg 1536w, https:\/\/www.marinapalacehotel.it\/wp-content\/uploads\/2020\/03\/parcheggio-1200x670.jpg 1200w, https:\/\/www.marinapalacehotel.it\/wp-content\/uploads\/2020\/03\/parcheggio.jpg 1790w\" sizes=\"auto, (max-width: 1024px) 100vw, 1024px\" \/><\/figure>\n<\/div><\/div>\n\n\n\n<div style=\"height:40px\" aria-hidden=\"true\" class=\"wp-block-spacer\"><\/div>\n","protected":false},"excerpt":{"rendered":"<p>Gro\u00dfer, schattiger Parkplatz im Offenen f\u00fcr Eure Autos Kostenloser Stellplatz Im Marina Palace Hotel mit privatem Parkplatz vergisst man jegliche Besorgnis, wie zB Wo lasse ich mein Auto stehen, und man konzentriert auf den Urlaub. Gedacht f\u00fcr diejenigen, die mit dem eigenen Auto anreisen, wird von uns ein gro\u00dfer offener Parkplatz zur Verf\u00fcgung gestellt. Hier [&hellip;]<\/p>\n","protected":false},"author":1,"featured_media":3275,"parent":0,"menu_order":0,"comment_status":"closed","ping_status":"closed","template":"","meta":{"_acf_changed":false,"_uag_custom_page_level_css":"","advgb_blocks_editor_width":"","advgb_blocks_columns_visual_guide":"","footnotes":""},"class_list":["post-1710","page","type-page","status-publish","has-post-thumbnail","hentry"],"acf":[],"yoast_head":"<!-- This site is optimized with the Yoast SEO plugin v25.7 - https:\/\/yoast.com\/wordpress\/plugins\/seo\/ -->\n<title>Parkplatz - Marina Palace Hotel 4 Sterne Hotel superior direkt am Meer<\/title>\n<meta name=\"robots\" content=\"index, follow, max-snippet:-1, max-image-preview:large, max-video-preview:-1\" \/>\n<link rel=\"canonical\" href=\"https:\/\/www.marinapalacehotel.it\/de\/parkplatz\/\" \/>\n<meta property=\"og:locale\" content=\"de_DE\" \/>\n<meta property=\"og:type\" content=\"article\" \/>\n<meta property=\"og:title\" content=\"Parkplatz - Marina Palace Hotel 4 Sterne Hotel superior direkt am Meer\" \/>\n<meta property=\"og:description\" content=\"Gro\u00dfer, schattiger Parkplatz im Offenen f\u00fcr Eure Autos Kostenloser Stellplatz Im Marina Palace Hotel mit privatem Parkplatz vergisst man jegliche Besorgnis, wie zB Wo lasse ich mein Auto stehen, und man konzentriert auf den Urlaub. Gedacht f\u00fcr diejenigen, die mit dem eigenen Auto anreisen, wird von uns ein gro\u00dfer offener Parkplatz zur Verf\u00fcgung gestellt. Hier [&hellip;]\" \/>\n<meta property=\"og:url\" content=\"https:\/\/www.marinapalacehotel.it\/de\/parkplatz\/\" \/>\n<meta property=\"og:site_name\" content=\"Marina Palace Hotel\" \/>\n<meta property=\"article:modified_time\" content=\"2020-04-08T14:26:15+00:00\" \/>\n<meta property=\"og:image\" content=\"https:\/\/www.marinapalacehotel.it\/wp-content\/uploads\/2020\/05\/Marina_palace_hotel_caorle_banner_parcheggio.jpg\" \/>\n\t<meta property=\"og:image:width\" content=\"1900\" \/>\n\t<meta property=\"og:image:height\" content=\"500\" \/>\n\t<meta property=\"og:image:type\" content=\"image\/jpeg\" \/>\n<meta name=\"twitter:card\" content=\"summary_large_image\" \/>\n<script type=\"application\/ld+json\" class=\"yoast-schema-graph\">{\"@context\":\"https:\/\/schema.org\",\"@graph\":[{\"@type\":\"WebPage\",\"@id\":\"https:\/\/www.marinapalacehotel.it\/de\/parkplatz\/\",\"url\":\"https:\/\/www.marinapalacehotel.it\/de\/parkplatz\/\",\"name\":\"Parkplatz - Marina Palace Hotel 4 Sterne Hotel superior direkt am Meer\",\"isPartOf\":{\"@id\":\"https:\/\/www.marinapalacehotel.it\/de\/#website\"},\"primaryImageOfPage\":{\"@id\":\"https:\/\/www.marinapalacehotel.it\/de\/parkplatz\/#primaryimage\"},\"image\":{\"@id\":\"https:\/\/www.marinapalacehotel.it\/de\/parkplatz\/#primaryimage\"},\"thumbnailUrl\":\"https:\/\/www.marinapalacehotel.it\/wp-content\/uploads\/2020\/05\/Marina_palace_hotel_caorle_banner_parcheggio.jpg\",\"datePublished\":\"2020-03-30T15:17:42+00:00\",\"dateModified\":\"2020-04-08T14:26:15+00:00\",\"breadcrumb\":{\"@id\":\"https:\/\/www.marinapalacehotel.it\/de\/parkplatz\/#breadcrumb\"},\"inLanguage\":\"de\",\"potentialAction\":[{\"@type\":\"ReadAction\",\"target\":[\"https:\/\/www.marinapalacehotel.it\/de\/parkplatz\/\"]}]},{\"@type\":\"ImageObject\",\"inLanguage\":\"de\",\"@id\":\"https:\/\/www.marinapalacehotel.it\/de\/parkplatz\/#primaryimage\",\"url\":\"https:\/\/www.marinapalacehotel.it\/wp-content\/uploads\/2020\/05\/Marina_palace_hotel_caorle_banner_parcheggio.jpg\",\"contentUrl\":\"https:\/\/www.marinapalacehotel.it\/wp-content\/uploads\/2020\/05\/Marina_palace_hotel_caorle_banner_parcheggio.jpg\",\"width\":1900,\"height\":500},{\"@type\":\"BreadcrumbList\",\"@id\":\"https:\/\/www.marinapalacehotel.it\/de\/parkplatz\/#breadcrumb\",\"itemListElement\":[{\"@type\":\"ListItem\",\"position\":1,\"name\":\"Home\",\"item\":\"https:\/\/www.marinapalacehotel.it\/de\/\"},{\"@type\":\"ListItem\",\"position\":2,\"name\":\"Parkplatz\"}]},{\"@type\":\"WebSite\",\"@id\":\"https:\/\/www.marinapalacehotel.it\/de\/#website\",\"url\":\"https:\/\/www.marinapalacehotel.it\/de\/\",\"name\":\"Marina Palace Hotel\",\"description\":\"4 Sterne Hotel superior direkt am Meer\",\"publisher\":{\"@id\":\"https:\/\/www.marinapalacehotel.it\/de\/#organization\"},\"potentialAction\":[{\"@type\":\"SearchAction\",\"target\":{\"@type\":\"EntryPoint\",\"urlTemplate\":\"https:\/\/www.marinapalacehotel.it\/de\/?s={search_term_string}\"},\"query-input\":{\"@type\":\"PropertyValueSpecification\",\"valueRequired\":true,\"valueName\":\"search_term_string\"}}],\"inLanguage\":\"de\"},{\"@type\":\"Organization\",\"@id\":\"https:\/\/www.marinapalacehotel.it\/de\/#organization\",\"name\":\"Marina Palace Hotel\",\"url\":\"https:\/\/www.marinapalacehotel.it\/de\/\",\"logo\":{\"@type\":\"ImageObject\",\"inLanguage\":\"de\",\"@id\":\"https:\/\/www.marinapalacehotel.it\/de\/#\/schema\/logo\/image\/\",\"url\":\"https:\/\/www.marinapalacehotel.it\/wp-content\/uploads\/2020\/05\/cropped-Marina_Palace_Logo.png\",\"contentUrl\":\"https:\/\/www.marinapalacehotel.it\/wp-content\/uploads\/2020\/05\/cropped-Marina_Palace_Logo.png\",\"width\":557,\"height\":100,\"caption\":\"Marina Palace Hotel\"},\"image\":{\"@id\":\"https:\/\/www.marinapalacehotel.it\/de\/#\/schema\/logo\/image\/\"}}]}<\/script>\n<!-- \/ Yoast SEO plugin. -->","yoast_head_json":{"title":"Parkplatz - Marina Palace Hotel 4 Sterne Hotel superior direkt am Meer","robots":{"index":"index","follow":"follow","max-snippet":"max-snippet:-1","max-image-preview":"max-image-preview:large","max-video-preview":"max-video-preview:-1"},"canonical":"https:\/\/www.marinapalacehotel.it\/de\/parkplatz\/","og_locale":"de_DE","og_type":"article","og_title":"Parkplatz - Marina Palace Hotel 4 Sterne Hotel superior direkt am Meer","og_description":"Gro\u00dfer, schattiger Parkplatz im Offenen f\u00fcr Eure Autos Kostenloser Stellplatz Im Marina Palace Hotel mit privatem Parkplatz vergisst man jegliche Besorgnis, wie zB Wo lasse ich mein Auto stehen, und man konzentriert auf den Urlaub. Gedacht f\u00fcr diejenigen, die mit dem eigenen Auto anreisen, wird von uns ein gro\u00dfer offener Parkplatz zur Verf\u00fcgung gestellt. Hier [&hellip;]","og_url":"https:\/\/www.marinapalacehotel.it\/de\/parkplatz\/","og_site_name":"Marina Palace Hotel","article_modified_time":"2020-04-08T14:26:15+00:00","og_image":[{"width":1900,"height":500,"url":"https:\/\/www.marinapalacehotel.it\/wp-content\/uploads\/2020\/05\/Marina_palace_hotel_caorle_banner_parcheggio.jpg","type":"image\/jpeg"}],"twitter_card":"summary_large_image","schema":{"@context":"https:\/\/schema.org","@graph":[{"@type":"WebPage","@id":"https:\/\/www.marinapalacehotel.it\/de\/parkplatz\/","url":"https:\/\/www.marinapalacehotel.it\/de\/parkplatz\/","name":"Parkplatz - Marina Palace Hotel 4 Sterne Hotel superior direkt am Meer","isPartOf":{"@id":"https:\/\/www.marinapalacehotel.it\/de\/#website"},"primaryImageOfPage":{"@id":"https:\/\/www.marinapalacehotel.it\/de\/parkplatz\/#primaryimage"},"image":{"@id":"https:\/\/www.marinapalacehotel.it\/de\/parkplatz\/#primaryimage"},"thumbnailUrl":"https:\/\/www.marinapalacehotel.it\/wp-content\/uploads\/2020\/05\/Marina_palace_hotel_caorle_banner_parcheggio.jpg","datePublished":"2020-03-30T15:17:42+00:00","dateModified":"2020-04-08T14:26:15+00:00","breadcrumb":{"@id":"https:\/\/www.marinapalacehotel.it\/de\/parkplatz\/#breadcrumb"},"inLanguage":"de","potentialAction":[{"@type":"ReadAction","target":["https:\/\/www.marinapalacehotel.it\/de\/parkplatz\/"]}]},{"@type":"ImageObject","inLanguage":"de","@id":"https:\/\/www.marinapalacehotel.it\/de\/parkplatz\/#primaryimage","url":"https:\/\/www.marinapalacehotel.it\/wp-content\/uploads\/2020\/05\/Marina_palace_hotel_caorle_banner_parcheggio.jpg","contentUrl":"https:\/\/www.marinapalacehotel.it\/wp-content\/uploads\/2020\/05\/Marina_palace_hotel_caorle_banner_parcheggio.jpg","width":1900,"height":500},{"@type":"BreadcrumbList","@id":"https:\/\/www.marinapalacehotel.it\/de\/parkplatz\/#breadcrumb","itemListElement":[{"@type":"ListItem","position":1,"name":"Home","item":"https:\/\/www.marinapalacehotel.it\/de\/"},{"@type":"ListItem","position":2,"name":"Parkplatz"}]},{"@type":"WebSite","@id":"https:\/\/www.marinapalacehotel.it\/de\/#website","url":"https:\/\/www.marinapalacehotel.it\/de\/","name":"Marina Palace Hotel","description":"4 Sterne Hotel superior direkt am Meer","publisher":{"@id":"https:\/\/www.marinapalacehotel.it\/de\/#organization"},"potentialAction":[{"@type":"SearchAction","target":{"@type":"EntryPoint","urlTemplate":"https:\/\/www.marinapalacehotel.it\/de\/?s={search_term_string}"},"query-input":{"@type":"PropertyValueSpecification","valueRequired":true,"valueName":"search_term_string"}}],"inLanguage":"de"},{"@type":"Organization","@id":"https:\/\/www.marinapalacehotel.it\/de\/#organization","name":"Marina Palace Hotel","url":"https:\/\/www.marinapalacehotel.it\/de\/","logo":{"@type":"ImageObject","inLanguage":"de","@id":"https:\/\/www.marinapalacehotel.it\/de\/#\/schema\/logo\/image\/","url":"https:\/\/www.marinapalacehotel.it\/wp-content\/uploads\/2020\/05\/cropped-Marina_Palace_Logo.png","contentUrl":"https:\/\/www.marinapalacehotel.it\/wp-content\/uploads\/2020\/05\/cropped-Marina_Palace_Logo.png","width":557,"height":100,"caption":"Marina Palace Hotel"},"image":{"@id":"https:\/\/www.marinapalacehotel.it\/de\/#\/schema\/logo\/image\/"}}]}},"uagb_featured_image_src":{"full":["https:\/\/www.marinapalacehotel.it\/wp-content\/uploads\/2020\/05\/Marina_palace_hotel_caorle_banner_parcheggio.jpg",1900,500,false],"thumbnail":["https:\/\/www.marinapalacehotel.it\/wp-content\/uploads\/2020\/05\/Marina_palace_hotel_caorle_banner_parcheggio-150x150.jpg",150,150,true],"medium":["https:\/\/www.marinapalacehotel.it\/wp-content\/uploads\/2020\/05\/Marina_palace_hotel_caorle_banner_parcheggio-300x79.jpg",300,79,true],"medium_large":["https:\/\/www.marinapalacehotel.it\/wp-content\/uploads\/2020\/05\/Marina_palace_hotel_caorle_banner_parcheggio-768x202.jpg",580,153,true],"large":["https:\/\/www.marinapalacehotel.it\/wp-content\/uploads\/2020\/05\/Marina_palace_hotel_caorle_banner_parcheggio-1024x269.jpg",580,152,true],"1536x1536":["https:\/\/www.marinapalacehotel.it\/wp-content\/uploads\/2020\/05\/Marina_palace_hotel_caorle_banner_parcheggio-1536x404.jpg",1536,404,true],"2048x2048":["https:\/\/www.marinapalacehotel.it\/wp-content\/uploads\/2020\/05\/Marina_palace_hotel_caorle_banner_parcheggio.jpg",1900,500,false],"post-thumbnail":["https:\/\/www.marinapalacehotel.it\/wp-content\/uploads\/2020\/05\/Marina_palace_hotel_caorle_banner_parcheggio-1200x316.jpg",1200,316,true],"twentytwenty-fullscreen":["https:\/\/www.marinapalacehotel.it\/wp-content\/uploads\/2020\/05\/Marina_palace_hotel_caorle_banner_parcheggio.jpg",1900,500,false]},"uagb_author_info":{"display_name":"3r4cl3-p4l4","author_link":"https:\/\/www.marinapalacehotel.it\/de\/author\/3r4cl3-p4l4\/"},"uagb_comment_info":0,"uagb_excerpt":"Gro\u00dfer, schattiger Parkplatz im Offenen f\u00fcr Eure Autos Kostenloser Stellplatz Im Marina Palace Hotel mit privatem Parkplatz vergisst man jegliche Besorgnis, wie zB Wo lasse ich mein Auto stehen, und man konzentriert auf den Urlaub. Gedacht f\u00fcr diejenigen, die mit dem eigenen Auto anreisen, wird von uns ein gro\u00dfer offener Parkplatz zur Verf\u00fcgung gestellt. Hier&hellip;","coauthors":[],"author_meta":{"author_link":"https:\/\/www.marinapalacehotel.it\/de\/author\/3r4cl3-p4l4\/","display_name":"3r4cl3-p4l4"},"relative_dates":{"created":"Posted 6\u00a0Jahren ago","modified":"Updated 6\u00a0Jahren ago"},"absolute_dates":{"created":"Posted on 30 M\u00e4rz 2020","modified":"Updated on 8 April 2020"},"absolute_dates_time":{"created":"Posted on 30 M\u00e4rz 2020 17:17","modified":"Updated on 8 April 2020 16:26"},"featured_img_caption":"","featured_img":"https:\/\/www.marinapalacehotel.it\/wp-content\/uploads\/2020\/05\/Marina_palace_hotel_caorle_banner_parcheggio-1200x316.jpg","series_order":"","_links":{"self":[{"href":"https:\/\/www.marinapalacehotel.it\/de\/wp-json\/wp\/v2\/pages\/1710","targetHints":{"allow":["GET"]}}],"collection":[{"href":"https:\/\/www.marinapalacehotel.it\/de\/wp-json\/wp\/v2\/pages"}],"about":[{"href":"https:\/\/www.marinapalacehotel.it\/de\/wp-json\/wp\/v2\/types\/page"}],"author":[{"embeddable":true,"href":"https:\/\/www.marinapalacehotel.it\/de\/wp-json\/wp\/v2\/users\/1"}],"replies":[{"embeddable":true,"href":"https:\/\/www.marinapalacehotel.it\/de\/wp-json\/wp\/v2\/comments?post=1710"}],"version-history":[{"count":0,"href":"https:\/\/www.marinapalacehotel.it\/de\/wp-json\/wp\/v2\/pages\/1710\/revisions"}],"wp:featuredmedia":[{"embeddable":true,"href":"https:\/\/www.marinapalacehotel.it\/de\/wp-json\/wp\/v2\/media\/3275"}],"wp:attachment":[{"href":"https:\/\/www.marinapalacehotel.it\/de\/wp-json\/wp\/v2\/media?parent=1710"}],"curies":[{"name":"wp","href":"https:\/\/api.w.org\/{rel}","templated":true}]}}