{"id":1692,"date":"2020-04-06T16:24:24","date_gmt":"2020-04-06T14:24:24","guid":{"rendered":"https:\/\/marina.promoservicebeta.com\/caorle-e-dintorni\/"},"modified":"2020-04-23T11:36:36","modified_gmt":"2020-04-23T09:36:36","slug":"caorle-und-umgebung","status":"publish","type":"page","link":"https:\/\/www.marinapalacehotel.it\/de\/caorle-und-umgebung\/","title":{"rendered":"Caorle und Umgebung"},"content":{"rendered":"\n<div style=\"height:40px\" aria-hidden=\"true\" class=\"wp-block-spacer\"><\/div>\n\n\n\n<div class=\"wp-block-group promo-marinaint-1\"><div class=\"wp-block-group__inner-container is-layout-flow wp-block-group-is-layout-flow\">\n<h3 class=\"wp-block-heading\">Ein Urlaub f\u00fcr Familien mit Kindern<\/h3>\n\n\n\n<h2 class=\"wp-block-heading\">Urlaub in Caorle<\/h2>\n\n\n\n<p><strong>Caorle<\/strong> ist ein idealer Ort f\u00fcr Ihren <strong>Urlaub am Meer<\/strong>.<\/p>\n\n\n\n<p>Sie finden hier ein <strong>grazi\u00f6ses historisches Zentrum<\/strong>, in der N\u00e4he von <strong>Venedig<\/strong>.<\/p>\n\n\n\n<p>Caorle ist ein charakteristisches <strong>Dorf von Fischern<\/strong>, farbreichen H\u00e4usern, eine Kirche am Meeresrand, sowohl als auch von der Entdeckung der Lagune.<br><br>Aber das wirkliche Reichtum dieses Dorfes ist sein <strong>wunderbarer Strand<\/strong>, ein ausgezeichnetes sandiges Ufer von der L\u00e4nge von <strong>5 km<\/strong>, <strong>geteilt vom Ponente und dem Levante Strand<\/strong>, wo Erholung und wundersch\u00f6nes wandern m\u00f6glich ist.<\/p>\n<\/div><\/div>\n\n\n\n<div class=\"wp-block-group promo-marinaint-2\"><div class=\"wp-block-group__inner-container is-layout-flow wp-block-group-is-layout-flow\">\n<figure class=\"wp-block-image size-large\"><img loading=\"lazy\" decoding=\"async\" width=\"1024\" height=\"515\" src=\"https:\/\/www.marinapalacehotel.it\/wp-content\/uploads\/2020\/04\/Img_Caorle@2x-1024x515.jpg\" alt=\"\" class=\"wp-image-1388\" srcset=\"https:\/\/www.marinapalacehotel.it\/wp-content\/uploads\/2020\/04\/Img_Caorle@2x-1024x515.jpg 1024w, https:\/\/www.marinapalacehotel.it\/wp-content\/uploads\/2020\/04\/Img_Caorle@2x-300x151.jpg 300w, https:\/\/www.marinapalacehotel.it\/wp-content\/uploads\/2020\/04\/Img_Caorle@2x-768x386.jpg 768w, https:\/\/www.marinapalacehotel.it\/wp-content\/uploads\/2020\/04\/Img_Caorle@2x-1536x773.jpg 1536w, https:\/\/www.marinapalacehotel.it\/wp-content\/uploads\/2020\/04\/Img_Caorle@2x-1200x604.jpg 1200w, https:\/\/www.marinapalacehotel.it\/wp-content\/uploads\/2020\/04\/Img_Caorle@2x.jpg 1590w\" sizes=\"auto, (max-width: 1024px) 100vw, 1024px\" \/><\/figure>\n<\/div><\/div>\n\n\n\n<div style=\"height:40px\" aria-hidden=\"true\" class=\"wp-block-spacer\"><\/div>\n\n\n\n<figure class=\"wp-block-gallery columns-2 is-cropped promo-marinaint-6 wp-block-gallery-2\"><ul class=\"blocks-gallery-grid\"><li class=\"blocks-gallery-item\"><figure><img loading=\"lazy\" decoding=\"async\" width=\"830\" height=\"553\" src=\"https:\/\/www.marinapalacehotel.it\/wp-content\/uploads\/2020\/04\/caorle-4.jpg\" alt=\"\" data-id=\"1406\" data-full-url=\"https:\/\/www.marinapalacehotel.it\/wp-content\/uploads\/2020\/04\/caorle-4.jpg\" data-link=\"https:\/\/marinapalacehotel.it\/it\/?attachment_id=1406\" class=\"wp-image-1406\" srcset=\"https:\/\/www.marinapalacehotel.it\/wp-content\/uploads\/2020\/04\/caorle-4.jpg 830w, https:\/\/www.marinapalacehotel.it\/wp-content\/uploads\/2020\/04\/caorle-4-300x200.jpg 300w, https:\/\/www.marinapalacehotel.it\/wp-content\/uploads\/2020\/04\/caorle-4-768x512.jpg 768w\" sizes=\"auto, (max-width: 830px) 100vw, 830px\" \/><\/figure><\/li><li class=\"blocks-gallery-item\"><figure><img loading=\"lazy\" decoding=\"async\" width=\"830\" height=\"553\" src=\"https:\/\/www.marinapalacehotel.it\/wp-content\/uploads\/2020\/04\/caorle-1.jpg\" alt=\"\" data-id=\"1394\" data-full-url=\"https:\/\/www.marinapalacehotel.it\/wp-content\/uploads\/2020\/04\/caorle-1.jpg\" data-link=\"https:\/\/marinapalacehotel.it\/it\/?attachment_id=1394\" class=\"wp-image-1394\" srcset=\"https:\/\/www.marinapalacehotel.it\/wp-content\/uploads\/2020\/04\/caorle-1.jpg 830w, https:\/\/www.marinapalacehotel.it\/wp-content\/uploads\/2020\/04\/caorle-1-300x200.jpg 300w, https:\/\/www.marinapalacehotel.it\/wp-content\/uploads\/2020\/04\/caorle-1-768x512.jpg 768w\" sizes=\"auto, (max-width: 830px) 100vw, 830px\" \/><\/figure><\/li><li class=\"blocks-gallery-item\"><figure><img loading=\"lazy\" decoding=\"async\" width=\"830\" height=\"553\" src=\"https:\/\/www.marinapalacehotel.it\/wp-content\/uploads\/2020\/04\/caorle-10.jpg\" alt=\"\" data-id=\"1412\" data-full-url=\"https:\/\/www.marinapalacehotel.it\/wp-content\/uploads\/2020\/04\/caorle-10.jpg\" data-link=\"https:\/\/marinapalacehotel.it\/it\/?attachment_id=1412\" class=\"wp-image-1412\" srcset=\"https:\/\/www.marinapalacehotel.it\/wp-content\/uploads\/2020\/04\/caorle-10.jpg 830w, https:\/\/www.marinapalacehotel.it\/wp-content\/uploads\/2020\/04\/caorle-10-300x200.jpg 300w, https:\/\/www.marinapalacehotel.it\/wp-content\/uploads\/2020\/04\/caorle-10-768x512.jpg 768w\" sizes=\"auto, (max-width: 830px) 100vw, 830px\" \/><\/figure><\/li><li class=\"blocks-gallery-item\"><figure><img loading=\"lazy\" decoding=\"async\" width=\"830\" height=\"553\" src=\"https:\/\/www.marinapalacehotel.it\/wp-content\/uploads\/2020\/04\/caorle-2.jpg\" alt=\"\" data-id=\"1400\" data-full-url=\"https:\/\/www.marinapalacehotel.it\/wp-content\/uploads\/2020\/04\/caorle-2.jpg\" data-link=\"https:\/\/marinapalacehotel.it\/it\/?attachment_id=1400\" class=\"wp-image-1400 is-layout-flex wp-block-gallery-is-layout-flex\" srcset=\"https:\/\/www.marinapalacehotel.it\/wp-content\/uploads\/2020\/04\/caorle-2.jpg 830w, https:\/\/www.marinapalacehotel.it\/wp-content\/uploads\/2020\/04\/caorle-2-300x200.jpg 300w, https:\/\/www.marinapalacehotel.it\/wp-content\/uploads\/2020\/04\/caorle-2-768x512.jpg 768w\" sizes=\"auto, (max-width: 830px) 100vw, 830px\" \/><\/figure><\/li><\/ul><\/figure>\n\n\n\n<div class=\"wp-block-group promo-marinaint-7\"><div class=\"wp-block-group__inner-container is-layout-flow wp-block-group-is-layout-flow\">\n<p>Wenn Sie Ihren Urlaub in Caorle verbringen m\u00f6chten gibte es <strong>viele Sehensw\u00fcrdigkeiten zu sehen<\/strong>. Im Zentrum stehen hervor der Dom und der Glockenturm, das Heiligtum Madonna dell\u2019Angelo, die Kathedrale vom Sankt Stefan, internationale Skulturen, die Klippe geschnitzt am Meer, ein Museum im Freien, besuchbar das ganze Jahr und <strong>La luna sul pozzo<\/strong>, ein internationales <strong>Stra\u00dfen Theater<\/strong>.<\/p>\n\n\n\n<p>Ein Besuch bedeutet auch, Geheimnisse zu entdecken und die <strong>Lagune<\/strong> zu sch\u00e4tzen, nicht zu vers\u00e4umen der Besuch vom <strong>Fischerdorf<\/strong>, gebildet von vielen <strong>\u201cCasoni von Caorle\u201d<\/strong>, konstruierte H\u00e4user aus Schilf und Schlamm, die perfekt konserviert sind. Es representiert einen spezialen Ort in welcher die Tier-und Pflanzenwelt der Lagune strenge aber zugleich ungew\u00f6hnlich ist. Man kann es <strong>mit dem Fahrrad<\/strong> oder auch mit dem Boot erreichen.<br>Besuchen Sie unbedingt den charakteristischen <strong>Fischer Markt <\/strong>von Caorle welcher<strong> von 15.00 Uhr bis 16.00 Uhr ca. am Hafen von Caorle<\/strong> ist.<\/p>\n\n\n\n<p>F\u00fcr <strong>Einkaufs-und Nachtleben Liebhaber <\/strong>gibt es viele Gesch\u00e4fte in den kleinen Callen im historischen Zentrum, Pup, Bar und vielen Restaurant f\u00fcr jeden, die ausgezeichnete lokale K\u00fcche mit typischen Gerichten, die haupts\u00e4chlich auf Fisch basieren, zu kosten.<\/p>\n<\/div><\/div>\n\n\n\n<div class=\"wp-block-group promo-marinaint-5\"><div class=\"wp-block-group__inner-container is-layout-flow wp-block-group-is-layout-flow\">\n<figure class=\"wp-block-gallery columns-4 is-cropped wp-block-gallery-3\"><ul class=\"blocks-gallery-grid\"><li class=\"blocks-gallery-item\"><figure><img loading=\"lazy\" decoding=\"async\" width=\"830\" height=\"550\" src=\"https:\/\/www.marinapalacehotel.it\/wp-content\/uploads\/2020\/04\/caorle-12-830x550-1.jpg\" alt=\"\" data-id=\"2082\" data-full-url=\"https:\/\/www.marinapalacehotel.it\/wp-content\/uploads\/2020\/04\/caorle-12-830x550-1.jpg\" data-link=\"https:\/\/marinapalacehotel.it\/it\/caorle-e-dintorni\/caorle-12-830x550\/\" class=\"wp-image-2082\" srcset=\"https:\/\/www.marinapalacehotel.it\/wp-content\/uploads\/2020\/04\/caorle-12-830x550-1.jpg 830w, https:\/\/www.marinapalacehotel.it\/wp-content\/uploads\/2020\/04\/caorle-12-830x550-1-300x199.jpg 300w, https:\/\/www.marinapalacehotel.it\/wp-content\/uploads\/2020\/04\/caorle-12-830x550-1-768x509.jpg 768w\" sizes=\"auto, (max-width: 830px) 100vw, 830px\" \/><\/figure><\/li><li class=\"blocks-gallery-item\"><figure><img loading=\"lazy\" decoding=\"async\" width=\"830\" height=\"550\" src=\"https:\/\/www.marinapalacehotel.it\/wp-content\/uploads\/2020\/04\/caorle-11-830x550-1.jpg\" alt=\"\" data-id=\"2088\" data-full-url=\"https:\/\/www.marinapalacehotel.it\/wp-content\/uploads\/2020\/04\/caorle-11-830x550-1.jpg\" data-link=\"https:\/\/marinapalacehotel.it\/it\/caorle-e-dintorni\/caorle-11-830x550\/\" class=\"wp-image-2088\" srcset=\"https:\/\/www.marinapalacehotel.it\/wp-content\/uploads\/2020\/04\/caorle-11-830x550-1.jpg 830w, https:\/\/www.marinapalacehotel.it\/wp-content\/uploads\/2020\/04\/caorle-11-830x550-1-300x199.jpg 300w, https:\/\/www.marinapalacehotel.it\/wp-content\/uploads\/2020\/04\/caorle-11-830x550-1-768x509.jpg 768w\" sizes=\"auto, (max-width: 830px) 100vw, 830px\" \/><\/figure><\/li><li class=\"blocks-gallery-item\"><figure><img loading=\"lazy\" decoding=\"async\" width=\"830\" height=\"550\" src=\"https:\/\/www.marinapalacehotel.it\/wp-content\/uploads\/2020\/04\/caorle-9-830x550-1.jpg\" alt=\"\" data-id=\"2094\" data-full-url=\"https:\/\/www.marinapalacehotel.it\/wp-content\/uploads\/2020\/04\/caorle-9-830x550-1.jpg\" data-link=\"https:\/\/marinapalacehotel.it\/it\/caorle-e-dintorni\/caorle-9-830x550\/\" class=\"wp-image-2094\" srcset=\"https:\/\/www.marinapalacehotel.it\/wp-content\/uploads\/2020\/04\/caorle-9-830x550-1.jpg 830w, https:\/\/www.marinapalacehotel.it\/wp-content\/uploads\/2020\/04\/caorle-9-830x550-1-300x199.jpg 300w, https:\/\/www.marinapalacehotel.it\/wp-content\/uploads\/2020\/04\/caorle-9-830x550-1-768x509.jpg 768w\" sizes=\"auto, (max-width: 830px) 100vw, 830px\" \/><\/figure><\/li><li class=\"blocks-gallery-item\"><figure><img loading=\"lazy\" decoding=\"async\" width=\"830\" height=\"550\" src=\"https:\/\/www.marinapalacehotel.it\/wp-content\/uploads\/2020\/04\/caorle-8-830x550-1.jpg\" alt=\"\" data-id=\"2100\" data-full-url=\"https:\/\/www.marinapalacehotel.it\/wp-content\/uploads\/2020\/04\/caorle-8-830x550-1.jpg\" data-link=\"https:\/\/marinapalacehotel.it\/it\/caorle-e-dintorni\/caorle-8-830x550\/\" class=\"wp-image-2100\" srcset=\"https:\/\/www.marinapalacehotel.it\/wp-content\/uploads\/2020\/04\/caorle-8-830x550-1.jpg 830w, https:\/\/www.marinapalacehotel.it\/wp-content\/uploads\/2020\/04\/caorle-8-830x550-1-300x199.jpg 300w, https:\/\/www.marinapalacehotel.it\/wp-content\/uploads\/2020\/04\/caorle-8-830x550-1-768x509.jpg 768w\" sizes=\"auto, (max-width: 830px) 100vw, 830px\" \/><\/figure><\/li><li class=\"blocks-gallery-item\"><figure><img loading=\"lazy\" decoding=\"async\" width=\"830\" height=\"550\" src=\"https:\/\/www.marinapalacehotel.it\/wp-content\/uploads\/2020\/04\/caorle-7-830x550-1.jpg\" alt=\"\" data-id=\"2106\" data-full-url=\"https:\/\/www.marinapalacehotel.it\/wp-content\/uploads\/2020\/04\/caorle-7-830x550-1.jpg\" data-link=\"https:\/\/marinapalacehotel.it\/it\/caorle-e-dintorni\/caorle-7-830x550\/\" class=\"wp-image-2106\" srcset=\"https:\/\/www.marinapalacehotel.it\/wp-content\/uploads\/2020\/04\/caorle-7-830x550-1.jpg 830w, https:\/\/www.marinapalacehotel.it\/wp-content\/uploads\/2020\/04\/caorle-7-830x550-1-300x199.jpg 300w, https:\/\/www.marinapalacehotel.it\/wp-content\/uploads\/2020\/04\/caorle-7-830x550-1-768x509.jpg 768w\" sizes=\"auto, (max-width: 830px) 100vw, 830px\" \/><\/figure><\/li><li class=\"blocks-gallery-item\"><figure><img loading=\"lazy\" decoding=\"async\" width=\"830\" height=\"550\" src=\"https:\/\/www.marinapalacehotel.it\/wp-content\/uploads\/2020\/04\/caorle-6-830x550-1.jpg\" alt=\"\" data-id=\"2112\" data-full-url=\"https:\/\/www.marinapalacehotel.it\/wp-content\/uploads\/2020\/04\/caorle-6-830x550-1.jpg\" data-link=\"https:\/\/marinapalacehotel.it\/it\/caorle-e-dintorni\/caorle-6-830x550\/\" class=\"wp-image-2112\" srcset=\"https:\/\/www.marinapalacehotel.it\/wp-content\/uploads\/2020\/04\/caorle-6-830x550-1.jpg 830w, https:\/\/www.marinapalacehotel.it\/wp-content\/uploads\/2020\/04\/caorle-6-830x550-1-300x199.jpg 300w, https:\/\/www.marinapalacehotel.it\/wp-content\/uploads\/2020\/04\/caorle-6-830x550-1-768x509.jpg 768w\" sizes=\"auto, (max-width: 830px) 100vw, 830px\" \/><\/figure><\/li><li class=\"blocks-gallery-item\"><figure><img loading=\"lazy\" decoding=\"async\" width=\"830\" height=\"550\" src=\"https:\/\/www.marinapalacehotel.it\/wp-content\/uploads\/2020\/04\/caorle-5-830x550-1.jpg\" alt=\"\" data-id=\"2118\" data-full-url=\"https:\/\/www.marinapalacehotel.it\/wp-content\/uploads\/2020\/04\/caorle-5-830x550-1.jpg\" data-link=\"https:\/\/marinapalacehotel.it\/it\/caorle-e-dintorni\/caorle-5-830x550\/\" class=\"wp-image-2118 is-layout-flex wp-block-gallery-is-layout-flex\" srcset=\"https:\/\/www.marinapalacehotel.it\/wp-content\/uploads\/2020\/04\/caorle-5-830x550-1.jpg 830w, https:\/\/www.marinapalacehotel.it\/wp-content\/uploads\/2020\/04\/caorle-5-830x550-1-300x199.jpg 300w, https:\/\/www.marinapalacehotel.it\/wp-content\/uploads\/2020\/04\/caorle-5-830x550-1-768x509.jpg 768w\" sizes=\"auto, (max-width: 830px) 100vw, 830px\" \/><\/figure><\/li><\/ul><\/figure>\n<\/div><\/div>\n","protected":false},"excerpt":{"rendered":"<p>Ein Urlaub f\u00fcr Familien mit Kindern Urlaub in Caorle Caorle ist ein idealer Ort f\u00fcr Ihren Urlaub am Meer. Sie finden hier ein grazi\u00f6ses historisches Zentrum, in der N\u00e4he von Venedig. Caorle ist ein charakteristisches Dorf von Fischern, farbreichen H\u00e4usern, eine Kirche am Meeresrand, sowohl als auch von der Entdeckung der Lagune. Aber das wirkliche [&hellip;]<\/p>\n","protected":false},"author":1,"featured_media":3152,"parent":0,"menu_order":0,"comment_status":"closed","ping_status":"closed","template":"","meta":{"_acf_changed":false,"_uag_custom_page_level_css":"","advgb_blocks_editor_width":"","advgb_blocks_columns_visual_guide":"","footnotes":""},"class_list":["post-1692","page","type-page","status-publish","has-post-thumbnail","hentry"],"acf":[],"yoast_head":"<!-- This site is optimized with the Yoast SEO plugin v25.7 - https:\/\/yoast.com\/wordpress\/plugins\/seo\/ -->\n<title>Caorle und Umgebung - Marina Palace Hotel 4 Sterne Hotel superior direkt am Meer<\/title>\n<meta name=\"robots\" content=\"index, follow, max-snippet:-1, max-image-preview:large, max-video-preview:-1\" \/>\n<link rel=\"canonical\" href=\"https:\/\/www.marinapalacehotel.it\/de\/caorle-und-umgebung\/\" \/>\n<meta property=\"og:locale\" content=\"de_DE\" \/>\n<meta property=\"og:type\" content=\"article\" \/>\n<meta property=\"og:title\" content=\"Caorle und Umgebung - Marina Palace Hotel 4 Sterne Hotel superior direkt am Meer\" \/>\n<meta property=\"og:description\" content=\"Ein Urlaub f\u00fcr Familien mit Kindern Urlaub in Caorle Caorle ist ein idealer Ort f\u00fcr Ihren Urlaub am Meer. Sie finden hier ein grazi\u00f6ses historisches Zentrum, in der N\u00e4he von Venedig. Caorle ist ein charakteristisches Dorf von Fischern, farbreichen H\u00e4usern, eine Kirche am Meeresrand, sowohl als auch von der Entdeckung der Lagune. Aber das wirkliche [&hellip;]\" \/>\n<meta property=\"og:url\" content=\"https:\/\/www.marinapalacehotel.it\/de\/caorle-und-umgebung\/\" \/>\n<meta property=\"og:site_name\" content=\"Marina Palace Hotel\" \/>\n<meta property=\"article:modified_time\" content=\"2020-04-23T09:36:36+00:00\" \/>\n<meta property=\"og:image\" content=\"https:\/\/www.marinapalacehotel.it\/wp-content\/uploads\/2020\/05\/Marina_palace_hotel_caorle_banner_territorio.jpg\" \/>\n\t<meta property=\"og:image:width\" content=\"1900\" \/>\n\t<meta property=\"og:image:height\" content=\"500\" \/>\n\t<meta property=\"og:image:type\" content=\"image\/jpeg\" \/>\n<meta name=\"twitter:card\" content=\"summary_large_image\" \/>\n<meta name=\"twitter:label1\" content=\"Gesch\u00e4tzte Lesezeit\" \/>\n\t<meta name=\"twitter:data1\" content=\"1\u00a0Minute\" \/>\n<script type=\"application\/ld+json\" class=\"yoast-schema-graph\">{\"@context\":\"https:\/\/schema.org\",\"@graph\":[{\"@type\":\"WebPage\",\"@id\":\"https:\/\/www.marinapalacehotel.it\/de\/caorle-und-umgebung\/\",\"url\":\"https:\/\/www.marinapalacehotel.it\/de\/caorle-und-umgebung\/\",\"name\":\"Caorle und Umgebung - Marina Palace Hotel 4 Sterne Hotel superior direkt am Meer\",\"isPartOf\":{\"@id\":\"https:\/\/www.marinapalacehotel.it\/de\/#website\"},\"primaryImageOfPage\":{\"@id\":\"https:\/\/www.marinapalacehotel.it\/de\/caorle-und-umgebung\/#primaryimage\"},\"image\":{\"@id\":\"https:\/\/www.marinapalacehotel.it\/de\/caorle-und-umgebung\/#primaryimage\"},\"thumbnailUrl\":\"https:\/\/www.marinapalacehotel.it\/wp-content\/uploads\/2020\/05\/Marina_palace_hotel_caorle_banner_territorio.jpg\",\"datePublished\":\"2020-04-06T14:24:24+00:00\",\"dateModified\":\"2020-04-23T09:36:36+00:00\",\"breadcrumb\":{\"@id\":\"https:\/\/www.marinapalacehotel.it\/de\/caorle-und-umgebung\/#breadcrumb\"},\"inLanguage\":\"de\",\"potentialAction\":[{\"@type\":\"ReadAction\",\"target\":[\"https:\/\/www.marinapalacehotel.it\/de\/caorle-und-umgebung\/\"]}]},{\"@type\":\"ImageObject\",\"inLanguage\":\"de\",\"@id\":\"https:\/\/www.marinapalacehotel.it\/de\/caorle-und-umgebung\/#primaryimage\",\"url\":\"https:\/\/www.marinapalacehotel.it\/wp-content\/uploads\/2020\/05\/Marina_palace_hotel_caorle_banner_territorio.jpg\",\"contentUrl\":\"https:\/\/www.marinapalacehotel.it\/wp-content\/uploads\/2020\/05\/Marina_palace_hotel_caorle_banner_territorio.jpg\",\"width\":1900,\"height\":500},{\"@type\":\"BreadcrumbList\",\"@id\":\"https:\/\/www.marinapalacehotel.it\/de\/caorle-und-umgebung\/#breadcrumb\",\"itemListElement\":[{\"@type\":\"ListItem\",\"position\":1,\"name\":\"Home\",\"item\":\"https:\/\/www.marinapalacehotel.it\/de\/\"},{\"@type\":\"ListItem\",\"position\":2,\"name\":\"Caorle und Umgebung\"}]},{\"@type\":\"WebSite\",\"@id\":\"https:\/\/www.marinapalacehotel.it\/de\/#website\",\"url\":\"https:\/\/www.marinapalacehotel.it\/de\/\",\"name\":\"Marina Palace Hotel\",\"description\":\"4 Sterne Hotel superior direkt am Meer\",\"publisher\":{\"@id\":\"https:\/\/www.marinapalacehotel.it\/de\/#organization\"},\"potentialAction\":[{\"@type\":\"SearchAction\",\"target\":{\"@type\":\"EntryPoint\",\"urlTemplate\":\"https:\/\/www.marinapalacehotel.it\/de\/?s={search_term_string}\"},\"query-input\":{\"@type\":\"PropertyValueSpecification\",\"valueRequired\":true,\"valueName\":\"search_term_string\"}}],\"inLanguage\":\"de\"},{\"@type\":\"Organization\",\"@id\":\"https:\/\/www.marinapalacehotel.it\/de\/#organization\",\"name\":\"Marina Palace Hotel\",\"url\":\"https:\/\/www.marinapalacehotel.it\/de\/\",\"logo\":{\"@type\":\"ImageObject\",\"inLanguage\":\"de\",\"@id\":\"https:\/\/www.marinapalacehotel.it\/de\/#\/schema\/logo\/image\/\",\"url\":\"https:\/\/www.marinapalacehotel.it\/wp-content\/uploads\/2020\/05\/cropped-Marina_Palace_Logo.png\",\"contentUrl\":\"https:\/\/www.marinapalacehotel.it\/wp-content\/uploads\/2020\/05\/cropped-Marina_Palace_Logo.png\",\"width\":557,\"height\":100,\"caption\":\"Marina Palace Hotel\"},\"image\":{\"@id\":\"https:\/\/www.marinapalacehotel.it\/de\/#\/schema\/logo\/image\/\"}}]}<\/script>\n<!-- \/ Yoast SEO plugin. -->","yoast_head_json":{"title":"Caorle und Umgebung - Marina Palace Hotel 4 Sterne Hotel superior direkt am Meer","robots":{"index":"index","follow":"follow","max-snippet":"max-snippet:-1","max-image-preview":"max-image-preview:large","max-video-preview":"max-video-preview:-1"},"canonical":"https:\/\/www.marinapalacehotel.it\/de\/caorle-und-umgebung\/","og_locale":"de_DE","og_type":"article","og_title":"Caorle und Umgebung - Marina Palace Hotel 4 Sterne Hotel superior direkt am Meer","og_description":"Ein Urlaub f\u00fcr Familien mit Kindern Urlaub in Caorle Caorle ist ein idealer Ort f\u00fcr Ihren Urlaub am Meer. Sie finden hier ein grazi\u00f6ses historisches Zentrum, in der N\u00e4he von Venedig. Caorle ist ein charakteristisches Dorf von Fischern, farbreichen H\u00e4usern, eine Kirche am Meeresrand, sowohl als auch von der Entdeckung der Lagune. Aber das wirkliche [&hellip;]","og_url":"https:\/\/www.marinapalacehotel.it\/de\/caorle-und-umgebung\/","og_site_name":"Marina Palace Hotel","article_modified_time":"2020-04-23T09:36:36+00:00","og_image":[{"width":1900,"height":500,"url":"https:\/\/www.marinapalacehotel.it\/wp-content\/uploads\/2020\/05\/Marina_palace_hotel_caorle_banner_territorio.jpg","type":"image\/jpeg"}],"twitter_card":"summary_large_image","twitter_misc":{"Gesch\u00e4tzte Lesezeit":"1\u00a0Minute"},"schema":{"@context":"https:\/\/schema.org","@graph":[{"@type":"WebPage","@id":"https:\/\/www.marinapalacehotel.it\/de\/caorle-und-umgebung\/","url":"https:\/\/www.marinapalacehotel.it\/de\/caorle-und-umgebung\/","name":"Caorle und Umgebung - Marina Palace Hotel 4 Sterne Hotel superior direkt am Meer","isPartOf":{"@id":"https:\/\/www.marinapalacehotel.it\/de\/#website"},"primaryImageOfPage":{"@id":"https:\/\/www.marinapalacehotel.it\/de\/caorle-und-umgebung\/#primaryimage"},"image":{"@id":"https:\/\/www.marinapalacehotel.it\/de\/caorle-und-umgebung\/#primaryimage"},"thumbnailUrl":"https:\/\/www.marinapalacehotel.it\/wp-content\/uploads\/2020\/05\/Marina_palace_hotel_caorle_banner_territorio.jpg","datePublished":"2020-04-06T14:24:24+00:00","dateModified":"2020-04-23T09:36:36+00:00","breadcrumb":{"@id":"https:\/\/www.marinapalacehotel.it\/de\/caorle-und-umgebung\/#breadcrumb"},"inLanguage":"de","potentialAction":[{"@type":"ReadAction","target":["https:\/\/www.marinapalacehotel.it\/de\/caorle-und-umgebung\/"]}]},{"@type":"ImageObject","inLanguage":"de","@id":"https:\/\/www.marinapalacehotel.it\/de\/caorle-und-umgebung\/#primaryimage","url":"https:\/\/www.marinapalacehotel.it\/wp-content\/uploads\/2020\/05\/Marina_palace_hotel_caorle_banner_territorio.jpg","contentUrl":"https:\/\/www.marinapalacehotel.it\/wp-content\/uploads\/2020\/05\/Marina_palace_hotel_caorle_banner_territorio.jpg","width":1900,"height":500},{"@type":"BreadcrumbList","@id":"https:\/\/www.marinapalacehotel.it\/de\/caorle-und-umgebung\/#breadcrumb","itemListElement":[{"@type":"ListItem","position":1,"name":"Home","item":"https:\/\/www.marinapalacehotel.it\/de\/"},{"@type":"ListItem","position":2,"name":"Caorle und Umgebung"}]},{"@type":"WebSite","@id":"https:\/\/www.marinapalacehotel.it\/de\/#website","url":"https:\/\/www.marinapalacehotel.it\/de\/","name":"Marina Palace Hotel","description":"4 Sterne Hotel superior direkt am Meer","publisher":{"@id":"https:\/\/www.marinapalacehotel.it\/de\/#organization"},"potentialAction":[{"@type":"SearchAction","target":{"@type":"EntryPoint","urlTemplate":"https:\/\/www.marinapalacehotel.it\/de\/?s={search_term_string}"},"query-input":{"@type":"PropertyValueSpecification","valueRequired":true,"valueName":"search_term_string"}}],"inLanguage":"de"},{"@type":"Organization","@id":"https:\/\/www.marinapalacehotel.it\/de\/#organization","name":"Marina Palace Hotel","url":"https:\/\/www.marinapalacehotel.it\/de\/","logo":{"@type":"ImageObject","inLanguage":"de","@id":"https:\/\/www.marinapalacehotel.it\/de\/#\/schema\/logo\/image\/","url":"https:\/\/www.marinapalacehotel.it\/wp-content\/uploads\/2020\/05\/cropped-Marina_Palace_Logo.png","contentUrl":"https:\/\/www.marinapalacehotel.it\/wp-content\/uploads\/2020\/05\/cropped-Marina_Palace_Logo.png","width":557,"height":100,"caption":"Marina Palace Hotel"},"image":{"@id":"https:\/\/www.marinapalacehotel.it\/de\/#\/schema\/logo\/image\/"}}]}},"uagb_featured_image_src":{"full":["https:\/\/www.marinapalacehotel.it\/wp-content\/uploads\/2020\/05\/Marina_palace_hotel_caorle_banner_territorio.jpg",1900,500,false],"thumbnail":["https:\/\/www.marinapalacehotel.it\/wp-content\/uploads\/2020\/05\/Marina_palace_hotel_caorle_banner_territorio-150x150.jpg",150,150,true],"medium":["https:\/\/www.marinapalacehotel.it\/wp-content\/uploads\/2020\/05\/Marina_palace_hotel_caorle_banner_territorio-300x79.jpg",300,79,true],"medium_large":["https:\/\/www.marinapalacehotel.it\/wp-content\/uploads\/2020\/05\/Marina_palace_hotel_caorle_banner_territorio-768x202.jpg",580,153,true],"large":["https:\/\/www.marinapalacehotel.it\/wp-content\/uploads\/2020\/05\/Marina_palace_hotel_caorle_banner_territorio-1024x269.jpg",580,152,true],"1536x1536":["https:\/\/www.marinapalacehotel.it\/wp-content\/uploads\/2020\/05\/Marina_palace_hotel_caorle_banner_territorio-1536x404.jpg",1536,404,true],"2048x2048":["https:\/\/www.marinapalacehotel.it\/wp-content\/uploads\/2020\/05\/Marina_palace_hotel_caorle_banner_territorio.jpg",1900,500,false],"post-thumbnail":["https:\/\/www.marinapalacehotel.it\/wp-content\/uploads\/2020\/05\/Marina_palace_hotel_caorle_banner_territorio-1200x316.jpg",1200,316,true],"twentytwenty-fullscreen":["https:\/\/www.marinapalacehotel.it\/wp-content\/uploads\/2020\/05\/Marina_palace_hotel_caorle_banner_territorio.jpg",1900,500,false]},"uagb_author_info":{"display_name":"3r4cl3-p4l4","author_link":"https:\/\/www.marinapalacehotel.it\/de\/author\/3r4cl3-p4l4\/"},"uagb_comment_info":0,"uagb_excerpt":"Ein Urlaub f\u00fcr Familien mit Kindern Urlaub in Caorle Caorle ist ein idealer Ort f\u00fcr Ihren Urlaub am Meer. Sie finden hier ein grazi\u00f6ses historisches Zentrum, in der N\u00e4he von Venedig. Caorle ist ein charakteristisches Dorf von Fischern, farbreichen H\u00e4usern, eine Kirche am Meeresrand, sowohl als auch von der Entdeckung der Lagune. Aber das wirkliche&hellip;","coauthors":[],"author_meta":{"author_link":"https:\/\/www.marinapalacehotel.it\/de\/author\/3r4cl3-p4l4\/","display_name":"3r4cl3-p4l4"},"relative_dates":{"created":"Posted 6\u00a0Jahren ago","modified":"Updated 6\u00a0Jahren ago"},"absolute_dates":{"created":"Posted on 6 April 2020","modified":"Updated on 23 April 2020"},"absolute_dates_time":{"created":"Posted on 6 April 2020 16:24","modified":"Updated on 23 April 2020 11:36"},"featured_img_caption":"","featured_img":"https:\/\/www.marinapalacehotel.it\/wp-content\/uploads\/2020\/05\/Marina_palace_hotel_caorle_banner_territorio-1200x316.jpg","series_order":"","_links":{"self":[{"href":"https:\/\/www.marinapalacehotel.it\/de\/wp-json\/wp\/v2\/pages\/1692","targetHints":{"allow":["GET"]}}],"collection":[{"href":"https:\/\/www.marinapalacehotel.it\/de\/wp-json\/wp\/v2\/pages"}],"about":[{"href":"https:\/\/www.marinapalacehotel.it\/de\/wp-json\/wp\/v2\/types\/page"}],"author":[{"embeddable":true,"href":"https:\/\/www.marinapalacehotel.it\/de\/wp-json\/wp\/v2\/users\/1"}],"replies":[{"embeddable":true,"href":"https:\/\/www.marinapalacehotel.it\/de\/wp-json\/wp\/v2\/comments?post=1692"}],"version-history":[{"count":0,"href":"https:\/\/www.marinapalacehotel.it\/de\/wp-json\/wp\/v2\/pages\/1692\/revisions"}],"wp:featuredmedia":[{"embeddable":true,"href":"https:\/\/www.marinapalacehotel.it\/de\/wp-json\/wp\/v2\/media\/3152"}],"wp:attachment":[{"href":"https:\/\/www.marinapalacehotel.it\/de\/wp-json\/wp\/v2\/media?parent=1692"}],"curies":[{"name":"wp","href":"https:\/\/api.w.org\/{rel}","templated":true}]}}