{"id":1685,"date":"2020-03-30T15:32:21","date_gmt":"2020-03-30T13:32:21","guid":{"rendered":"https:\/\/marina.promoservicebeta.com\/baby-room\/"},"modified":"2020-05-05T08:59:25","modified_gmt":"2020-05-05T06:59:25","slug":"baby-room","status":"publish","type":"page","link":"https:\/\/www.marinapalacehotel.it\/de\/baby-room\/","title":{"rendered":"Baby room"},"content":{"rendered":"\n<div style=\"height:40px\" aria-hidden=\"true\" class=\"wp-block-spacer\"><\/div>\n\n\n\n<div class=\"wp-block-group promo-marinaint-1\"><div class=\"wp-block-group__inner-container is-layout-flow wp-block-group-is-layout-flow\">\n<h3 class=\"wp-block-heading\">Exklusiver Service f\u00fcr Babys und M\u00fctter<\/h3>\n\n\n\n<h2 class=\"wp-block-heading\">4-Stern-hotel mit Baby-Raum in Caorle<\/h2>\n\n\n\n<p>Marina Palace Hotel verf\u00fcgt \u00fcber einen <strong>Baby-Raum<\/strong>, eigens erstellt  und f\u00fcr alle <strong>M\u00fctter<\/strong> zug\u00e4nglich um <strong>Babynahrung<\/strong> zuzubereiten.<\/p>\n\n\n\n<p>Der Baby-Raum ist <strong>rund um die Uhr ge\u00f6ffnet<\/strong>.<\/p>\n\n\n\n<div class=\"wp-block-columns is-layout-flex wp-container-core-columns-is-layout-9d6595d7 wp-block-columns-is-layout-flex\">\n<div class=\"wp-block-column is-layout-flow wp-block-column-is-layout-flow\">\n<p>Es bietet:<\/p>\n\n\n\n<ul class=\"wp-block-list\"><li>Hochst\u00fchle<\/li><li>Tische<\/li><li>Sessel<\/li><li>Wickeltische<\/li><\/ul>\n<\/div>\n\n\n\n<div class=\"wp-block-column is-layout-flow wp-block-column-is-layout-flow\">\n<p>Die Kochecke besteht aus:<\/p>\n\n\n\n<ul class=\"wp-block-list\"><li>Fl\u00e4schchenw\u00e4rmer<\/li><li>Mikrowelle<\/li><li>K\u00fchlschrank<\/li><\/ul>\n<\/div>\n<\/div>\n\n\n\n<p>Die Kochecke ist auch mit allem ausgestattet, was zum Erhitzen von Lebensmitteln f\u00fcr Kinder ben\u00f6tigt wird.<\/p>\n\n\n\n<p>Ein <strong>ruhiger Platz<\/strong> und ein famili\u00e4res Ambiente \u2013 kreiert um die Notwendigkeiten von <strong>Familien mit Babys<\/strong> zu erf\u00fcllen.<\/p>\n<\/div><\/div>\n\n\n\n<div class=\"wp-block-group promo-marinaint-2\"><div class=\"wp-block-group__inner-container is-layout-flow wp-block-group-is-layout-flow\">\n<figure class=\"wp-block-image size-large\"><img loading=\"lazy\" decoding=\"async\" width=\"1024\" height=\"572\" src=\"https:\/\/www.marinapalacehotel.it\/wp-content\/uploads\/2020\/04\/the_area_baby_room-1024x572.jpg\" alt=\"\" class=\"wp-image-2304\" srcset=\"https:\/\/www.marinapalacehotel.it\/wp-content\/uploads\/2020\/04\/the_area_baby_room-1024x572.jpg 1024w, https:\/\/www.marinapalacehotel.it\/wp-content\/uploads\/2020\/04\/the_area_baby_room-300x168.jpg 300w, https:\/\/www.marinapalacehotel.it\/wp-content\/uploads\/2020\/04\/the_area_baby_room-768x429.jpg 768w, https:\/\/www.marinapalacehotel.it\/wp-content\/uploads\/2020\/04\/the_area_baby_room-1536x858.jpg 1536w, https:\/\/www.marinapalacehotel.it\/wp-content\/uploads\/2020\/04\/the_area_baby_room-1200x670.jpg 1200w, https:\/\/www.marinapalacehotel.it\/wp-content\/uploads\/2020\/04\/the_area_baby_room.jpg 1790w\" sizes=\"auto, (max-width: 1024px) 100vw, 1024px\" \/><\/figure>\n<\/div><\/div>\n\n\n\n<div style=\"height:40px\" aria-hidden=\"true\" class=\"wp-block-spacer\"><\/div>\n","protected":false},"excerpt":{"rendered":"<p>Exklusiver Service f\u00fcr Babys und M\u00fctter 4-Stern-hotel mit Baby-Raum in Caorle Marina Palace Hotel verf\u00fcgt \u00fcber einen Baby-Raum, eigens erstellt und f\u00fcr alle M\u00fctter zug\u00e4nglich um Babynahrung zuzubereiten. Der Baby-Raum ist rund um die Uhr ge\u00f6ffnet. Es bietet: Hochst\u00fchle Tische Sessel Wickeltische Die Kochecke besteht aus: Fl\u00e4schchenw\u00e4rmer Mikrowelle K\u00fchlschrank Die Kochecke ist auch mit allem [&hellip;]<\/p>\n","protected":false},"author":1,"featured_media":3263,"parent":0,"menu_order":0,"comment_status":"closed","ping_status":"closed","template":"","meta":{"_acf_changed":false,"_uag_custom_page_level_css":"","advgb_blocks_editor_width":"","advgb_blocks_columns_visual_guide":"","footnotes":""},"class_list":["post-1685","page","type-page","status-publish","has-post-thumbnail","hentry"],"acf":[],"yoast_head":"<!-- This site is optimized with the Yoast SEO plugin v25.7 - https:\/\/yoast.com\/wordpress\/plugins\/seo\/ -->\n<title>Baby room - Marina Palace Hotel 4 Sterne Hotel superior direkt am Meer<\/title>\n<meta name=\"robots\" content=\"index, follow, max-snippet:-1, max-image-preview:large, max-video-preview:-1\" \/>\n<link rel=\"canonical\" href=\"https:\/\/www.marinapalacehotel.it\/de\/baby-room\/\" \/>\n<meta property=\"og:locale\" content=\"de_DE\" \/>\n<meta property=\"og:type\" content=\"article\" \/>\n<meta property=\"og:title\" content=\"Baby room - Marina Palace Hotel 4 Sterne Hotel superior direkt am Meer\" \/>\n<meta property=\"og:description\" content=\"Exklusiver Service f\u00fcr Babys und M\u00fctter 4-Stern-hotel mit Baby-Raum in Caorle Marina Palace Hotel verf\u00fcgt \u00fcber einen Baby-Raum, eigens erstellt und f\u00fcr alle M\u00fctter zug\u00e4nglich um Babynahrung zuzubereiten. Der Baby-Raum ist rund um die Uhr ge\u00f6ffnet. Es bietet: Hochst\u00fchle Tische Sessel Wickeltische Die Kochecke besteht aus: Fl\u00e4schchenw\u00e4rmer Mikrowelle K\u00fchlschrank Die Kochecke ist auch mit allem [&hellip;]\" \/>\n<meta property=\"og:url\" content=\"https:\/\/www.marinapalacehotel.it\/de\/baby-room\/\" \/>\n<meta property=\"og:site_name\" content=\"Marina Palace Hotel\" \/>\n<meta property=\"article:modified_time\" content=\"2020-05-05T06:59:25+00:00\" \/>\n<meta property=\"og:image\" content=\"https:\/\/www.marinapalacehotel.it\/wp-content\/uploads\/2020\/05\/Marina_palace_hotel_caorle_banner_baby_room.jpg\" \/>\n\t<meta property=\"og:image:width\" content=\"1900\" \/>\n\t<meta property=\"og:image:height\" content=\"500\" \/>\n\t<meta property=\"og:image:type\" content=\"image\/jpeg\" \/>\n<meta name=\"twitter:card\" content=\"summary_large_image\" \/>\n<script type=\"application\/ld+json\" class=\"yoast-schema-graph\">{\"@context\":\"https:\/\/schema.org\",\"@graph\":[{\"@type\":\"WebPage\",\"@id\":\"https:\/\/www.marinapalacehotel.it\/de\/baby-room\/\",\"url\":\"https:\/\/www.marinapalacehotel.it\/de\/baby-room\/\",\"name\":\"Baby room - Marina Palace Hotel 4 Sterne Hotel superior direkt am Meer\",\"isPartOf\":{\"@id\":\"https:\/\/www.marinapalacehotel.it\/de\/#website\"},\"primaryImageOfPage\":{\"@id\":\"https:\/\/www.marinapalacehotel.it\/de\/baby-room\/#primaryimage\"},\"image\":{\"@id\":\"https:\/\/www.marinapalacehotel.it\/de\/baby-room\/#primaryimage\"},\"thumbnailUrl\":\"https:\/\/www.marinapalacehotel.it\/wp-content\/uploads\/2020\/05\/Marina_palace_hotel_caorle_banner_baby_room.jpg\",\"datePublished\":\"2020-03-30T13:32:21+00:00\",\"dateModified\":\"2020-05-05T06:59:25+00:00\",\"breadcrumb\":{\"@id\":\"https:\/\/www.marinapalacehotel.it\/de\/baby-room\/#breadcrumb\"},\"inLanguage\":\"de\",\"potentialAction\":[{\"@type\":\"ReadAction\",\"target\":[\"https:\/\/www.marinapalacehotel.it\/de\/baby-room\/\"]}]},{\"@type\":\"ImageObject\",\"inLanguage\":\"de\",\"@id\":\"https:\/\/www.marinapalacehotel.it\/de\/baby-room\/#primaryimage\",\"url\":\"https:\/\/www.marinapalacehotel.it\/wp-content\/uploads\/2020\/05\/Marina_palace_hotel_caorle_banner_baby_room.jpg\",\"contentUrl\":\"https:\/\/www.marinapalacehotel.it\/wp-content\/uploads\/2020\/05\/Marina_palace_hotel_caorle_banner_baby_room.jpg\",\"width\":1900,\"height\":500},{\"@type\":\"BreadcrumbList\",\"@id\":\"https:\/\/www.marinapalacehotel.it\/de\/baby-room\/#breadcrumb\",\"itemListElement\":[{\"@type\":\"ListItem\",\"position\":1,\"name\":\"Home\",\"item\":\"https:\/\/www.marinapalacehotel.it\/de\/\"},{\"@type\":\"ListItem\",\"position\":2,\"name\":\"Baby room\"}]},{\"@type\":\"WebSite\",\"@id\":\"https:\/\/www.marinapalacehotel.it\/de\/#website\",\"url\":\"https:\/\/www.marinapalacehotel.it\/de\/\",\"name\":\"Marina Palace Hotel\",\"description\":\"4 Sterne Hotel superior direkt am Meer\",\"publisher\":{\"@id\":\"https:\/\/www.marinapalacehotel.it\/de\/#organization\"},\"potentialAction\":[{\"@type\":\"SearchAction\",\"target\":{\"@type\":\"EntryPoint\",\"urlTemplate\":\"https:\/\/www.marinapalacehotel.it\/de\/?s={search_term_string}\"},\"query-input\":{\"@type\":\"PropertyValueSpecification\",\"valueRequired\":true,\"valueName\":\"search_term_string\"}}],\"inLanguage\":\"de\"},{\"@type\":\"Organization\",\"@id\":\"https:\/\/www.marinapalacehotel.it\/de\/#organization\",\"name\":\"Marina Palace Hotel\",\"url\":\"https:\/\/www.marinapalacehotel.it\/de\/\",\"logo\":{\"@type\":\"ImageObject\",\"inLanguage\":\"de\",\"@id\":\"https:\/\/www.marinapalacehotel.it\/de\/#\/schema\/logo\/image\/\",\"url\":\"https:\/\/www.marinapalacehotel.it\/wp-content\/uploads\/2020\/05\/cropped-Marina_Palace_Logo.png\",\"contentUrl\":\"https:\/\/www.marinapalacehotel.it\/wp-content\/uploads\/2020\/05\/cropped-Marina_Palace_Logo.png\",\"width\":557,\"height\":100,\"caption\":\"Marina Palace Hotel\"},\"image\":{\"@id\":\"https:\/\/www.marinapalacehotel.it\/de\/#\/schema\/logo\/image\/\"}}]}<\/script>\n<!-- \/ Yoast SEO plugin. -->","yoast_head_json":{"title":"Baby room - Marina Palace Hotel 4 Sterne Hotel superior direkt am Meer","robots":{"index":"index","follow":"follow","max-snippet":"max-snippet:-1","max-image-preview":"max-image-preview:large","max-video-preview":"max-video-preview:-1"},"canonical":"https:\/\/www.marinapalacehotel.it\/de\/baby-room\/","og_locale":"de_DE","og_type":"article","og_title":"Baby room - Marina Palace Hotel 4 Sterne Hotel superior direkt am Meer","og_description":"Exklusiver Service f\u00fcr Babys und M\u00fctter 4-Stern-hotel mit Baby-Raum in Caorle Marina Palace Hotel verf\u00fcgt \u00fcber einen Baby-Raum, eigens erstellt und f\u00fcr alle M\u00fctter zug\u00e4nglich um Babynahrung zuzubereiten. Der Baby-Raum ist rund um die Uhr ge\u00f6ffnet. Es bietet: Hochst\u00fchle Tische Sessel Wickeltische Die Kochecke besteht aus: Fl\u00e4schchenw\u00e4rmer Mikrowelle K\u00fchlschrank Die Kochecke ist auch mit allem [&hellip;]","og_url":"https:\/\/www.marinapalacehotel.it\/de\/baby-room\/","og_site_name":"Marina Palace Hotel","article_modified_time":"2020-05-05T06:59:25+00:00","og_image":[{"width":1900,"height":500,"url":"https:\/\/www.marinapalacehotel.it\/wp-content\/uploads\/2020\/05\/Marina_palace_hotel_caorle_banner_baby_room.jpg","type":"image\/jpeg"}],"twitter_card":"summary_large_image","schema":{"@context":"https:\/\/schema.org","@graph":[{"@type":"WebPage","@id":"https:\/\/www.marinapalacehotel.it\/de\/baby-room\/","url":"https:\/\/www.marinapalacehotel.it\/de\/baby-room\/","name":"Baby room - Marina Palace Hotel 4 Sterne Hotel superior direkt am Meer","isPartOf":{"@id":"https:\/\/www.marinapalacehotel.it\/de\/#website"},"primaryImageOfPage":{"@id":"https:\/\/www.marinapalacehotel.it\/de\/baby-room\/#primaryimage"},"image":{"@id":"https:\/\/www.marinapalacehotel.it\/de\/baby-room\/#primaryimage"},"thumbnailUrl":"https:\/\/www.marinapalacehotel.it\/wp-content\/uploads\/2020\/05\/Marina_palace_hotel_caorle_banner_baby_room.jpg","datePublished":"2020-03-30T13:32:21+00:00","dateModified":"2020-05-05T06:59:25+00:00","breadcrumb":{"@id":"https:\/\/www.marinapalacehotel.it\/de\/baby-room\/#breadcrumb"},"inLanguage":"de","potentialAction":[{"@type":"ReadAction","target":["https:\/\/www.marinapalacehotel.it\/de\/baby-room\/"]}]},{"@type":"ImageObject","inLanguage":"de","@id":"https:\/\/www.marinapalacehotel.it\/de\/baby-room\/#primaryimage","url":"https:\/\/www.marinapalacehotel.it\/wp-content\/uploads\/2020\/05\/Marina_palace_hotel_caorle_banner_baby_room.jpg","contentUrl":"https:\/\/www.marinapalacehotel.it\/wp-content\/uploads\/2020\/05\/Marina_palace_hotel_caorle_banner_baby_room.jpg","width":1900,"height":500},{"@type":"BreadcrumbList","@id":"https:\/\/www.marinapalacehotel.it\/de\/baby-room\/#breadcrumb","itemListElement":[{"@type":"ListItem","position":1,"name":"Home","item":"https:\/\/www.marinapalacehotel.it\/de\/"},{"@type":"ListItem","position":2,"name":"Baby room"}]},{"@type":"WebSite","@id":"https:\/\/www.marinapalacehotel.it\/de\/#website","url":"https:\/\/www.marinapalacehotel.it\/de\/","name":"Marina Palace Hotel","description":"4 Sterne Hotel superior direkt am Meer","publisher":{"@id":"https:\/\/www.marinapalacehotel.it\/de\/#organization"},"potentialAction":[{"@type":"SearchAction","target":{"@type":"EntryPoint","urlTemplate":"https:\/\/www.marinapalacehotel.it\/de\/?s={search_term_string}"},"query-input":{"@type":"PropertyValueSpecification","valueRequired":true,"valueName":"search_term_string"}}],"inLanguage":"de"},{"@type":"Organization","@id":"https:\/\/www.marinapalacehotel.it\/de\/#organization","name":"Marina Palace Hotel","url":"https:\/\/www.marinapalacehotel.it\/de\/","logo":{"@type":"ImageObject","inLanguage":"de","@id":"https:\/\/www.marinapalacehotel.it\/de\/#\/schema\/logo\/image\/","url":"https:\/\/www.marinapalacehotel.it\/wp-content\/uploads\/2020\/05\/cropped-Marina_Palace_Logo.png","contentUrl":"https:\/\/www.marinapalacehotel.it\/wp-content\/uploads\/2020\/05\/cropped-Marina_Palace_Logo.png","width":557,"height":100,"caption":"Marina Palace Hotel"},"image":{"@id":"https:\/\/www.marinapalacehotel.it\/de\/#\/schema\/logo\/image\/"}}]}},"uagb_featured_image_src":{"full":["https:\/\/www.marinapalacehotel.it\/wp-content\/uploads\/2020\/05\/Marina_palace_hotel_caorle_banner_baby_room.jpg",1900,500,false],"thumbnail":["https:\/\/www.marinapalacehotel.it\/wp-content\/uploads\/2020\/05\/Marina_palace_hotel_caorle_banner_baby_room-150x150.jpg",150,150,true],"medium":["https:\/\/www.marinapalacehotel.it\/wp-content\/uploads\/2020\/05\/Marina_palace_hotel_caorle_banner_baby_room-300x79.jpg",300,79,true],"medium_large":["https:\/\/www.marinapalacehotel.it\/wp-content\/uploads\/2020\/05\/Marina_palace_hotel_caorle_banner_baby_room-768x202.jpg",580,153,true],"large":["https:\/\/www.marinapalacehotel.it\/wp-content\/uploads\/2020\/05\/Marina_palace_hotel_caorle_banner_baby_room-1024x269.jpg",580,152,true],"1536x1536":["https:\/\/www.marinapalacehotel.it\/wp-content\/uploads\/2020\/05\/Marina_palace_hotel_caorle_banner_baby_room-1536x404.jpg",1536,404,true],"2048x2048":["https:\/\/www.marinapalacehotel.it\/wp-content\/uploads\/2020\/05\/Marina_palace_hotel_caorle_banner_baby_room.jpg",1900,500,false],"post-thumbnail":["https:\/\/www.marinapalacehotel.it\/wp-content\/uploads\/2020\/05\/Marina_palace_hotel_caorle_banner_baby_room-1200x316.jpg",1200,316,true],"twentytwenty-fullscreen":["https:\/\/www.marinapalacehotel.it\/wp-content\/uploads\/2020\/05\/Marina_palace_hotel_caorle_banner_baby_room.jpg",1900,500,false]},"uagb_author_info":{"display_name":"3r4cl3-p4l4","author_link":"https:\/\/www.marinapalacehotel.it\/de\/author\/3r4cl3-p4l4\/"},"uagb_comment_info":0,"uagb_excerpt":"Exklusiver Service f\u00fcr Babys und M\u00fctter 4-Stern-hotel mit Baby-Raum in Caorle Marina Palace Hotel verf\u00fcgt \u00fcber einen Baby-Raum, eigens erstellt und f\u00fcr alle M\u00fctter zug\u00e4nglich um Babynahrung zuzubereiten. Der Baby-Raum ist rund um die Uhr ge\u00f6ffnet. Es bietet: Hochst\u00fchle Tische Sessel Wickeltische Die Kochecke besteht aus: Fl\u00e4schchenw\u00e4rmer Mikrowelle K\u00fchlschrank Die Kochecke ist auch mit allem&hellip;","coauthors":[],"author_meta":{"author_link":"https:\/\/www.marinapalacehotel.it\/de\/author\/3r4cl3-p4l4\/","display_name":"3r4cl3-p4l4"},"relative_dates":{"created":"Posted 6\u00a0Jahren ago","modified":"Updated 6\u00a0Jahren ago"},"absolute_dates":{"created":"Posted on 30 M\u00e4rz 2020","modified":"Updated on 5 Mai 2020"},"absolute_dates_time":{"created":"Posted on 30 M\u00e4rz 2020 15:32","modified":"Updated on 5 Mai 2020 08:59"},"featured_img_caption":"","featured_img":"https:\/\/www.marinapalacehotel.it\/wp-content\/uploads\/2020\/05\/Marina_palace_hotel_caorle_banner_baby_room-1200x316.jpg","series_order":"","_links":{"self":[{"href":"https:\/\/www.marinapalacehotel.it\/de\/wp-json\/wp\/v2\/pages\/1685","targetHints":{"allow":["GET"]}}],"collection":[{"href":"https:\/\/www.marinapalacehotel.it\/de\/wp-json\/wp\/v2\/pages"}],"about":[{"href":"https:\/\/www.marinapalacehotel.it\/de\/wp-json\/wp\/v2\/types\/page"}],"author":[{"embeddable":true,"href":"https:\/\/www.marinapalacehotel.it\/de\/wp-json\/wp\/v2\/users\/1"}],"replies":[{"embeddable":true,"href":"https:\/\/www.marinapalacehotel.it\/de\/wp-json\/wp\/v2\/comments?post=1685"}],"version-history":[{"count":1,"href":"https:\/\/www.marinapalacehotel.it\/de\/wp-json\/wp\/v2\/pages\/1685\/revisions"}],"predecessor-version":[{"id":2600,"href":"https:\/\/www.marinapalacehotel.it\/de\/wp-json\/wp\/v2\/pages\/1685\/revisions\/2600"}],"wp:featuredmedia":[{"embeddable":true,"href":"https:\/\/www.marinapalacehotel.it\/de\/wp-json\/wp\/v2\/media\/3263"}],"wp:attachment":[{"href":"https:\/\/www.marinapalacehotel.it\/de\/wp-json\/wp\/v2\/media?parent=1685"}],"curies":[{"name":"wp","href":"https:\/\/api.w.org\/{rel}","templated":true}]}}