{"id":1492,"date":"2020-03-30T15:15:31","date_gmt":"2020-03-30T13:15:31","guid":{"rendered":"https:\/\/marina.promoservicebeta.com\/area-fitness\/"},"modified":"2020-04-08T10:14:31","modified_gmt":"2020-04-08T08:14:31","slug":"fitnessraum","status":"publish","type":"page","link":"https:\/\/www.marinapalacehotel.it\/de\/fitnessraum\/","title":{"rendered":"Fitnessraum"},"content":{"rendered":"\n<div style=\"height:40px\" aria-hidden=\"true\" class=\"wp-block-spacer\"><\/div>\n\n\n\n<div class=\"wp-block-group promo-marinaint-1\"><div class=\"wp-block-group__inner-container is-layout-flow wp-block-group-is-layout-flow\">\n<h3 class=\"wp-block-heading\">Trainieren Sie sich mit den modernsten Einrichtungen<\/h3>\n\n\n\n<h2 class=\"wp-block-heading\">4 Sterne Hotel mit Fitnessraum in Caorle<\/h2>\n\n\n\n<p>Das Marina Palace Hotel bietet seinen G\u00e4sten ein <strong>Fitness Bereich<\/strong> f\u00fcr denjenigen der in Form bleiben m\u00f6chte, auch w\u00e4hrend seinem Urlaub.<\/p>\n\n\n\n<p>Mit den <strong>modernsten Einrichtungen ausgestatet<\/strong>, verf\u00fcgt es \u00fcber einen Tapis-Roulant, Cyclette, Crosstrainer, Cable Station um sich in pers\u00f6hnlicher Form halten zu k\u00f6nnen. Unser Fitnessraum verf\u00fcgt auch \u00fcber Sportger\u00e4te wie Hanteln und Gewichte, mit denen Sie Ihren K\u00f6rper frei trainieren k\u00f6nnen.<\/p>\n\n\n\n<p>Der Fitnessraum ist <strong>t\u00e4glich ge\u00f6ffnet<\/strong>.<\/p>\n<\/div><\/div>\n\n\n\n<div class=\"wp-block-group promo-marinaint-2\"><div class=\"wp-block-group__inner-container is-layout-flow wp-block-group-is-layout-flow\">\n<figure class=\"wp-block-image size-large\"><img loading=\"lazy\" decoding=\"async\" width=\"1024\" height=\"572\" src=\"https:\/\/www.marinapalacehotel.it\/wp-content\/uploads\/2020\/03\/Pagina_Fitness_Intro-1024x572.jpg\" alt=\"\" class=\"wp-image-1243\" srcset=\"https:\/\/www.marinapalacehotel.it\/wp-content\/uploads\/2020\/03\/Pagina_Fitness_Intro-1024x572.jpg 1024w, https:\/\/www.marinapalacehotel.it\/wp-content\/uploads\/2020\/03\/Pagina_Fitness_Intro-300x168.jpg 300w, https:\/\/www.marinapalacehotel.it\/wp-content\/uploads\/2020\/03\/Pagina_Fitness_Intro-768x429.jpg 768w, https:\/\/www.marinapalacehotel.it\/wp-content\/uploads\/2020\/03\/Pagina_Fitness_Intro-1536x858.jpg 1536w, https:\/\/www.marinapalacehotel.it\/wp-content\/uploads\/2020\/03\/Pagina_Fitness_Intro-1200x670.jpg 1200w, https:\/\/www.marinapalacehotel.it\/wp-content\/uploads\/2020\/03\/Pagina_Fitness_Intro.jpg 1790w\" sizes=\"auto, (max-width: 1024px) 100vw, 1024px\" \/><\/figure>\n<\/div><\/div>\n\n\n\n<div style=\"height:40px\" aria-hidden=\"true\" class=\"wp-block-spacer\"><\/div>\n","protected":false},"excerpt":{"rendered":"<p>Trainieren Sie sich mit den modernsten Einrichtungen 4 Sterne Hotel mit Fitnessraum in Caorle Das Marina Palace Hotel bietet seinen G\u00e4sten ein Fitness Bereich f\u00fcr denjenigen der in Form bleiben m\u00f6chte, auch w\u00e4hrend seinem Urlaub. Mit den modernsten Einrichtungen ausgestatet, verf\u00fcgt es \u00fcber einen Tapis-Roulant, Cyclette, Crosstrainer, Cable Station um sich in pers\u00f6hnlicher Form halten [&hellip;]<\/p>\n","protected":false},"author":1,"featured_media":3028,"parent":0,"menu_order":0,"comment_status":"closed","ping_status":"closed","template":"","meta":{"_acf_changed":false,"_uag_custom_page_level_css":"","advgb_blocks_editor_width":"","advgb_blocks_columns_visual_guide":"","footnotes":""},"class_list":["post-1492","page","type-page","status-publish","has-post-thumbnail","hentry"],"acf":[],"yoast_head":"<!-- This site is optimized with the Yoast SEO plugin v25.7 - https:\/\/yoast.com\/wordpress\/plugins\/seo\/ -->\n<title>Fitnessraum - Marina Palace Hotel 4 Sterne Hotel superior direkt am Meer<\/title>\n<meta name=\"robots\" content=\"index, follow, max-snippet:-1, max-image-preview:large, max-video-preview:-1\" \/>\n<link rel=\"canonical\" href=\"https:\/\/www.marinapalacehotel.it\/de\/fitnessraum\/\" \/>\n<meta property=\"og:locale\" content=\"de_DE\" \/>\n<meta property=\"og:type\" content=\"article\" \/>\n<meta property=\"og:title\" content=\"Fitnessraum - Marina Palace Hotel 4 Sterne Hotel superior direkt am Meer\" \/>\n<meta property=\"og:description\" content=\"Trainieren Sie sich mit den modernsten Einrichtungen 4 Sterne Hotel mit Fitnessraum in Caorle Das Marina Palace Hotel bietet seinen G\u00e4sten ein Fitness Bereich f\u00fcr denjenigen der in Form bleiben m\u00f6chte, auch w\u00e4hrend seinem Urlaub. Mit den modernsten Einrichtungen ausgestatet, verf\u00fcgt es \u00fcber einen Tapis-Roulant, Cyclette, Crosstrainer, Cable Station um sich in pers\u00f6hnlicher Form halten [&hellip;]\" \/>\n<meta property=\"og:url\" content=\"https:\/\/www.marinapalacehotel.it\/de\/fitnessraum\/\" \/>\n<meta property=\"og:site_name\" content=\"Marina Palace Hotel\" \/>\n<meta property=\"article:modified_time\" content=\"2020-04-08T08:14:31+00:00\" \/>\n<meta property=\"og:image\" content=\"https:\/\/www.marinapalacehotel.it\/wp-content\/uploads\/2020\/05\/Marina_palace_hotel_caorle_banner_palestra.png\" \/>\n\t<meta property=\"og:image:width\" content=\"1900\" \/>\n\t<meta property=\"og:image:height\" content=\"500\" \/>\n\t<meta property=\"og:image:type\" content=\"image\/png\" \/>\n<meta name=\"twitter:card\" content=\"summary_large_image\" \/>\n<script type=\"application\/ld+json\" class=\"yoast-schema-graph\">{\"@context\":\"https:\/\/schema.org\",\"@graph\":[{\"@type\":\"WebPage\",\"@id\":\"https:\/\/www.marinapalacehotel.it\/de\/fitnessraum\/\",\"url\":\"https:\/\/www.marinapalacehotel.it\/de\/fitnessraum\/\",\"name\":\"Fitnessraum - Marina Palace Hotel 4 Sterne Hotel superior direkt am Meer\",\"isPartOf\":{\"@id\":\"https:\/\/www.marinapalacehotel.it\/de\/#website\"},\"primaryImageOfPage\":{\"@id\":\"https:\/\/www.marinapalacehotel.it\/de\/fitnessraum\/#primaryimage\"},\"image\":{\"@id\":\"https:\/\/www.marinapalacehotel.it\/de\/fitnessraum\/#primaryimage\"},\"thumbnailUrl\":\"https:\/\/www.marinapalacehotel.it\/wp-content\/uploads\/2020\/05\/Marina_palace_hotel_caorle_banner_palestra.png\",\"datePublished\":\"2020-03-30T13:15:31+00:00\",\"dateModified\":\"2020-04-08T08:14:31+00:00\",\"breadcrumb\":{\"@id\":\"https:\/\/www.marinapalacehotel.it\/de\/fitnessraum\/#breadcrumb\"},\"inLanguage\":\"de\",\"potentialAction\":[{\"@type\":\"ReadAction\",\"target\":[\"https:\/\/www.marinapalacehotel.it\/de\/fitnessraum\/\"]}]},{\"@type\":\"ImageObject\",\"inLanguage\":\"de\",\"@id\":\"https:\/\/www.marinapalacehotel.it\/de\/fitnessraum\/#primaryimage\",\"url\":\"https:\/\/www.marinapalacehotel.it\/wp-content\/uploads\/2020\/05\/Marina_palace_hotel_caorle_banner_palestra.png\",\"contentUrl\":\"https:\/\/www.marinapalacehotel.it\/wp-content\/uploads\/2020\/05\/Marina_palace_hotel_caorle_banner_palestra.png\",\"width\":1900,\"height\":500},{\"@type\":\"BreadcrumbList\",\"@id\":\"https:\/\/www.marinapalacehotel.it\/de\/fitnessraum\/#breadcrumb\",\"itemListElement\":[{\"@type\":\"ListItem\",\"position\":1,\"name\":\"Home\",\"item\":\"https:\/\/www.marinapalacehotel.it\/de\/\"},{\"@type\":\"ListItem\",\"position\":2,\"name\":\"Fitnessraum\"}]},{\"@type\":\"WebSite\",\"@id\":\"https:\/\/www.marinapalacehotel.it\/de\/#website\",\"url\":\"https:\/\/www.marinapalacehotel.it\/de\/\",\"name\":\"Marina Palace Hotel\",\"description\":\"4 Sterne Hotel superior direkt am Meer\",\"publisher\":{\"@id\":\"https:\/\/www.marinapalacehotel.it\/de\/#organization\"},\"potentialAction\":[{\"@type\":\"SearchAction\",\"target\":{\"@type\":\"EntryPoint\",\"urlTemplate\":\"https:\/\/www.marinapalacehotel.it\/de\/?s={search_term_string}\"},\"query-input\":{\"@type\":\"PropertyValueSpecification\",\"valueRequired\":true,\"valueName\":\"search_term_string\"}}],\"inLanguage\":\"de\"},{\"@type\":\"Organization\",\"@id\":\"https:\/\/www.marinapalacehotel.it\/de\/#organization\",\"name\":\"Marina Palace Hotel\",\"url\":\"https:\/\/www.marinapalacehotel.it\/de\/\",\"logo\":{\"@type\":\"ImageObject\",\"inLanguage\":\"de\",\"@id\":\"https:\/\/www.marinapalacehotel.it\/de\/#\/schema\/logo\/image\/\",\"url\":\"https:\/\/www.marinapalacehotel.it\/wp-content\/uploads\/2020\/05\/cropped-Marina_Palace_Logo.png\",\"contentUrl\":\"https:\/\/www.marinapalacehotel.it\/wp-content\/uploads\/2020\/05\/cropped-Marina_Palace_Logo.png\",\"width\":557,\"height\":100,\"caption\":\"Marina Palace Hotel\"},\"image\":{\"@id\":\"https:\/\/www.marinapalacehotel.it\/de\/#\/schema\/logo\/image\/\"}}]}<\/script>\n<!-- \/ Yoast SEO plugin. -->","yoast_head_json":{"title":"Fitnessraum - Marina Palace Hotel 4 Sterne Hotel superior direkt am Meer","robots":{"index":"index","follow":"follow","max-snippet":"max-snippet:-1","max-image-preview":"max-image-preview:large","max-video-preview":"max-video-preview:-1"},"canonical":"https:\/\/www.marinapalacehotel.it\/de\/fitnessraum\/","og_locale":"de_DE","og_type":"article","og_title":"Fitnessraum - Marina Palace Hotel 4 Sterne Hotel superior direkt am Meer","og_description":"Trainieren Sie sich mit den modernsten Einrichtungen 4 Sterne Hotel mit Fitnessraum in Caorle Das Marina Palace Hotel bietet seinen G\u00e4sten ein Fitness Bereich f\u00fcr denjenigen der in Form bleiben m\u00f6chte, auch w\u00e4hrend seinem Urlaub. Mit den modernsten Einrichtungen ausgestatet, verf\u00fcgt es \u00fcber einen Tapis-Roulant, Cyclette, Crosstrainer, Cable Station um sich in pers\u00f6hnlicher Form halten [&hellip;]","og_url":"https:\/\/www.marinapalacehotel.it\/de\/fitnessraum\/","og_site_name":"Marina Palace Hotel","article_modified_time":"2020-04-08T08:14:31+00:00","og_image":[{"width":1900,"height":500,"url":"https:\/\/www.marinapalacehotel.it\/wp-content\/uploads\/2020\/05\/Marina_palace_hotel_caorle_banner_palestra.png","type":"image\/png"}],"twitter_card":"summary_large_image","schema":{"@context":"https:\/\/schema.org","@graph":[{"@type":"WebPage","@id":"https:\/\/www.marinapalacehotel.it\/de\/fitnessraum\/","url":"https:\/\/www.marinapalacehotel.it\/de\/fitnessraum\/","name":"Fitnessraum - Marina Palace Hotel 4 Sterne Hotel superior direkt am Meer","isPartOf":{"@id":"https:\/\/www.marinapalacehotel.it\/de\/#website"},"primaryImageOfPage":{"@id":"https:\/\/www.marinapalacehotel.it\/de\/fitnessraum\/#primaryimage"},"image":{"@id":"https:\/\/www.marinapalacehotel.it\/de\/fitnessraum\/#primaryimage"},"thumbnailUrl":"https:\/\/www.marinapalacehotel.it\/wp-content\/uploads\/2020\/05\/Marina_palace_hotel_caorle_banner_palestra.png","datePublished":"2020-03-30T13:15:31+00:00","dateModified":"2020-04-08T08:14:31+00:00","breadcrumb":{"@id":"https:\/\/www.marinapalacehotel.it\/de\/fitnessraum\/#breadcrumb"},"inLanguage":"de","potentialAction":[{"@type":"ReadAction","target":["https:\/\/www.marinapalacehotel.it\/de\/fitnessraum\/"]}]},{"@type":"ImageObject","inLanguage":"de","@id":"https:\/\/www.marinapalacehotel.it\/de\/fitnessraum\/#primaryimage","url":"https:\/\/www.marinapalacehotel.it\/wp-content\/uploads\/2020\/05\/Marina_palace_hotel_caorle_banner_palestra.png","contentUrl":"https:\/\/www.marinapalacehotel.it\/wp-content\/uploads\/2020\/05\/Marina_palace_hotel_caorle_banner_palestra.png","width":1900,"height":500},{"@type":"BreadcrumbList","@id":"https:\/\/www.marinapalacehotel.it\/de\/fitnessraum\/#breadcrumb","itemListElement":[{"@type":"ListItem","position":1,"name":"Home","item":"https:\/\/www.marinapalacehotel.it\/de\/"},{"@type":"ListItem","position":2,"name":"Fitnessraum"}]},{"@type":"WebSite","@id":"https:\/\/www.marinapalacehotel.it\/de\/#website","url":"https:\/\/www.marinapalacehotel.it\/de\/","name":"Marina Palace Hotel","description":"4 Sterne Hotel superior direkt am Meer","publisher":{"@id":"https:\/\/www.marinapalacehotel.it\/de\/#organization"},"potentialAction":[{"@type":"SearchAction","target":{"@type":"EntryPoint","urlTemplate":"https:\/\/www.marinapalacehotel.it\/de\/?s={search_term_string}"},"query-input":{"@type":"PropertyValueSpecification","valueRequired":true,"valueName":"search_term_string"}}],"inLanguage":"de"},{"@type":"Organization","@id":"https:\/\/www.marinapalacehotel.it\/de\/#organization","name":"Marina Palace Hotel","url":"https:\/\/www.marinapalacehotel.it\/de\/","logo":{"@type":"ImageObject","inLanguage":"de","@id":"https:\/\/www.marinapalacehotel.it\/de\/#\/schema\/logo\/image\/","url":"https:\/\/www.marinapalacehotel.it\/wp-content\/uploads\/2020\/05\/cropped-Marina_Palace_Logo.png","contentUrl":"https:\/\/www.marinapalacehotel.it\/wp-content\/uploads\/2020\/05\/cropped-Marina_Palace_Logo.png","width":557,"height":100,"caption":"Marina Palace Hotel"},"image":{"@id":"https:\/\/www.marinapalacehotel.it\/de\/#\/schema\/logo\/image\/"}}]}},"uagb_featured_image_src":{"full":["https:\/\/www.marinapalacehotel.it\/wp-content\/uploads\/2020\/05\/Marina_palace_hotel_caorle_banner_palestra.png",1900,500,false],"thumbnail":["https:\/\/www.marinapalacehotel.it\/wp-content\/uploads\/2020\/05\/Marina_palace_hotel_caorle_banner_palestra-150x150.png",150,150,true],"medium":["https:\/\/www.marinapalacehotel.it\/wp-content\/uploads\/2020\/05\/Marina_palace_hotel_caorle_banner_palestra-300x79.png",300,79,true],"medium_large":["https:\/\/www.marinapalacehotel.it\/wp-content\/uploads\/2020\/05\/Marina_palace_hotel_caorle_banner_palestra-768x202.png",580,153,true],"large":["https:\/\/www.marinapalacehotel.it\/wp-content\/uploads\/2020\/05\/Marina_palace_hotel_caorle_banner_palestra-1024x269.png",580,152,true],"1536x1536":["https:\/\/www.marinapalacehotel.it\/wp-content\/uploads\/2020\/05\/Marina_palace_hotel_caorle_banner_palestra-1536x404.png",1536,404,true],"2048x2048":["https:\/\/www.marinapalacehotel.it\/wp-content\/uploads\/2020\/05\/Marina_palace_hotel_caorle_banner_palestra.png",1900,500,false],"post-thumbnail":["https:\/\/www.marinapalacehotel.it\/wp-content\/uploads\/2020\/05\/Marina_palace_hotel_caorle_banner_palestra-1200x316.png",1200,316,true],"twentytwenty-fullscreen":["https:\/\/www.marinapalacehotel.it\/wp-content\/uploads\/2020\/05\/Marina_palace_hotel_caorle_banner_palestra.png",1900,500,false]},"uagb_author_info":{"display_name":"3r4cl3-p4l4","author_link":"https:\/\/www.marinapalacehotel.it\/de\/author\/3r4cl3-p4l4\/"},"uagb_comment_info":0,"uagb_excerpt":"Trainieren Sie sich mit den modernsten Einrichtungen 4 Sterne Hotel mit Fitnessraum in Caorle Das Marina Palace Hotel bietet seinen G\u00e4sten ein Fitness Bereich f\u00fcr denjenigen der in Form bleiben m\u00f6chte, auch w\u00e4hrend seinem Urlaub. Mit den modernsten Einrichtungen ausgestatet, verf\u00fcgt es \u00fcber einen Tapis-Roulant, Cyclette, Crosstrainer, Cable Station um sich in pers\u00f6hnlicher Form halten&hellip;","coauthors":[],"author_meta":{"author_link":"https:\/\/www.marinapalacehotel.it\/de\/author\/3r4cl3-p4l4\/","display_name":"3r4cl3-p4l4"},"relative_dates":{"created":"Posted 6\u00a0Jahren ago","modified":"Updated 6\u00a0Jahren ago"},"absolute_dates":{"created":"Posted on 30 M\u00e4rz 2020","modified":"Updated on 8 April 2020"},"absolute_dates_time":{"created":"Posted on 30 M\u00e4rz 2020 15:15","modified":"Updated on 8 April 2020 10:14"},"featured_img_caption":"","featured_img":"https:\/\/www.marinapalacehotel.it\/wp-content\/uploads\/2020\/05\/Marina_palace_hotel_caorle_banner_palestra-1200x316.png","series_order":"","_links":{"self":[{"href":"https:\/\/www.marinapalacehotel.it\/de\/wp-json\/wp\/v2\/pages\/1492","targetHints":{"allow":["GET"]}}],"collection":[{"href":"https:\/\/www.marinapalacehotel.it\/de\/wp-json\/wp\/v2\/pages"}],"about":[{"href":"https:\/\/www.marinapalacehotel.it\/de\/wp-json\/wp\/v2\/types\/page"}],"author":[{"embeddable":true,"href":"https:\/\/www.marinapalacehotel.it\/de\/wp-json\/wp\/v2\/users\/1"}],"replies":[{"embeddable":true,"href":"https:\/\/www.marinapalacehotel.it\/de\/wp-json\/wp\/v2\/comments?post=1492"}],"version-history":[{"count":0,"href":"https:\/\/www.marinapalacehotel.it\/de\/wp-json\/wp\/v2\/pages\/1492\/revisions"}],"wp:featuredmedia":[{"embeddable":true,"href":"https:\/\/www.marinapalacehotel.it\/de\/wp-json\/wp\/v2\/media\/3028"}],"wp:attachment":[{"href":"https:\/\/www.marinapalacehotel.it\/de\/wp-json\/wp\/v2\/media?parent=1492"}],"curies":[{"name":"wp","href":"https:\/\/api.w.org\/{rel}","templated":true}]}}