{"id":4014,"date":"2023-07-31T09:10:37","date_gmt":"2023-07-31T07:10:37","guid":{"rendered":"https:\/\/www.marinapalacehotel.it\/?page_id=4014"},"modified":"2023-07-31T09:17:01","modified_gmt":"2023-07-31T07:17:01","slug":"offerta-speciale-sposi","status":"publish","type":"page","link":"https:\/\/www.marinapalacehotel.it\/cs\/offerta-speciale-sposi\/","title":{"rendered":"Speci\u00e1ln\u00ed nab\u00eddka pro novoman\u017eele"},"content":{"rendered":"\n<div style=\"height:40px\" aria-hidden=\"true\" class=\"wp-block-spacer advgb-dyn-db4b1242\"><\/div>\n\n\n\n<div class=\"wp-block-group promo-int-1 advgb-dyn-ec7d9907\"><div class=\"wp-block-group__inner-container is-layout-flow wp-block-group-is-layout-flow\">\n<h2 class=\"wp-block-heading advgb-dyn-f05141ed\">Sn\u00edte o jedine\u010dn\u00e9 svatb\u011b na poh\u00e1dkov\u00e9m m\u00edst\u011b?<\/h2>\n\n\n\n<p>Hotel Marina Palace v Caorle o\u010dek\u00e1v\u00e1, \u017ee se v\u00e1\u0161 ob\u0159ad stane nezapomenuteln\u00fdm z\u00e1\u017eitkem. Na\u0161e dokonal\u00e9 slu\u017eby v\u00e1s provedou ka\u017ed\u00fdm detailem a zajist\u00ed dokonale slad\u011bnou ud\u00e1lost. Pot\u011b\u0161te sv\u00e9 smysly na\u0161\u00ed vyt\u0159\u00edbenou kuchyn\u00ed: na\u0161i \u0161\u00e9fkucha\u0159i jsou p\u0159ipraveni vytvo\u0159it gurm\u00e1nsk\u00e9 menu na m\u00edru, kter\u00e9 bude odr\u00e1\u017eet va\u0161e chut\u011b a u\u010din\u00ed v\u00e1\u0161 v\u00fdjime\u010dn\u00fd den je\u0161t\u011b jedine\u010dn\u011bj\u0161\u00edm.<\/p>\n<\/div><\/div>\n\n\n\n<div class=\"wp-block-group promo-int-2 advgb-dyn-cad89545\"><div class=\"wp-block-group__inner-container is-layout-flow wp-block-group-is-layout-flow\">\n<figure class=\"wp-block-image size-full\"><img loading=\"lazy\" decoding=\"async\" width=\"940\" height=\"788\" src=\"https:\/\/www.marinapalacehotel.it\/wp-content\/uploads\/2023\/07\/wedding-special-offer-en-1.jpg\" alt=\"\" class=\"wp-image-4060\" srcset=\"https:\/\/www.marinapalacehotel.it\/wp-content\/uploads\/2023\/07\/wedding-special-offer-en-1.jpg 940w, https:\/\/www.marinapalacehotel.it\/wp-content\/uploads\/2023\/07\/wedding-special-offer-en-1-300x251.jpg 300w, https:\/\/www.marinapalacehotel.it\/wp-content\/uploads\/2023\/07\/wedding-special-offer-en-1-768x644.jpg 768w\" sizes=\"auto, (max-width: 940px) 100vw, 940px\" \/><\/figure>\n<\/div><\/div>\n\n\n\n<div style=\"height:40px\" aria-hidden=\"true\" class=\"wp-block-spacer advgb-dyn-db4b1242\"><\/div>\n","protected":false},"excerpt":{"rendered":"<p>Sn\u00edte o jedine\u010dn\u00e9 svatb\u011b na poh\u00e1dkov\u00e9m m\u00edst\u011b? Hotel Marina Palace v Caorle o\u010dek\u00e1v\u00e1, \u017ee se v\u00e1\u0161 ob\u0159ad stane nezapomenuteln\u00fdm z\u00e1\u017eitkem. Na\u0161e dokonal\u00e9 slu\u017eby v\u00e1s provedou ka\u017ed\u00fdm detailem a zajist\u00ed dokonale slad\u011bnou ud\u00e1lost. Pot\u011b\u0161te sv\u00e9 smysly na\u0161\u00ed vyt\u0159\u00edbenou kuchyn\u00ed: na\u0161i \u0161\u00e9fkucha\u0159i jsou p\u0159ipraveni vytvo\u0159it gurm\u00e1nsk\u00e9 menu na m\u00edru, kter\u00e9 bude odr\u00e1\u017eet va\u0161e chut\u011b a u\u010din\u00ed v\u00e1\u0161 [&hellip;]<\/p>\n","protected":false},"author":4,"featured_media":4031,"parent":0,"menu_order":0,"comment_status":"closed","ping_status":"closed","template":"","meta":{"_acf_changed":false,"_uag_custom_page_level_css":"","advgb_blocks_editor_width":"","advgb_blocks_columns_visual_guide":"","footnotes":""},"class_list":["post-4014","page","type-page","status-publish","has-post-thumbnail","hentry"],"acf":[],"yoast_head":"<!-- This site is optimized with the Yoast SEO plugin v25.7 - https:\/\/yoast.com\/wordpress\/plugins\/seo\/ -->\n<title>Speci\u00e1ln\u00ed nab\u00eddka pro novoman\u017eele - Marina Palace Hotel \u010cty\u0159hv\u011bzdi\u010dkov\u00e1 pl\u00e1\u017e v Caorle<\/title>\n<meta name=\"description\" content=\"Al Marina Palace Hotel con parcheggio privato ti dimentichi di ogni preoccupazione, come quella di dove lasciare l\u2019auto durante il tuo soggiorno, e ti dedichi completamente al relax.\" \/>\n<meta name=\"robots\" content=\"index, follow, max-snippet:-1, max-image-preview:large, max-video-preview:-1\" \/>\n<link rel=\"canonical\" href=\"https:\/\/www.marinapalacehotel.it\/cs\/offerta-speciale-sposi\/\" \/>\n<meta property=\"og:locale\" content=\"cs_CZ\" \/>\n<meta property=\"og:type\" content=\"article\" \/>\n<meta property=\"og:title\" content=\"Speci\u00e1ln\u00ed nab\u00eddka pro novoman\u017eele - Marina Palace Hotel \u010cty\u0159hv\u011bzdi\u010dkov\u00e1 pl\u00e1\u017e v Caorle\" \/>\n<meta property=\"og:description\" content=\"Al Marina Palace Hotel con parcheggio privato ti dimentichi di ogni preoccupazione, come quella di dove lasciare l\u2019auto durante il tuo soggiorno, e ti dedichi completamente al relax.\" \/>\n<meta property=\"og:url\" content=\"https:\/\/www.marinapalacehotel.it\/cs\/offerta-speciale-sposi\/\" \/>\n<meta property=\"og:site_name\" content=\"Marina Palace Hotel\" \/>\n<meta property=\"article:modified_time\" content=\"2023-07-31T07:17:01+00:00\" \/>\n<meta property=\"og:image\" content=\"https:\/\/www.marinapalacehotel.it\/wp-content\/uploads\/2023\/07\/Matrimonio-Marina-Palace.jpg\" \/>\n\t<meta property=\"og:image:width\" content=\"1500\" \/>\n\t<meta property=\"og:image:height\" content=\"1001\" \/>\n\t<meta property=\"og:image:type\" content=\"image\/jpeg\" \/>\n<meta name=\"twitter:card\" content=\"summary_large_image\" \/>\n<meta name=\"twitter:label1\" content=\"Odhadovan\u00e1 doba \u010dten\u00ed\" \/>\n\t<meta name=\"twitter:data1\" content=\"1 minuta\" \/>\n<script type=\"application\/ld+json\" class=\"yoast-schema-graph\">{\"@context\":\"https:\/\/schema.org\",\"@graph\":[{\"@type\":\"WebPage\",\"@id\":\"https:\/\/www.marinapalacehotel.it\/cs\/offerta-speciale-sposi\/\",\"url\":\"https:\/\/www.marinapalacehotel.it\/cs\/offerta-speciale-sposi\/\",\"name\":\"Speci\u00e1ln\u00ed nab\u00eddka pro novoman\u017eele - Marina Palace Hotel \u010cty\u0159hv\u011bzdi\u010dkov\u00e1 pl\u00e1\u017e v Caorle\",\"isPartOf\":{\"@id\":\"https:\/\/www.marinapalacehotel.it\/cs\/#website\"},\"primaryImageOfPage\":{\"@id\":\"https:\/\/www.marinapalacehotel.it\/cs\/offerta-speciale-sposi\/#primaryimage\"},\"image\":{\"@id\":\"https:\/\/www.marinapalacehotel.it\/cs\/offerta-speciale-sposi\/#primaryimage\"},\"thumbnailUrl\":\"https:\/\/www.marinapalacehotel.it\/wp-content\/uploads\/2023\/07\/Matrimonio-Marina-Palace.jpg\",\"datePublished\":\"2023-07-31T07:10:37+00:00\",\"dateModified\":\"2023-07-31T07:17:01+00:00\",\"description\":\"Al Marina Palace Hotel con parcheggio privato ti dimentichi di ogni preoccupazione, come quella di dove lasciare l\u2019auto durante il tuo soggiorno, e ti dedichi completamente al relax.\",\"breadcrumb\":{\"@id\":\"https:\/\/www.marinapalacehotel.it\/cs\/offerta-speciale-sposi\/#breadcrumb\"},\"inLanguage\":\"cs\",\"potentialAction\":[{\"@type\":\"ReadAction\",\"target\":[\"https:\/\/www.marinapalacehotel.it\/cs\/offerta-speciale-sposi\/\"]}]},{\"@type\":\"ImageObject\",\"inLanguage\":\"cs\",\"@id\":\"https:\/\/www.marinapalacehotel.it\/cs\/offerta-speciale-sposi\/#primaryimage\",\"url\":\"https:\/\/www.marinapalacehotel.it\/wp-content\/uploads\/2023\/07\/Matrimonio-Marina-Palace.jpg\",\"contentUrl\":\"https:\/\/www.marinapalacehotel.it\/wp-content\/uploads\/2023\/07\/Matrimonio-Marina-Palace.jpg\",\"width\":1500,\"height\":1001},{\"@type\":\"BreadcrumbList\",\"@id\":\"https:\/\/www.marinapalacehotel.it\/cs\/offerta-speciale-sposi\/#breadcrumb\",\"itemListElement\":[{\"@type\":\"ListItem\",\"position\":1,\"name\":\"Home\",\"item\":\"https:\/\/www.marinapalacehotel.it\/cs\/\"},{\"@type\":\"ListItem\",\"position\":2,\"name\":\"Speci\u00e1ln\u00ed nab\u00eddka pro novoman\u017eele\"}]},{\"@type\":\"WebSite\",\"@id\":\"https:\/\/www.marinapalacehotel.it\/cs\/#website\",\"url\":\"https:\/\/www.marinapalacehotel.it\/cs\/\",\"name\":\"Marina Palace Hotel\",\"description\":\"\u010cty\u0159hv\u011bzdi\u010dkov\u00e1 pl\u00e1\u017e v Caorle\",\"publisher\":{\"@id\":\"https:\/\/www.marinapalacehotel.it\/cs\/#organization\"},\"potentialAction\":[{\"@type\":\"SearchAction\",\"target\":{\"@type\":\"EntryPoint\",\"urlTemplate\":\"https:\/\/www.marinapalacehotel.it\/cs\/?s={search_term_string}\"},\"query-input\":{\"@type\":\"PropertyValueSpecification\",\"valueRequired\":true,\"valueName\":\"search_term_string\"}}],\"inLanguage\":\"cs\"},{\"@type\":\"Organization\",\"@id\":\"https:\/\/www.marinapalacehotel.it\/cs\/#organization\",\"name\":\"Marina Palace Hotel\",\"url\":\"https:\/\/www.marinapalacehotel.it\/cs\/\",\"logo\":{\"@type\":\"ImageObject\",\"inLanguage\":\"cs\",\"@id\":\"https:\/\/www.marinapalacehotel.it\/cs\/#\/schema\/logo\/image\/\",\"url\":\"https:\/\/www.marinapalacehotel.it\/wp-content\/uploads\/2020\/05\/cropped-Marina_Palace_Logo.png\",\"contentUrl\":\"https:\/\/www.marinapalacehotel.it\/wp-content\/uploads\/2020\/05\/cropped-Marina_Palace_Logo.png\",\"width\":557,\"height\":100,\"caption\":\"Marina Palace Hotel\"},\"image\":{\"@id\":\"https:\/\/www.marinapalacehotel.it\/cs\/#\/schema\/logo\/image\/\"}}]}<\/script>\n<!-- \/ Yoast SEO plugin. -->","yoast_head_json":{"title":"Speci\u00e1ln\u00ed nab\u00eddka pro novoman\u017eele - Marina Palace Hotel \u010cty\u0159hv\u011bzdi\u010dkov\u00e1 pl\u00e1\u017e v Caorle","description":"Al Marina Palace Hotel con parcheggio privato ti dimentichi di ogni preoccupazione, come quella di dove lasciare l\u2019auto durante il tuo soggiorno, e ti dedichi completamente al relax.","robots":{"index":"index","follow":"follow","max-snippet":"max-snippet:-1","max-image-preview":"max-image-preview:large","max-video-preview":"max-video-preview:-1"},"canonical":"https:\/\/www.marinapalacehotel.it\/cs\/offerta-speciale-sposi\/","og_locale":"cs_CZ","og_type":"article","og_title":"Speci\u00e1ln\u00ed nab\u00eddka pro novoman\u017eele - Marina Palace Hotel \u010cty\u0159hv\u011bzdi\u010dkov\u00e1 pl\u00e1\u017e v Caorle","og_description":"Al Marina Palace Hotel con parcheggio privato ti dimentichi di ogni preoccupazione, come quella di dove lasciare l\u2019auto durante il tuo soggiorno, e ti dedichi completamente al relax.","og_url":"https:\/\/www.marinapalacehotel.it\/cs\/offerta-speciale-sposi\/","og_site_name":"Marina Palace Hotel","article_modified_time":"2023-07-31T07:17:01+00:00","og_image":[{"width":1500,"height":1001,"url":"https:\/\/www.marinapalacehotel.it\/wp-content\/uploads\/2023\/07\/Matrimonio-Marina-Palace.jpg","type":"image\/jpeg"}],"twitter_card":"summary_large_image","twitter_misc":{"Odhadovan\u00e1 doba \u010dten\u00ed":"1 minuta"},"schema":{"@context":"https:\/\/schema.org","@graph":[{"@type":"WebPage","@id":"https:\/\/www.marinapalacehotel.it\/cs\/offerta-speciale-sposi\/","url":"https:\/\/www.marinapalacehotel.it\/cs\/offerta-speciale-sposi\/","name":"Speci\u00e1ln\u00ed nab\u00eddka pro novoman\u017eele - Marina Palace Hotel \u010cty\u0159hv\u011bzdi\u010dkov\u00e1 pl\u00e1\u017e v Caorle","isPartOf":{"@id":"https:\/\/www.marinapalacehotel.it\/cs\/#website"},"primaryImageOfPage":{"@id":"https:\/\/www.marinapalacehotel.it\/cs\/offerta-speciale-sposi\/#primaryimage"},"image":{"@id":"https:\/\/www.marinapalacehotel.it\/cs\/offerta-speciale-sposi\/#primaryimage"},"thumbnailUrl":"https:\/\/www.marinapalacehotel.it\/wp-content\/uploads\/2023\/07\/Matrimonio-Marina-Palace.jpg","datePublished":"2023-07-31T07:10:37+00:00","dateModified":"2023-07-31T07:17:01+00:00","description":"Al Marina Palace Hotel con parcheggio privato ti dimentichi di ogni preoccupazione, come quella di dove lasciare l\u2019auto durante il tuo soggiorno, e ti dedichi completamente al relax.","breadcrumb":{"@id":"https:\/\/www.marinapalacehotel.it\/cs\/offerta-speciale-sposi\/#breadcrumb"},"inLanguage":"cs","potentialAction":[{"@type":"ReadAction","target":["https:\/\/www.marinapalacehotel.it\/cs\/offerta-speciale-sposi\/"]}]},{"@type":"ImageObject","inLanguage":"cs","@id":"https:\/\/www.marinapalacehotel.it\/cs\/offerta-speciale-sposi\/#primaryimage","url":"https:\/\/www.marinapalacehotel.it\/wp-content\/uploads\/2023\/07\/Matrimonio-Marina-Palace.jpg","contentUrl":"https:\/\/www.marinapalacehotel.it\/wp-content\/uploads\/2023\/07\/Matrimonio-Marina-Palace.jpg","width":1500,"height":1001},{"@type":"BreadcrumbList","@id":"https:\/\/www.marinapalacehotel.it\/cs\/offerta-speciale-sposi\/#breadcrumb","itemListElement":[{"@type":"ListItem","position":1,"name":"Home","item":"https:\/\/www.marinapalacehotel.it\/cs\/"},{"@type":"ListItem","position":2,"name":"Speci\u00e1ln\u00ed nab\u00eddka pro novoman\u017eele"}]},{"@type":"WebSite","@id":"https:\/\/www.marinapalacehotel.it\/cs\/#website","url":"https:\/\/www.marinapalacehotel.it\/cs\/","name":"Marina Palace Hotel","description":"\u010cty\u0159hv\u011bzdi\u010dkov\u00e1 pl\u00e1\u017e v Caorle","publisher":{"@id":"https:\/\/www.marinapalacehotel.it\/cs\/#organization"},"potentialAction":[{"@type":"SearchAction","target":{"@type":"EntryPoint","urlTemplate":"https:\/\/www.marinapalacehotel.it\/cs\/?s={search_term_string}"},"query-input":{"@type":"PropertyValueSpecification","valueRequired":true,"valueName":"search_term_string"}}],"inLanguage":"cs"},{"@type":"Organization","@id":"https:\/\/www.marinapalacehotel.it\/cs\/#organization","name":"Marina Palace Hotel","url":"https:\/\/www.marinapalacehotel.it\/cs\/","logo":{"@type":"ImageObject","inLanguage":"cs","@id":"https:\/\/www.marinapalacehotel.it\/cs\/#\/schema\/logo\/image\/","url":"https:\/\/www.marinapalacehotel.it\/wp-content\/uploads\/2020\/05\/cropped-Marina_Palace_Logo.png","contentUrl":"https:\/\/www.marinapalacehotel.it\/wp-content\/uploads\/2020\/05\/cropped-Marina_Palace_Logo.png","width":557,"height":100,"caption":"Marina Palace Hotel"},"image":{"@id":"https:\/\/www.marinapalacehotel.it\/cs\/#\/schema\/logo\/image\/"}}]}},"uagb_featured_image_src":{"full":["https:\/\/www.marinapalacehotel.it\/wp-content\/uploads\/2023\/07\/Matrimonio-Marina-Palace.jpg",1500,1001,false],"thumbnail":["https:\/\/www.marinapalacehotel.it\/wp-content\/uploads\/2023\/07\/Matrimonio-Marina-Palace-150x150.jpg",150,150,true],"medium":["https:\/\/www.marinapalacehotel.it\/wp-content\/uploads\/2023\/07\/Matrimonio-Marina-Palace-300x200.jpg",300,200,true],"medium_large":["https:\/\/www.marinapalacehotel.it\/wp-content\/uploads\/2023\/07\/Matrimonio-Marina-Palace-768x513.jpg",580,387,true],"large":["https:\/\/www.marinapalacehotel.it\/wp-content\/uploads\/2023\/07\/Matrimonio-Marina-Palace-1024x683.jpg",580,387,true],"1536x1536":["https:\/\/www.marinapalacehotel.it\/wp-content\/uploads\/2023\/07\/Matrimonio-Marina-Palace.jpg",1500,1001,false],"2048x2048":["https:\/\/www.marinapalacehotel.it\/wp-content\/uploads\/2023\/07\/Matrimonio-Marina-Palace.jpg",1500,1001,false],"post-thumbnail":["https:\/\/www.marinapalacehotel.it\/wp-content\/uploads\/2023\/07\/Matrimonio-Marina-Palace-1200x801.jpg",1200,801,true],"twentytwenty-fullscreen":["https:\/\/www.marinapalacehotel.it\/wp-content\/uploads\/2023\/07\/Matrimonio-Marina-Palace.jpg",1500,1001,false]},"uagb_author_info":{"display_name":"marco0-mar149ci","author_link":"https:\/\/www.marinapalacehotel.it\/cs\/author\/marco0-mar149ci\/"},"uagb_comment_info":0,"uagb_excerpt":"Sn\u00edte o jedine\u010dn\u00e9 svatb\u011b na poh\u00e1dkov\u00e9m m\u00edst\u011b? Hotel Marina Palace v Caorle o\u010dek\u00e1v\u00e1, \u017ee se v\u00e1\u0161 ob\u0159ad stane nezapomenuteln\u00fdm z\u00e1\u017eitkem. Na\u0161e dokonal\u00e9 slu\u017eby v\u00e1s provedou ka\u017ed\u00fdm detailem a zajist\u00ed dokonale slad\u011bnou ud\u00e1lost. Pot\u011b\u0161te sv\u00e9 smysly na\u0161\u00ed vyt\u0159\u00edbenou kuchyn\u00ed: na\u0161i \u0161\u00e9fkucha\u0159i jsou p\u0159ipraveni vytvo\u0159it gurm\u00e1nsk\u00e9 menu na m\u00edru, kter\u00e9 bude odr\u00e1\u017eet va\u0161e chut\u011b a u\u010din\u00ed v\u00e1\u0161&hellip;","coauthors":[],"author_meta":{"author_link":"https:\/\/www.marinapalacehotel.it\/cs\/author\/marco0-mar149ci\/","display_name":"marco0-mar149ci"},"relative_dates":{"created":"Posted 3 roky ago","modified":"Updated 3 roky ago"},"absolute_dates":{"created":"Posted on 31 \u010dervence 2023","modified":"Updated on 31 \u010dervence 2023"},"absolute_dates_time":{"created":"Posted on 31 \u010dervence 2023 09:10","modified":"Updated on 31 \u010dervence 2023 09:17"},"featured_img_caption":"","featured_img":"https:\/\/www.marinapalacehotel.it\/wp-content\/uploads\/2023\/07\/Matrimonio-Marina-Palace-1200x801.jpg","series_order":"","_links":{"self":[{"href":"https:\/\/www.marinapalacehotel.it\/cs\/wp-json\/wp\/v2\/pages\/4014","targetHints":{"allow":["GET"]}}],"collection":[{"href":"https:\/\/www.marinapalacehotel.it\/cs\/wp-json\/wp\/v2\/pages"}],"about":[{"href":"https:\/\/www.marinapalacehotel.it\/cs\/wp-json\/wp\/v2\/types\/page"}],"author":[{"embeddable":true,"href":"https:\/\/www.marinapalacehotel.it\/cs\/wp-json\/wp\/v2\/users\/4"}],"replies":[{"embeddable":true,"href":"https:\/\/www.marinapalacehotel.it\/cs\/wp-json\/wp\/v2\/comments?post=4014"}],"version-history":[{"count":3,"href":"https:\/\/www.marinapalacehotel.it\/cs\/wp-json\/wp\/v2\/pages\/4014\/revisions"}],"predecessor-version":[{"id":4066,"href":"https:\/\/www.marinapalacehotel.it\/cs\/wp-json\/wp\/v2\/pages\/4014\/revisions\/4066"}],"wp:featuredmedia":[{"embeddable":true,"href":"https:\/\/www.marinapalacehotel.it\/cs\/wp-json\/wp\/v2\/media\/4031"}],"wp:attachment":[{"href":"https:\/\/www.marinapalacehotel.it\/cs\/wp-json\/wp\/v2\/media?parent=4014"}],"curies":[{"name":"wp","href":"https:\/\/api.w.org\/{rel}","templated":true}]}}