{"id":2024,"date":"2020-03-30T15:32:21","date_gmt":"2020-03-30T13:32:21","guid":{"rendered":"https:\/\/marina.promoservicebeta.com\/baby-room\/"},"modified":"2020-05-05T08:54:35","modified_gmt":"2020-05-05T06:54:35","slug":"detsky-pokoj","status":"publish","type":"page","link":"https:\/\/www.marinapalacehotel.it\/cs\/detsky-pokoj\/","title":{"rendered":"D\u011btsk\u00fd pokoj"},"content":{"rendered":"\n<div style=\"height:40px\" aria-hidden=\"true\" class=\"wp-block-spacer\"><\/div>\n\n\n\n<div class=\"wp-block-group promo-marinaint-1\"><div class=\"wp-block-group__inner-container is-layout-flow wp-block-group-is-layout-flow\">\n<h3 class=\"wp-block-heading\">Exkluzivn\u00ed slu\u017eby pro kojence a maminky<\/h3>\n\n\n\n<h2 class=\"wp-block-heading\">\u010cty\u0159hv\u011bzdi\u010dkov\u00fd hotel s Baby room v Caorle<\/h2>\n\n\n\n<p>Marina Palace hotel je vybaven <strong>Baby room<\/strong>, m\u00edstnost ur\u010den\u00e1 mamink\u00e1m, kde mohou pohodln\u011b p\u0159ipravit pokrmy pro ty nejmen\u0161\u00ed.<\/p>\n\n\n\n<p>Baby room je otev\u0159en <strong>24 hodin<\/strong> denn\u011b a je p\u0159ipraven p\u0159iv\u00edtat maminky se sv\u00fdmi kojenci.<\/p>\n\n\n\n<div class=\"wp-block-columns is-layout-flex wp-container-core-columns-is-layout-9d6595d7 wp-block-columns-is-layout-flex\">\n<div class=\"wp-block-column is-layout-flow wp-block-column-is-layout-flow\">\n<p>M\u00edstnost je vybavena:<\/p>\n\n\n\n<ul class=\"wp-block-list\"><li>d\u011btsk\u00e9 \u017eidli\u010dky<\/li><li>stoly<\/li><li>\u017eidle<\/li><li>p\u0159ebalovac\u00ed pult<\/li><\/ul>\n<\/div>\n\n\n\n<div class=\"wp-block-column is-layout-flow wp-block-column-is-layout-flow\">\n<p>Kuchy\u0148sk\u00fd kout je vybaven:<\/p>\n\n\n\n<ul class=\"wp-block-list\"><li>oh\u0159\u00edva\u010d kojeneck\u00fdch lahv\u00ed<\/li><li>mikrovlnn\u00e1 trouba<\/li><li>ledni\u010dka<\/li><\/ul>\n<\/div>\n<\/div>\n\n\n\n<p>A v\u0161e, co pot\u0159ebujete k zah\u0159\u00e1t\u00ed a p\u0159\u00edprav\u011b d\u011btsk\u00e9 v\u00fd\u017eivy.<\/p>\n\n\n\n<p>Klidn\u00e9 m\u00edsto a rodinn\u00e9 prost\u0159ed\u00ed pro uspokojen\u00ed pot\u0159eb pro rodiny s d\u011btmi.<\/p>\n<\/div><\/div>\n\n\n\n<div class=\"wp-block-group promo-marinaint-2\"><div class=\"wp-block-group__inner-container is-layout-flow wp-block-group-is-layout-flow\">\n<figure class=\"wp-block-image size-large\"><img loading=\"lazy\" decoding=\"async\" width=\"1024\" height=\"572\" src=\"https:\/\/www.marinapalacehotel.it\/wp-content\/uploads\/2020\/04\/the_area_baby_room-1024x572.jpg\" alt=\"\" class=\"wp-image-2302\" srcset=\"https:\/\/www.marinapalacehotel.it\/wp-content\/uploads\/2020\/04\/the_area_baby_room-1024x572.jpg 1024w, https:\/\/www.marinapalacehotel.it\/wp-content\/uploads\/2020\/04\/the_area_baby_room-300x168.jpg 300w, https:\/\/www.marinapalacehotel.it\/wp-content\/uploads\/2020\/04\/the_area_baby_room-768x429.jpg 768w, https:\/\/www.marinapalacehotel.it\/wp-content\/uploads\/2020\/04\/the_area_baby_room-1536x858.jpg 1536w, https:\/\/www.marinapalacehotel.it\/wp-content\/uploads\/2020\/04\/the_area_baby_room-1200x670.jpg 1200w, https:\/\/www.marinapalacehotel.it\/wp-content\/uploads\/2020\/04\/the_area_baby_room.jpg 1790w\" sizes=\"auto, (max-width: 1024px) 100vw, 1024px\" \/><\/figure>\n<\/div><\/div>\n\n\n\n<div style=\"height:40px\" aria-hidden=\"true\" class=\"wp-block-spacer\"><\/div>\n","protected":false},"excerpt":{"rendered":"<p>Exkluzivn\u00ed slu\u017eby pro kojence a maminky \u010cty\u0159hv\u011bzdi\u010dkov\u00fd hotel s Baby room v Caorle Marina Palace hotel je vybaven Baby room, m\u00edstnost ur\u010den\u00e1 mamink\u00e1m, kde mohou pohodln\u011b p\u0159ipravit pokrmy pro ty nejmen\u0161\u00ed. Baby room je otev\u0159en 24 hodin denn\u011b a je p\u0159ipraven p\u0159iv\u00edtat maminky se sv\u00fdmi kojenci. M\u00edstnost je vybavena: d\u011btsk\u00e9 \u017eidli\u010dky stoly \u017eidle p\u0159ebalovac\u00ed pult [&hellip;]<\/p>\n","protected":false},"author":1,"featured_media":3261,"parent":0,"menu_order":0,"comment_status":"closed","ping_status":"closed","template":"","meta":{"_acf_changed":false,"_uag_custom_page_level_css":"","advgb_blocks_editor_width":"","advgb_blocks_columns_visual_guide":"","footnotes":""},"class_list":["post-2024","page","type-page","status-publish","has-post-thumbnail","hentry"],"acf":[],"yoast_head":"<!-- This site is optimized with the Yoast SEO plugin v25.7 - https:\/\/yoast.com\/wordpress\/plugins\/seo\/ -->\n<title>D\u011btsk\u00fd pokoj - Marina Palace Hotel \u010cty\u0159hv\u011bzdi\u010dkov\u00e1 pl\u00e1\u017e v Caorle<\/title>\n<meta name=\"description\" content=\"Marina Palace hotel je vybaven Baby room, m\u00edstnost ur\u010den\u00e1 mamink\u00e1m, kde mohou pohodln\u011b p\u0159ipravit pokrmy pro ty nejmen\u0161\u00ed.\" \/>\n<meta name=\"robots\" content=\"index, follow, max-snippet:-1, max-image-preview:large, max-video-preview:-1\" \/>\n<link rel=\"canonical\" href=\"https:\/\/www.marinapalacehotel.it\/cs\/detsky-pokoj\/\" \/>\n<meta property=\"og:locale\" content=\"cs_CZ\" \/>\n<meta property=\"og:type\" content=\"article\" \/>\n<meta property=\"og:title\" content=\"D\u011btsk\u00fd pokoj - Marina Palace Hotel \u010cty\u0159hv\u011bzdi\u010dkov\u00e1 pl\u00e1\u017e v Caorle\" \/>\n<meta property=\"og:description\" content=\"Marina Palace hotel je vybaven Baby room, m\u00edstnost ur\u010den\u00e1 mamink\u00e1m, kde mohou pohodln\u011b p\u0159ipravit pokrmy pro ty nejmen\u0161\u00ed.\" \/>\n<meta property=\"og:url\" content=\"https:\/\/www.marinapalacehotel.it\/cs\/detsky-pokoj\/\" \/>\n<meta property=\"og:site_name\" content=\"Marina Palace Hotel\" \/>\n<meta property=\"article:modified_time\" content=\"2020-05-05T06:54:35+00:00\" \/>\n<meta property=\"og:image\" content=\"https:\/\/www.marinapalacehotel.it\/wp-content\/uploads\/2020\/05\/Marina_palace_hotel_caorle_banner_baby_room.jpg\" \/>\n\t<meta property=\"og:image:width\" content=\"1900\" \/>\n\t<meta property=\"og:image:height\" content=\"500\" \/>\n\t<meta property=\"og:image:type\" content=\"image\/jpeg\" \/>\n<meta name=\"twitter:card\" content=\"summary_large_image\" \/>\n<meta name=\"twitter:label1\" content=\"Odhadovan\u00e1 doba \u010dten\u00ed\" \/>\n\t<meta name=\"twitter:data1\" content=\"1 minuta\" \/>\n<script type=\"application\/ld+json\" class=\"yoast-schema-graph\">{\"@context\":\"https:\/\/schema.org\",\"@graph\":[{\"@type\":\"WebPage\",\"@id\":\"https:\/\/www.marinapalacehotel.it\/cs\/detsky-pokoj\/\",\"url\":\"https:\/\/www.marinapalacehotel.it\/cs\/detsky-pokoj\/\",\"name\":\"D\u011btsk\u00fd pokoj - Marina Palace Hotel \u010cty\u0159hv\u011bzdi\u010dkov\u00e1 pl\u00e1\u017e v Caorle\",\"isPartOf\":{\"@id\":\"https:\/\/www.marinapalacehotel.it\/cs\/#website\"},\"primaryImageOfPage\":{\"@id\":\"https:\/\/www.marinapalacehotel.it\/cs\/detsky-pokoj\/#primaryimage\"},\"image\":{\"@id\":\"https:\/\/www.marinapalacehotel.it\/cs\/detsky-pokoj\/#primaryimage\"},\"thumbnailUrl\":\"https:\/\/www.marinapalacehotel.it\/wp-content\/uploads\/2020\/05\/Marina_palace_hotel_caorle_banner_baby_room.jpg\",\"datePublished\":\"2020-03-30T13:32:21+00:00\",\"dateModified\":\"2020-05-05T06:54:35+00:00\",\"description\":\"Marina Palace hotel je vybaven Baby room, m\u00edstnost ur\u010den\u00e1 mamink\u00e1m, kde mohou pohodln\u011b p\u0159ipravit pokrmy pro ty nejmen\u0161\u00ed.\",\"breadcrumb\":{\"@id\":\"https:\/\/www.marinapalacehotel.it\/cs\/detsky-pokoj\/#breadcrumb\"},\"inLanguage\":\"cs\",\"potentialAction\":[{\"@type\":\"ReadAction\",\"target\":[\"https:\/\/www.marinapalacehotel.it\/cs\/detsky-pokoj\/\"]}]},{\"@type\":\"ImageObject\",\"inLanguage\":\"cs\",\"@id\":\"https:\/\/www.marinapalacehotel.it\/cs\/detsky-pokoj\/#primaryimage\",\"url\":\"https:\/\/www.marinapalacehotel.it\/wp-content\/uploads\/2020\/05\/Marina_palace_hotel_caorle_banner_baby_room.jpg\",\"contentUrl\":\"https:\/\/www.marinapalacehotel.it\/wp-content\/uploads\/2020\/05\/Marina_palace_hotel_caorle_banner_baby_room.jpg\",\"width\":1900,\"height\":500},{\"@type\":\"BreadcrumbList\",\"@id\":\"https:\/\/www.marinapalacehotel.it\/cs\/detsky-pokoj\/#breadcrumb\",\"itemListElement\":[{\"@type\":\"ListItem\",\"position\":1,\"name\":\"Home\",\"item\":\"https:\/\/www.marinapalacehotel.it\/cs\/\"},{\"@type\":\"ListItem\",\"position\":2,\"name\":\"D\u011btsk\u00fd pokoj\"}]},{\"@type\":\"WebSite\",\"@id\":\"https:\/\/www.marinapalacehotel.it\/cs\/#website\",\"url\":\"https:\/\/www.marinapalacehotel.it\/cs\/\",\"name\":\"Marina Palace Hotel\",\"description\":\"\u010cty\u0159hv\u011bzdi\u010dkov\u00e1 pl\u00e1\u017e v Caorle\",\"publisher\":{\"@id\":\"https:\/\/www.marinapalacehotel.it\/cs\/#organization\"},\"potentialAction\":[{\"@type\":\"SearchAction\",\"target\":{\"@type\":\"EntryPoint\",\"urlTemplate\":\"https:\/\/www.marinapalacehotel.it\/cs\/?s={search_term_string}\"},\"query-input\":{\"@type\":\"PropertyValueSpecification\",\"valueRequired\":true,\"valueName\":\"search_term_string\"}}],\"inLanguage\":\"cs\"},{\"@type\":\"Organization\",\"@id\":\"https:\/\/www.marinapalacehotel.it\/cs\/#organization\",\"name\":\"Marina Palace Hotel\",\"url\":\"https:\/\/www.marinapalacehotel.it\/cs\/\",\"logo\":{\"@type\":\"ImageObject\",\"inLanguage\":\"cs\",\"@id\":\"https:\/\/www.marinapalacehotel.it\/cs\/#\/schema\/logo\/image\/\",\"url\":\"https:\/\/www.marinapalacehotel.it\/wp-content\/uploads\/2020\/05\/cropped-Marina_Palace_Logo.png\",\"contentUrl\":\"https:\/\/www.marinapalacehotel.it\/wp-content\/uploads\/2020\/05\/cropped-Marina_Palace_Logo.png\",\"width\":557,\"height\":100,\"caption\":\"Marina Palace Hotel\"},\"image\":{\"@id\":\"https:\/\/www.marinapalacehotel.it\/cs\/#\/schema\/logo\/image\/\"}}]}<\/script>\n<!-- \/ Yoast SEO plugin. -->","yoast_head_json":{"title":"D\u011btsk\u00fd pokoj - Marina Palace Hotel \u010cty\u0159hv\u011bzdi\u010dkov\u00e1 pl\u00e1\u017e v Caorle","description":"Marina Palace hotel je vybaven Baby room, m\u00edstnost ur\u010den\u00e1 mamink\u00e1m, kde mohou pohodln\u011b p\u0159ipravit pokrmy pro ty nejmen\u0161\u00ed.","robots":{"index":"index","follow":"follow","max-snippet":"max-snippet:-1","max-image-preview":"max-image-preview:large","max-video-preview":"max-video-preview:-1"},"canonical":"https:\/\/www.marinapalacehotel.it\/cs\/detsky-pokoj\/","og_locale":"cs_CZ","og_type":"article","og_title":"D\u011btsk\u00fd pokoj - Marina Palace Hotel \u010cty\u0159hv\u011bzdi\u010dkov\u00e1 pl\u00e1\u017e v Caorle","og_description":"Marina Palace hotel je vybaven Baby room, m\u00edstnost ur\u010den\u00e1 mamink\u00e1m, kde mohou pohodln\u011b p\u0159ipravit pokrmy pro ty nejmen\u0161\u00ed.","og_url":"https:\/\/www.marinapalacehotel.it\/cs\/detsky-pokoj\/","og_site_name":"Marina Palace Hotel","article_modified_time":"2020-05-05T06:54:35+00:00","og_image":[{"width":1900,"height":500,"url":"https:\/\/www.marinapalacehotel.it\/wp-content\/uploads\/2020\/05\/Marina_palace_hotel_caorle_banner_baby_room.jpg","type":"image\/jpeg"}],"twitter_card":"summary_large_image","twitter_misc":{"Odhadovan\u00e1 doba \u010dten\u00ed":"1 minuta"},"schema":{"@context":"https:\/\/schema.org","@graph":[{"@type":"WebPage","@id":"https:\/\/www.marinapalacehotel.it\/cs\/detsky-pokoj\/","url":"https:\/\/www.marinapalacehotel.it\/cs\/detsky-pokoj\/","name":"D\u011btsk\u00fd pokoj - Marina Palace Hotel \u010cty\u0159hv\u011bzdi\u010dkov\u00e1 pl\u00e1\u017e v Caorle","isPartOf":{"@id":"https:\/\/www.marinapalacehotel.it\/cs\/#website"},"primaryImageOfPage":{"@id":"https:\/\/www.marinapalacehotel.it\/cs\/detsky-pokoj\/#primaryimage"},"image":{"@id":"https:\/\/www.marinapalacehotel.it\/cs\/detsky-pokoj\/#primaryimage"},"thumbnailUrl":"https:\/\/www.marinapalacehotel.it\/wp-content\/uploads\/2020\/05\/Marina_palace_hotel_caorle_banner_baby_room.jpg","datePublished":"2020-03-30T13:32:21+00:00","dateModified":"2020-05-05T06:54:35+00:00","description":"Marina Palace hotel je vybaven Baby room, m\u00edstnost ur\u010den\u00e1 mamink\u00e1m, kde mohou pohodln\u011b p\u0159ipravit pokrmy pro ty nejmen\u0161\u00ed.","breadcrumb":{"@id":"https:\/\/www.marinapalacehotel.it\/cs\/detsky-pokoj\/#breadcrumb"},"inLanguage":"cs","potentialAction":[{"@type":"ReadAction","target":["https:\/\/www.marinapalacehotel.it\/cs\/detsky-pokoj\/"]}]},{"@type":"ImageObject","inLanguage":"cs","@id":"https:\/\/www.marinapalacehotel.it\/cs\/detsky-pokoj\/#primaryimage","url":"https:\/\/www.marinapalacehotel.it\/wp-content\/uploads\/2020\/05\/Marina_palace_hotel_caorle_banner_baby_room.jpg","contentUrl":"https:\/\/www.marinapalacehotel.it\/wp-content\/uploads\/2020\/05\/Marina_palace_hotel_caorle_banner_baby_room.jpg","width":1900,"height":500},{"@type":"BreadcrumbList","@id":"https:\/\/www.marinapalacehotel.it\/cs\/detsky-pokoj\/#breadcrumb","itemListElement":[{"@type":"ListItem","position":1,"name":"Home","item":"https:\/\/www.marinapalacehotel.it\/cs\/"},{"@type":"ListItem","position":2,"name":"D\u011btsk\u00fd pokoj"}]},{"@type":"WebSite","@id":"https:\/\/www.marinapalacehotel.it\/cs\/#website","url":"https:\/\/www.marinapalacehotel.it\/cs\/","name":"Marina Palace Hotel","description":"\u010cty\u0159hv\u011bzdi\u010dkov\u00e1 pl\u00e1\u017e v Caorle","publisher":{"@id":"https:\/\/www.marinapalacehotel.it\/cs\/#organization"},"potentialAction":[{"@type":"SearchAction","target":{"@type":"EntryPoint","urlTemplate":"https:\/\/www.marinapalacehotel.it\/cs\/?s={search_term_string}"},"query-input":{"@type":"PropertyValueSpecification","valueRequired":true,"valueName":"search_term_string"}}],"inLanguage":"cs"},{"@type":"Organization","@id":"https:\/\/www.marinapalacehotel.it\/cs\/#organization","name":"Marina Palace Hotel","url":"https:\/\/www.marinapalacehotel.it\/cs\/","logo":{"@type":"ImageObject","inLanguage":"cs","@id":"https:\/\/www.marinapalacehotel.it\/cs\/#\/schema\/logo\/image\/","url":"https:\/\/www.marinapalacehotel.it\/wp-content\/uploads\/2020\/05\/cropped-Marina_Palace_Logo.png","contentUrl":"https:\/\/www.marinapalacehotel.it\/wp-content\/uploads\/2020\/05\/cropped-Marina_Palace_Logo.png","width":557,"height":100,"caption":"Marina Palace Hotel"},"image":{"@id":"https:\/\/www.marinapalacehotel.it\/cs\/#\/schema\/logo\/image\/"}}]}},"uagb_featured_image_src":{"full":["https:\/\/www.marinapalacehotel.it\/wp-content\/uploads\/2020\/05\/Marina_palace_hotel_caorle_banner_baby_room.jpg",1900,500,false],"thumbnail":["https:\/\/www.marinapalacehotel.it\/wp-content\/uploads\/2020\/05\/Marina_palace_hotel_caorle_banner_baby_room-150x150.jpg",150,150,true],"medium":["https:\/\/www.marinapalacehotel.it\/wp-content\/uploads\/2020\/05\/Marina_palace_hotel_caorle_banner_baby_room-300x79.jpg",300,79,true],"medium_large":["https:\/\/www.marinapalacehotel.it\/wp-content\/uploads\/2020\/05\/Marina_palace_hotel_caorle_banner_baby_room-768x202.jpg",580,153,true],"large":["https:\/\/www.marinapalacehotel.it\/wp-content\/uploads\/2020\/05\/Marina_palace_hotel_caorle_banner_baby_room-1024x269.jpg",580,152,true],"1536x1536":["https:\/\/www.marinapalacehotel.it\/wp-content\/uploads\/2020\/05\/Marina_palace_hotel_caorle_banner_baby_room-1536x404.jpg",1536,404,true],"2048x2048":["https:\/\/www.marinapalacehotel.it\/wp-content\/uploads\/2020\/05\/Marina_palace_hotel_caorle_banner_baby_room.jpg",1900,500,false],"post-thumbnail":["https:\/\/www.marinapalacehotel.it\/wp-content\/uploads\/2020\/05\/Marina_palace_hotel_caorle_banner_baby_room-1200x316.jpg",1200,316,true],"twentytwenty-fullscreen":["https:\/\/www.marinapalacehotel.it\/wp-content\/uploads\/2020\/05\/Marina_palace_hotel_caorle_banner_baby_room.jpg",1900,500,false]},"uagb_author_info":{"display_name":"3r4cl3-p4l4","author_link":"https:\/\/www.marinapalacehotel.it\/cs\/author\/3r4cl3-p4l4\/"},"uagb_comment_info":0,"uagb_excerpt":"Exkluzivn\u00ed slu\u017eby pro kojence a maminky \u010cty\u0159hv\u011bzdi\u010dkov\u00fd hotel s Baby room v Caorle Marina Palace hotel je vybaven Baby room, m\u00edstnost ur\u010den\u00e1 mamink\u00e1m, kde mohou pohodln\u011b p\u0159ipravit pokrmy pro ty nejmen\u0161\u00ed. Baby room je otev\u0159en 24 hodin denn\u011b a je p\u0159ipraven p\u0159iv\u00edtat maminky se sv\u00fdmi kojenci. M\u00edstnost je vybavena: d\u011btsk\u00e9 \u017eidli\u010dky stoly \u017eidle p\u0159ebalovac\u00ed pult&hellip;","coauthors":[],"author_meta":{"author_link":"https:\/\/www.marinapalacehotel.it\/cs\/author\/3r4cl3-p4l4\/","display_name":"3r4cl3-p4l4"},"relative_dates":{"created":"Posted 6 roky ago","modified":"Updated 6 roky ago"},"absolute_dates":{"created":"Posted on 30 b\u0159ezna 2020","modified":"Updated on 5 kv\u011btna 2020"},"absolute_dates_time":{"created":"Posted on 30 b\u0159ezna 2020 15:32","modified":"Updated on 5 kv\u011btna 2020 08:54"},"featured_img_caption":"","featured_img":"https:\/\/www.marinapalacehotel.it\/wp-content\/uploads\/2020\/05\/Marina_palace_hotel_caorle_banner_baby_room-1200x316.jpg","series_order":"","_links":{"self":[{"href":"https:\/\/www.marinapalacehotel.it\/cs\/wp-json\/wp\/v2\/pages\/2024","targetHints":{"allow":["GET"]}}],"collection":[{"href":"https:\/\/www.marinapalacehotel.it\/cs\/wp-json\/wp\/v2\/pages"}],"about":[{"href":"https:\/\/www.marinapalacehotel.it\/cs\/wp-json\/wp\/v2\/types\/page"}],"author":[{"embeddable":true,"href":"https:\/\/www.marinapalacehotel.it\/cs\/wp-json\/wp\/v2\/users\/1"}],"replies":[{"embeddable":true,"href":"https:\/\/www.marinapalacehotel.it\/cs\/wp-json\/wp\/v2\/comments?post=2024"}],"version-history":[{"count":1,"href":"https:\/\/www.marinapalacehotel.it\/cs\/wp-json\/wp\/v2\/pages\/2024\/revisions"}],"predecessor-version":[{"id":2596,"href":"https:\/\/www.marinapalacehotel.it\/cs\/wp-json\/wp\/v2\/pages\/2024\/revisions\/2596"}],"wp:featuredmedia":[{"embeddable":true,"href":"https:\/\/www.marinapalacehotel.it\/cs\/wp-json\/wp\/v2\/media\/3261"}],"wp:attachment":[{"href":"https:\/\/www.marinapalacehotel.it\/cs\/wp-json\/wp\/v2\/media?parent=2024"}],"curies":[{"name":"wp","href":"https:\/\/api.w.org\/{rel}","templated":true}]}}