{"id":2021,"date":"2020-03-30T17:17:42","date_gmt":"2020-03-30T15:17:42","guid":{"rendered":"https:\/\/marina.promoservicebeta.com\/parcheggio\/"},"modified":"2020-04-15T09:20:26","modified_gmt":"2020-04-15T07:20:26","slug":"parkovani","status":"publish","type":"page","link":"https:\/\/www.marinapalacehotel.it\/cs\/parkovani\/","title":{"rendered":"Parkov\u00e1n\u00ed"},"content":{"rendered":"\n<div style=\"height:40px\" aria-hidden=\"true\" class=\"wp-block-spacer\"><\/div>\n\n\n\n<div class=\"wp-block-group promo-marinaint-1\"><div class=\"wp-block-group__inner-container is-layout-flow wp-block-group-is-layout-flow\">\n<h3 class=\"wp-block-heading\">Velk\u00e9 venkovn\u00ed parkovi\u0161t\u011b ve st\u00ednu pro va\u0161e auta<\/h3>\n\n\n\n<h2 class=\"wp-block-heading\">Parkovac\u00ed m\u00edsto zdarma<\/h2>\n\n\n\n<p>V Marina Palace Hotel s <strong>vlastn\u00edm parkov\u00e1n\u00edm<\/strong> zapomenete na jak\u00e9koli starosti, jako nap\u0159\u00edklad m\u00edsto, kde zaparkovat auto po dobu va\u0161eho pobytu, m\u016f\u017eete se zcela v\u011bnovat relaxaci.<\/p>\n\n\n\n<p>Nezapom\u00edn\u00e1me na ty, kte\u0159\u00ed cestuj\u00ed vlastn\u00edmi vozidly, n\u00e1\u0161 hotel m\u00e1 k dispozici velk\u00e9 <strong>venkovn\u00ed parkovi\u0161t\u011b<\/strong>. Zde m\u016f\u017eete nechat sv\u00e9 auto nebo motorku v bezpe\u010d\u00ed a ve st\u00ednu borovic, soukrom\u00fd pozemek soused\u00ed s hotelem, je odd\u011blen pouze vnit\u0159n\u00ed cestou.<\/p>\n<\/div><\/div>\n\n\n\n<div class=\"wp-block-group promo-marinaint-2\"><div class=\"wp-block-group__inner-container is-layout-flow wp-block-group-is-layout-flow\">\n<figure class=\"wp-block-image size-large\"><img loading=\"lazy\" decoding=\"async\" width=\"1024\" height=\"572\" src=\"https:\/\/www.marinapalacehotel.it\/wp-content\/uploads\/2020\/03\/parcheggio-1024x572.jpg\" alt=\"\" class=\"wp-image-1331\" srcset=\"https:\/\/www.marinapalacehotel.it\/wp-content\/uploads\/2020\/03\/parcheggio-1024x572.jpg 1024w, https:\/\/www.marinapalacehotel.it\/wp-content\/uploads\/2020\/03\/parcheggio-300x168.jpg 300w, https:\/\/www.marinapalacehotel.it\/wp-content\/uploads\/2020\/03\/parcheggio-768x429.jpg 768w, https:\/\/www.marinapalacehotel.it\/wp-content\/uploads\/2020\/03\/parcheggio-1536x858.jpg 1536w, https:\/\/www.marinapalacehotel.it\/wp-content\/uploads\/2020\/03\/parcheggio-1200x670.jpg 1200w, https:\/\/www.marinapalacehotel.it\/wp-content\/uploads\/2020\/03\/parcheggio.jpg 1790w\" sizes=\"auto, (max-width: 1024px) 100vw, 1024px\" \/><\/figure>\n<\/div><\/div>\n\n\n\n<div style=\"height:40px\" aria-hidden=\"true\" class=\"wp-block-spacer\"><\/div>\n","protected":false},"excerpt":{"rendered":"<p>Velk\u00e9 venkovn\u00ed parkovi\u0161t\u011b ve st\u00ednu pro va\u0161e auta Parkovac\u00ed m\u00edsto zdarma V Marina Palace Hotel s vlastn\u00edm parkov\u00e1n\u00edm zapomenete na jak\u00e9koli starosti, jako nap\u0159\u00edklad m\u00edsto, kde zaparkovat auto po dobu va\u0161eho pobytu, m\u016f\u017eete se zcela v\u011bnovat relaxaci. Nezapom\u00edn\u00e1me na ty, kte\u0159\u00ed cestuj\u00ed vlastn\u00edmi vozidly, n\u00e1\u0161 hotel m\u00e1 k dispozici velk\u00e9 venkovn\u00ed parkovi\u0161t\u011b. Zde m\u016f\u017eete nechat [&hellip;]<\/p>\n","protected":false},"author":1,"featured_media":3273,"parent":0,"menu_order":0,"comment_status":"closed","ping_status":"closed","template":"","meta":{"_acf_changed":false,"_uag_custom_page_level_css":"","advgb_blocks_editor_width":"","advgb_blocks_columns_visual_guide":"","footnotes":""},"class_list":["post-2021","page","type-page","status-publish","has-post-thumbnail","hentry"],"acf":[],"yoast_head":"<!-- This site is optimized with the Yoast SEO plugin v25.7 - https:\/\/yoast.com\/wordpress\/plugins\/seo\/ -->\n<title>Parkov\u00e1n\u00ed - Marina Palace Hotel \u010cty\u0159hv\u011bzdi\u010dkov\u00e1 pl\u00e1\u017e v Caorle<\/title>\n<meta name=\"robots\" content=\"index, follow, max-snippet:-1, max-image-preview:large, max-video-preview:-1\" \/>\n<link rel=\"canonical\" href=\"https:\/\/www.marinapalacehotel.it\/cs\/parkovani\/\" \/>\n<meta property=\"og:locale\" content=\"cs_CZ\" \/>\n<meta property=\"og:type\" content=\"article\" \/>\n<meta property=\"og:title\" content=\"Parkov\u00e1n\u00ed - Marina Palace Hotel \u010cty\u0159hv\u011bzdi\u010dkov\u00e1 pl\u00e1\u017e v Caorle\" \/>\n<meta property=\"og:description\" content=\"Velk\u00e9 venkovn\u00ed parkovi\u0161t\u011b ve st\u00ednu pro va\u0161e auta Parkovac\u00ed m\u00edsto zdarma V Marina Palace Hotel s vlastn\u00edm parkov\u00e1n\u00edm zapomenete na jak\u00e9koli starosti, jako nap\u0159\u00edklad m\u00edsto, kde zaparkovat auto po dobu va\u0161eho pobytu, m\u016f\u017eete se zcela v\u011bnovat relaxaci. Nezapom\u00edn\u00e1me na ty, kte\u0159\u00ed cestuj\u00ed vlastn\u00edmi vozidly, n\u00e1\u0161 hotel m\u00e1 k dispozici velk\u00e9 venkovn\u00ed parkovi\u0161t\u011b. Zde m\u016f\u017eete nechat [&hellip;]\" \/>\n<meta property=\"og:url\" content=\"https:\/\/www.marinapalacehotel.it\/cs\/parkovani\/\" \/>\n<meta property=\"og:site_name\" content=\"Marina Palace Hotel\" \/>\n<meta property=\"article:modified_time\" content=\"2020-04-15T07:20:26+00:00\" \/>\n<meta property=\"og:image\" content=\"https:\/\/www.marinapalacehotel.it\/wp-content\/uploads\/2020\/05\/Marina_palace_hotel_caorle_banner_parcheggio.jpg\" \/>\n\t<meta property=\"og:image:width\" content=\"1900\" \/>\n\t<meta property=\"og:image:height\" content=\"500\" \/>\n\t<meta property=\"og:image:type\" content=\"image\/jpeg\" \/>\n<meta name=\"twitter:card\" content=\"summary_large_image\" \/>\n<script type=\"application\/ld+json\" class=\"yoast-schema-graph\">{\"@context\":\"https:\/\/schema.org\",\"@graph\":[{\"@type\":\"WebPage\",\"@id\":\"https:\/\/www.marinapalacehotel.it\/cs\/parkovani\/\",\"url\":\"https:\/\/www.marinapalacehotel.it\/cs\/parkovani\/\",\"name\":\"Parkov\u00e1n\u00ed - Marina Palace Hotel \u010cty\u0159hv\u011bzdi\u010dkov\u00e1 pl\u00e1\u017e v Caorle\",\"isPartOf\":{\"@id\":\"https:\/\/www.marinapalacehotel.it\/cs\/#website\"},\"primaryImageOfPage\":{\"@id\":\"https:\/\/www.marinapalacehotel.it\/cs\/parkovani\/#primaryimage\"},\"image\":{\"@id\":\"https:\/\/www.marinapalacehotel.it\/cs\/parkovani\/#primaryimage\"},\"thumbnailUrl\":\"https:\/\/www.marinapalacehotel.it\/wp-content\/uploads\/2020\/05\/Marina_palace_hotel_caorle_banner_parcheggio.jpg\",\"datePublished\":\"2020-03-30T15:17:42+00:00\",\"dateModified\":\"2020-04-15T07:20:26+00:00\",\"breadcrumb\":{\"@id\":\"https:\/\/www.marinapalacehotel.it\/cs\/parkovani\/#breadcrumb\"},\"inLanguage\":\"cs\",\"potentialAction\":[{\"@type\":\"ReadAction\",\"target\":[\"https:\/\/www.marinapalacehotel.it\/cs\/parkovani\/\"]}]},{\"@type\":\"ImageObject\",\"inLanguage\":\"cs\",\"@id\":\"https:\/\/www.marinapalacehotel.it\/cs\/parkovani\/#primaryimage\",\"url\":\"https:\/\/www.marinapalacehotel.it\/wp-content\/uploads\/2020\/05\/Marina_palace_hotel_caorle_banner_parcheggio.jpg\",\"contentUrl\":\"https:\/\/www.marinapalacehotel.it\/wp-content\/uploads\/2020\/05\/Marina_palace_hotel_caorle_banner_parcheggio.jpg\",\"width\":1900,\"height\":500},{\"@type\":\"BreadcrumbList\",\"@id\":\"https:\/\/www.marinapalacehotel.it\/cs\/parkovani\/#breadcrumb\",\"itemListElement\":[{\"@type\":\"ListItem\",\"position\":1,\"name\":\"Home\",\"item\":\"https:\/\/www.marinapalacehotel.it\/cs\/\"},{\"@type\":\"ListItem\",\"position\":2,\"name\":\"Parkov\u00e1n\u00ed\"}]},{\"@type\":\"WebSite\",\"@id\":\"https:\/\/www.marinapalacehotel.it\/cs\/#website\",\"url\":\"https:\/\/www.marinapalacehotel.it\/cs\/\",\"name\":\"Marina Palace Hotel\",\"description\":\"\u010cty\u0159hv\u011bzdi\u010dkov\u00e1 pl\u00e1\u017e v Caorle\",\"publisher\":{\"@id\":\"https:\/\/www.marinapalacehotel.it\/cs\/#organization\"},\"potentialAction\":[{\"@type\":\"SearchAction\",\"target\":{\"@type\":\"EntryPoint\",\"urlTemplate\":\"https:\/\/www.marinapalacehotel.it\/cs\/?s={search_term_string}\"},\"query-input\":{\"@type\":\"PropertyValueSpecification\",\"valueRequired\":true,\"valueName\":\"search_term_string\"}}],\"inLanguage\":\"cs\"},{\"@type\":\"Organization\",\"@id\":\"https:\/\/www.marinapalacehotel.it\/cs\/#organization\",\"name\":\"Marina Palace Hotel\",\"url\":\"https:\/\/www.marinapalacehotel.it\/cs\/\",\"logo\":{\"@type\":\"ImageObject\",\"inLanguage\":\"cs\",\"@id\":\"https:\/\/www.marinapalacehotel.it\/cs\/#\/schema\/logo\/image\/\",\"url\":\"https:\/\/www.marinapalacehotel.it\/wp-content\/uploads\/2020\/05\/cropped-Marina_Palace_Logo.png\",\"contentUrl\":\"https:\/\/www.marinapalacehotel.it\/wp-content\/uploads\/2020\/05\/cropped-Marina_Palace_Logo.png\",\"width\":557,\"height\":100,\"caption\":\"Marina Palace Hotel\"},\"image\":{\"@id\":\"https:\/\/www.marinapalacehotel.it\/cs\/#\/schema\/logo\/image\/\"}}]}<\/script>\n<!-- \/ Yoast SEO plugin. -->","yoast_head_json":{"title":"Parkov\u00e1n\u00ed - Marina Palace Hotel \u010cty\u0159hv\u011bzdi\u010dkov\u00e1 pl\u00e1\u017e v Caorle","robots":{"index":"index","follow":"follow","max-snippet":"max-snippet:-1","max-image-preview":"max-image-preview:large","max-video-preview":"max-video-preview:-1"},"canonical":"https:\/\/www.marinapalacehotel.it\/cs\/parkovani\/","og_locale":"cs_CZ","og_type":"article","og_title":"Parkov\u00e1n\u00ed - Marina Palace Hotel \u010cty\u0159hv\u011bzdi\u010dkov\u00e1 pl\u00e1\u017e v Caorle","og_description":"Velk\u00e9 venkovn\u00ed parkovi\u0161t\u011b ve st\u00ednu pro va\u0161e auta Parkovac\u00ed m\u00edsto zdarma V Marina Palace Hotel s vlastn\u00edm parkov\u00e1n\u00edm zapomenete na jak\u00e9koli starosti, jako nap\u0159\u00edklad m\u00edsto, kde zaparkovat auto po dobu va\u0161eho pobytu, m\u016f\u017eete se zcela v\u011bnovat relaxaci. Nezapom\u00edn\u00e1me na ty, kte\u0159\u00ed cestuj\u00ed vlastn\u00edmi vozidly, n\u00e1\u0161 hotel m\u00e1 k dispozici velk\u00e9 venkovn\u00ed parkovi\u0161t\u011b. Zde m\u016f\u017eete nechat [&hellip;]","og_url":"https:\/\/www.marinapalacehotel.it\/cs\/parkovani\/","og_site_name":"Marina Palace Hotel","article_modified_time":"2020-04-15T07:20:26+00:00","og_image":[{"width":1900,"height":500,"url":"https:\/\/www.marinapalacehotel.it\/wp-content\/uploads\/2020\/05\/Marina_palace_hotel_caorle_banner_parcheggio.jpg","type":"image\/jpeg"}],"twitter_card":"summary_large_image","schema":{"@context":"https:\/\/schema.org","@graph":[{"@type":"WebPage","@id":"https:\/\/www.marinapalacehotel.it\/cs\/parkovani\/","url":"https:\/\/www.marinapalacehotel.it\/cs\/parkovani\/","name":"Parkov\u00e1n\u00ed - Marina Palace Hotel \u010cty\u0159hv\u011bzdi\u010dkov\u00e1 pl\u00e1\u017e v Caorle","isPartOf":{"@id":"https:\/\/www.marinapalacehotel.it\/cs\/#website"},"primaryImageOfPage":{"@id":"https:\/\/www.marinapalacehotel.it\/cs\/parkovani\/#primaryimage"},"image":{"@id":"https:\/\/www.marinapalacehotel.it\/cs\/parkovani\/#primaryimage"},"thumbnailUrl":"https:\/\/www.marinapalacehotel.it\/wp-content\/uploads\/2020\/05\/Marina_palace_hotel_caorle_banner_parcheggio.jpg","datePublished":"2020-03-30T15:17:42+00:00","dateModified":"2020-04-15T07:20:26+00:00","breadcrumb":{"@id":"https:\/\/www.marinapalacehotel.it\/cs\/parkovani\/#breadcrumb"},"inLanguage":"cs","potentialAction":[{"@type":"ReadAction","target":["https:\/\/www.marinapalacehotel.it\/cs\/parkovani\/"]}]},{"@type":"ImageObject","inLanguage":"cs","@id":"https:\/\/www.marinapalacehotel.it\/cs\/parkovani\/#primaryimage","url":"https:\/\/www.marinapalacehotel.it\/wp-content\/uploads\/2020\/05\/Marina_palace_hotel_caorle_banner_parcheggio.jpg","contentUrl":"https:\/\/www.marinapalacehotel.it\/wp-content\/uploads\/2020\/05\/Marina_palace_hotel_caorle_banner_parcheggio.jpg","width":1900,"height":500},{"@type":"BreadcrumbList","@id":"https:\/\/www.marinapalacehotel.it\/cs\/parkovani\/#breadcrumb","itemListElement":[{"@type":"ListItem","position":1,"name":"Home","item":"https:\/\/www.marinapalacehotel.it\/cs\/"},{"@type":"ListItem","position":2,"name":"Parkov\u00e1n\u00ed"}]},{"@type":"WebSite","@id":"https:\/\/www.marinapalacehotel.it\/cs\/#website","url":"https:\/\/www.marinapalacehotel.it\/cs\/","name":"Marina Palace Hotel","description":"\u010cty\u0159hv\u011bzdi\u010dkov\u00e1 pl\u00e1\u017e v Caorle","publisher":{"@id":"https:\/\/www.marinapalacehotel.it\/cs\/#organization"},"potentialAction":[{"@type":"SearchAction","target":{"@type":"EntryPoint","urlTemplate":"https:\/\/www.marinapalacehotel.it\/cs\/?s={search_term_string}"},"query-input":{"@type":"PropertyValueSpecification","valueRequired":true,"valueName":"search_term_string"}}],"inLanguage":"cs"},{"@type":"Organization","@id":"https:\/\/www.marinapalacehotel.it\/cs\/#organization","name":"Marina Palace Hotel","url":"https:\/\/www.marinapalacehotel.it\/cs\/","logo":{"@type":"ImageObject","inLanguage":"cs","@id":"https:\/\/www.marinapalacehotel.it\/cs\/#\/schema\/logo\/image\/","url":"https:\/\/www.marinapalacehotel.it\/wp-content\/uploads\/2020\/05\/cropped-Marina_Palace_Logo.png","contentUrl":"https:\/\/www.marinapalacehotel.it\/wp-content\/uploads\/2020\/05\/cropped-Marina_Palace_Logo.png","width":557,"height":100,"caption":"Marina Palace Hotel"},"image":{"@id":"https:\/\/www.marinapalacehotel.it\/cs\/#\/schema\/logo\/image\/"}}]}},"uagb_featured_image_src":{"full":["https:\/\/www.marinapalacehotel.it\/wp-content\/uploads\/2020\/05\/Marina_palace_hotel_caorle_banner_parcheggio.jpg",1900,500,false],"thumbnail":["https:\/\/www.marinapalacehotel.it\/wp-content\/uploads\/2020\/05\/Marina_palace_hotel_caorle_banner_parcheggio-150x150.jpg",150,150,true],"medium":["https:\/\/www.marinapalacehotel.it\/wp-content\/uploads\/2020\/05\/Marina_palace_hotel_caorle_banner_parcheggio-300x79.jpg",300,79,true],"medium_large":["https:\/\/www.marinapalacehotel.it\/wp-content\/uploads\/2020\/05\/Marina_palace_hotel_caorle_banner_parcheggio-768x202.jpg",580,153,true],"large":["https:\/\/www.marinapalacehotel.it\/wp-content\/uploads\/2020\/05\/Marina_palace_hotel_caorle_banner_parcheggio-1024x269.jpg",580,152,true],"1536x1536":["https:\/\/www.marinapalacehotel.it\/wp-content\/uploads\/2020\/05\/Marina_palace_hotel_caorle_banner_parcheggio-1536x404.jpg",1536,404,true],"2048x2048":["https:\/\/www.marinapalacehotel.it\/wp-content\/uploads\/2020\/05\/Marina_palace_hotel_caorle_banner_parcheggio.jpg",1900,500,false],"post-thumbnail":["https:\/\/www.marinapalacehotel.it\/wp-content\/uploads\/2020\/05\/Marina_palace_hotel_caorle_banner_parcheggio-1200x316.jpg",1200,316,true],"twentytwenty-fullscreen":["https:\/\/www.marinapalacehotel.it\/wp-content\/uploads\/2020\/05\/Marina_palace_hotel_caorle_banner_parcheggio.jpg",1900,500,false]},"uagb_author_info":{"display_name":"3r4cl3-p4l4","author_link":"https:\/\/www.marinapalacehotel.it\/cs\/author\/3r4cl3-p4l4\/"},"uagb_comment_info":0,"uagb_excerpt":"Velk\u00e9 venkovn\u00ed parkovi\u0161t\u011b ve st\u00ednu pro va\u0161e auta Parkovac\u00ed m\u00edsto zdarma V Marina Palace Hotel s vlastn\u00edm parkov\u00e1n\u00edm zapomenete na jak\u00e9koli starosti, jako nap\u0159\u00edklad m\u00edsto, kde zaparkovat auto po dobu va\u0161eho pobytu, m\u016f\u017eete se zcela v\u011bnovat relaxaci. Nezapom\u00edn\u00e1me na ty, kte\u0159\u00ed cestuj\u00ed vlastn\u00edmi vozidly, n\u00e1\u0161 hotel m\u00e1 k dispozici velk\u00e9 venkovn\u00ed parkovi\u0161t\u011b. Zde m\u016f\u017eete nechat&hellip;","coauthors":[],"author_meta":{"author_link":"https:\/\/www.marinapalacehotel.it\/cs\/author\/3r4cl3-p4l4\/","display_name":"3r4cl3-p4l4"},"relative_dates":{"created":"Posted 6 roky ago","modified":"Updated 6 roky ago"},"absolute_dates":{"created":"Posted on 30 b\u0159ezna 2020","modified":"Updated on 15 dubna 2020"},"absolute_dates_time":{"created":"Posted on 30 b\u0159ezna 2020 17:17","modified":"Updated on 15 dubna 2020 09:20"},"featured_img_caption":"","featured_img":"https:\/\/www.marinapalacehotel.it\/wp-content\/uploads\/2020\/05\/Marina_palace_hotel_caorle_banner_parcheggio-1200x316.jpg","series_order":"","_links":{"self":[{"href":"https:\/\/www.marinapalacehotel.it\/cs\/wp-json\/wp\/v2\/pages\/2021","targetHints":{"allow":["GET"]}}],"collection":[{"href":"https:\/\/www.marinapalacehotel.it\/cs\/wp-json\/wp\/v2\/pages"}],"about":[{"href":"https:\/\/www.marinapalacehotel.it\/cs\/wp-json\/wp\/v2\/types\/page"}],"author":[{"embeddable":true,"href":"https:\/\/www.marinapalacehotel.it\/cs\/wp-json\/wp\/v2\/users\/1"}],"replies":[{"embeddable":true,"href":"https:\/\/www.marinapalacehotel.it\/cs\/wp-json\/wp\/v2\/comments?post=2021"}],"version-history":[{"count":0,"href":"https:\/\/www.marinapalacehotel.it\/cs\/wp-json\/wp\/v2\/pages\/2021\/revisions"}],"wp:featuredmedia":[{"embeddable":true,"href":"https:\/\/www.marinapalacehotel.it\/cs\/wp-json\/wp\/v2\/media\/3273"}],"wp:attachment":[{"href":"https:\/\/www.marinapalacehotel.it\/cs\/wp-json\/wp\/v2\/media?parent=2021"}],"curies":[{"name":"wp","href":"https:\/\/api.w.org\/{rel}","templated":true}]}}