{"id":1902,"date":"2020-04-06T15:01:31","date_gmt":"2020-04-06T13:01:31","guid":{"rendered":"https:\/\/marina.promoservicebeta.com\/wellness-e-spa\/"},"modified":"2020-04-15T12:12:14","modified_gmt":"2020-04-15T10:12:14","slug":"wellness-a-spa","status":"publish","type":"page","link":"https:\/\/www.marinapalacehotel.it\/cs\/wellness-a-spa\/","title":{"rendered":"Wellness a spa"},"content":{"rendered":"\n<div style=\"height:40px\" aria-hidden=\"true\" class=\"wp-block-spacer\"><\/div>\n\n\n\n<div class=\"wp-block-group promo-marinaint-1\"><div class=\"wp-block-group__inner-container is-layout-flow wp-block-group-is-layout-flow\">\n<h3 class=\"wp-block-heading\">Regenerace po dni str\u00e1ven\u00e9m na pl\u00e1\u017ei<\/h3>\n\n\n\n<h2 class=\"wp-block-heading\">Hotel s wellness centrem v Caorle<\/h2>\n\n\n\n<p>Na\u0161e wellness centrum je ide\u00e1ln\u00ed zp\u016fsob, jak se zregenerovat po dni str\u00e1ven\u00e9m na slunci na pl\u00e1\u017ei. Wellness centrum m\u00e1 kryt\u00fd <strong>baz\u00e9n s vodop\u00e1dem<\/strong>, v\u00ed\u0159ivku pro ty, kte\u0159\u00ed miluj\u00ed relax a h\u00fd\u010dk\u00e1n\u00ed t\u011bla ve vod\u011b. <\/p>\n\n\n\n<p>M\u016f\u017eete vyu\u017e\u00edt <strong>saunu a tureckou l\u00e1ze\u0148 <\/strong>k o\u010di\u0161t\u011bn\u00ed, dobit\u00ed a zm\u00edrn\u011bn\u00ed \u00fanavy.<\/p>\n\n\n\n<p>Wellness centrum bylo vytvo\u0159eno tak, aby odpov\u00eddalo v\u0161em va\u0161im pot\u0159eb\u00e1m. M\u016f\u017eete se t\u011b\u0161it na sprchu s <strong>chromoterapi\u00ed, kneippovy l\u00e1zn\u011b,<\/strong> v\u0161el\u00e9k pro va\u0161i poko\u017eku i du\u0161i. Sv\u016fj pobyt ve wellness centru m\u016f\u017eete zakon\u010dit dobr\u00fdm \u010dajem.<\/p>\n\n\n\n<p><strong>Otev\u0159eno ka\u017ed\u00e9 odpoledne. <\/strong><\/p>\n<\/div><\/div>\n\n\n\n<div class=\"wp-block-group promo-marinaint-2\"><div class=\"wp-block-group__inner-container is-layout-flow wp-block-group-is-layout-flow\">\n<figure class=\"wp-block-image size-large\"><img loading=\"lazy\" decoding=\"async\" width=\"830\" height=\"550\" src=\"https:\/\/www.marinapalacehotel.it\/wp-content\/uploads\/2020\/04\/hotel-marina-con-centro-benessere-2.jpg\" alt=\"\" class=\"wp-image-1341\" srcset=\"https:\/\/www.marinapalacehotel.it\/wp-content\/uploads\/2020\/04\/hotel-marina-con-centro-benessere-2.jpg 830w, https:\/\/www.marinapalacehotel.it\/wp-content\/uploads\/2020\/04\/hotel-marina-con-centro-benessere-2-300x199.jpg 300w, https:\/\/www.marinapalacehotel.it\/wp-content\/uploads\/2020\/04\/hotel-marina-con-centro-benessere-2-768x509.jpg 768w\" sizes=\"auto, (max-width: 830px) 100vw, 830px\" \/><\/figure>\n<\/div><\/div>\n\n\n\n<div style=\"height:40px\" aria-hidden=\"true\" class=\"wp-block-spacer\"><\/div>\n\n\n\n<figure class=\"wp-block-gallery columns-4 is-cropped promo-marinaint-5 wp-block-gallery-2\"><ul class=\"blocks-gallery-grid\"><li class=\"blocks-gallery-item\"><figure><img loading=\"lazy\" decoding=\"async\" width=\"830\" height=\"550\" src=\"https:\/\/www.marinapalacehotel.it\/wp-content\/uploads\/2020\/04\/hotel-marina-con-centro-benessere-1.jpg\" alt=\"\" data-id=\"1347\" data-full-url=\"https:\/\/www.marinapalacehotel.it\/wp-content\/uploads\/2020\/04\/hotel-marina-con-centro-benessere-1.jpg\" data-link=\"https:\/\/marinapalacehotel.it\/it\/?attachment_id=1347\" class=\"wp-image-1347\" srcset=\"https:\/\/www.marinapalacehotel.it\/wp-content\/uploads\/2020\/04\/hotel-marina-con-centro-benessere-1.jpg 830w, https:\/\/www.marinapalacehotel.it\/wp-content\/uploads\/2020\/04\/hotel-marina-con-centro-benessere-1-300x199.jpg 300w, https:\/\/www.marinapalacehotel.it\/wp-content\/uploads\/2020\/04\/hotel-marina-con-centro-benessere-1-768x509.jpg 768w\" sizes=\"auto, (max-width: 830px) 100vw, 830px\" \/><\/figure><\/li><li class=\"blocks-gallery-item\"><figure><img loading=\"lazy\" decoding=\"async\" width=\"830\" height=\"550\" src=\"https:\/\/www.marinapalacehotel.it\/wp-content\/uploads\/2020\/04\/hotel-marina-con-centro-benessere-4.jpg\" alt=\"\" data-id=\"1359\" data-full-url=\"https:\/\/www.marinapalacehotel.it\/wp-content\/uploads\/2020\/04\/hotel-marina-con-centro-benessere-4.jpg\" data-link=\"https:\/\/marinapalacehotel.it\/it\/?attachment_id=1359\" class=\"wp-image-1359\" srcset=\"https:\/\/www.marinapalacehotel.it\/wp-content\/uploads\/2020\/04\/hotel-marina-con-centro-benessere-4.jpg 830w, https:\/\/www.marinapalacehotel.it\/wp-content\/uploads\/2020\/04\/hotel-marina-con-centro-benessere-4-300x199.jpg 300w, https:\/\/www.marinapalacehotel.it\/wp-content\/uploads\/2020\/04\/hotel-marina-con-centro-benessere-4-768x509.jpg 768w\" sizes=\"auto, (max-width: 830px) 100vw, 830px\" \/><\/figure><\/li><li class=\"blocks-gallery-item\"><figure><img loading=\"lazy\" decoding=\"async\" width=\"830\" height=\"550\" src=\"https:\/\/www.marinapalacehotel.it\/wp-content\/uploads\/2020\/04\/hotel-marina-con-centro-benessere-3.jpg\" alt=\"\" data-id=\"1353\" data-full-url=\"https:\/\/www.marinapalacehotel.it\/wp-content\/uploads\/2020\/04\/hotel-marina-con-centro-benessere-3.jpg\" data-link=\"https:\/\/marinapalacehotel.it\/it\/?attachment_id=1353\" class=\"wp-image-1353\" srcset=\"https:\/\/www.marinapalacehotel.it\/wp-content\/uploads\/2020\/04\/hotel-marina-con-centro-benessere-3.jpg 830w, https:\/\/www.marinapalacehotel.it\/wp-content\/uploads\/2020\/04\/hotel-marina-con-centro-benessere-3-300x199.jpg 300w, https:\/\/www.marinapalacehotel.it\/wp-content\/uploads\/2020\/04\/hotel-marina-con-centro-benessere-3-768x509.jpg 768w\" sizes=\"auto, (max-width: 830px) 100vw, 830px\" \/><\/figure><\/li><li class=\"blocks-gallery-item\"><figure><img loading=\"lazy\" decoding=\"async\" width=\"830\" height=\"550\" src=\"https:\/\/www.marinapalacehotel.it\/wp-content\/uploads\/2020\/04\/hotel-marina-con-centro-benessere-5.jpg\" alt=\"\" data-id=\"1365\" data-full-url=\"https:\/\/www.marinapalacehotel.it\/wp-content\/uploads\/2020\/04\/hotel-marina-con-centro-benessere-5.jpg\" data-link=\"https:\/\/marinapalacehotel.it\/it\/?attachment_id=1365\" class=\"wp-image-1365 is-layout-flex wp-block-gallery-is-layout-flex\" srcset=\"https:\/\/www.marinapalacehotel.it\/wp-content\/uploads\/2020\/04\/hotel-marina-con-centro-benessere-5.jpg 830w, https:\/\/www.marinapalacehotel.it\/wp-content\/uploads\/2020\/04\/hotel-marina-con-centro-benessere-5-300x199.jpg 300w, https:\/\/www.marinapalacehotel.it\/wp-content\/uploads\/2020\/04\/hotel-marina-con-centro-benessere-5-768x509.jpg 768w\" sizes=\"auto, (max-width: 830px) 100vw, 830px\" \/><\/figure><\/li><\/ul><\/figure>\n","protected":false},"excerpt":{"rendered":"<p>Regenerace po dni str\u00e1ven\u00e9m na pl\u00e1\u017ei Hotel s wellness centrem v Caorle Na\u0161e wellness centrum je ide\u00e1ln\u00ed zp\u016fsob, jak se zregenerovat po dni str\u00e1ven\u00e9m na slunci na pl\u00e1\u017ei. Wellness centrum m\u00e1 kryt\u00fd baz\u00e9n s vodop\u00e1dem, v\u00ed\u0159ivku pro ty, kte\u0159\u00ed miluj\u00ed relax a h\u00fd\u010dk\u00e1n\u00ed t\u011bla ve vod\u011b. M\u016f\u017eete vyu\u017e\u00edt saunu a tureckou l\u00e1ze\u0148 k o\u010di\u0161t\u011bn\u00ed, dobit\u00ed [&hellip;]<\/p>\n","protected":false},"author":1,"featured_media":3011,"parent":0,"menu_order":0,"comment_status":"closed","ping_status":"closed","template":"","meta":{"_acf_changed":false,"_uag_custom_page_level_css":"","advgb_blocks_editor_width":"","advgb_blocks_columns_visual_guide":"","footnotes":""},"class_list":["post-1902","page","type-page","status-publish","has-post-thumbnail","hentry"],"acf":[],"yoast_head":"<!-- This site is optimized with the Yoast SEO plugin v25.7 - https:\/\/yoast.com\/wordpress\/plugins\/seo\/ -->\n<title>Wellness a spa - Marina Palace Hotel \u010cty\u0159hv\u011bzdi\u010dkov\u00e1 pl\u00e1\u017e v Caorle<\/title>\n<meta name=\"robots\" content=\"index, follow, max-snippet:-1, max-image-preview:large, max-video-preview:-1\" \/>\n<link rel=\"canonical\" href=\"https:\/\/www.marinapalacehotel.it\/cs\/wellness-a-spa\/\" \/>\n<meta property=\"og:locale\" content=\"cs_CZ\" \/>\n<meta property=\"og:type\" content=\"article\" \/>\n<meta property=\"og:title\" content=\"Wellness a spa - Marina Palace Hotel \u010cty\u0159hv\u011bzdi\u010dkov\u00e1 pl\u00e1\u017e v Caorle\" \/>\n<meta property=\"og:description\" content=\"Regenerace po dni str\u00e1ven\u00e9m na pl\u00e1\u017ei Hotel s wellness centrem v Caorle Na\u0161e wellness centrum je ide\u00e1ln\u00ed zp\u016fsob, jak se zregenerovat po dni str\u00e1ven\u00e9m na slunci na pl\u00e1\u017ei. Wellness centrum m\u00e1 kryt\u00fd baz\u00e9n s vodop\u00e1dem, v\u00ed\u0159ivku pro ty, kte\u0159\u00ed miluj\u00ed relax a h\u00fd\u010dk\u00e1n\u00ed t\u011bla ve vod\u011b. M\u016f\u017eete vyu\u017e\u00edt saunu a tureckou l\u00e1ze\u0148 k o\u010di\u0161t\u011bn\u00ed, dobit\u00ed [&hellip;]\" \/>\n<meta property=\"og:url\" content=\"https:\/\/www.marinapalacehotel.it\/cs\/wellness-a-spa\/\" \/>\n<meta property=\"og:site_name\" content=\"Marina Palace Hotel\" \/>\n<meta property=\"article:modified_time\" content=\"2020-04-15T10:12:14+00:00\" \/>\n<meta property=\"og:image\" content=\"https:\/\/www.marinapalacehotel.it\/wp-content\/uploads\/2020\/05\/Banner_hotel-marina-centro-benessere.jpg\" \/>\n\t<meta property=\"og:image:width\" content=\"1900\" \/>\n\t<meta property=\"og:image:height\" content=\"500\" \/>\n\t<meta property=\"og:image:type\" content=\"image\/jpeg\" \/>\n<meta name=\"twitter:card\" content=\"summary_large_image\" \/>\n<meta name=\"twitter:label1\" content=\"Odhadovan\u00e1 doba \u010dten\u00ed\" \/>\n\t<meta name=\"twitter:data1\" content=\"1 minuta\" \/>\n<script type=\"application\/ld+json\" class=\"yoast-schema-graph\">{\"@context\":\"https:\/\/schema.org\",\"@graph\":[{\"@type\":\"WebPage\",\"@id\":\"https:\/\/www.marinapalacehotel.it\/cs\/wellness-a-spa\/\",\"url\":\"https:\/\/www.marinapalacehotel.it\/cs\/wellness-a-spa\/\",\"name\":\"Wellness a spa - Marina Palace Hotel \u010cty\u0159hv\u011bzdi\u010dkov\u00e1 pl\u00e1\u017e v Caorle\",\"isPartOf\":{\"@id\":\"https:\/\/www.marinapalacehotel.it\/cs\/#website\"},\"primaryImageOfPage\":{\"@id\":\"https:\/\/www.marinapalacehotel.it\/cs\/wellness-a-spa\/#primaryimage\"},\"image\":{\"@id\":\"https:\/\/www.marinapalacehotel.it\/cs\/wellness-a-spa\/#primaryimage\"},\"thumbnailUrl\":\"https:\/\/www.marinapalacehotel.it\/wp-content\/uploads\/2020\/05\/Banner_hotel-marina-centro-benessere.jpg\",\"datePublished\":\"2020-04-06T13:01:31+00:00\",\"dateModified\":\"2020-04-15T10:12:14+00:00\",\"breadcrumb\":{\"@id\":\"https:\/\/www.marinapalacehotel.it\/cs\/wellness-a-spa\/#breadcrumb\"},\"inLanguage\":\"cs\",\"potentialAction\":[{\"@type\":\"ReadAction\",\"target\":[\"https:\/\/www.marinapalacehotel.it\/cs\/wellness-a-spa\/\"]}]},{\"@type\":\"ImageObject\",\"inLanguage\":\"cs\",\"@id\":\"https:\/\/www.marinapalacehotel.it\/cs\/wellness-a-spa\/#primaryimage\",\"url\":\"https:\/\/www.marinapalacehotel.it\/wp-content\/uploads\/2020\/05\/Banner_hotel-marina-centro-benessere.jpg\",\"contentUrl\":\"https:\/\/www.marinapalacehotel.it\/wp-content\/uploads\/2020\/05\/Banner_hotel-marina-centro-benessere.jpg\",\"width\":1900,\"height\":500},{\"@type\":\"BreadcrumbList\",\"@id\":\"https:\/\/www.marinapalacehotel.it\/cs\/wellness-a-spa\/#breadcrumb\",\"itemListElement\":[{\"@type\":\"ListItem\",\"position\":1,\"name\":\"Home\",\"item\":\"https:\/\/www.marinapalacehotel.it\/cs\/\"},{\"@type\":\"ListItem\",\"position\":2,\"name\":\"Wellness a spa\"}]},{\"@type\":\"WebSite\",\"@id\":\"https:\/\/www.marinapalacehotel.it\/cs\/#website\",\"url\":\"https:\/\/www.marinapalacehotel.it\/cs\/\",\"name\":\"Marina Palace Hotel\",\"description\":\"\u010cty\u0159hv\u011bzdi\u010dkov\u00e1 pl\u00e1\u017e v Caorle\",\"publisher\":{\"@id\":\"https:\/\/www.marinapalacehotel.it\/cs\/#organization\"},\"potentialAction\":[{\"@type\":\"SearchAction\",\"target\":{\"@type\":\"EntryPoint\",\"urlTemplate\":\"https:\/\/www.marinapalacehotel.it\/cs\/?s={search_term_string}\"},\"query-input\":{\"@type\":\"PropertyValueSpecification\",\"valueRequired\":true,\"valueName\":\"search_term_string\"}}],\"inLanguage\":\"cs\"},{\"@type\":\"Organization\",\"@id\":\"https:\/\/www.marinapalacehotel.it\/cs\/#organization\",\"name\":\"Marina Palace Hotel\",\"url\":\"https:\/\/www.marinapalacehotel.it\/cs\/\",\"logo\":{\"@type\":\"ImageObject\",\"inLanguage\":\"cs\",\"@id\":\"https:\/\/www.marinapalacehotel.it\/cs\/#\/schema\/logo\/image\/\",\"url\":\"https:\/\/www.marinapalacehotel.it\/wp-content\/uploads\/2020\/05\/cropped-Marina_Palace_Logo.png\",\"contentUrl\":\"https:\/\/www.marinapalacehotel.it\/wp-content\/uploads\/2020\/05\/cropped-Marina_Palace_Logo.png\",\"width\":557,\"height\":100,\"caption\":\"Marina Palace Hotel\"},\"image\":{\"@id\":\"https:\/\/www.marinapalacehotel.it\/cs\/#\/schema\/logo\/image\/\"}}]}<\/script>\n<!-- \/ Yoast SEO plugin. -->","yoast_head_json":{"title":"Wellness a spa - Marina Palace Hotel \u010cty\u0159hv\u011bzdi\u010dkov\u00e1 pl\u00e1\u017e v Caorle","robots":{"index":"index","follow":"follow","max-snippet":"max-snippet:-1","max-image-preview":"max-image-preview:large","max-video-preview":"max-video-preview:-1"},"canonical":"https:\/\/www.marinapalacehotel.it\/cs\/wellness-a-spa\/","og_locale":"cs_CZ","og_type":"article","og_title":"Wellness a spa - Marina Palace Hotel \u010cty\u0159hv\u011bzdi\u010dkov\u00e1 pl\u00e1\u017e v Caorle","og_description":"Regenerace po dni str\u00e1ven\u00e9m na pl\u00e1\u017ei Hotel s wellness centrem v Caorle Na\u0161e wellness centrum je ide\u00e1ln\u00ed zp\u016fsob, jak se zregenerovat po dni str\u00e1ven\u00e9m na slunci na pl\u00e1\u017ei. Wellness centrum m\u00e1 kryt\u00fd baz\u00e9n s vodop\u00e1dem, v\u00ed\u0159ivku pro ty, kte\u0159\u00ed miluj\u00ed relax a h\u00fd\u010dk\u00e1n\u00ed t\u011bla ve vod\u011b. M\u016f\u017eete vyu\u017e\u00edt saunu a tureckou l\u00e1ze\u0148 k o\u010di\u0161t\u011bn\u00ed, dobit\u00ed [&hellip;]","og_url":"https:\/\/www.marinapalacehotel.it\/cs\/wellness-a-spa\/","og_site_name":"Marina Palace Hotel","article_modified_time":"2020-04-15T10:12:14+00:00","og_image":[{"width":1900,"height":500,"url":"https:\/\/www.marinapalacehotel.it\/wp-content\/uploads\/2020\/05\/Banner_hotel-marina-centro-benessere.jpg","type":"image\/jpeg"}],"twitter_card":"summary_large_image","twitter_misc":{"Odhadovan\u00e1 doba \u010dten\u00ed":"1 minuta"},"schema":{"@context":"https:\/\/schema.org","@graph":[{"@type":"WebPage","@id":"https:\/\/www.marinapalacehotel.it\/cs\/wellness-a-spa\/","url":"https:\/\/www.marinapalacehotel.it\/cs\/wellness-a-spa\/","name":"Wellness a spa - Marina Palace Hotel \u010cty\u0159hv\u011bzdi\u010dkov\u00e1 pl\u00e1\u017e v Caorle","isPartOf":{"@id":"https:\/\/www.marinapalacehotel.it\/cs\/#website"},"primaryImageOfPage":{"@id":"https:\/\/www.marinapalacehotel.it\/cs\/wellness-a-spa\/#primaryimage"},"image":{"@id":"https:\/\/www.marinapalacehotel.it\/cs\/wellness-a-spa\/#primaryimage"},"thumbnailUrl":"https:\/\/www.marinapalacehotel.it\/wp-content\/uploads\/2020\/05\/Banner_hotel-marina-centro-benessere.jpg","datePublished":"2020-04-06T13:01:31+00:00","dateModified":"2020-04-15T10:12:14+00:00","breadcrumb":{"@id":"https:\/\/www.marinapalacehotel.it\/cs\/wellness-a-spa\/#breadcrumb"},"inLanguage":"cs","potentialAction":[{"@type":"ReadAction","target":["https:\/\/www.marinapalacehotel.it\/cs\/wellness-a-spa\/"]}]},{"@type":"ImageObject","inLanguage":"cs","@id":"https:\/\/www.marinapalacehotel.it\/cs\/wellness-a-spa\/#primaryimage","url":"https:\/\/www.marinapalacehotel.it\/wp-content\/uploads\/2020\/05\/Banner_hotel-marina-centro-benessere.jpg","contentUrl":"https:\/\/www.marinapalacehotel.it\/wp-content\/uploads\/2020\/05\/Banner_hotel-marina-centro-benessere.jpg","width":1900,"height":500},{"@type":"BreadcrumbList","@id":"https:\/\/www.marinapalacehotel.it\/cs\/wellness-a-spa\/#breadcrumb","itemListElement":[{"@type":"ListItem","position":1,"name":"Home","item":"https:\/\/www.marinapalacehotel.it\/cs\/"},{"@type":"ListItem","position":2,"name":"Wellness a spa"}]},{"@type":"WebSite","@id":"https:\/\/www.marinapalacehotel.it\/cs\/#website","url":"https:\/\/www.marinapalacehotel.it\/cs\/","name":"Marina Palace Hotel","description":"\u010cty\u0159hv\u011bzdi\u010dkov\u00e1 pl\u00e1\u017e v Caorle","publisher":{"@id":"https:\/\/www.marinapalacehotel.it\/cs\/#organization"},"potentialAction":[{"@type":"SearchAction","target":{"@type":"EntryPoint","urlTemplate":"https:\/\/www.marinapalacehotel.it\/cs\/?s={search_term_string}"},"query-input":{"@type":"PropertyValueSpecification","valueRequired":true,"valueName":"search_term_string"}}],"inLanguage":"cs"},{"@type":"Organization","@id":"https:\/\/www.marinapalacehotel.it\/cs\/#organization","name":"Marina Palace Hotel","url":"https:\/\/www.marinapalacehotel.it\/cs\/","logo":{"@type":"ImageObject","inLanguage":"cs","@id":"https:\/\/www.marinapalacehotel.it\/cs\/#\/schema\/logo\/image\/","url":"https:\/\/www.marinapalacehotel.it\/wp-content\/uploads\/2020\/05\/cropped-Marina_Palace_Logo.png","contentUrl":"https:\/\/www.marinapalacehotel.it\/wp-content\/uploads\/2020\/05\/cropped-Marina_Palace_Logo.png","width":557,"height":100,"caption":"Marina Palace Hotel"},"image":{"@id":"https:\/\/www.marinapalacehotel.it\/cs\/#\/schema\/logo\/image\/"}}]}},"uagb_featured_image_src":{"full":["https:\/\/www.marinapalacehotel.it\/wp-content\/uploads\/2020\/05\/Banner_hotel-marina-centro-benessere.jpg",1900,500,false],"thumbnail":["https:\/\/www.marinapalacehotel.it\/wp-content\/uploads\/2020\/05\/Banner_hotel-marina-centro-benessere-150x150.jpg",150,150,true],"medium":["https:\/\/www.marinapalacehotel.it\/wp-content\/uploads\/2020\/05\/Banner_hotel-marina-centro-benessere-300x79.jpg",300,79,true],"medium_large":["https:\/\/www.marinapalacehotel.it\/wp-content\/uploads\/2020\/05\/Banner_hotel-marina-centro-benessere-768x202.jpg",580,153,true],"large":["https:\/\/www.marinapalacehotel.it\/wp-content\/uploads\/2020\/05\/Banner_hotel-marina-centro-benessere-1024x269.jpg",580,152,true],"1536x1536":["https:\/\/www.marinapalacehotel.it\/wp-content\/uploads\/2020\/05\/Banner_hotel-marina-centro-benessere-1536x404.jpg",1536,404,true],"2048x2048":["https:\/\/www.marinapalacehotel.it\/wp-content\/uploads\/2020\/05\/Banner_hotel-marina-centro-benessere.jpg",1900,500,false],"post-thumbnail":["https:\/\/www.marinapalacehotel.it\/wp-content\/uploads\/2020\/05\/Banner_hotel-marina-centro-benessere-1200x316.jpg",1200,316,true],"twentytwenty-fullscreen":["https:\/\/www.marinapalacehotel.it\/wp-content\/uploads\/2020\/05\/Banner_hotel-marina-centro-benessere.jpg",1900,500,false]},"uagb_author_info":{"display_name":"3r4cl3-p4l4","author_link":"https:\/\/www.marinapalacehotel.it\/cs\/author\/3r4cl3-p4l4\/"},"uagb_comment_info":0,"uagb_excerpt":"Regenerace po dni str\u00e1ven\u00e9m na pl\u00e1\u017ei Hotel s wellness centrem v Caorle Na\u0161e wellness centrum je ide\u00e1ln\u00ed zp\u016fsob, jak se zregenerovat po dni str\u00e1ven\u00e9m na slunci na pl\u00e1\u017ei. Wellness centrum m\u00e1 kryt\u00fd baz\u00e9n s vodop\u00e1dem, v\u00ed\u0159ivku pro ty, kte\u0159\u00ed miluj\u00ed relax a h\u00fd\u010dk\u00e1n\u00ed t\u011bla ve vod\u011b. M\u016f\u017eete vyu\u017e\u00edt saunu a tureckou l\u00e1ze\u0148 k o\u010di\u0161t\u011bn\u00ed, dobit\u00ed&hellip;","coauthors":[],"author_meta":{"author_link":"https:\/\/www.marinapalacehotel.it\/cs\/author\/3r4cl3-p4l4\/","display_name":"3r4cl3-p4l4"},"relative_dates":{"created":"Posted 6 roky ago","modified":"Updated 6 roky ago"},"absolute_dates":{"created":"Posted on 6 dubna 2020","modified":"Updated on 15 dubna 2020"},"absolute_dates_time":{"created":"Posted on 6 dubna 2020 15:01","modified":"Updated on 15 dubna 2020 12:12"},"featured_img_caption":"","featured_img":"https:\/\/www.marinapalacehotel.it\/wp-content\/uploads\/2020\/05\/Banner_hotel-marina-centro-benessere-1200x316.jpg","series_order":"","_links":{"self":[{"href":"https:\/\/www.marinapalacehotel.it\/cs\/wp-json\/wp\/v2\/pages\/1902","targetHints":{"allow":["GET"]}}],"collection":[{"href":"https:\/\/www.marinapalacehotel.it\/cs\/wp-json\/wp\/v2\/pages"}],"about":[{"href":"https:\/\/www.marinapalacehotel.it\/cs\/wp-json\/wp\/v2\/types\/page"}],"author":[{"embeddable":true,"href":"https:\/\/www.marinapalacehotel.it\/cs\/wp-json\/wp\/v2\/users\/1"}],"replies":[{"embeddable":true,"href":"https:\/\/www.marinapalacehotel.it\/cs\/wp-json\/wp\/v2\/comments?post=1902"}],"version-history":[{"count":0,"href":"https:\/\/www.marinapalacehotel.it\/cs\/wp-json\/wp\/v2\/pages\/1902\/revisions"}],"wp:featuredmedia":[{"embeddable":true,"href":"https:\/\/www.marinapalacehotel.it\/cs\/wp-json\/wp\/v2\/media\/3011"}],"wp:attachment":[{"href":"https:\/\/www.marinapalacehotel.it\/cs\/wp-json\/wp\/v2\/media?parent=1902"}],"curies":[{"name":"wp","href":"https:\/\/api.w.org\/{rel}","templated":true}]}}