{"id":1895,"date":"2020-03-30T17:02:32","date_gmt":"2020-03-30T15:02:32","guid":{"rendered":"https:\/\/marina.promoservicebeta.com\/piscina\/"},"modified":"2023-06-27T15:48:36","modified_gmt":"2023-06-27T13:48:36","slug":"bazen","status":"publish","type":"page","link":"https:\/\/www.marinapalacehotel.it\/cs\/bazen\/","title":{"rendered":"Baz\u00e9n"},"content":{"rendered":"\n<div style=\"height:40px\" aria-hidden=\"true\" class=\"wp-block-spacer advgb-dyn-db4b1242\"><\/div>\n\n\n\n<div class=\"wp-block-group promo-marinaint-1 advgb-dyn-33d8bfc3\"><div class=\"wp-block-group__inner-container is-layout-flow wp-block-group-is-layout-flow\">\n<h3 class=\"wp-block-heading advgb-dyn-a7c1ef0c\">Odpo\u010di\u0148te si u baz\u00e9nu<\/h3>\n\n\n\n<h2 class=\"wp-block-heading advgb-dyn-25f1cca5\">Hotel p\u0159\u00edmo u pl\u00e1\u017ee s baz\u00e9nem v Caorle<\/h2>\n\n\n\n<p>Marina Palace Hotel je \u0159e\u0161en\u00edm pro ty, kte\u0159\u00ed cht\u011bj\u00ed str\u00e1vit svou dovolenou ve jm\u00e9nu <strong>klidu a z\u00e1bavy<\/strong>.<\/p>\n\n\n\n<p>\u010cty\u0159hv\u011bzdi\u010dkov\u00fd hotel <strong>p\u0159\u00edmo u pl\u00e1\u017ee<\/strong> m\u00e1 vlastn\u00ed venkovn\u00ed baz\u00e9n rozd\u011blen\u00fd do dvou \u010d\u00e1st\u00ed: jedna pro dosp\u011bl\u00e9, druh\u00e1 pro d\u011bti. Baz\u00e9n je vybaven pohodln\u00fdmi leh\u00e1tky zdarma pro hotelov\u00e9 klienty.<\/p>\n\n\n\n<p>Ide\u00e1ln\u00ed pozice pro ka\u017edou pot\u0159ebu: pro ty, kte\u0159\u00ed se cht\u011bj\u00ed opalovat a nebo pro ty, kte\u0159\u00ed cht\u011bj\u00ed odpo\u010d\u00edvat ve st\u00ednu borov\u00e9ho lesa.<\/p>\n\n\n\n<p>Host\u00e9 si mohou vychutnat <strong>aperitiv u baz\u00e9nu<\/strong> t\u00edm, \u017ee vyu\u017e\u00edj\u00ed pohodln\u00fd bar um\u00edst\u011bn\u00fd v p\u0159\u00edzem\u00ed hotelu, bar je otev\u0159en od <strong>8.00 do p\u016flnoci<\/strong>. Ide\u00e1ln\u00ed m\u00edsto pro odpo\u010dinek a z\u00e1bavu cel\u00e9 rodiny. <\/p>\n<\/div><\/div>\n\n\n\n<div class=\"wp-block-group promo-marinaint-2 advgb-dyn-28da17ba\"><div class=\"wp-block-group__inner-container is-layout-flow wp-block-group-is-layout-flow\">\n<figure class=\"wp-block-image size-full\"><img loading=\"lazy\" decoding=\"async\" width=\"830\" height=\"550\" src=\"https:\/\/www.marinapalacehotel.it\/wp-content\/uploads\/2023\/06\/Nuova-Piscina-Marina-Palace-3.jpg\" alt=\"\" class=\"wp-image-3961\" srcset=\"https:\/\/www.marinapalacehotel.it\/wp-content\/uploads\/2023\/06\/Nuova-Piscina-Marina-Palace-3.jpg 830w, https:\/\/www.marinapalacehotel.it\/wp-content\/uploads\/2023\/06\/Nuova-Piscina-Marina-Palace-3-300x199.jpg 300w, https:\/\/www.marinapalacehotel.it\/wp-content\/uploads\/2023\/06\/Nuova-Piscina-Marina-Palace-3-768x509.jpg 768w\" sizes=\"auto, (max-width: 830px) 100vw, 830px\" \/><\/figure>\n<\/div><\/div>\n\n\n\n<div style=\"height:40px\" aria-hidden=\"true\" class=\"wp-block-spacer advgb-dyn-db4b1242\"><\/div>\n\n\n\n<figure class=\"wp-block-gallery has-nested-images columns-default is-cropped promo-marinaint-5 wp-block-gallery-2 is-layout-flex wp-block-gallery-is-layout-flex advgb-dyn-08583c93\">\n<figure class=\"wp-block-image size-full\"><img decoding=\"async\" data-id=\"3954\" src=\"https:\/\/www.marinapalacehotel.it\/wp-content\/uploads\/2023\/06\/Nuova-Piscina-Marina-Palace-1.jpg\" alt=\"\" class=\"wp-image-3954\"\/><\/figure>\n\n\n\n<figure class=\"wp-block-image size-full\"><img decoding=\"async\" data-id=\"3942\" src=\"https:\/\/www.marinapalacehotel.it\/wp-content\/uploads\/2023\/06\/piscina-hotel-marina-palace-4.jpg\" alt=\"\" class=\"wp-image-3942\"\/><\/figure>\n\n\n\n<figure class=\"wp-block-image size-full\"><img loading=\"lazy\" decoding=\"async\" width=\"830\" height=\"550\" data-id=\"3948\" src=\"https:\/\/www.marinapalacehotel.it\/wp-content\/uploads\/2023\/06\/Nuova-Piscina-Marina-Palace-2.jpg\" alt=\"\" class=\"wp-image-3948\" srcset=\"https:\/\/www.marinapalacehotel.it\/wp-content\/uploads\/2023\/06\/Nuova-Piscina-Marina-Palace-2.jpg 830w, https:\/\/www.marinapalacehotel.it\/wp-content\/uploads\/2023\/06\/Nuova-Piscina-Marina-Palace-2-300x199.jpg 300w, https:\/\/www.marinapalacehotel.it\/wp-content\/uploads\/2023\/06\/Nuova-Piscina-Marina-Palace-2-768x509.jpg 768w\" sizes=\"auto, (max-width: 830px) 100vw, 830px\" \/><\/figure>\n<\/figure>\n","protected":false},"excerpt":{"rendered":"<p>Odpo\u010di\u0148te si u baz\u00e9nu Hotel p\u0159\u00edmo u pl\u00e1\u017ee s baz\u00e9nem v Caorle Marina Palace Hotel je \u0159e\u0161en\u00edm pro ty, kte\u0159\u00ed cht\u011bj\u00ed str\u00e1vit svou dovolenou ve jm\u00e9nu klidu a z\u00e1bavy. \u010cty\u0159hv\u011bzdi\u010dkov\u00fd hotel p\u0159\u00edmo u pl\u00e1\u017ee m\u00e1 vlastn\u00ed venkovn\u00ed baz\u00e9n rozd\u011blen\u00fd do dvou \u010d\u00e1st\u00ed: jedna pro dosp\u011bl\u00e9, druh\u00e1 pro d\u011bti. Baz\u00e9n je vybaven pohodln\u00fdmi leh\u00e1tky zdarma pro [&hellip;]<\/p>\n","protected":false},"author":1,"featured_media":0,"parent":0,"menu_order":0,"comment_status":"closed","ping_status":"closed","template":"","meta":{"_acf_changed":false,"_uag_custom_page_level_css":"","advgb_blocks_editor_width":"","advgb_blocks_columns_visual_guide":"","footnotes":""},"class_list":["post-1895","page","type-page","status-publish","hentry"],"acf":[],"yoast_head":"<!-- This site is optimized with the Yoast SEO plugin v25.7 - https:\/\/yoast.com\/wordpress\/plugins\/seo\/ -->\n<title>Baz\u00e9n - Marina Palace Hotel \u010cty\u0159hv\u011bzdi\u010dkov\u00e1 pl\u00e1\u017e v Caorle<\/title>\n<meta name=\"robots\" content=\"index, follow, max-snippet:-1, max-image-preview:large, max-video-preview:-1\" \/>\n<link rel=\"canonical\" href=\"https:\/\/www.marinapalacehotel.it\/cs\/bazen\/\" \/>\n<meta property=\"og:locale\" content=\"cs_CZ\" \/>\n<meta property=\"og:type\" content=\"article\" \/>\n<meta property=\"og:title\" content=\"Baz\u00e9n - Marina Palace Hotel \u010cty\u0159hv\u011bzdi\u010dkov\u00e1 pl\u00e1\u017e v Caorle\" \/>\n<meta property=\"og:description\" content=\"Odpo\u010di\u0148te si u baz\u00e9nu Hotel p\u0159\u00edmo u pl\u00e1\u017ee s baz\u00e9nem v Caorle Marina Palace Hotel je \u0159e\u0161en\u00edm pro ty, kte\u0159\u00ed cht\u011bj\u00ed str\u00e1vit svou dovolenou ve jm\u00e9nu klidu a z\u00e1bavy. \u010cty\u0159hv\u011bzdi\u010dkov\u00fd hotel p\u0159\u00edmo u pl\u00e1\u017ee m\u00e1 vlastn\u00ed venkovn\u00ed baz\u00e9n rozd\u011blen\u00fd do dvou \u010d\u00e1st\u00ed: jedna pro dosp\u011bl\u00e9, druh\u00e1 pro d\u011bti. Baz\u00e9n je vybaven pohodln\u00fdmi leh\u00e1tky zdarma pro [&hellip;]\" \/>\n<meta property=\"og:url\" content=\"https:\/\/www.marinapalacehotel.it\/cs\/bazen\/\" \/>\n<meta property=\"og:site_name\" content=\"Marina Palace Hotel\" \/>\n<meta property=\"article:modified_time\" content=\"2023-06-27T13:48:36+00:00\" \/>\n<meta property=\"og:image\" content=\"https:\/\/www.marinapalacehotel.it\/wp-content\/uploads\/2023\/06\/Nuova-Piscina-Marina-Palace-3.jpg\" \/>\n<meta name=\"twitter:card\" content=\"summary_large_image\" \/>\n<meta name=\"twitter:label1\" content=\"Odhadovan\u00e1 doba \u010dten\u00ed\" \/>\n\t<meta name=\"twitter:data1\" content=\"2 minuty\" \/>\n<script type=\"application\/ld+json\" class=\"yoast-schema-graph\">{\"@context\":\"https:\/\/schema.org\",\"@graph\":[{\"@type\":\"WebPage\",\"@id\":\"https:\/\/www.marinapalacehotel.it\/cs\/bazen\/\",\"url\":\"https:\/\/www.marinapalacehotel.it\/cs\/bazen\/\",\"name\":\"Baz\u00e9n - Marina Palace Hotel \u010cty\u0159hv\u011bzdi\u010dkov\u00e1 pl\u00e1\u017e v Caorle\",\"isPartOf\":{\"@id\":\"https:\/\/www.marinapalacehotel.it\/cs\/#website\"},\"primaryImageOfPage\":{\"@id\":\"https:\/\/www.marinapalacehotel.it\/cs\/bazen\/#primaryimage\"},\"image\":{\"@id\":\"https:\/\/www.marinapalacehotel.it\/cs\/bazen\/#primaryimage\"},\"thumbnailUrl\":\"https:\/\/www.marinapalacehotel.it\/wp-content\/uploads\/2023\/06\/Nuova-Piscina-Marina-Palace-3.jpg\",\"datePublished\":\"2020-03-30T15:02:32+00:00\",\"dateModified\":\"2023-06-27T13:48:36+00:00\",\"breadcrumb\":{\"@id\":\"https:\/\/www.marinapalacehotel.it\/cs\/bazen\/#breadcrumb\"},\"inLanguage\":\"cs\",\"potentialAction\":[{\"@type\":\"ReadAction\",\"target\":[\"https:\/\/www.marinapalacehotel.it\/cs\/bazen\/\"]}]},{\"@type\":\"ImageObject\",\"inLanguage\":\"cs\",\"@id\":\"https:\/\/www.marinapalacehotel.it\/cs\/bazen\/#primaryimage\",\"url\":\"https:\/\/www.marinapalacehotel.it\/wp-content\/uploads\/2023\/06\/Nuova-Piscina-Marina-Palace-3.jpg\",\"contentUrl\":\"https:\/\/www.marinapalacehotel.it\/wp-content\/uploads\/2023\/06\/Nuova-Piscina-Marina-Palace-3.jpg\"},{\"@type\":\"BreadcrumbList\",\"@id\":\"https:\/\/www.marinapalacehotel.it\/cs\/bazen\/#breadcrumb\",\"itemListElement\":[{\"@type\":\"ListItem\",\"position\":1,\"name\":\"Home\",\"item\":\"https:\/\/www.marinapalacehotel.it\/cs\/\"},{\"@type\":\"ListItem\",\"position\":2,\"name\":\"Baz\u00e9n\"}]},{\"@type\":\"WebSite\",\"@id\":\"https:\/\/www.marinapalacehotel.it\/cs\/#website\",\"url\":\"https:\/\/www.marinapalacehotel.it\/cs\/\",\"name\":\"Marina Palace Hotel\",\"description\":\"\u010cty\u0159hv\u011bzdi\u010dkov\u00e1 pl\u00e1\u017e v Caorle\",\"publisher\":{\"@id\":\"https:\/\/www.marinapalacehotel.it\/cs\/#organization\"},\"potentialAction\":[{\"@type\":\"SearchAction\",\"target\":{\"@type\":\"EntryPoint\",\"urlTemplate\":\"https:\/\/www.marinapalacehotel.it\/cs\/?s={search_term_string}\"},\"query-input\":{\"@type\":\"PropertyValueSpecification\",\"valueRequired\":true,\"valueName\":\"search_term_string\"}}],\"inLanguage\":\"cs\"},{\"@type\":\"Organization\",\"@id\":\"https:\/\/www.marinapalacehotel.it\/cs\/#organization\",\"name\":\"Marina Palace Hotel\",\"url\":\"https:\/\/www.marinapalacehotel.it\/cs\/\",\"logo\":{\"@type\":\"ImageObject\",\"inLanguage\":\"cs\",\"@id\":\"https:\/\/www.marinapalacehotel.it\/cs\/#\/schema\/logo\/image\/\",\"url\":\"https:\/\/www.marinapalacehotel.it\/wp-content\/uploads\/2020\/05\/cropped-Marina_Palace_Logo.png\",\"contentUrl\":\"https:\/\/www.marinapalacehotel.it\/wp-content\/uploads\/2020\/05\/cropped-Marina_Palace_Logo.png\",\"width\":557,\"height\":100,\"caption\":\"Marina Palace Hotel\"},\"image\":{\"@id\":\"https:\/\/www.marinapalacehotel.it\/cs\/#\/schema\/logo\/image\/\"}}]}<\/script>\n<!-- \/ Yoast SEO plugin. -->","yoast_head_json":{"title":"Baz\u00e9n - Marina Palace Hotel \u010cty\u0159hv\u011bzdi\u010dkov\u00e1 pl\u00e1\u017e v Caorle","robots":{"index":"index","follow":"follow","max-snippet":"max-snippet:-1","max-image-preview":"max-image-preview:large","max-video-preview":"max-video-preview:-1"},"canonical":"https:\/\/www.marinapalacehotel.it\/cs\/bazen\/","og_locale":"cs_CZ","og_type":"article","og_title":"Baz\u00e9n - Marina Palace Hotel \u010cty\u0159hv\u011bzdi\u010dkov\u00e1 pl\u00e1\u017e v Caorle","og_description":"Odpo\u010di\u0148te si u baz\u00e9nu Hotel p\u0159\u00edmo u pl\u00e1\u017ee s baz\u00e9nem v Caorle Marina Palace Hotel je \u0159e\u0161en\u00edm pro ty, kte\u0159\u00ed cht\u011bj\u00ed str\u00e1vit svou dovolenou ve jm\u00e9nu klidu a z\u00e1bavy. \u010cty\u0159hv\u011bzdi\u010dkov\u00fd hotel p\u0159\u00edmo u pl\u00e1\u017ee m\u00e1 vlastn\u00ed venkovn\u00ed baz\u00e9n rozd\u011blen\u00fd do dvou \u010d\u00e1st\u00ed: jedna pro dosp\u011bl\u00e9, druh\u00e1 pro d\u011bti. Baz\u00e9n je vybaven pohodln\u00fdmi leh\u00e1tky zdarma pro [&hellip;]","og_url":"https:\/\/www.marinapalacehotel.it\/cs\/bazen\/","og_site_name":"Marina Palace Hotel","article_modified_time":"2023-06-27T13:48:36+00:00","og_image":[{"url":"https:\/\/www.marinapalacehotel.it\/wp-content\/uploads\/2023\/06\/Nuova-Piscina-Marina-Palace-3.jpg","type":"","width":"","height":""}],"twitter_card":"summary_large_image","twitter_misc":{"Odhadovan\u00e1 doba \u010dten\u00ed":"2 minuty"},"schema":{"@context":"https:\/\/schema.org","@graph":[{"@type":"WebPage","@id":"https:\/\/www.marinapalacehotel.it\/cs\/bazen\/","url":"https:\/\/www.marinapalacehotel.it\/cs\/bazen\/","name":"Baz\u00e9n - Marina Palace Hotel \u010cty\u0159hv\u011bzdi\u010dkov\u00e1 pl\u00e1\u017e v Caorle","isPartOf":{"@id":"https:\/\/www.marinapalacehotel.it\/cs\/#website"},"primaryImageOfPage":{"@id":"https:\/\/www.marinapalacehotel.it\/cs\/bazen\/#primaryimage"},"image":{"@id":"https:\/\/www.marinapalacehotel.it\/cs\/bazen\/#primaryimage"},"thumbnailUrl":"https:\/\/www.marinapalacehotel.it\/wp-content\/uploads\/2023\/06\/Nuova-Piscina-Marina-Palace-3.jpg","datePublished":"2020-03-30T15:02:32+00:00","dateModified":"2023-06-27T13:48:36+00:00","breadcrumb":{"@id":"https:\/\/www.marinapalacehotel.it\/cs\/bazen\/#breadcrumb"},"inLanguage":"cs","potentialAction":[{"@type":"ReadAction","target":["https:\/\/www.marinapalacehotel.it\/cs\/bazen\/"]}]},{"@type":"ImageObject","inLanguage":"cs","@id":"https:\/\/www.marinapalacehotel.it\/cs\/bazen\/#primaryimage","url":"https:\/\/www.marinapalacehotel.it\/wp-content\/uploads\/2023\/06\/Nuova-Piscina-Marina-Palace-3.jpg","contentUrl":"https:\/\/www.marinapalacehotel.it\/wp-content\/uploads\/2023\/06\/Nuova-Piscina-Marina-Palace-3.jpg"},{"@type":"BreadcrumbList","@id":"https:\/\/www.marinapalacehotel.it\/cs\/bazen\/#breadcrumb","itemListElement":[{"@type":"ListItem","position":1,"name":"Home","item":"https:\/\/www.marinapalacehotel.it\/cs\/"},{"@type":"ListItem","position":2,"name":"Baz\u00e9n"}]},{"@type":"WebSite","@id":"https:\/\/www.marinapalacehotel.it\/cs\/#website","url":"https:\/\/www.marinapalacehotel.it\/cs\/","name":"Marina Palace Hotel","description":"\u010cty\u0159hv\u011bzdi\u010dkov\u00e1 pl\u00e1\u017e v Caorle","publisher":{"@id":"https:\/\/www.marinapalacehotel.it\/cs\/#organization"},"potentialAction":[{"@type":"SearchAction","target":{"@type":"EntryPoint","urlTemplate":"https:\/\/www.marinapalacehotel.it\/cs\/?s={search_term_string}"},"query-input":{"@type":"PropertyValueSpecification","valueRequired":true,"valueName":"search_term_string"}}],"inLanguage":"cs"},{"@type":"Organization","@id":"https:\/\/www.marinapalacehotel.it\/cs\/#organization","name":"Marina Palace Hotel","url":"https:\/\/www.marinapalacehotel.it\/cs\/","logo":{"@type":"ImageObject","inLanguage":"cs","@id":"https:\/\/www.marinapalacehotel.it\/cs\/#\/schema\/logo\/image\/","url":"https:\/\/www.marinapalacehotel.it\/wp-content\/uploads\/2020\/05\/cropped-Marina_Palace_Logo.png","contentUrl":"https:\/\/www.marinapalacehotel.it\/wp-content\/uploads\/2020\/05\/cropped-Marina_Palace_Logo.png","width":557,"height":100,"caption":"Marina Palace Hotel"},"image":{"@id":"https:\/\/www.marinapalacehotel.it\/cs\/#\/schema\/logo\/image\/"}}]}},"uagb_featured_image_src":{"full":false,"thumbnail":false,"medium":false,"medium_large":false,"large":false,"1536x1536":false,"2048x2048":false,"post-thumbnail":false,"twentytwenty-fullscreen":false},"uagb_author_info":{"display_name":"3r4cl3-p4l4","author_link":"https:\/\/www.marinapalacehotel.it\/cs\/author\/3r4cl3-p4l4\/"},"uagb_comment_info":0,"uagb_excerpt":"Odpo\u010di\u0148te si u baz\u00e9nu Hotel p\u0159\u00edmo u pl\u00e1\u017ee s baz\u00e9nem v Caorle Marina Palace Hotel je \u0159e\u0161en\u00edm pro ty, kte\u0159\u00ed cht\u011bj\u00ed str\u00e1vit svou dovolenou ve jm\u00e9nu klidu a z\u00e1bavy. \u010cty\u0159hv\u011bzdi\u010dkov\u00fd hotel p\u0159\u00edmo u pl\u00e1\u017ee m\u00e1 vlastn\u00ed venkovn\u00ed baz\u00e9n rozd\u011blen\u00fd do dvou \u010d\u00e1st\u00ed: jedna pro dosp\u011bl\u00e9, druh\u00e1 pro d\u011bti. Baz\u00e9n je vybaven pohodln\u00fdmi leh\u00e1tky zdarma pro&hellip;","coauthors":[],"author_meta":{"author_link":"https:\/\/www.marinapalacehotel.it\/cs\/author\/3r4cl3-p4l4\/","display_name":"3r4cl3-p4l4"},"relative_dates":{"created":"Posted 6 roky ago","modified":"Updated 3 roky ago"},"absolute_dates":{"created":"Posted on 30 b\u0159ezna 2020","modified":"Updated on 27 \u010dervna 2023"},"absolute_dates_time":{"created":"Posted on 30 b\u0159ezna 2020 17:02","modified":"Updated on 27 \u010dervna 2023 15:48"},"featured_img_caption":"","featured_img":false,"series_order":"","_links":{"self":[{"href":"https:\/\/www.marinapalacehotel.it\/cs\/wp-json\/wp\/v2\/pages\/1895","targetHints":{"allow":["GET"]}}],"collection":[{"href":"https:\/\/www.marinapalacehotel.it\/cs\/wp-json\/wp\/v2\/pages"}],"about":[{"href":"https:\/\/www.marinapalacehotel.it\/cs\/wp-json\/wp\/v2\/types\/page"}],"author":[{"embeddable":true,"href":"https:\/\/www.marinapalacehotel.it\/cs\/wp-json\/wp\/v2\/users\/1"}],"replies":[{"embeddable":true,"href":"https:\/\/www.marinapalacehotel.it\/cs\/wp-json\/wp\/v2\/comments?post=1895"}],"version-history":[{"count":1,"href":"https:\/\/www.marinapalacehotel.it\/cs\/wp-json\/wp\/v2\/pages\/1895\/revisions"}],"predecessor-version":[{"id":3978,"href":"https:\/\/www.marinapalacehotel.it\/cs\/wp-json\/wp\/v2\/pages\/1895\/revisions\/3978"}],"wp:attachment":[{"href":"https:\/\/www.marinapalacehotel.it\/cs\/wp-json\/wp\/v2\/media?parent=1895"}],"curies":[{"name":"wp","href":"https:\/\/api.w.org\/{rel}","templated":true}]}}