{"id":1892,"date":"2020-03-30T15:15:31","date_gmt":"2020-03-30T13:15:31","guid":{"rendered":"https:\/\/marina.promoservicebeta.com\/area-fitness\/"},"modified":"2020-04-15T12:13:42","modified_gmt":"2020-04-15T10:13:42","slug":"fitness-centrum","status":"publish","type":"page","link":"https:\/\/www.marinapalacehotel.it\/cs\/fitness-centrum\/","title":{"rendered":"Fitness centrum"},"content":{"rendered":"\n<div style=\"height:40px\" aria-hidden=\"true\" class=\"wp-block-spacer\"><\/div>\n\n\n\n<div class=\"wp-block-group promo-marinaint-1\"><div class=\"wp-block-group__inner-container is-layout-flow wp-block-group-is-layout-flow\">\n<h3 class=\"wp-block-heading\">Tr\u00e9nuj s na\u0161\u00edm modern\u00edm vybaven\u00edm<\/h3>\n\n\n\n<h2 class=\"wp-block-heading\">\u010cty\u0159hv\u011bzdi\u010dkov\u00fd hotel s fitness centrem v Caorle<\/h2>\n\n\n\n<p>Marina Palace Hotel nab\u00edz\u00ed sv\u00fdm <strong>klient\u016fm fitness centrum<\/strong> pro ty, kte\u0159\u00ed se cht\u011bj\u00ed udr\u017eovat v kondici i na dovolen\u00e9<\/p>\n\n\n\n<p>Vybaveno <strong>modern\u00edm vybaven\u00edm<\/strong>, b\u011b\u017eeck\u00fd p\u00e1s, rotoped, crosstrainer, kabelov\u00e1 stanice pro udr\u017een\u00ed va\u0161\u00ed kondice. Fitness je vybaven dal\u0161\u00edm cvi\u010debn\u00edm za\u0159\u00edzen\u00edm jako jsou \u010dinky a z\u00e1t\u011b\u017e\u00ed tak, abyste mohli pokra\u010dovat ve va\u0161em tr\u00e9ninku. <\/p>\n\n\n\n<p>Fitness centrum je otev\u0159eno <strong>ka\u017ed\u00fd den<\/strong>. <\/p>\n<\/div><\/div>\n\n\n\n<div class=\"wp-block-group promo-marinaint-2\"><div class=\"wp-block-group__inner-container is-layout-flow wp-block-group-is-layout-flow\">\n<figure class=\"wp-block-image size-large\"><img loading=\"lazy\" decoding=\"async\" width=\"1024\" height=\"572\" src=\"https:\/\/www.marinapalacehotel.it\/wp-content\/uploads\/2020\/03\/Pagina_Fitness_Intro-1024x572.jpg\" alt=\"\" class=\"wp-image-1243\" srcset=\"https:\/\/www.marinapalacehotel.it\/wp-content\/uploads\/2020\/03\/Pagina_Fitness_Intro-1024x572.jpg 1024w, https:\/\/www.marinapalacehotel.it\/wp-content\/uploads\/2020\/03\/Pagina_Fitness_Intro-300x168.jpg 300w, https:\/\/www.marinapalacehotel.it\/wp-content\/uploads\/2020\/03\/Pagina_Fitness_Intro-768x429.jpg 768w, https:\/\/www.marinapalacehotel.it\/wp-content\/uploads\/2020\/03\/Pagina_Fitness_Intro-1536x858.jpg 1536w, https:\/\/www.marinapalacehotel.it\/wp-content\/uploads\/2020\/03\/Pagina_Fitness_Intro-1200x670.jpg 1200w, https:\/\/www.marinapalacehotel.it\/wp-content\/uploads\/2020\/03\/Pagina_Fitness_Intro.jpg 1790w\" sizes=\"auto, (max-width: 1024px) 100vw, 1024px\" \/><\/figure>\n<\/div><\/div>\n\n\n\n<div style=\"height:40px\" aria-hidden=\"true\" class=\"wp-block-spacer\"><\/div>\n","protected":false},"excerpt":{"rendered":"<p>Tr\u00e9nuj s na\u0161\u00edm modern\u00edm vybaven\u00edm \u010cty\u0159hv\u011bzdi\u010dkov\u00fd hotel s fitness centrem v Caorle Marina Palace Hotel nab\u00edz\u00ed sv\u00fdm klient\u016fm fitness centrum pro ty, kte\u0159\u00ed se cht\u011bj\u00ed udr\u017eovat v kondici i na dovolen\u00e9 Vybaveno modern\u00edm vybaven\u00edm, b\u011b\u017eeck\u00fd p\u00e1s, rotoped, crosstrainer, kabelov\u00e1 stanice pro udr\u017een\u00ed va\u0161\u00ed kondice. Fitness je vybaven dal\u0161\u00edm cvi\u010debn\u00edm za\u0159\u00edzen\u00edm jako jsou \u010dinky a z\u00e1t\u011b\u017e\u00ed [&hellip;]<\/p>\n","protected":false},"author":1,"featured_media":3026,"parent":0,"menu_order":0,"comment_status":"closed","ping_status":"closed","template":"","meta":{"_acf_changed":false,"_uag_custom_page_level_css":"","advgb_blocks_editor_width":"","advgb_blocks_columns_visual_guide":"","footnotes":""},"class_list":["post-1892","page","type-page","status-publish","has-post-thumbnail","hentry"],"acf":[],"yoast_head":"<!-- This site is optimized with the Yoast SEO plugin v25.7 - https:\/\/yoast.com\/wordpress\/plugins\/seo\/ -->\n<title>Fitness centrum - Marina Palace Hotel \u010cty\u0159hv\u011bzdi\u010dkov\u00e1 pl\u00e1\u017e v Caorle<\/title>\n<meta name=\"robots\" content=\"index, follow, max-snippet:-1, max-image-preview:large, max-video-preview:-1\" \/>\n<link rel=\"canonical\" href=\"https:\/\/www.marinapalacehotel.it\/cs\/fitness-centrum\/\" \/>\n<meta property=\"og:locale\" content=\"cs_CZ\" \/>\n<meta property=\"og:type\" content=\"article\" \/>\n<meta property=\"og:title\" content=\"Fitness centrum - Marina Palace Hotel \u010cty\u0159hv\u011bzdi\u010dkov\u00e1 pl\u00e1\u017e v Caorle\" \/>\n<meta property=\"og:description\" content=\"Tr\u00e9nuj s na\u0161\u00edm modern\u00edm vybaven\u00edm \u010cty\u0159hv\u011bzdi\u010dkov\u00fd hotel s fitness centrem v Caorle Marina Palace Hotel nab\u00edz\u00ed sv\u00fdm klient\u016fm fitness centrum pro ty, kte\u0159\u00ed se cht\u011bj\u00ed udr\u017eovat v kondici i na dovolen\u00e9 Vybaveno modern\u00edm vybaven\u00edm, b\u011b\u017eeck\u00fd p\u00e1s, rotoped, crosstrainer, kabelov\u00e1 stanice pro udr\u017een\u00ed va\u0161\u00ed kondice. Fitness je vybaven dal\u0161\u00edm cvi\u010debn\u00edm za\u0159\u00edzen\u00edm jako jsou \u010dinky a z\u00e1t\u011b\u017e\u00ed [&hellip;]\" \/>\n<meta property=\"og:url\" content=\"https:\/\/www.marinapalacehotel.it\/cs\/fitness-centrum\/\" \/>\n<meta property=\"og:site_name\" content=\"Marina Palace Hotel\" \/>\n<meta property=\"article:modified_time\" content=\"2020-04-15T10:13:42+00:00\" \/>\n<meta property=\"og:image\" content=\"https:\/\/www.marinapalacehotel.it\/wp-content\/uploads\/2020\/05\/Marina_palace_hotel_caorle_banner_palestra.png\" \/>\n\t<meta property=\"og:image:width\" content=\"1900\" \/>\n\t<meta property=\"og:image:height\" content=\"500\" \/>\n\t<meta property=\"og:image:type\" content=\"image\/png\" \/>\n<meta name=\"twitter:card\" content=\"summary_large_image\" \/>\n<script type=\"application\/ld+json\" class=\"yoast-schema-graph\">{\"@context\":\"https:\/\/schema.org\",\"@graph\":[{\"@type\":\"WebPage\",\"@id\":\"https:\/\/www.marinapalacehotel.it\/cs\/fitness-centrum\/\",\"url\":\"https:\/\/www.marinapalacehotel.it\/cs\/fitness-centrum\/\",\"name\":\"Fitness centrum - Marina Palace Hotel \u010cty\u0159hv\u011bzdi\u010dkov\u00e1 pl\u00e1\u017e v Caorle\",\"isPartOf\":{\"@id\":\"https:\/\/www.marinapalacehotel.it\/cs\/#website\"},\"primaryImageOfPage\":{\"@id\":\"https:\/\/www.marinapalacehotel.it\/cs\/fitness-centrum\/#primaryimage\"},\"image\":{\"@id\":\"https:\/\/www.marinapalacehotel.it\/cs\/fitness-centrum\/#primaryimage\"},\"thumbnailUrl\":\"https:\/\/www.marinapalacehotel.it\/wp-content\/uploads\/2020\/05\/Marina_palace_hotel_caorle_banner_palestra.png\",\"datePublished\":\"2020-03-30T13:15:31+00:00\",\"dateModified\":\"2020-04-15T10:13:42+00:00\",\"breadcrumb\":{\"@id\":\"https:\/\/www.marinapalacehotel.it\/cs\/fitness-centrum\/#breadcrumb\"},\"inLanguage\":\"cs\",\"potentialAction\":[{\"@type\":\"ReadAction\",\"target\":[\"https:\/\/www.marinapalacehotel.it\/cs\/fitness-centrum\/\"]}]},{\"@type\":\"ImageObject\",\"inLanguage\":\"cs\",\"@id\":\"https:\/\/www.marinapalacehotel.it\/cs\/fitness-centrum\/#primaryimage\",\"url\":\"https:\/\/www.marinapalacehotel.it\/wp-content\/uploads\/2020\/05\/Marina_palace_hotel_caorle_banner_palestra.png\",\"contentUrl\":\"https:\/\/www.marinapalacehotel.it\/wp-content\/uploads\/2020\/05\/Marina_palace_hotel_caorle_banner_palestra.png\",\"width\":1900,\"height\":500},{\"@type\":\"BreadcrumbList\",\"@id\":\"https:\/\/www.marinapalacehotel.it\/cs\/fitness-centrum\/#breadcrumb\",\"itemListElement\":[{\"@type\":\"ListItem\",\"position\":1,\"name\":\"Home\",\"item\":\"https:\/\/www.marinapalacehotel.it\/cs\/\"},{\"@type\":\"ListItem\",\"position\":2,\"name\":\"Fitness centrum\"}]},{\"@type\":\"WebSite\",\"@id\":\"https:\/\/www.marinapalacehotel.it\/cs\/#website\",\"url\":\"https:\/\/www.marinapalacehotel.it\/cs\/\",\"name\":\"Marina Palace Hotel\",\"description\":\"\u010cty\u0159hv\u011bzdi\u010dkov\u00e1 pl\u00e1\u017e v Caorle\",\"publisher\":{\"@id\":\"https:\/\/www.marinapalacehotel.it\/cs\/#organization\"},\"potentialAction\":[{\"@type\":\"SearchAction\",\"target\":{\"@type\":\"EntryPoint\",\"urlTemplate\":\"https:\/\/www.marinapalacehotel.it\/cs\/?s={search_term_string}\"},\"query-input\":{\"@type\":\"PropertyValueSpecification\",\"valueRequired\":true,\"valueName\":\"search_term_string\"}}],\"inLanguage\":\"cs\"},{\"@type\":\"Organization\",\"@id\":\"https:\/\/www.marinapalacehotel.it\/cs\/#organization\",\"name\":\"Marina Palace Hotel\",\"url\":\"https:\/\/www.marinapalacehotel.it\/cs\/\",\"logo\":{\"@type\":\"ImageObject\",\"inLanguage\":\"cs\",\"@id\":\"https:\/\/www.marinapalacehotel.it\/cs\/#\/schema\/logo\/image\/\",\"url\":\"https:\/\/www.marinapalacehotel.it\/wp-content\/uploads\/2020\/05\/cropped-Marina_Palace_Logo.png\",\"contentUrl\":\"https:\/\/www.marinapalacehotel.it\/wp-content\/uploads\/2020\/05\/cropped-Marina_Palace_Logo.png\",\"width\":557,\"height\":100,\"caption\":\"Marina Palace Hotel\"},\"image\":{\"@id\":\"https:\/\/www.marinapalacehotel.it\/cs\/#\/schema\/logo\/image\/\"}}]}<\/script>\n<!-- \/ Yoast SEO plugin. -->","yoast_head_json":{"title":"Fitness centrum - Marina Palace Hotel \u010cty\u0159hv\u011bzdi\u010dkov\u00e1 pl\u00e1\u017e v Caorle","robots":{"index":"index","follow":"follow","max-snippet":"max-snippet:-1","max-image-preview":"max-image-preview:large","max-video-preview":"max-video-preview:-1"},"canonical":"https:\/\/www.marinapalacehotel.it\/cs\/fitness-centrum\/","og_locale":"cs_CZ","og_type":"article","og_title":"Fitness centrum - Marina Palace Hotel \u010cty\u0159hv\u011bzdi\u010dkov\u00e1 pl\u00e1\u017e v Caorle","og_description":"Tr\u00e9nuj s na\u0161\u00edm modern\u00edm vybaven\u00edm \u010cty\u0159hv\u011bzdi\u010dkov\u00fd hotel s fitness centrem v Caorle Marina Palace Hotel nab\u00edz\u00ed sv\u00fdm klient\u016fm fitness centrum pro ty, kte\u0159\u00ed se cht\u011bj\u00ed udr\u017eovat v kondici i na dovolen\u00e9 Vybaveno modern\u00edm vybaven\u00edm, b\u011b\u017eeck\u00fd p\u00e1s, rotoped, crosstrainer, kabelov\u00e1 stanice pro udr\u017een\u00ed va\u0161\u00ed kondice. Fitness je vybaven dal\u0161\u00edm cvi\u010debn\u00edm za\u0159\u00edzen\u00edm jako jsou \u010dinky a z\u00e1t\u011b\u017e\u00ed [&hellip;]","og_url":"https:\/\/www.marinapalacehotel.it\/cs\/fitness-centrum\/","og_site_name":"Marina Palace Hotel","article_modified_time":"2020-04-15T10:13:42+00:00","og_image":[{"width":1900,"height":500,"url":"https:\/\/www.marinapalacehotel.it\/wp-content\/uploads\/2020\/05\/Marina_palace_hotel_caorle_banner_palestra.png","type":"image\/png"}],"twitter_card":"summary_large_image","schema":{"@context":"https:\/\/schema.org","@graph":[{"@type":"WebPage","@id":"https:\/\/www.marinapalacehotel.it\/cs\/fitness-centrum\/","url":"https:\/\/www.marinapalacehotel.it\/cs\/fitness-centrum\/","name":"Fitness centrum - Marina Palace Hotel \u010cty\u0159hv\u011bzdi\u010dkov\u00e1 pl\u00e1\u017e v Caorle","isPartOf":{"@id":"https:\/\/www.marinapalacehotel.it\/cs\/#website"},"primaryImageOfPage":{"@id":"https:\/\/www.marinapalacehotel.it\/cs\/fitness-centrum\/#primaryimage"},"image":{"@id":"https:\/\/www.marinapalacehotel.it\/cs\/fitness-centrum\/#primaryimage"},"thumbnailUrl":"https:\/\/www.marinapalacehotel.it\/wp-content\/uploads\/2020\/05\/Marina_palace_hotel_caorle_banner_palestra.png","datePublished":"2020-03-30T13:15:31+00:00","dateModified":"2020-04-15T10:13:42+00:00","breadcrumb":{"@id":"https:\/\/www.marinapalacehotel.it\/cs\/fitness-centrum\/#breadcrumb"},"inLanguage":"cs","potentialAction":[{"@type":"ReadAction","target":["https:\/\/www.marinapalacehotel.it\/cs\/fitness-centrum\/"]}]},{"@type":"ImageObject","inLanguage":"cs","@id":"https:\/\/www.marinapalacehotel.it\/cs\/fitness-centrum\/#primaryimage","url":"https:\/\/www.marinapalacehotel.it\/wp-content\/uploads\/2020\/05\/Marina_palace_hotel_caorle_banner_palestra.png","contentUrl":"https:\/\/www.marinapalacehotel.it\/wp-content\/uploads\/2020\/05\/Marina_palace_hotel_caorle_banner_palestra.png","width":1900,"height":500},{"@type":"BreadcrumbList","@id":"https:\/\/www.marinapalacehotel.it\/cs\/fitness-centrum\/#breadcrumb","itemListElement":[{"@type":"ListItem","position":1,"name":"Home","item":"https:\/\/www.marinapalacehotel.it\/cs\/"},{"@type":"ListItem","position":2,"name":"Fitness centrum"}]},{"@type":"WebSite","@id":"https:\/\/www.marinapalacehotel.it\/cs\/#website","url":"https:\/\/www.marinapalacehotel.it\/cs\/","name":"Marina Palace Hotel","description":"\u010cty\u0159hv\u011bzdi\u010dkov\u00e1 pl\u00e1\u017e v Caorle","publisher":{"@id":"https:\/\/www.marinapalacehotel.it\/cs\/#organization"},"potentialAction":[{"@type":"SearchAction","target":{"@type":"EntryPoint","urlTemplate":"https:\/\/www.marinapalacehotel.it\/cs\/?s={search_term_string}"},"query-input":{"@type":"PropertyValueSpecification","valueRequired":true,"valueName":"search_term_string"}}],"inLanguage":"cs"},{"@type":"Organization","@id":"https:\/\/www.marinapalacehotel.it\/cs\/#organization","name":"Marina Palace Hotel","url":"https:\/\/www.marinapalacehotel.it\/cs\/","logo":{"@type":"ImageObject","inLanguage":"cs","@id":"https:\/\/www.marinapalacehotel.it\/cs\/#\/schema\/logo\/image\/","url":"https:\/\/www.marinapalacehotel.it\/wp-content\/uploads\/2020\/05\/cropped-Marina_Palace_Logo.png","contentUrl":"https:\/\/www.marinapalacehotel.it\/wp-content\/uploads\/2020\/05\/cropped-Marina_Palace_Logo.png","width":557,"height":100,"caption":"Marina Palace Hotel"},"image":{"@id":"https:\/\/www.marinapalacehotel.it\/cs\/#\/schema\/logo\/image\/"}}]}},"uagb_featured_image_src":{"full":["https:\/\/www.marinapalacehotel.it\/wp-content\/uploads\/2020\/05\/Marina_palace_hotel_caorle_banner_palestra.png",1900,500,false],"thumbnail":["https:\/\/www.marinapalacehotel.it\/wp-content\/uploads\/2020\/05\/Marina_palace_hotel_caorle_banner_palestra-150x150.png",150,150,true],"medium":["https:\/\/www.marinapalacehotel.it\/wp-content\/uploads\/2020\/05\/Marina_palace_hotel_caorle_banner_palestra-300x79.png",300,79,true],"medium_large":["https:\/\/www.marinapalacehotel.it\/wp-content\/uploads\/2020\/05\/Marina_palace_hotel_caorle_banner_palestra-768x202.png",580,153,true],"large":["https:\/\/www.marinapalacehotel.it\/wp-content\/uploads\/2020\/05\/Marina_palace_hotel_caorle_banner_palestra-1024x269.png",580,152,true],"1536x1536":["https:\/\/www.marinapalacehotel.it\/wp-content\/uploads\/2020\/05\/Marina_palace_hotel_caorle_banner_palestra-1536x404.png",1536,404,true],"2048x2048":["https:\/\/www.marinapalacehotel.it\/wp-content\/uploads\/2020\/05\/Marina_palace_hotel_caorle_banner_palestra.png",1900,500,false],"post-thumbnail":["https:\/\/www.marinapalacehotel.it\/wp-content\/uploads\/2020\/05\/Marina_palace_hotel_caorle_banner_palestra-1200x316.png",1200,316,true],"twentytwenty-fullscreen":["https:\/\/www.marinapalacehotel.it\/wp-content\/uploads\/2020\/05\/Marina_palace_hotel_caorle_banner_palestra.png",1900,500,false]},"uagb_author_info":{"display_name":"3r4cl3-p4l4","author_link":"https:\/\/www.marinapalacehotel.it\/cs\/author\/3r4cl3-p4l4\/"},"uagb_comment_info":0,"uagb_excerpt":"Tr\u00e9nuj s na\u0161\u00edm modern\u00edm vybaven\u00edm \u010cty\u0159hv\u011bzdi\u010dkov\u00fd hotel s fitness centrem v Caorle Marina Palace Hotel nab\u00edz\u00ed sv\u00fdm klient\u016fm fitness centrum pro ty, kte\u0159\u00ed se cht\u011bj\u00ed udr\u017eovat v kondici i na dovolen\u00e9 Vybaveno modern\u00edm vybaven\u00edm, b\u011b\u017eeck\u00fd p\u00e1s, rotoped, crosstrainer, kabelov\u00e1 stanice pro udr\u017een\u00ed va\u0161\u00ed kondice. Fitness je vybaven dal\u0161\u00edm cvi\u010debn\u00edm za\u0159\u00edzen\u00edm jako jsou \u010dinky a z\u00e1t\u011b\u017e\u00ed&hellip;","coauthors":[],"author_meta":{"author_link":"https:\/\/www.marinapalacehotel.it\/cs\/author\/3r4cl3-p4l4\/","display_name":"3r4cl3-p4l4"},"relative_dates":{"created":"Posted 6 roky ago","modified":"Updated 6 roky ago"},"absolute_dates":{"created":"Posted on 30 b\u0159ezna 2020","modified":"Updated on 15 dubna 2020"},"absolute_dates_time":{"created":"Posted on 30 b\u0159ezna 2020 15:15","modified":"Updated on 15 dubna 2020 12:13"},"featured_img_caption":"","featured_img":"https:\/\/www.marinapalacehotel.it\/wp-content\/uploads\/2020\/05\/Marina_palace_hotel_caorle_banner_palestra-1200x316.png","series_order":"","_links":{"self":[{"href":"https:\/\/www.marinapalacehotel.it\/cs\/wp-json\/wp\/v2\/pages\/1892","targetHints":{"allow":["GET"]}}],"collection":[{"href":"https:\/\/www.marinapalacehotel.it\/cs\/wp-json\/wp\/v2\/pages"}],"about":[{"href":"https:\/\/www.marinapalacehotel.it\/cs\/wp-json\/wp\/v2\/types\/page"}],"author":[{"embeddable":true,"href":"https:\/\/www.marinapalacehotel.it\/cs\/wp-json\/wp\/v2\/users\/1"}],"replies":[{"embeddable":true,"href":"https:\/\/www.marinapalacehotel.it\/cs\/wp-json\/wp\/v2\/comments?post=1892"}],"version-history":[{"count":0,"href":"https:\/\/www.marinapalacehotel.it\/cs\/wp-json\/wp\/v2\/pages\/1892\/revisions"}],"wp:featuredmedia":[{"embeddable":true,"href":"https:\/\/www.marinapalacehotel.it\/cs\/wp-json\/wp\/v2\/media\/3026"}],"wp:attachment":[{"href":"https:\/\/www.marinapalacehotel.it\/cs\/wp-json\/wp\/v2\/media?parent=1892"}],"curies":[{"name":"wp","href":"https:\/\/api.w.org\/{rel}","templated":true}]}}